{"id":3394,"date":"2023-04-12T15:51:40","date_gmt":"2023-04-12T18:51:40","guid":{"rendered":"https:\/\/sites.uel.br\/prograd\/?page_id=3394"},"modified":"2024-05-22T13:44:03","modified_gmt":"2024-05-22T16:44:03","slug":"camara-de-graduacao-atas-da-camara-de-graduacao-2010","status":"publish","type":"page","link":"https:\/\/sites.uel.br\/prograd\/camara-de-graduacao-atas-da-camara-de-graduacao-2010\/","title":{"rendered":"C\u00e2mara de Gradua\u00e7\u00e3o"},"content":{"rendered":"\n<hr class=\"wp-block-separator has-alpha-channel-opacity is-style-wide\"\/>\n\n\n\n<h2 class=\"wp-block-heading\"><strong><strong><strong>Atas da C\u00e2mara de Gradua\u00e7\u00e3o<\/strong><\/strong><\/strong><\/h2>\n\n\n\n<h3 class=\"wp-block-heading\">Anos Anteriores<\/h3>\n\n\n\n<h3 class=\"wp-block-heading\">2010<\/h3>\n\n\n\n<div style=\"height:20px\" aria-hidden=\"true\" class=\"wp-block-spacer\"><\/div>\n\n\n\n<p><a href=\"https:\/\/sites.uel.br\/prograd\/wp-content\/uploads\/camara_graduacao\/ata_107_09_02_10.pdf\" target=\"_blank\" rel=\"noreferrer noopener\">Ata n\u00ba 107 de 09\/02\/2010<\/a><\/p>\n\n\n\n<p><a href=\"https:\/\/sites.uel.br\/prograd\/wp-content\/uploads\/camara_graduacao\/ata_108_16_03_10.pdf\" target=\"_blank\" rel=\"noreferrer noopener\">Ata n\u00ba 108 de 16\/03\/2010<\/a><\/p>\n\n\n\n<p><a href=\"https:\/\/sites.uel.br\/prograd\/wp-content\/uploads\/camara_graduacao\/ata_109_17_03_10.pdf\" target=\"_blank\" rel=\"noreferrer noopener\">Ata n\u00ba 109 de 17\/03\/2010<\/a><\/p>\n\n\n\n<p><a href=\"https:\/\/sites.uel.br\/prograd\/wp-content\/uploads\/camara_graduacao\/ata_110_13_04_10.pdf\" target=\"_blank\" rel=\"noreferrer noopener\">Ata n\u00ba 110 de 13\/04\/2010<\/a><\/p>\n\n\n\n<p><a href=\"https:\/\/sites.uel.br\/prograd\/wp-content\/uploads\/camara_graduacao\/ata_111_18_05_10.pdf\" target=\"_blank\" rel=\"noreferrer noopener\">Ata n\u00ba 111 de 18\/05\/2010<\/a><\/p>\n\n\n\n<p><a href=\"https:\/\/sites.uel.br\/prograd\/wp-content\/uploads\/camara_graduacao\/ata_112_27_05_10.pdf\" target=\"_blank\" rel=\"noreferrer noopener\">Ata n\u00ba 112 de 27\/05\/2010<\/a><\/p>\n\n\n\n<p><a href=\"https:\/\/sites.uel.br\/prograd\/wp-content\/uploads\/camara_graduacao\/ata_113_22_06_10.pdf\" target=\"_blank\" rel=\"noreferrer noopener\">Ata n\u00ba 113 de 22\/06\/2010<\/a><\/p>\n\n\n\n<p><a href=\"https:\/\/sites.uel.br\/prograd\/wp-content\/uploads\/camara_graduacao\/ata_114_30_06_10.pdf\" target=\"_blank\" rel=\"noreferrer noopener\">Ata n\u00ba 114 de 30\/06\/2010<\/a><\/p>\n\n\n\n<p><a href=\"https:\/\/sites.uel.br\/prograd\/wp-content\/uploads\/camara_graduacao\/ata_115_13_07_10.pdf\" target=\"_blank\" rel=\"noreferrer noopener\">Ata n\u00ba 115 de 13\/07\/2010<\/a><\/p>\n\n\n\n<p><a href=\"https:\/\/sites.uel.br\/prograd\/wp-content\/uploads\/camara_graduacao\/ata_116_17_08_10.pdf\" target=\"_blank\" rel=\"noreferrer noopener\">Ata n\u00ba 116 de 17\/08\/2010<\/a><\/p>\n\n\n\n<p><a href=\"https:\/\/sites.uel.br\/prograd\/wp-content\/uploads\/camara_graduacao\/ata_117_24_08_10.pdf\" target=\"_blank\" rel=\"noreferrer noopener\">Ata n\u00ba 117 de 24\/08\/2010<\/a><\/p>\n\n\n\n<p><a href=\"https:\/\/sites.uel.br\/prograd\/wp-content\/uploads\/camara_graduacao\/ata_118_14_09_10.pdf\" target=\"_blank\" rel=\"noreferrer noopener\">Ata n\u00ba 118 de 14\/09\/2010<\/a><\/p>\n\n\n\n<p><a href=\"https:\/\/sites.uel.br\/prograd\/wp-content\/uploads\/camara_graduacao\/ata_119_19_10_10.pdf\" target=\"_blank\" rel=\"noreferrer noopener\">Ata n\u00ba 119 de 19\/10\/2010<\/a><\/p>\n\n\n\n<p><a href=\"https:\/\/sites.uel.br\/prograd\/wp-content\/uploads\/camara_graduacao\/ata_120_09_11_10.pdf\" target=\"_blank\" rel=\"noreferrer noopener\">Ata n\u00ba 120 de 09\/11\/2010<\/a><\/p>\n\n\n\n<p><a href=\"https:\/\/sites.uel.br\/prograd\/wp-content\/uploads\/camara_graduacao\/ata_121_09_12_10.pdf\" target=\"_blank\" rel=\"noreferrer noopener\">Ata n\u00ba 121 de 09\/12\/2010<\/a><\/p>\n","protected":false},"excerpt":{"rendered":"<p>Atas da C\u00e2mara de Gradua\u00e7\u00e3o Anos Anteriores 2010 Ata n\u00ba 107 de 09\/02\/2010 Ata n\u00ba 108 de 16\/03\/2010 Ata n\u00ba 109 de 17\/03\/2010 Ata n\u00ba 110 de 13\/04\/2010 Ata n\u00ba 111 de 18\/05\/2010 Ata n\u00ba 112 de 27\/05\/2010 Ata n\u00ba 113 de 22\/06\/2010 Ata n\u00ba 114 de 30\/06\/2010 Ata n\u00ba 115 de 13\/07\/2010 Ata n\u00ba [&hellip;]<\/p>\n","protected":false},"author":8,"featured_media":0,"parent":0,"menu_order":0,"comment_status":"closed","ping_status":"closed","template":"","meta":{"_acf_changed":false,"_themeisle_gutenberg_block_has_review":false,"footnotes":""},"class_list":["post-3394","page","type-page","status-publish","hentry"],"acf":[],"_links":{"self":[{"href":"https:\/\/sites.uel.br\/prograd\/wp-json\/wp\/v2\/pages\/3394","targetHints":{"allow":["GET"]}}],"collection":[{"href":"https:\/\/sites.uel.br\/prograd\/wp-json\/wp\/v2\/pages"}],"about":[{"href":"https:\/\/sites.uel.br\/prograd\/wp-json\/wp\/v2\/types\/page"}],"author":[{"embeddable":true,"href":"https:\/\/sites.uel.br\/prograd\/wp-json\/wp\/v2\/users\/8"}],"replies":[{"embeddable":true,"href":"https:\/\/sites.uel.br\/prograd\/wp-json\/wp\/v2\/comments?post=3394"}],"version-history":[{"count":10,"href":"https:\/\/sites.uel.br\/prograd\/wp-json\/wp\/v2\/pages\/3394\/revisions"}],"predecessor-version":[{"id":30090,"href":"https:\/\/sites.uel.br\/prograd\/wp-json\/wp\/v2\/pages\/3394\/revisions\/30090"}],"wp:attachment":[{"href":"https:\/\/sites.uel.br\/prograd\/wp-json\/wp\/v2\/media?parent=3394"}],"curies":[{"name":"wp","href":"https:\/\/api.w.org\/{rel}","templated":true}]}}