{"id":3392,"date":"2023-04-12T15:51:36","date_gmt":"2023-04-12T18:51:36","guid":{"rendered":"https:\/\/sites.uel.br\/prograd\/?page_id=3392"},"modified":"2024-05-22T13:46:31","modified_gmt":"2024-05-22T16:46:31","slug":"camara-de-graduacao-atas-da-camara-de-graduacao-2012","status":"publish","type":"page","link":"https:\/\/sites.uel.br\/prograd\/camara-de-graduacao-atas-da-camara-de-graduacao-2012\/","title":{"rendered":"C\u00e2mara de Gradua\u00e7\u00e3o"},"content":{"rendered":"\n<hr class=\"wp-block-separator has-alpha-channel-opacity is-style-wide\"\/>\n\n\n\n<h2 class=\"wp-block-heading\"><strong><strong><strong>Atas da C\u00e2mara de Gradua\u00e7\u00e3o<\/strong><\/strong><\/strong><\/h2>\n\n\n\n<h3 class=\"wp-block-heading\">Anos Anteriores<\/h3>\n\n\n\n<h3 class=\"wp-block-heading\">2012<\/h3>\n\n\n\n<div style=\"height:20px\" aria-hidden=\"true\" class=\"wp-block-spacer\"><\/div>\n\n\n\n<p><a href=\"https:\/\/sites.uel.br\/prograd\/wp-content\/uploads\/camara_graduacao\/ata_138_16_03_12.pdf\" target=\"_blank\" rel=\"noreferrer noopener\">Ata n\u00ba 138 de 16\/03\/2012<\/a><\/p>\n\n\n\n<p><a href=\"https:\/\/sites.uel.br\/prograd\/wp-content\/uploads\/camara_graduacao\/ata_139_20_03_12.pdf\" target=\"_blank\" rel=\"noreferrer noopener\">Ata n\u00ba 139 de 20\/03\/2012<\/a><\/p>\n\n\n\n<p><a href=\"https:\/\/sites.uel.br\/prograd\/wp-content\/uploads\/camara_graduacao\/ata_140_17_04_12.pdf\" target=\"_blank\" rel=\"noreferrer noopener\">Ata n\u00ba 140 de 17\/04\/2012<\/a><\/p>\n\n\n\n<p><a href=\"https:\/\/sites.uel.br\/prograd\/wp-content\/uploads\/camara_graduacao\/ata_141_15_05_12.pdf\" target=\"_blank\" rel=\"noreferrer noopener\">Ata n\u00ba 141 de 15\/05\/2012<\/a><\/p>\n\n\n\n<p><a href=\"https:\/\/sites.uel.br\/prograd\/wp-content\/uploads\/camara_graduacao\/ata_142_19_06_12.pdf\" target=\"_blank\" rel=\"noreferrer noopener\">Ata n\u00ba 142 de 19\/06\/2012<\/a><\/p>\n\n\n\n<p><a href=\"https:\/\/sites.uel.br\/prograd\/wp-content\/uploads\/camara_graduacao\/ata_143_03_07_12.pdf\" target=\"_blank\" rel=\"noreferrer noopener\">Ata n\u00ba 143 de 03\/07\/2012<\/a><\/p>\n\n\n\n<p><a href=\"https:\/\/sites.uel.br\/prograd\/wp-content\/uploads\/camara_graduacao\/ata_144_17_07_12.pdf\" target=\"_blank\" rel=\"noreferrer noopener\">Ata n\u00ba 144 de 17\/07\/2012<\/a><\/p>\n\n\n\n<p><a href=\"https:\/\/sites.uel.br\/prograd\/wp-content\/uploads\/camara_graduacao\/ata_145_21_08_12.pdf\" target=\"_blank\" rel=\"noreferrer noopener\">Ata n\u00ba 145 de 21\/08\/2012<\/a><\/p>\n\n\n\n<p><a href=\"https:\/\/sites.uel.br\/prograd\/wp-content\/uploads\/camara_graduacao\/ata_146_18_09_12.pdf\" target=\"_blank\" rel=\"noreferrer noopener\">Ata n\u00ba 146 de 18\/09\/2012<\/a><\/p>\n\n\n\n<p><a href=\"https:\/\/sites.uel.br\/prograd\/wp-content\/uploads\/camara_graduacao\/ata_147_02_10_12.pdf\" target=\"_blank\" rel=\"noreferrer noopener\">Ata n\u00ba 147 de 02\/10\/2012<\/a><\/p>\n\n\n\n<p><a href=\"https:\/\/sites.uel.br\/prograd\/wp-content\/uploads\/camara_graduacao\/ata_148_16_10_12.pdf\" target=\"_blank\" rel=\"noreferrer noopener\">Ata n\u00ba 148 de 16\/10\/2012<\/a><\/p>\n\n\n\n<p><a href=\"https:\/\/sites.uel.br\/prograd\/wp-content\/uploads\/camara_graduacao\/ata_149_13_11_12.pdf\" target=\"_blank\" rel=\"noreferrer noopener\">Ata n\u00ba 149 de 13\/11\/2012<\/a><\/p>\n\n\n\n<p><a href=\"https:\/\/sites.uel.br\/prograd\/wp-content\/uploads\/camara_graduacao\/ata_150_04_12_12.pdf\" target=\"_blank\" rel=\"noreferrer noopener\">Ata n\u00ba 150 de 04\/12\/2012<\/a><\/p>\n","protected":false},"excerpt":{"rendered":"<p>Atas da C\u00e2mara de Gradua\u00e7\u00e3o Anos Anteriores 2012 Ata n\u00ba 138 de 16\/03\/2012 Ata n\u00ba 139 de 20\/03\/2012 Ata n\u00ba 140 de 17\/04\/2012 Ata n\u00ba 141 de 15\/05\/2012 Ata n\u00ba 142 de 19\/06\/2012 Ata n\u00ba 143 de 03\/07\/2012 Ata n\u00ba 144 de 17\/07\/2012 Ata n\u00ba 145 de 21\/08\/2012 Ata n\u00ba 146 de 18\/09\/2012 Ata n\u00ba [&hellip;]<\/p>\n","protected":false},"author":8,"featured_media":0,"parent":0,"menu_order":0,"comment_status":"closed","ping_status":"closed","template":"","meta":{"_acf_changed":false,"_themeisle_gutenberg_block_has_review":false,"footnotes":""},"class_list":["post-3392","page","type-page","status-publish","hentry"],"acf":[],"_links":{"self":[{"href":"https:\/\/sites.uel.br\/prograd\/wp-json\/wp\/v2\/pages\/3392","targetHints":{"allow":["GET"]}}],"collection":[{"href":"https:\/\/sites.uel.br\/prograd\/wp-json\/wp\/v2\/pages"}],"about":[{"href":"https:\/\/sites.uel.br\/prograd\/wp-json\/wp\/v2\/types\/page"}],"author":[{"embeddable":true,"href":"https:\/\/sites.uel.br\/prograd\/wp-json\/wp\/v2\/users\/8"}],"replies":[{"embeddable":true,"href":"https:\/\/sites.uel.br\/prograd\/wp-json\/wp\/v2\/comments?post=3392"}],"version-history":[{"count":10,"href":"https:\/\/sites.uel.br\/prograd\/wp-json\/wp\/v2\/pages\/3392\/revisions"}],"predecessor-version":[{"id":30092,"href":"https:\/\/sites.uel.br\/prograd\/wp-json\/wp\/v2\/pages\/3392\/revisions\/30092"}],"wp:attachment":[{"href":"https:\/\/sites.uel.br\/prograd\/wp-json\/wp\/v2\/media?parent=3392"}],"curies":[{"name":"wp","href":"https:\/\/api.w.org\/{rel}","templated":true}]}}