{"id":3391,"date":"2023-04-12T15:51:34","date_gmt":"2023-04-12T18:51:34","guid":{"rendered":"https:\/\/sites.uel.br\/prograd\/?page_id=3391"},"modified":"2024-05-22T13:47:19","modified_gmt":"2024-05-22T16:47:19","slug":"camara-de-graduacao-atas-da-camara-de-graduacao-2013","status":"publish","type":"page","link":"https:\/\/sites.uel.br\/prograd\/camara-de-graduacao-atas-da-camara-de-graduacao-2013\/","title":{"rendered":"C\u00e2mara de Gradua\u00e7\u00e3o"},"content":{"rendered":"\n<hr class=\"wp-block-separator has-alpha-channel-opacity is-style-wide\"\/>\n\n\n\n<h2 class=\"wp-block-heading\"><strong><strong><strong>Atas da C\u00e2mara de Gradua\u00e7\u00e3o<\/strong><\/strong><\/strong><\/h2>\n\n\n\n<h3 class=\"wp-block-heading\">Anos Anteriores<\/h3>\n\n\n\n<h3 class=\"wp-block-heading\">2013<\/h3>\n\n\n\n<div style=\"height:20px\" aria-hidden=\"true\" class=\"wp-block-spacer\"><\/div>\n\n\n\n<p><a href=\"https:\/\/sites.uel.br\/prograd\/wp-content\/uploads\/camara_graduacao\/ata_151_19_03_13.pdf\" target=\"_blank\" rel=\"noreferrer noopener\">Ata n\u00ba 151 de 19\/03\/2013<\/a><\/p>\n\n\n\n<p><a href=\"https:\/\/sites.uel.br\/prograd\/wp-content\/uploads\/camara_graduacao\/ata_152_26_03_13.pdf\" target=\"_blank\" rel=\"noreferrer noopener\">Ata n\u00ba 152 de 26\/03\/2013<\/a><\/p>\n\n\n\n<p><a href=\"https:\/\/sites.uel.br\/prograd\/wp-content\/uploads\/camara_graduacao\/ata_153_16_04_13.pdf\" target=\"_blank\" rel=\"noreferrer noopener\">Ata n\u00ba 153 de 16\/04\/2013<\/a><\/p>\n\n\n\n<p><a href=\"https:\/\/sites.uel.br\/prograd\/wp-content\/uploads\/camara_graduacao\/ata_154_21_05_13.pdf\" target=\"_blank\" rel=\"noreferrer noopener\">Ata n\u00ba 154 de 21\/05\/2013<\/a><\/p>\n\n\n\n<p><a href=\"https:\/\/sites.uel.br\/prograd\/wp-content\/uploads\/camara_graduacao\/ata_155_18_06_13.pdf\" target=\"_blank\" rel=\"noreferrer noopener\">Ata n\u00ba 155 de 18\/06\/2013<\/a><\/p>\n\n\n\n<p><a href=\"https:\/\/sites.uel.br\/prograd\/wp-content\/uploads\/camara_graduacao\/ata_156_16_07_13.pdf\" target=\"_blank\" rel=\"noreferrer noopener\">Ata n\u00ba 156 de 16\/07\/2013<\/a><\/p>\n\n\n\n<p><a href=\"https:\/\/sites.uel.br\/prograd\/wp-content\/uploads\/camara_graduacao\/ata_157_20_08_13.pdf\" target=\"_blank\" rel=\"noreferrer noopener\">Ata n\u00ba 157 de 20\/08\/2013<\/a><\/p>\n\n\n\n<p><a href=\"https:\/\/sites.uel.br\/prograd\/wp-content\/uploads\/camara_graduacao\/ata_158_17_09_13.pdf\" target=\"_blank\" rel=\"noreferrer noopener\">Ata n\u00ba 158 de 17\/09\/2013<\/a><\/p>\n\n\n\n<p><a href=\"https:\/\/sites.uel.br\/prograd\/wp-content\/uploads\/camara_graduacao\/ata_159_22_10_13.pdf\" target=\"_blank\" rel=\"noreferrer noopener\">Ata n\u00ba 159 de 22\/10\/2013<\/a><\/p>\n\n\n\n<p><a href=\"https:\/\/sites.uel.br\/prograd\/wp-content\/uploads\/camara_graduacao\/ata_160_19_11_13.pdf\" target=\"_blank\" rel=\"noreferrer noopener\">Ata n\u00ba 160 de 19\/11\/2013<\/a><\/p>\n\n\n\n<p><a href=\"https:\/\/sites.uel.br\/prograd\/wp-content\/uploads\/camara_graduacao\/ata_161_03_12_13.pdf\" target=\"_blank\" rel=\"noreferrer noopener\">Ata n\u00ba 161 de 03\/12\/2013<\/a><\/p>\n","protected":false},"excerpt":{"rendered":"<p>Atas da C\u00e2mara de Gradua\u00e7\u00e3o Anos Anteriores 2013 Ata n\u00ba 151 de 19\/03\/2013 Ata n\u00ba 152 de 26\/03\/2013 Ata n\u00ba 153 de 16\/04\/2013 Ata n\u00ba 154 de 21\/05\/2013 Ata n\u00ba 155 de 18\/06\/2013 Ata n\u00ba 156 de 16\/07\/2013 Ata n\u00ba 157 de 20\/08\/2013 Ata n\u00ba 158 de 17\/09\/2013 Ata n\u00ba 159 de 22\/10\/2013 Ata n\u00ba [&hellip;]<\/p>\n","protected":false},"author":8,"featured_media":0,"parent":0,"menu_order":0,"comment_status":"closed","ping_status":"closed","template":"","meta":{"_acf_changed":false,"_themeisle_gutenberg_block_has_review":false,"footnotes":""},"class_list":["post-3391","page","type-page","status-publish","hentry"],"acf":[],"_links":{"self":[{"href":"https:\/\/sites.uel.br\/prograd\/wp-json\/wp\/v2\/pages\/3391","targetHints":{"allow":["GET"]}}],"collection":[{"href":"https:\/\/sites.uel.br\/prograd\/wp-json\/wp\/v2\/pages"}],"about":[{"href":"https:\/\/sites.uel.br\/prograd\/wp-json\/wp\/v2\/types\/page"}],"author":[{"embeddable":true,"href":"https:\/\/sites.uel.br\/prograd\/wp-json\/wp\/v2\/users\/8"}],"replies":[{"embeddable":true,"href":"https:\/\/sites.uel.br\/prograd\/wp-json\/wp\/v2\/comments?post=3391"}],"version-history":[{"count":10,"href":"https:\/\/sites.uel.br\/prograd\/wp-json\/wp\/v2\/pages\/3391\/revisions"}],"predecessor-version":[{"id":30093,"href":"https:\/\/sites.uel.br\/prograd\/wp-json\/wp\/v2\/pages\/3391\/revisions\/30093"}],"wp:attachment":[{"href":"https:\/\/sites.uel.br\/prograd\/wp-json\/wp\/v2\/media?parent=3391"}],"curies":[{"name":"wp","href":"https:\/\/api.w.org\/{rel}","templated":true}]}}