{"id":3390,"date":"2023-04-12T15:51:32","date_gmt":"2023-04-12T18:51:32","guid":{"rendered":"https:\/\/sites.uel.br\/prograd\/?page_id=3390"},"modified":"2024-05-22T13:48:07","modified_gmt":"2024-05-22T16:48:07","slug":"camara-de-graduacao-atas-da-camara-de-graduacao-2014","status":"publish","type":"page","link":"https:\/\/sites.uel.br\/prograd\/camara-de-graduacao-atas-da-camara-de-graduacao-2014\/","title":{"rendered":"C\u00e2mara de Gradua\u00e7\u00e3o"},"content":{"rendered":"\n<hr class=\"wp-block-separator has-alpha-channel-opacity is-style-wide\"\/>\n\n\n\n<h2 class=\"wp-block-heading\"><strong><strong><strong>Atas da C\u00e2mara de Gradua\u00e7\u00e3o<\/strong><\/strong><\/strong><\/h2>\n\n\n\n<h3 class=\"wp-block-heading\">Anos Anteriores<\/h3>\n\n\n\n<h3 class=\"wp-block-heading\">2014<\/h3>\n\n\n\n<div style=\"height:20px\" aria-hidden=\"true\" class=\"wp-block-spacer\"><\/div>\n\n\n\n<p><a href=\"https:\/\/sites.uel.br\/prograd\/wp-content\/uploads\/camara_graduacao\/ata_162_18_02_14.pdf\" target=\"_blank\" rel=\"noreferrer noopener\">Ata n\u00ba 162 de 18\/02\/2014<\/a><\/p>\n\n\n\n<p><a href=\"https:\/\/sites.uel.br\/prograd\/wp-content\/uploads\/camara_graduacao\/ata_163_18_03_14.pdf\" target=\"_blank\" rel=\"noreferrer noopener\">Ata n\u00ba 163 de 18\/03\/2014<\/a><\/p>\n\n\n\n<p><a href=\"https:\/\/sites.uel.br\/prograd\/wp-content\/uploads\/camara_graduacao\/ata_164_18_03_14.pdf\" target=\"_blank\" rel=\"noreferrer noopener\">Ata n\u00ba 164 de 18\/03\/2014<\/a><\/p>\n\n\n\n<p><a href=\"https:\/\/sites.uel.br\/prograd\/wp-content\/uploads\/camara_graduacao\/ata_165_15_04_14.pdf\" target=\"_blank\" rel=\"noreferrer noopener\">Ata n\u00ba 165 de 15\/04\/2014<\/a><\/p>\n\n\n\n<p><a href=\"https:\/\/sites.uel.br\/prograd\/wp-content\/uploads\/camara_graduacao\/ata_166_20_05_14.pdf\" target=\"_blank\" rel=\"noreferrer noopener\">Ata n\u00ba 166 de 20\/05\/2014<\/a><\/p>\n\n\n\n<p><a href=\"https:\/\/sites.uel.br\/prograd\/wp-content\/uploads\/camara_graduacao\/ata_167_17_06_14.pdf\" target=\"_blank\" rel=\"noreferrer noopener\">Ata n\u00ba 167 de 17\/06\/2014<\/a><\/p>\n\n\n\n<p><a href=\"https:\/\/sites.uel.br\/prograd\/wp-content\/uploads\/camara_graduacao\/ata_168_22_07_14.pdf\" target=\"_blank\" rel=\"noreferrer noopener\">Ata n\u00ba 168 de 22\/07\/2014<\/a><\/p>\n\n\n\n<p><a href=\"https:\/\/sites.uel.br\/prograd\/wp-content\/uploads\/camara_graduacao\/ata_169_19_08_14.pdf\" target=\"_blank\" rel=\"noreferrer noopener\">Ata n\u00ba 169 de 19\/08\/2014<\/a><\/p>\n\n\n\n<p><a href=\"https:\/\/sites.uel.br\/prograd\/wp-content\/uploads\/camara_graduacao\/ata_170_16_09_14.pdf\" target=\"_blank\" rel=\"noreferrer noopener\">Ata n\u00ba 170 de 16\/09\/2014<\/a><\/p>\n\n\n\n<p><a href=\"https:\/\/sites.uel.br\/prograd\/wp-content\/uploads\/camara_graduacao\/ata_171_21_10_14.pdf\" target=\"_blank\" rel=\"noreferrer noopener\">Ata n\u00ba 171 de 21\/10\/2014<\/a><\/p>\n\n\n\n<p><a href=\"https:\/\/sites.uel.br\/prograd\/wp-content\/uploads\/camara_graduacao\/ata_172_18_11_14.pdf\" target=\"_blank\" rel=\"noreferrer noopener\">Ata n\u00ba 172 de 18\/11\/2014<\/a><\/p>\n\n\n\n<p><a href=\"https:\/\/sites.uel.br\/prograd\/wp-content\/uploads\/camara_graduacao\/ata_173_09_12_14.pdf\" target=\"_blank\" rel=\"noreferrer noopener\">Ata n\u00ba 173 de 09\/12\/2014<\/a><\/p>\n","protected":false},"excerpt":{"rendered":"<p>Atas da C\u00e2mara de Gradua\u00e7\u00e3o Anos Anteriores 2014 Ata n\u00ba 162 de 18\/02\/2014 Ata n\u00ba 163 de 18\/03\/2014 Ata n\u00ba 164 de 18\/03\/2014 Ata n\u00ba 165 de 15\/04\/2014 Ata n\u00ba 166 de 20\/05\/2014 Ata n\u00ba 167 de 17\/06\/2014 Ata n\u00ba 168 de 22\/07\/2014 Ata n\u00ba 169 de 19\/08\/2014 Ata n\u00ba 170 de 16\/09\/2014 Ata n\u00ba [&hellip;]<\/p>\n","protected":false},"author":8,"featured_media":0,"parent":0,"menu_order":0,"comment_status":"closed","ping_status":"closed","template":"","meta":{"_acf_changed":false,"_themeisle_gutenberg_block_has_review":false,"footnotes":""},"class_list":["post-3390","page","type-page","status-publish","hentry"],"acf":[],"_links":{"self":[{"href":"https:\/\/sites.uel.br\/prograd\/wp-json\/wp\/v2\/pages\/3390","targetHints":{"allow":["GET"]}}],"collection":[{"href":"https:\/\/sites.uel.br\/prograd\/wp-json\/wp\/v2\/pages"}],"about":[{"href":"https:\/\/sites.uel.br\/prograd\/wp-json\/wp\/v2\/types\/page"}],"author":[{"embeddable":true,"href":"https:\/\/sites.uel.br\/prograd\/wp-json\/wp\/v2\/users\/8"}],"replies":[{"embeddable":true,"href":"https:\/\/sites.uel.br\/prograd\/wp-json\/wp\/v2\/comments?post=3390"}],"version-history":[{"count":10,"href":"https:\/\/sites.uel.br\/prograd\/wp-json\/wp\/v2\/pages\/3390\/revisions"}],"predecessor-version":[{"id":30094,"href":"https:\/\/sites.uel.br\/prograd\/wp-json\/wp\/v2\/pages\/3390\/revisions\/30094"}],"wp:attachment":[{"href":"https:\/\/sites.uel.br\/prograd\/wp-json\/wp\/v2\/media?parent=3390"}],"curies":[{"name":"wp","href":"https:\/\/api.w.org\/{rel}","templated":true}]}}