{"id":3389,"date":"2023-04-12T15:51:30","date_gmt":"2023-04-12T18:51:30","guid":{"rendered":"https:\/\/sites.uel.br\/prograd\/?page_id=3389"},"modified":"2024-05-22T13:48:52","modified_gmt":"2024-05-22T16:48:52","slug":"camara-de-graduacao-atas-da-camara-de-graduacao-2015","status":"publish","type":"page","link":"https:\/\/sites.uel.br\/prograd\/camara-de-graduacao-atas-da-camara-de-graduacao-2015\/","title":{"rendered":"C\u00e2mara de Gradua\u00e7\u00e3o"},"content":{"rendered":"\n<hr class=\"wp-block-separator has-alpha-channel-opacity is-style-wide\"\/>\n\n\n\n<h2 class=\"wp-block-heading\"><strong><strong><strong>Atas da C\u00e2mara de Gradua\u00e7\u00e3o<\/strong><\/strong><\/strong><\/h2>\n\n\n\n<h3 class=\"wp-block-heading\">Anos Anteriores<\/h3>\n\n\n\n<h3 class=\"wp-block-heading\">2015<\/h3>\n\n\n\n<div style=\"height:20px\" aria-hidden=\"true\" class=\"wp-block-spacer\"><\/div>\n\n\n\n<p><a href=\"https:\/\/sites.uel.br\/prograd\/wp-content\/uploads\/camara_graduacao\/ata_174_20_03_15.pdf\" target=\"_blank\" rel=\"noreferrer noopener\">Ata n\u00ba 174 de 20\/03\/2015<\/a><\/p>\n\n\n\n<p><a href=\"https:\/\/sites.uel.br\/prograd\/wp-content\/uploads\/camara_graduacao\/ata_175_31_03_15.pdf\" target=\"_blank\" rel=\"noreferrer noopener\">Ata n\u00ba 175 de 31\/03\/2015<\/a><\/p>\n\n\n\n<p><a href=\"https:\/\/sites.uel.br\/prograd\/wp-content\/uploads\/camara_graduacao\/ata_176_15_04_15.pdf\" target=\"_blank\" rel=\"noreferrer noopener\">Ata n\u00ba 176 de 15\/04\/2015<\/a><\/p>\n\n\n\n<p><a href=\"https:\/\/sites.uel.br\/prograd\/wp-content\/uploads\/camara_graduacao\/ata_177_20_05_15.pdf\" target=\"_blank\" rel=\"noreferrer noopener\">Ata n\u00ba 177 de 20\/05\/2015<\/a><\/p>\n\n\n\n<p><a href=\"https:\/\/sites.uel.br\/prograd\/wp-content\/uploads\/camara_graduacao\/ata_178_07_07_15.pdf\" target=\"_blank\" rel=\"noreferrer noopener\">Ata n\u00ba 178 de 07\/07\/2015<\/a><\/p>\n\n\n\n<p><a href=\"https:\/\/sites.uel.br\/prograd\/wp-content\/uploads\/camara_graduacao\/ata_179_14_07_15.pdf\" target=\"_blank\" rel=\"noreferrer noopener\">Ata n\u00ba 179 de 14\/07\/2015<\/a><\/p>\n\n\n\n<p><a href=\"https:\/\/sites.uel.br\/prograd\/wp-content\/uploads\/camara_graduacao\/ata_180_18_08_15.pdf\" target=\"_blank\" rel=\"noreferrer noopener\">Ata n\u00ba 180 de 18\/08\/2015<\/a><\/p>\n\n\n\n<p><a href=\"https:\/\/sites.uel.br\/prograd\/wp-content\/uploads\/camara_graduacao\/ata_181_15_09_15.pdf\" target=\"_blank\" rel=\"noreferrer noopener\">Ata n\u00ba 181 de 15\/09\/2015<\/a><\/p>\n\n\n\n<p><a href=\"https:\/\/sites.uel.br\/prograd\/wp-content\/uploads\/camara_graduacao\/ata_182_20_10_15.pdf\" target=\"_blank\" rel=\"noreferrer noopener\">Ata n\u00ba 182 de 20\/10\/2015<\/a><\/p>\n\n\n\n<p><a href=\"https:\/\/sites.uel.br\/prograd\/wp-content\/uploads\/camara_graduacao\/ata_183_17_11_15.pdf\" target=\"_blank\" rel=\"noreferrer noopener\">Ata n\u00ba 183 de 17\/11\/2015<\/a><\/p>\n\n\n\n<p><a href=\"https:\/\/sites.uel.br\/prograd\/wp-content\/uploads\/camara_graduacao\/ata_184_08_12_15.pdf\" target=\"_blank\" rel=\"noreferrer noopener\">Ata n\u00ba 184 de 08\/12\/2015<\/a><\/p>\n","protected":false},"excerpt":{"rendered":"<p>Atas da C\u00e2mara de Gradua\u00e7\u00e3o Anos Anteriores 2015 Ata n\u00ba 174 de 20\/03\/2015 Ata n\u00ba 175 de 31\/03\/2015 Ata n\u00ba 176 de 15\/04\/2015 Ata n\u00ba 177 de 20\/05\/2015 Ata n\u00ba 178 de 07\/07\/2015 Ata n\u00ba 179 de 14\/07\/2015 Ata n\u00ba 180 de 18\/08\/2015 Ata n\u00ba 181 de 15\/09\/2015 Ata n\u00ba 182 de 20\/10\/2015 Ata n\u00ba [&hellip;]<\/p>\n","protected":false},"author":8,"featured_media":0,"parent":0,"menu_order":0,"comment_status":"closed","ping_status":"closed","template":"","meta":{"_acf_changed":false,"_themeisle_gutenberg_block_has_review":false,"footnotes":""},"class_list":["post-3389","page","type-page","status-publish","hentry"],"acf":[],"_links":{"self":[{"href":"https:\/\/sites.uel.br\/prograd\/wp-json\/wp\/v2\/pages\/3389","targetHints":{"allow":["GET"]}}],"collection":[{"href":"https:\/\/sites.uel.br\/prograd\/wp-json\/wp\/v2\/pages"}],"about":[{"href":"https:\/\/sites.uel.br\/prograd\/wp-json\/wp\/v2\/types\/page"}],"author":[{"embeddable":true,"href":"https:\/\/sites.uel.br\/prograd\/wp-json\/wp\/v2\/users\/8"}],"replies":[{"embeddable":true,"href":"https:\/\/sites.uel.br\/prograd\/wp-json\/wp\/v2\/comments?post=3389"}],"version-history":[{"count":11,"href":"https:\/\/sites.uel.br\/prograd\/wp-json\/wp\/v2\/pages\/3389\/revisions"}],"predecessor-version":[{"id":30095,"href":"https:\/\/sites.uel.br\/prograd\/wp-json\/wp\/v2\/pages\/3389\/revisions\/30095"}],"wp:attachment":[{"href":"https:\/\/sites.uel.br\/prograd\/wp-json\/wp\/v2\/media?parent=3389"}],"curies":[{"name":"wp","href":"https:\/\/api.w.org\/{rel}","templated":true}]}}