{"id":3388,"date":"2023-04-12T15:51:27","date_gmt":"2023-04-12T18:51:27","guid":{"rendered":"https:\/\/sites.uel.br\/prograd\/?page_id=3388"},"modified":"2024-05-22T13:49:51","modified_gmt":"2024-05-22T16:49:51","slug":"camara-de-graduacao-atas-da-camara-de-graduacao-2016","status":"publish","type":"page","link":"https:\/\/sites.uel.br\/prograd\/camara-de-graduacao-atas-da-camara-de-graduacao-2016\/","title":{"rendered":"C\u00e2mara de Gradua\u00e7\u00e3o"},"content":{"rendered":"\n<hr class=\"wp-block-separator has-alpha-channel-opacity is-style-wide\"\/>\n\n\n\n<h2 class=\"wp-block-heading\"><strong><strong><strong>Atas da C\u00e2mara de Gradua\u00e7\u00e3o<\/strong><\/strong><\/strong><\/h2>\n\n\n\n<h3 class=\"wp-block-heading\">Anos Anteriores<\/h3>\n\n\n\n<h3 class=\"wp-block-heading\">2016<\/h3>\n\n\n\n<div style=\"height:20px\" aria-hidden=\"true\" class=\"wp-block-spacer\"><\/div>\n\n\n\n<p><a href=\"https:\/\/sites.uel.br\/prograd\/wp-content\/uploads\/camara_graduacao\/atas\/2016\/ata_185_19_01_16.pdf\" target=\"_blank\" rel=\"noreferrer noopener\">Ata n\u00ba 185 de 19\/01\/2016<\/a><\/p>\n\n\n\n<p><a href=\"https:\/\/sites.uel.br\/prograd\/wp-content\/uploads\/camara_graduacao\/atas\/2016\/ata_186_16_02_16.pdf\" target=\"_blank\" rel=\"noreferrer noopener\">Ata n\u00ba 186 de 16\/02\/2016<\/a><\/p>\n\n\n\n<p><a href=\"https:\/\/sites.uel.br\/prograd\/wp-content\/uploads\/camara_graduacao\/atas\/2016\/ata_187_22_03_16.pdf\" target=\"_blank\" rel=\"noreferrer noopener\">Ata n\u00ba 187 de 22\/03\/2016<\/a><\/p>\n\n\n\n<p><a href=\"https:\/\/sites.uel.br\/prograd\/wp-content\/uploads\/camara_graduacao\/atas\/2016\/ata_188_22_03_16.pdf\" target=\"_blank\" rel=\"noreferrer noopener\">Ata n\u00ba 188 de 22\/03\/2016<\/a><\/p>\n\n\n\n<p><a href=\"https:\/\/sites.uel.br\/prograd\/wp-content\/uploads\/camara_graduacao\/atas\/2016\/ata_189_19_04_16.pdf\" target=\"_blank\" rel=\"noreferrer noopener\">Ata n\u00ba 189 de 19\/04\/2016<\/a><\/p>\n\n\n\n<p><a href=\"https:\/\/sites.uel.br\/prograd\/wp-content\/uploads\/camara_graduacao\/atas\/2016\/ata_190_17_05_16.pdf\" target=\"_blank\" rel=\"noreferrer noopener\">Ata n\u00ba 190 de 17\/05\/2016<\/a><\/p>\n\n\n\n<p><a href=\"https:\/\/sites.uel.br\/prograd\/wp-content\/uploads\/camara_graduacao\/atas\/2016\/ata_191_28_06_16.pdf\" target=\"_blank\" rel=\"noreferrer noopener\">Ata n\u00ba 191 de 28\/06\/2016<\/a><\/p>\n\n\n\n<p><a href=\"https:\/\/sites.uel.br\/prograd\/wp-content\/uploads\/camara_graduacao\/atas\/2016\/ata_192_19_07_16.pdf\" target=\"_blank\" rel=\"noreferrer noopener\">Ata n\u00ba 192 de 19\/07\/2016<\/a><\/p>\n\n\n\n<p><a href=\"https:\/\/sites.uel.br\/prograd\/wp-content\/uploads\/camara_graduacao\/atas\/2016\/ata_193_16_08_16.pdf\" target=\"_blank\" rel=\"noreferrer noopener\">Ata n\u00ba 193 de 16\/08\/2016<\/a><\/p>\n\n\n\n<p><a href=\"https:\/\/sites.uel.br\/prograd\/wp-content\/uploads\/camara_graduacao\/atas\/2016\/ata_194_20_09_16.pdf\" target=\"_blank\" rel=\"noreferrer noopener\">Ata n\u00ba 194 de 20\/09\/2016<\/a><\/p>\n\n\n\n<p><a href=\"https:\/\/sites.uel.br\/prograd\/wp-content\/uploads\/camara_graduacao\/atas\/2016\/ata_195_04_11_16.pdf\" target=\"_blank\" rel=\"noreferrer noopener\">Ata n\u00ba 195 de 04\/11\/2016<\/a><\/p>\n\n\n\n<p><a href=\"https:\/\/sites.uel.br\/prograd\/wp-content\/uploads\/camara_graduacao\/atas\/2016\/ata_196_09_11_16.pdf\" target=\"_blank\" rel=\"noreferrer noopener\">Ata n\u00ba 196 de 09\/11\/2016<\/a><\/p>\n\n\n\n<p><a href=\"https:\/\/sites.uel.br\/prograd\/wp-content\/uploads\/camara_graduacao\/atas\/2016\/ata_197_06_12_16.pdf\" target=\"_blank\" rel=\"noreferrer noopener\">Ata n\u00ba 197 de 06\/12\/2016<\/a><\/p>\n\n\n\n<p><a href=\"https:\/\/sites.uel.br\/prograd\/wp-content\/uploads\/camara_graduacao\/atas\/2016\/ata_198_20_12_16.pdf\" target=\"_blank\" rel=\"noreferrer noopener\">Ata n\u00ba 198 de 20\/12\/2016<\/a><\/p>\n","protected":false},"excerpt":{"rendered":"<p>Atas da C\u00e2mara de Gradua\u00e7\u00e3o Anos Anteriores 2016 Ata n\u00ba 185 de 19\/01\/2016 Ata n\u00ba 186 de 16\/02\/2016 Ata n\u00ba 187 de 22\/03\/2016 Ata n\u00ba 188 de 22\/03\/2016 Ata n\u00ba 189 de 19\/04\/2016 Ata n\u00ba 190 de 17\/05\/2016 Ata n\u00ba 191 de 28\/06\/2016 Ata n\u00ba 192 de 19\/07\/2016 Ata n\u00ba 193 de 16\/08\/2016 Ata n\u00ba [&hellip;]<\/p>\n","protected":false},"author":8,"featured_media":0,"parent":0,"menu_order":0,"comment_status":"closed","ping_status":"closed","template":"","meta":{"_acf_changed":false,"_themeisle_gutenberg_block_has_review":false,"footnotes":""},"class_list":["post-3388","page","type-page","status-publish","hentry"],"acf":[],"_links":{"self":[{"href":"https:\/\/sites.uel.br\/prograd\/wp-json\/wp\/v2\/pages\/3388","targetHints":{"allow":["GET"]}}],"collection":[{"href":"https:\/\/sites.uel.br\/prograd\/wp-json\/wp\/v2\/pages"}],"about":[{"href":"https:\/\/sites.uel.br\/prograd\/wp-json\/wp\/v2\/types\/page"}],"author":[{"embeddable":true,"href":"https:\/\/sites.uel.br\/prograd\/wp-json\/wp\/v2\/users\/8"}],"replies":[{"embeddable":true,"href":"https:\/\/sites.uel.br\/prograd\/wp-json\/wp\/v2\/comments?post=3388"}],"version-history":[{"count":10,"href":"https:\/\/sites.uel.br\/prograd\/wp-json\/wp\/v2\/pages\/3388\/revisions"}],"predecessor-version":[{"id":30096,"href":"https:\/\/sites.uel.br\/prograd\/wp-json\/wp\/v2\/pages\/3388\/revisions\/30096"}],"wp:attachment":[{"href":"https:\/\/sites.uel.br\/prograd\/wp-json\/wp\/v2\/media?parent=3388"}],"curies":[{"name":"wp","href":"https:\/\/api.w.org\/{rel}","templated":true}]}}