{"id":3387,"date":"2023-04-12T15:51:24","date_gmt":"2023-04-12T18:51:24","guid":{"rendered":"https:\/\/sites.uel.br\/prograd\/?page_id=3387"},"modified":"2024-05-22T13:51:42","modified_gmt":"2024-05-22T16:51:42","slug":"camara-de-graduacao-atas-da-camara-de-graduacao-2017","status":"publish","type":"page","link":"https:\/\/sites.uel.br\/prograd\/camara-de-graduacao-atas-da-camara-de-graduacao-2017\/","title":{"rendered":"C\u00e2mara de Gradua\u00e7\u00e3o"},"content":{"rendered":"\n<hr class=\"wp-block-separator has-alpha-channel-opacity is-style-wide\"\/>\n\n\n\n<h2 class=\"wp-block-heading\"><strong><strong><strong>Atas da C\u00e2mara de Gradua\u00e7\u00e3o<\/strong><\/strong><\/strong><\/h2>\n\n\n\n<h3 class=\"wp-block-heading\">Anos Anteriores<\/h3>\n\n\n\n<h3 class=\"wp-block-heading\">2017<\/h3>\n\n\n\n<div style=\"height:20px\" aria-hidden=\"true\" class=\"wp-block-spacer\"><\/div>\n\n\n\n<p><a href=\"https:\/\/sites.uel.br\/prograd\/wp-content\/uploads\/camara_graduacao\/atas\/2017\/ata_199_07_02_17.pdf\" target=\"_blank\" rel=\"noreferrer noopener\">Ata n\u00ba 199 de 07\/02\/2017<\/a><\/p>\n\n\n\n<p><a href=\"https:\/\/sites.uel.br\/prograd\/wp-content\/uploads\/camara_graduacao\/atas\/2017\/ata_200_21_02_17.pdf\" target=\"_blank\" rel=\"noreferrer noopener\">Ata n\u00ba 200 de 21\/02\/2017<\/a><\/p>\n\n\n\n<p><a href=\"https:\/\/sites.uel.br\/prograd\/wp-content\/uploads\/camara_graduacao\/atas\/2017\/ata_201_21_03_17.pdf\" target=\"_blank\" rel=\"noreferrer noopener\">Ata n\u00ba 201 de 21\/03\/2017<\/a><\/p>\n\n\n\n<p><a href=\"https:\/\/sites.uel.br\/prograd\/wp-content\/uploads\/camara_graduacao\/atas\/2017\/ata_202_06_04_17.pdf\" target=\"_blank\" rel=\"noreferrer noopener\">Ata n\u00ba 202 de 06\/04\/2017<\/a><\/p>\n\n\n\n<p><a href=\"https:\/\/sites.uel.br\/prograd\/wp-content\/uploads\/camara_graduacao\/atas\/2017\/ata_203_18_04_17.pdf\" target=\"_blank\" rel=\"noreferrer noopener\">Ata n\u00ba 203 de 18\/04\/2017<\/a><\/p>\n\n\n\n<p><a href=\"https:\/\/sites.uel.br\/prograd\/wp-content\/uploads\/camara_graduacao\/atas\/2017\/ata_204_21_06_17.pdf\" target=\"_blank\" rel=\"noreferrer noopener\">Ata n\u00ba 204 de 21\/06\/2017<\/a><\/p>\n\n\n\n<p><a href=\"https:\/\/sites.uel.br\/prograd\/wp-content\/uploads\/camara_graduacao\/atas\/2017\/ata_205_18_07_17.pdf\" target=\"_blank\" rel=\"noreferrer noopener\">Ata n\u00ba 205 de 18\/07\/2017<\/a><\/p>\n\n\n\n<p><a href=\"https:\/\/sites.uel.br\/prograd\/wp-content\/uploads\/camara_graduacao\/atas\/2017\/ata_206_22_08_17.pdf\" target=\"_blank\" rel=\"noreferrer noopener\">Ata n\u00ba 206 de 22\/08\/2017<\/a><\/p>\n\n\n\n<p><a href=\"https:\/\/sites.uel.br\/prograd\/wp-content\/uploads\/camara_graduacao\/atas\/2017\/ata_207_19_09_17.pdf\" target=\"_blank\" rel=\"noreferrer noopener\">Ata n\u00ba 207 de 19\/09\/2017<\/a><\/p>\n\n\n\n<p><a href=\"https:\/\/sites.uel.br\/prograd\/wp-content\/uploads\/camara_graduacao\/atas\/2017\/ata_208_17_10_17.pdf\" target=\"_blank\" rel=\"noreferrer noopener\">Ata n\u00ba 208 de 17\/10\/2017<\/a><\/p>\n\n\n\n<p><a href=\"https:\/\/sites.uel.br\/prograd\/wp-content\/uploads\/camara_graduacao\/atas\/2017\/ata_209_24_10_17.pdf\" target=\"_blank\" rel=\"noreferrer noopener\">Ata n\u00ba 209 de 24\/10\/2017<\/a><\/p>\n\n\n\n<p><a href=\"https:\/\/sites.uel.br\/prograd\/wp-content\/uploads\/camara_graduacao\/atas\/2017\/ata_210_12_12_17.pdf\" target=\"_blank\" rel=\"noreferrer noopener\">Ata n\u00ba 210 de 12\/12\/2017<\/a><\/p>\n","protected":false},"excerpt":{"rendered":"<p>Atas da C\u00e2mara de Gradua\u00e7\u00e3o Anos Anteriores 2017 Ata n\u00ba 199 de 07\/02\/2017 Ata n\u00ba 200 de 21\/02\/2017 Ata n\u00ba 201 de 21\/03\/2017 Ata n\u00ba 202 de 06\/04\/2017 Ata n\u00ba 203 de 18\/04\/2017 Ata n\u00ba 204 de 21\/06\/2017 Ata n\u00ba 205 de 18\/07\/2017 Ata n\u00ba 206 de 22\/08\/2017 Ata n\u00ba 207 de 19\/09\/2017 Ata n\u00ba [&hellip;]<\/p>\n","protected":false},"author":8,"featured_media":0,"parent":0,"menu_order":0,"comment_status":"closed","ping_status":"closed","template":"","meta":{"_acf_changed":false,"_themeisle_gutenberg_block_has_review":false,"footnotes":""},"class_list":["post-3387","page","type-page","status-publish","hentry"],"acf":[],"_links":{"self":[{"href":"https:\/\/sites.uel.br\/prograd\/wp-json\/wp\/v2\/pages\/3387","targetHints":{"allow":["GET"]}}],"collection":[{"href":"https:\/\/sites.uel.br\/prograd\/wp-json\/wp\/v2\/pages"}],"about":[{"href":"https:\/\/sites.uel.br\/prograd\/wp-json\/wp\/v2\/types\/page"}],"author":[{"embeddable":true,"href":"https:\/\/sites.uel.br\/prograd\/wp-json\/wp\/v2\/users\/8"}],"replies":[{"embeddable":true,"href":"https:\/\/sites.uel.br\/prograd\/wp-json\/wp\/v2\/comments?post=3387"}],"version-history":[{"count":10,"href":"https:\/\/sites.uel.br\/prograd\/wp-json\/wp\/v2\/pages\/3387\/revisions"}],"predecessor-version":[{"id":30097,"href":"https:\/\/sites.uel.br\/prograd\/wp-json\/wp\/v2\/pages\/3387\/revisions\/30097"}],"wp:attachment":[{"href":"https:\/\/sites.uel.br\/prograd\/wp-json\/wp\/v2\/media?parent=3387"}],"curies":[{"name":"wp","href":"https:\/\/api.w.org\/{rel}","templated":true}]}}