{"id":3386,"date":"2023-04-12T15:51:22","date_gmt":"2023-04-12T18:51:22","guid":{"rendered":"https:\/\/sites.uel.br\/prograd\/?page_id=3386"},"modified":"2024-05-22T13:52:36","modified_gmt":"2024-05-22T16:52:36","slug":"camara-de-graduacao-atas-da-camara-de-graduacao-2018","status":"publish","type":"page","link":"https:\/\/sites.uel.br\/prograd\/camara-de-graduacao-atas-da-camara-de-graduacao-2018\/","title":{"rendered":"C\u00e2mara de Gradua\u00e7\u00e3o"},"content":{"rendered":"\n<hr class=\"wp-block-separator has-alpha-channel-opacity is-style-wide\"\/>\n\n\n\n<h2 class=\"wp-block-heading\"><strong><strong><strong>Atas da C\u00e2mara de Gradua\u00e7\u00e3o<\/strong><\/strong><\/strong><\/h2>\n\n\n\n<h3 class=\"wp-block-heading\">Anos Anteriores<\/h3>\n\n\n\n<h3 class=\"wp-block-heading\">2018<\/h3>\n\n\n\n<div style=\"height:20px\" aria-hidden=\"true\" class=\"wp-block-spacer\"><\/div>\n\n\n\n<p><a href=\"https:\/\/sites.uel.br\/prograd\/wp-content\/uploads\/camara_graduacao\/atas\/2018\/ata_211_06_02_18.pdf\" target=\"_blank\" rel=\"noreferrer noopener\">Ata n\u00ba 211 de 06\/02\/2018<\/a><\/p>\n\n\n\n<p><a href=\"https:\/\/sites.uel.br\/prograd\/wp-content\/uploads\/camara_graduacao\/atas\/2018\/ata_212_19_03_18.pdf\" target=\"_blank\" rel=\"noreferrer noopener\">Ata n\u00ba 212 de 19\/03\/2018<\/a><\/p>\n\n\n\n<p><a href=\"https:\/\/sites.uel.br\/prograd\/wp-content\/uploads\/camara_graduacao\/atas\/2018\/ata_213_20_03_18.pdf\" target=\"_blank\" rel=\"noreferrer noopener\">Ata n\u00ba 213 de 20\/03\/2018<\/a><\/p>\n\n\n\n<p><a href=\"https:\/\/sites.uel.br\/prograd\/wp-content\/uploads\/camara_graduacao\/atas\/2018\/ata_214_17_04_18.pdf\" target=\"_blank\" rel=\"noreferrer noopener\">Ata n\u00ba 214 de 17\/04\/2018<\/a><\/p>\n\n\n\n<p><a href=\"https:\/\/sites.uel.br\/prograd\/wp-content\/uploads\/camara_graduacao\/atas\/2018\/ata_215_15_05_18.pdf\" target=\"_blank\" rel=\"noreferrer noopener\">Ata n\u00ba 215 de 15\/05\/2018<\/a><\/p>\n\n\n\n<p><a href=\"https:\/\/sites.uel.br\/prograd\/wp-content\/uploads\/camara_graduacao\/atas\/2018\/ata_216_19_06_18.pdf\" target=\"_blank\" rel=\"noreferrer noopener\">Ata n\u00ba 216 de 19\/06\/2018<\/a><\/p>\n\n\n\n<p><a href=\"https:\/\/sites.uel.br\/prograd\/wp-content\/uploads\/camara_graduacao\/atas\/2018\/ata_217_17_07_18.pdf\" target=\"_blank\" rel=\"noreferrer noopener\">Ata n\u00ba 217 de 17\/07\/2018<\/a><\/p>\n\n\n\n<p><a href=\"https:\/\/sites.uel.br\/prograd\/wp-content\/uploads\/camara_graduacao\/atas\/2018\/ata_218_21_08_18.pdf\" target=\"_blank\" rel=\"noreferrer noopener\">Ata n\u00ba 218 de 21\/08\/2018<\/a><\/p>\n\n\n\n<p><a href=\"https:\/\/sites.uel.br\/prograd\/wp-content\/uploads\/camara_graduacao\/atas\/2018\/ata_219_04_09_18.pdf\" target=\"_blank\" rel=\"noreferrer noopener\">Ata n\u00ba 219 de 04\/09\/2018<\/a><\/p>\n\n\n\n<p><a href=\"https:\/\/sites.uel.br\/prograd\/wp-content\/uploads\/camara_graduacao\/atas\/2018\/ata_220_18_09_18.pdf\" target=\"_blank\" rel=\"noreferrer noopener\">Ata n\u00ba 220 de 18\/09\/2018<\/a><\/p>\n\n\n\n<p><a href=\"https:\/\/sites.uel.br\/prograd\/wp-content\/uploads\/camara_graduacao\/atas\/2018\/ata_221_02_10_18.pdf\" target=\"_blank\" rel=\"noreferrer noopener\">Ata n\u00ba 221 de 02\/10\/2018<\/a><\/p>\n\n\n\n<p><a href=\"https:\/\/sites.uel.br\/prograd\/wp-content\/uploads\/camara_graduacao\/atas\/2018\/ata_222_16_10_18.pdf\" target=\"_blank\" rel=\"noreferrer noopener\">Ata n\u00ba 222 de 16\/10\/2018<\/a><\/p>\n\n\n\n<p><a href=\"https:\/\/sites.uel.br\/prograd\/wp-content\/uploads\/camara_graduacao\/atas\/2018\/ata_223_13_11_18.pdf\" target=\"_blank\" rel=\"noreferrer noopener\">Ata n\u00ba 223 de 13\/11\/2018<\/a><\/p>\n\n\n\n<p><a href=\"https:\/\/sites.uel.br\/prograd\/wp-content\/uploads\/camara_graduacao\/atas\/2018\/ata_224_11_12_18.pdf\" target=\"_blank\" rel=\"noreferrer noopener\">Ata n\u00ba 224 de 11\/12\/2018<\/a><\/p>\n","protected":false},"excerpt":{"rendered":"<p>Atas da C\u00e2mara de Gradua\u00e7\u00e3o Anos Anteriores 2018 Ata n\u00ba 211 de 06\/02\/2018 Ata n\u00ba 212 de 19\/03\/2018 Ata n\u00ba 213 de 20\/03\/2018 Ata n\u00ba 214 de 17\/04\/2018 Ata n\u00ba 215 de 15\/05\/2018 Ata n\u00ba 216 de 19\/06\/2018 Ata n\u00ba 217 de 17\/07\/2018 Ata n\u00ba 218 de 21\/08\/2018 Ata n\u00ba 219 de 04\/09\/2018 Ata n\u00ba [&hellip;]<\/p>\n","protected":false},"author":8,"featured_media":0,"parent":0,"menu_order":0,"comment_status":"closed","ping_status":"closed","template":"","meta":{"_acf_changed":false,"_themeisle_gutenberg_block_has_review":false,"footnotes":""},"class_list":["post-3386","page","type-page","status-publish","hentry"],"acf":[],"_links":{"self":[{"href":"https:\/\/sites.uel.br\/prograd\/wp-json\/wp\/v2\/pages\/3386","targetHints":{"allow":["GET"]}}],"collection":[{"href":"https:\/\/sites.uel.br\/prograd\/wp-json\/wp\/v2\/pages"}],"about":[{"href":"https:\/\/sites.uel.br\/prograd\/wp-json\/wp\/v2\/types\/page"}],"author":[{"embeddable":true,"href":"https:\/\/sites.uel.br\/prograd\/wp-json\/wp\/v2\/users\/8"}],"replies":[{"embeddable":true,"href":"https:\/\/sites.uel.br\/prograd\/wp-json\/wp\/v2\/comments?post=3386"}],"version-history":[{"count":10,"href":"https:\/\/sites.uel.br\/prograd\/wp-json\/wp\/v2\/pages\/3386\/revisions"}],"predecessor-version":[{"id":30098,"href":"https:\/\/sites.uel.br\/prograd\/wp-json\/wp\/v2\/pages\/3386\/revisions\/30098"}],"wp:attachment":[{"href":"https:\/\/sites.uel.br\/prograd\/wp-json\/wp\/v2\/media?parent=3386"}],"curies":[{"name":"wp","href":"https:\/\/api.w.org\/{rel}","templated":true}]}}