{"id":3385,"date":"2023-04-12T15:51:20","date_gmt":"2023-04-12T18:51:20","guid":{"rendered":"https:\/\/sites.uel.br\/prograd\/?page_id=3385"},"modified":"2024-05-22T13:53:38","modified_gmt":"2024-05-22T16:53:38","slug":"camara-de-graduacao-atas-da-camara-de-graduacao-2019","status":"publish","type":"page","link":"https:\/\/sites.uel.br\/prograd\/camara-de-graduacao-atas-da-camara-de-graduacao-2019\/","title":{"rendered":"C\u00e2mara de Gradua\u00e7\u00e3o"},"content":{"rendered":"\n<hr class=\"wp-block-separator has-alpha-channel-opacity is-style-wide\"\/>\n\n\n\n<h2 class=\"wp-block-heading\"><strong><strong><strong>Atas da C\u00e2mara de Gradua\u00e7\u00e3o<\/strong><\/strong><\/strong><\/h2>\n\n\n\n<h3 class=\"wp-block-heading\">Anos Anteriores<\/h3>\n\n\n\n<h3 class=\"wp-block-heading\">2019<\/h3>\n\n\n\n<div style=\"height:20px\" aria-hidden=\"true\" class=\"wp-block-spacer\"><\/div>\n\n\n\n<p><a href=\"https:\/\/sites.uel.br\/prograd\/wp-content\/uploads\/camara_graduacao\/atas\/2019\/ata_225_12_02_19.pdf\" target=\"_blank\" rel=\"noreferrer noopener\">Ata n\u00ba 225 de 12\/02\/2019<\/a><\/p>\n\n\n\n<p><a href=\"https:\/\/sites.uel.br\/prograd\/wp-content\/uploads\/camara_graduacao\/atas\/2019\/ata_226_19_03_19.pdf\" target=\"_blank\" rel=\"noreferrer noopener\">Ata n\u00ba 226 de 19\/03\/2019<\/a><\/p>\n\n\n\n<p><a href=\"https:\/\/sites.uel.br\/prograd\/wp-content\/uploads\/camara_graduacao\/atas\/2019\/ata_227_16_04_19.pdf\" target=\"_blank\" rel=\"noreferrer noopener\">Ata n\u00ba 227 de 16\/04\/2019<\/a><\/p>\n\n\n\n<p><a href=\"https:\/\/sites.uel.br\/prograd\/wp-content\/uploads\/camara_graduacao\/atas\/2019\/ata_228_21_05_19.pdf\" target=\"_blank\" rel=\"noreferrer noopener\">Ata n\u00ba 228 de 21\/05\/2019<\/a><\/p>\n\n\n\n<p><a href=\"https:\/\/sites.uel.br\/prograd\/wp-content\/uploads\/camara_graduacao\/atas\/2019\/ata_229_18_06_19.pdf\" target=\"_blank\" rel=\"noreferrer noopener\">Ata n\u00ba 229 de 18\/06\/2019<\/a><\/p>\n\n\n\n<p><a href=\"https:\/\/sites.uel.br\/prograd\/wp-content\/uploads\/camara_graduacao\/atas\/2019\/ata_230_16_07_19.pdf\" target=\"_blank\" rel=\"noreferrer noopener\">Ata n\u00ba 230 de 16\/07\/2019<\/a><\/p>\n\n\n\n<p><a href=\"https:\/\/sites.uel.br\/prograd\/wp-content\/uploads\/camara_graduacao\/atas\/2019\/ata_231_01_08_19.pdf\" target=\"_blank\" rel=\"noreferrer noopener\">Ata n\u00ba 231 de 01\/08\/2019<\/a><\/p>\n\n\n\n<p><a href=\"https:\/\/sites.uel.br\/prograd\/wp-content\/uploads\/camara_graduacao\/atas\/2019\/ata_232_20_08_19.pdf\" target=\"_blank\" rel=\"noreferrer noopener\">Ata n\u00ba 232 de 20\/08\/2019<\/a><\/p>\n\n\n\n<p><a href=\"https:\/\/sites.uel.br\/prograd\/wp-content\/uploads\/camara_graduacao\/atas\/2019\/ata_233_29_08_19.pdf\" target=\"_blank\" rel=\"noreferrer noopener\">Ata n\u00ba 233 de 29\/08\/2019<\/a><\/p>\n\n\n\n<p><a href=\"https:\/\/sites.uel.br\/prograd\/wp-content\/uploads\/camara_graduacao\/atas\/2019\/ata_234_03_09_19.pdf\" target=\"_blank\" rel=\"noreferrer noopener\">Ata n\u00ba 234 de 03\/09\/2019<\/a><\/p>\n\n\n\n<p><a href=\"https:\/\/sites.uel.br\/prograd\/wp-content\/uploads\/camara_graduacao\/atas\/2019\/ata_235_17_09_19.pdf\" target=\"_blank\" rel=\"noreferrer noopener\">Ata n\u00ba 235 de 17\/09\/2019<\/a><\/p>\n\n\n\n<p><a href=\"https:\/\/sites.uel.br\/prograd\/wp-content\/uploads\/camara_graduacao\/atas\/2019\/ata_236_22_10_19.pdf\" target=\"_blank\" rel=\"noreferrer noopener\">Ata n\u00ba 236 de 22\/10\/2019<\/a><\/p>\n\n\n\n<p><a href=\"https:\/\/sites.uel.br\/prograd\/wp-content\/uploads\/camara_graduacao\/atas\/2019\/ata_237_19_11_19.pdf\" target=\"_blank\" rel=\"noreferrer noopener\">Ata n\u00ba 237 de 19\/11\/2019<\/a><\/p>\n\n\n\n<p><a href=\"https:\/\/sites.uel.br\/prograd\/wp-content\/uploads\/camara_graduacao\/atas\/2019\/ata_238_17_12_19.pdf\" target=\"_blank\" rel=\"noreferrer noopener\">Ata n\u00ba 238 de 17\/12\/2019<\/a><\/p>\n\n\n\n<p><a href=\"https:\/\/sites.uel.br\/prograd\/wp-content\/uploads\/camara_graduacao\/atas\/2019\/ata_239_17_12_19.pdf\" target=\"_blank\" rel=\"noreferrer noopener\">Ata n\u00ba 239 de 17\/12\/2019<\/a><\/p>\n\n\n\n<p><\/p>\n","protected":false},"excerpt":{"rendered":"<p>Atas da C\u00e2mara de Gradua\u00e7\u00e3o Anos Anteriores 2019 Ata n\u00ba 225 de 12\/02\/2019 Ata n\u00ba 226 de 19\/03\/2019 Ata n\u00ba 227 de 16\/04\/2019 Ata n\u00ba 228 de 21\/05\/2019 Ata n\u00ba 229 de 18\/06\/2019 Ata n\u00ba 230 de 16\/07\/2019 Ata n\u00ba 231 de 01\/08\/2019 Ata n\u00ba 232 de 20\/08\/2019 Ata n\u00ba 233 de 29\/08\/2019 Ata n\u00ba [&hellip;]<\/p>\n","protected":false},"author":8,"featured_media":0,"parent":0,"menu_order":0,"comment_status":"closed","ping_status":"closed","template":"","meta":{"_acf_changed":false,"_themeisle_gutenberg_block_has_review":false,"footnotes":""},"class_list":["post-3385","page","type-page","status-publish","hentry"],"acf":[],"_links":{"self":[{"href":"https:\/\/sites.uel.br\/prograd\/wp-json\/wp\/v2\/pages\/3385","targetHints":{"allow":["GET"]}}],"collection":[{"href":"https:\/\/sites.uel.br\/prograd\/wp-json\/wp\/v2\/pages"}],"about":[{"href":"https:\/\/sites.uel.br\/prograd\/wp-json\/wp\/v2\/types\/page"}],"author":[{"embeddable":true,"href":"https:\/\/sites.uel.br\/prograd\/wp-json\/wp\/v2\/users\/8"}],"replies":[{"embeddable":true,"href":"https:\/\/sites.uel.br\/prograd\/wp-json\/wp\/v2\/comments?post=3385"}],"version-history":[{"count":10,"href":"https:\/\/sites.uel.br\/prograd\/wp-json\/wp\/v2\/pages\/3385\/revisions"}],"predecessor-version":[{"id":30099,"href":"https:\/\/sites.uel.br\/prograd\/wp-json\/wp\/v2\/pages\/3385\/revisions\/30099"}],"wp:attachment":[{"href":"https:\/\/sites.uel.br\/prograd\/wp-json\/wp\/v2\/media?parent=3385"}],"curies":[{"name":"wp","href":"https:\/\/api.w.org\/{rel}","templated":true}]}}