{"id":3384,"date":"2023-04-12T15:51:18","date_gmt":"2023-04-12T18:51:18","guid":{"rendered":"https:\/\/sites.uel.br\/prograd\/?page_id=3384"},"modified":"2024-05-22T13:55:20","modified_gmt":"2024-05-22T16:55:20","slug":"camara-de-graduacao-atas-da-camara-de-graduacao-2020","status":"publish","type":"page","link":"https:\/\/sites.uel.br\/prograd\/camara-de-graduacao-atas-da-camara-de-graduacao-2020\/","title":{"rendered":"C\u00e2mara de Gradua\u00e7\u00e3o"},"content":{"rendered":"\n<hr class=\"wp-block-separator has-alpha-channel-opacity is-style-wide\"\/>\n\n\n\n<h2 class=\"wp-block-heading\"><strong><strong><strong>Atas da C\u00e2mara de Gradua\u00e7\u00e3o<\/strong><\/strong><\/strong><\/h2>\n\n\n\n<h3 class=\"wp-block-heading\">Anos Anteriores<\/h3>\n\n\n\n<h3 class=\"wp-block-heading\">2020<\/h3>\n\n\n\n<div style=\"height:20px\" aria-hidden=\"true\" class=\"wp-block-spacer\"><\/div>\n\n\n\n<p><a href=\"https:\/\/sites.uel.br\/prograd\/wp-content\/uploads\/camara_graduacao\/atas\/2020\/ata_240_11_02_20.pdf\" target=\"_blank\" rel=\"noreferrer noopener\">Ata n\u00ba 240 de 11\/02\/2020<\/a><\/p>\n\n\n\n<p><a href=\"https:\/\/sites.uel.br\/prograd\/wp-content\/uploads\/camara_graduacao\/atas\/2020\/ata_241_10_03_20.pdf\" target=\"_blank\" rel=\"noreferrer noopener\">Ata n\u00ba 241 de 10\/03\/2020<\/a><\/p>\n\n\n\n<p><a href=\"https:\/\/sites.uel.br\/prograd\/wp-content\/uploads\/camara_graduacao\/atas\/2020\/ata_242_16_03_20.pdf\" target=\"_blank\" rel=\"noreferrer noopener\">Ata n\u00ba 242 de 16\/03\/2020<\/a><\/p>\n\n\n\n<p><a href=\"https:\/\/sites.uel.br\/prograd\/wp-content\/uploads\/camara_graduacao\/atas\/2020\/ata_243_17_03_20.pdf\" target=\"_blank\" rel=\"noreferrer noopener\">Ata n\u00ba 243 de 17\/03\/2020<\/a><\/p>\n\n\n\n<p><a href=\"https:\/\/sites.uel.br\/prograd\/wp-content\/uploads\/camara_graduacao\/atas\/2020\/ata_244_17_03_20.pdf\" target=\"_blank\" rel=\"noreferrer noopener\">Ata n\u00ba 244 de 17\/03\/2020<\/a><\/p>\n\n\n\n<p><a href=\"https:\/\/sites.uel.br\/prograd\/wp-content\/uploads\/camara_graduacao\/atas\/2020\/ata_245_16_04_20.pdf\" target=\"_blank\" rel=\"noreferrer noopener\">Ata n\u00ba 245 de 16\/04\/2020<\/a><\/p>\n\n\n\n<p><a href=\"https:\/\/sites.uel.br\/prograd\/wp-content\/uploads\/camara_graduacao\/atas\/2020\/ata_246_12_05_20.pdf\" target=\"_blank\" rel=\"noreferrer noopener\">Ata n\u00ba 246 de 12\/05\/2020<\/a><\/p>\n\n\n\n<p><a href=\"https:\/\/sites.uel.br\/prograd\/wp-content\/uploads\/camara_graduacao\/atas\/2020\/ata_247_19_05_20.pdf\" target=\"_blank\" rel=\"noreferrer noopener\">Ata n\u00ba 247 de 19\/05\/2020<\/a><\/p>\n\n\n\n<p><a href=\"https:\/\/sites.uel.br\/prograd\/wp-content\/uploads\/camara_graduacao\/atas\/2020\/ata_248_26_05_20.pdf\" target=\"_blank\" rel=\"noreferrer noopener\">Ata n\u00ba 248 de 26\/05\/2020<\/a><\/p>\n\n\n\n<p><a href=\"https:\/\/sites.uel.br\/prograd\/wp-content\/uploads\/camara_graduacao\/atas\/2020\/ata_249_02_06_20.pdf\" target=\"_blank\" rel=\"noreferrer noopener\">Ata n\u00ba 249 de 02\/06\/2020<\/a><\/p>\n\n\n\n<p><a href=\"https:\/\/sites.uel.br\/prograd\/wp-content\/uploads\/camara_graduacao\/atas\/2020\/ata_250_04_06_20.pdf\" target=\"_blank\" rel=\"noreferrer noopener\">Ata n\u00ba 250 de 04\/06\/2020<\/a><\/p>\n\n\n\n<p><a href=\"https:\/\/sites.uel.br\/prograd\/wp-content\/uploads\/camara_graduacao\/atas\/2020\/ata_251_05_06_20.pdf\" target=\"_blank\" rel=\"noreferrer noopener\">Ata n\u00ba 251 de 05\/06\/2020<\/a><\/p>\n\n\n\n<p><a href=\"https:\/\/sites.uel.br\/prograd\/wp-content\/uploads\/camara_graduacao\/atas\/2020\/ata_252_09_06_20.pdf\" target=\"_blank\" rel=\"noreferrer noopener\">Ata n\u00ba 252 de 09\/06\/2020<\/a><\/p>\n\n\n\n<p><a href=\"https:\/\/sites.uel.br\/prograd\/wp-content\/uploads\/camara_graduacao\/atas\/2020\/ata_253_10_06_20.pdf\" target=\"_blank\" rel=\"noreferrer noopener\">Ata n\u00ba 253 de 10\/06\/2020<\/a><\/p>\n\n\n\n<p><a href=\"https:\/\/sites.uel.br\/prograd\/wp-content\/uploads\/camara_graduacao\/atas\/2020\/ata_254_30_06_20.pdf\" target=\"_blank\" rel=\"noreferrer noopener\">Ata n\u00ba 254 de 30\/06\/2020<\/a><\/p>\n\n\n\n<p><a href=\"https:\/\/sites.uel.br\/prograd\/wp-content\/uploads\/camara_graduacao\/atas\/2020\/ata_255_02_07_20.pdf\" target=\"_blank\" rel=\"noreferrer noopener\">Ata n\u00ba 255 de 02\/07\/2020<\/a><\/p>\n\n\n\n<p><a href=\"https:\/\/sites.uel.br\/prograd\/wp-content\/uploads\/camara_graduacao\/atas\/2020\/ata_256_07_07_20.pdf\" target=\"_blank\" rel=\"noreferrer noopener\">Ata n\u00ba 256 de 07\/07\/2020<\/a><\/p>\n\n\n\n<p><a href=\"https:\/\/sites.uel.br\/prograd\/wp-content\/uploads\/camara_graduacao\/atas\/2020\/ata_257_04_08_20.pdf\" target=\"_blank\" rel=\"noreferrer noopener\">Ata n\u00ba 257 de 04\/08\/2020<\/a><\/p>\n\n\n\n<p><a href=\"https:\/\/sites.uel.br\/prograd\/wp-content\/uploads\/camara_graduacao\/atas\/2020\/ata_258_25_08_20.pdf\" target=\"_blank\" rel=\"noreferrer noopener\">Ata n\u00ba 258 de 25\/08\/2020<\/a><\/p>\n\n\n\n<p><a href=\"https:\/\/sites.uel.br\/prograd\/wp-content\/uploads\/camara_graduacao\/atas\/2020\/ata_259_15_09_20.pdf\" target=\"_blank\" rel=\"noreferrer noopener\">Ata n\u00ba 259 de 15\/09\/2020<\/a><\/p>\n\n\n\n<p><a href=\"https:\/\/sites.uel.br\/prograd\/wp-content\/uploads\/camara_graduacao\/atas\/2020\/ata_260_22_09_20.pdf\" target=\"_blank\" rel=\"noreferrer noopener\">Ata n\u00ba 260 de 22\/09\/2020<\/a><\/p>\n\n\n\n<p><a href=\"https:\/\/sites.uel.br\/prograd\/wp-content\/uploads\/camara_graduacao\/atas\/2020\/ata_261_20_10_20.pdf\" target=\"_blank\" rel=\"noreferrer noopener\">Ata n\u00ba 261 de 20\/10\/2020<\/a><\/p>\n\n\n\n<p><a href=\"https:\/\/sites.uel.br\/prograd\/wp-content\/uploads\/camara_graduacao\/atas\/2020\/ata_262_10_11_20.pdf\" target=\"_blank\" rel=\"noreferrer noopener\">Ata n\u00ba 262 de 10\/11\/2020<\/a><\/p>\n\n\n\n<p><a href=\"https:\/\/sites.uel.br\/prograd\/wp-content\/uploads\/camara_graduacao\/atas\/2020\/ata_263_24_11_20.pdf\" target=\"_blank\" rel=\"noreferrer noopener\">Ata n\u00ba 263 de 24\/11\/2020<\/a><\/p>\n\n\n\n<p><a href=\"https:\/\/sites.uel.br\/prograd\/wp-content\/uploads\/camara_graduacao\/atas\/2020\/ata_264_08_12_20.pdf\" target=\"_blank\" rel=\"noreferrer noopener\">Ata n\u00ba 264 de 08\/12\/2020<\/a><\/p>\n\n\n\n<p><\/p>\n","protected":false},"excerpt":{"rendered":"<p>Atas da C\u00e2mara de Gradua\u00e7\u00e3o Anos Anteriores 2020 Ata n\u00ba 240 de 11\/02\/2020 Ata n\u00ba 241 de 10\/03\/2020 Ata n\u00ba 242 de 16\/03\/2020 Ata n\u00ba 243 de 17\/03\/2020 Ata n\u00ba 244 de 17\/03\/2020 Ata n\u00ba 245 de 16\/04\/2020 Ata n\u00ba 246 de 12\/05\/2020 Ata n\u00ba 247 de 19\/05\/2020 Ata n\u00ba 248 de 26\/05\/2020 Ata n\u00ba [&hellip;]<\/p>\n","protected":false},"author":8,"featured_media":0,"parent":0,"menu_order":0,"comment_status":"closed","ping_status":"closed","template":"","meta":{"_acf_changed":false,"_themeisle_gutenberg_block_has_review":false,"footnotes":""},"class_list":["post-3384","page","type-page","status-publish","hentry"],"acf":[],"_links":{"self":[{"href":"https:\/\/sites.uel.br\/prograd\/wp-json\/wp\/v2\/pages\/3384","targetHints":{"allow":["GET"]}}],"collection":[{"href":"https:\/\/sites.uel.br\/prograd\/wp-json\/wp\/v2\/pages"}],"about":[{"href":"https:\/\/sites.uel.br\/prograd\/wp-json\/wp\/v2\/types\/page"}],"author":[{"embeddable":true,"href":"https:\/\/sites.uel.br\/prograd\/wp-json\/wp\/v2\/users\/8"}],"replies":[{"embeddable":true,"href":"https:\/\/sites.uel.br\/prograd\/wp-json\/wp\/v2\/comments?post=3384"}],"version-history":[{"count":10,"href":"https:\/\/sites.uel.br\/prograd\/wp-json\/wp\/v2\/pages\/3384\/revisions"}],"predecessor-version":[{"id":30100,"href":"https:\/\/sites.uel.br\/prograd\/wp-json\/wp\/v2\/pages\/3384\/revisions\/30100"}],"wp:attachment":[{"href":"https:\/\/sites.uel.br\/prograd\/wp-json\/wp\/v2\/media?parent=3384"}],"curies":[{"name":"wp","href":"https:\/\/api.w.org\/{rel}","templated":true}]}}