{"id":3383,"date":"2023-04-12T15:51:15","date_gmt":"2023-04-12T18:51:15","guid":{"rendered":"https:\/\/sites.uel.br\/prograd\/?page_id=3383"},"modified":"2024-05-22T13:56:22","modified_gmt":"2024-05-22T16:56:22","slug":"camara-de-graduacao-atas-da-camara-de-graduacao-2021","status":"publish","type":"page","link":"https:\/\/sites.uel.br\/prograd\/camara-de-graduacao-atas-da-camara-de-graduacao-2021\/","title":{"rendered":"C\u00e2mara de Gradua\u00e7\u00e3o"},"content":{"rendered":"\n<hr class=\"wp-block-separator has-alpha-channel-opacity is-style-wide\"\/>\n\n\n\n<h2 class=\"wp-block-heading\"><strong><strong><strong>Atas da C\u00e2mara de Gradua\u00e7\u00e3o<\/strong><\/strong><\/strong><\/h2>\n\n\n\n<h3 class=\"wp-block-heading\">Anos Anteriores<\/h3>\n\n\n\n<h3 class=\"wp-block-heading\">2021<\/h3>\n\n\n\n<div style=\"height:20px\" aria-hidden=\"true\" class=\"wp-block-spacer\"><\/div>\n\n\n\n<p><a href=\"https:\/\/sites.uel.br\/prograd\/wp-content\/uploads\/camara_graduacao\/atas\/2021\/ata_265_09_02_21.pdf\" target=\"_blank\" rel=\"noreferrer noopener\">Ata n\u00ba 265 de 09\/02\/2021<\/a><\/p>\n\n\n\n<p><a href=\"https:\/\/sites.uel.br\/prograd\/wp-content\/uploads\/camara_graduacao\/atas\/2021\/ata_266_30_03_21.pdf\" target=\"_blank\" rel=\"noreferrer noopener\">Ata n\u00ba 266 de 30\/03\/2021<\/a><\/p>\n\n\n\n<p><a href=\"https:\/\/sites.uel.br\/prograd\/wp-content\/uploads\/camara_graduacao\/atas\/2021\/ata_267_20_04_21.pdf\" target=\"_blank\" rel=\"noreferrer noopener\">Ata n\u00ba 267 de 20\/04\/2021<\/a><\/p>\n\n\n\n<p><a href=\"https:\/\/sites.uel.br\/prograd\/wp-content\/uploads\/camara_graduacao\/atas\/2021\/ata_268_18_05_21.pdf\" target=\"_blank\" rel=\"noreferrer noopener\">Ata n\u00ba 268 de 18\/05\/2021<\/a><\/p>\n\n\n\n<p><a href=\"https:\/\/sites.uel.br\/prograd\/wp-content\/uploads\/camara_graduacao\/atas\/2021\/ata_269_01_06_21.pdf\" target=\"_blank\" rel=\"noreferrer noopener\">Ata n\u00ba 269 de 01\/06\/2021<\/a><\/p>\n\n\n\n<p><a href=\"https:\/\/sites.uel.br\/prograd\/wp-content\/uploads\/camara_graduacao\/atas\/2021\/ata_270_15_06_21.pdf\" target=\"_blank\" rel=\"noreferrer noopener\">Ata n\u00ba 270 de 15\/06\/2021<\/a><\/p>\n\n\n\n<p><a href=\"https:\/\/sites.uel.br\/prograd\/wp-content\/uploads\/camara_graduacao\/atas\/2021\/ata_271_29_06_21.pdf\" target=\"_blank\" rel=\"noreferrer noopener\">Ata n\u00ba 271 de 29\/06\/2021<\/a><\/p>\n\n\n\n<p><a href=\"https:\/\/sites.uel.br\/prograd\/wp-content\/uploads\/camara_graduacao\/atas\/2021\/ata_272_06_07_21.pdf\" target=\"_blank\" rel=\"noreferrer noopener\">Ata n\u00ba 272 de 06\/07\/2021<\/a><\/p>\n\n\n\n<p><a href=\"https:\/\/sites.uel.br\/prograd\/wp-content\/uploads\/camara_graduacao\/atas\/2021\/ata_273_27_07_21.pdf\" target=\"_blank\" rel=\"noreferrer noopener\">Ata n\u00ba 273 de 27\/07\/2021<\/a><\/p>\n\n\n\n<p><a href=\"https:\/\/sites.uel.br\/prograd\/wp-content\/uploads\/camara_graduacao\/atas\/2021\/ata_274_24_08_21.pdf\" target=\"_blank\" rel=\"noreferrer noopener\">Ata n\u00ba 274 de 24\/08\/2021<\/a><\/p>\n\n\n\n<p><a href=\"https:\/\/sites.uel.br\/prograd\/wp-content\/uploads\/camara_graduacao\/atas\/2021\/ata_275_14_09_21.pdf\" target=\"_blank\" rel=\"noreferrer noopener\">Ata n\u00ba 275 de 14\/09\/2021<\/a><\/p>\n\n\n\n<p><a href=\"https:\/\/sites.uel.br\/prograd\/wp-content\/uploads\/camara_graduacao\/atas\/2021\/ata_276_05_10_21.pdf\" target=\"_blank\" rel=\"noreferrer noopener\">Ata n\u00ba 276 de 05\/10\/2021<\/a><\/p>\n\n\n\n<p><a href=\"https:\/\/sites.uel.br\/prograd\/wp-content\/uploads\/camara_graduacao\/atas\/2021\/ata_277_19_10_21.pdf\" target=\"_blank\" rel=\"noreferrer noopener\">Ata n\u00ba 277 de 19\/10\/2021<\/a><\/p>\n\n\n\n<p><a href=\"https:\/\/sites.uel.br\/prograd\/wp-content\/uploads\/camara_graduacao\/atas\/2021\/ata_278_09_11_21.pdf\" target=\"_blank\" rel=\"noreferrer noopener\">Ata n\u00ba 278 de 09\/11\/2021<\/a><\/p>\n\n\n\n<p><a href=\"https:\/\/sites.uel.br\/prograd\/wp-content\/uploads\/camara_graduacao\/atas\/2021\/ata_279_07_12_21.pdf\" target=\"_blank\" rel=\"noreferrer noopener\">Ata n\u00ba 279 de 07\/12\/2021<\/a><\/p>\n","protected":false},"excerpt":{"rendered":"<p>Atas da C\u00e2mara de Gradua\u00e7\u00e3o Anos Anteriores 2021 Ata n\u00ba 265 de 09\/02\/2021 Ata n\u00ba 266 de 30\/03\/2021 Ata n\u00ba 267 de 20\/04\/2021 Ata n\u00ba 268 de 18\/05\/2021 Ata n\u00ba 269 de 01\/06\/2021 Ata n\u00ba 270 de 15\/06\/2021 Ata n\u00ba 271 de 29\/06\/2021 Ata n\u00ba 272 de 06\/07\/2021 Ata n\u00ba 273 de 27\/07\/2021 Ata n\u00ba [&hellip;]<\/p>\n","protected":false},"author":8,"featured_media":0,"parent":0,"menu_order":0,"comment_status":"closed","ping_status":"closed","template":"","meta":{"_acf_changed":false,"_themeisle_gutenberg_block_has_review":false,"footnotes":""},"class_list":["post-3383","page","type-page","status-publish","hentry"],"acf":[],"_links":{"self":[{"href":"https:\/\/sites.uel.br\/prograd\/wp-json\/wp\/v2\/pages\/3383","targetHints":{"allow":["GET"]}}],"collection":[{"href":"https:\/\/sites.uel.br\/prograd\/wp-json\/wp\/v2\/pages"}],"about":[{"href":"https:\/\/sites.uel.br\/prograd\/wp-json\/wp\/v2\/types\/page"}],"author":[{"embeddable":true,"href":"https:\/\/sites.uel.br\/prograd\/wp-json\/wp\/v2\/users\/8"}],"replies":[{"embeddable":true,"href":"https:\/\/sites.uel.br\/prograd\/wp-json\/wp\/v2\/comments?post=3383"}],"version-history":[{"count":10,"href":"https:\/\/sites.uel.br\/prograd\/wp-json\/wp\/v2\/pages\/3383\/revisions"}],"predecessor-version":[{"id":30101,"href":"https:\/\/sites.uel.br\/prograd\/wp-json\/wp\/v2\/pages\/3383\/revisions\/30101"}],"wp:attachment":[{"href":"https:\/\/sites.uel.br\/prograd\/wp-json\/wp\/v2\/media?parent=3383"}],"curies":[{"name":"wp","href":"https:\/\/api.w.org\/{rel}","templated":true}]}}