{"id":3382,"date":"2023-04-12T15:51:13","date_gmt":"2023-04-12T18:51:13","guid":{"rendered":"https:\/\/sites.uel.br\/prograd\/?page_id=3382"},"modified":"2024-05-22T13:58:02","modified_gmt":"2024-05-22T16:58:02","slug":"camara-de-graduacao-atas-da-camara-de-graduacao-2022","status":"publish","type":"page","link":"https:\/\/sites.uel.br\/prograd\/camara-de-graduacao-atas-da-camara-de-graduacao-2022\/","title":{"rendered":"C\u00e2mara de Gradua\u00e7\u00e3o"},"content":{"rendered":"\n<hr class=\"wp-block-separator has-alpha-channel-opacity is-style-wide\"\/>\n\n\n\n<h2 class=\"wp-block-heading\"><strong><strong>Atas da C\u00e2mara de Gradua\u00e7\u00e3o<\/strong><\/strong><\/h2>\n\n\n\n<h3 class=\"wp-block-heading\">Anos Anteriores<\/h3>\n\n\n\n<h3 class=\"wp-block-heading\">2022<\/h3>\n\n\n\n<div style=\"height:20px\" aria-hidden=\"true\" class=\"wp-block-spacer\"><\/div>\n\n\n\n<p><a href=\"https:\/\/sites.uel.br\/prograd\/wp-content\/uploads\/camara_graduacao\/atas\/2022\/ata_280_13_01_22.pdf\" target=\"_blank\" rel=\"noreferrer noopener\">Ata n\u00ba 280 de 13\/01\/2022<\/a><\/p>\n\n\n\n<p><a href=\"https:\/\/sites.uel.br\/prograd\/wp-content\/uploads\/camara_graduacao\/atas\/2022\/ata_281_18_01_22.pdf\" target=\"_blank\" rel=\"noreferrer noopener\">Ata n\u00ba 281 de 18\/01\/2022<\/a><\/p>\n\n\n\n<p><a href=\"https:\/\/sites.uel.br\/prograd\/wp-content\/uploads\/camara_graduacao\/atas\/2022\/ata_282_20_01_22.pdf\" target=\"_blank\" rel=\"noreferrer noopener\">Ata n\u00ba 282 de 20\/01\/2022<\/a><\/p>\n\n\n\n<p><a href=\"https:\/\/sites.uel.br\/prograd\/wp-content\/uploads\/camara_graduacao\/atas\/2022\/ata_283_08_02_22.pdf\" target=\"_blank\" rel=\"noreferrer noopener\">Ata n\u00ba 283 de 08\/02\/2022<\/a><\/p>\n\n\n\n<p><a href=\"https:\/\/sites.uel.br\/prograd\/wp-content\/uploads\/camara_graduacao\/atas\/2022\/ata_284_15_02_22.pdf\" target=\"_blank\" rel=\"noreferrer noopener\">Ata n\u00ba 284 de 15\/02\/2022<\/a><\/p>\n\n\n\n<p><a href=\"https:\/\/sites.uel.br\/prograd\/wp-content\/uploads\/camara_graduacao\/atas\/2022\/ata_285_15_02_22.pdf\" target=\"_blank\" rel=\"noreferrer noopener\">Ata n\u00ba 285 de 15\/02\/2022<\/a><\/p>\n\n\n\n<p><a href=\"https:\/\/sites.uel.br\/prograd\/wp-content\/uploads\/camara_graduacao\/atas\/2022\/ata_286_22_03_22.pdf\" target=\"_blank\" rel=\"noreferrer noopener\">Ata n\u00ba 286 de 22\/03\/2022<\/a><\/p>\n\n\n\n<p><a href=\"https:\/\/sites.uel.br\/prograd\/wp-content\/uploads\/camara_graduacao\/atas\/2022\/ata_287_22_03_22.pdf\" target=\"_blank\" rel=\"noreferrer noopener\">Ata n\u00ba 287 de 22\/03\/2022<\/a><\/p>\n\n\n\n<p><a href=\"https:\/\/sites.uel.br\/prograd\/wp-content\/uploads\/camara_graduacao\/atas\/2022\/ata_288_05_04_22.pdf\" target=\"_blank\" rel=\"noreferrer noopener\">Ata n\u00ba 288 de 05\/04\/2022<\/a><\/p>\n\n\n\n<p><a href=\"https:\/\/sites.uel.br\/prograd\/wp-content\/uploads\/camara_graduacao\/atas\/2022\/ata_289_19_04_22.pdf\" target=\"_blank\" rel=\"noreferrer noopener\">Ata n\u00ba 289 de 19\/04\/2022<\/a><\/p>\n\n\n\n<p><a href=\"https:\/\/sites.uel.br\/prograd\/wp-content\/uploads\/camara_graduacao\/atas\/2022\/ata_290_31_05_22.pdf\" target=\"_blank\" rel=\"noreferrer noopener\">Ata n\u00ba 290 de 31\/05\/2022<\/a><\/p>\n\n\n\n<p><a href=\"https:\/\/sites.uel.br\/prograd\/wp-content\/uploads\/camara_graduacao\/atas\/2022\/ata_291_17_05_22.pdf\" target=\"_blank\" rel=\"noreferrer noopener\">Ata n\u00ba 291 de 17\/05\/2022<\/a><\/p>\n\n\n\n<p><a href=\"https:\/\/sites.uel.br\/prograd\/wp-content\/uploads\/camara_graduacao\/atas\/2022\/ata_292_14_06_22.pdf\" target=\"_blank\" rel=\"noreferrer noopener\">Ata n\u00ba 292 de 14\/06\/2022<\/a><\/p>\n\n\n\n<p><a href=\"https:\/\/sites.uel.br\/prograd\/wp-content\/uploads\/camara_graduacao\/atas\/2022\/ata_293_28_06_22.pdf\" target=\"_blank\" rel=\"noreferrer noopener\">Ata n\u00ba 293 de 28\/06\/2022<\/a><\/p>\n\n\n\n<p><a href=\"https:\/\/sites.uel.br\/prograd\/wp-content\/uploads\/camara_graduacao\/atas\/2022\/ata_294_19_07_22.pdf\" target=\"_blank\" rel=\"noreferrer noopener\">Ata n\u00ba 294 de 19\/07\/2022<\/a><\/p>\n\n\n\n<p><a href=\"https:\/\/sites.uel.br\/prograd\/wp-content\/uploads\/camara_graduacao\/atas\/2022\/ata_295_26_07_22.pdf\" target=\"_blank\" rel=\"noreferrer noopener\">Ata n\u00ba 295 de 26\/07\/2022<\/a><\/p>\n\n\n\n<p><a href=\"https:\/\/sites.uel.br\/prograd\/wp-content\/uploads\/camara_graduacao\/atas\/2022\/ata_296_16_08_22.pdf\" target=\"_blank\" rel=\"noreferrer noopener\">Ata n\u00ba 296 de 16\/08\/2022<\/a><\/p>\n\n\n\n<p><a href=\"https:\/\/sites.uel.br\/prograd\/wp-content\/uploads\/camara_graduacao\/atas\/2022\/ata_297_20_09_22.pdf\" target=\"_blank\" rel=\"noreferrer noopener\">Ata n\u00ba 297 de 20\/09\/2022<\/a><\/p>\n\n\n\n<p><a href=\"https:\/\/sites.uel.br\/prograd\/wp-content\/uploads\/camara_graduacao\/atas\/2022\/ata_298_11_10_22.pdf\" target=\"_blank\" rel=\"noreferrer noopener\">Ata n\u00ba 298 de 11\/10\/2022<\/a><\/p>\n\n\n\n<p><a href=\"https:\/\/sites.uel.br\/prograd\/wp-content\/uploads\/camara_graduacao\/atas\/2022\/ata_299_08_11_22.pdf\" target=\"_blank\" rel=\"noreferrer noopener\">Ata n\u00ba 299 de 08\/11\/2022<\/a><\/p>\n\n\n\n<p><a href=\"https:\/\/sites.uel.br\/prograd\/wp-content\/uploads\/camara_graduacao\/atas\/2022\/ata_300_22_11_22.pdf\" target=\"_blank\" rel=\"noreferrer noopener\">Ata n\u00ba 300 de 22\/11\/2022<\/a><\/p>\n\n\n\n<p><a href=\"https:\/\/sites.uel.br\/prograd\/wp-content\/uploads\/camara_graduacao\/atas\/2022\/ata_301_22_11_22.pdf\" target=\"_blank\" rel=\"noreferrer noopener\">Ata n\u00ba 301 de 22\/11\/2022<\/a><\/p>\n\n\n\n<p><a href=\"https:\/\/sites.uel.br\/prograd\/wp-content\/uploads\/camara_graduacao\/atas\/2022\/ata_302_06_12_22.pdf\" target=\"_blank\" rel=\"noreferrer noopener\">Ata n\u00ba 302 de 06\/12\/2022<\/a><\/p>\n\n\n\n<p><a href=\"https:\/\/sites.uel.br\/prograd\/wp-content\/uploads\/camara_graduacao\/atas\/2022\/ata_303_13_12_22.pdf\" target=\"_blank\" rel=\"noreferrer noopener\">Ata n\u00ba 303 de 13\/12\/2022<\/a><\/p>\n","protected":false},"excerpt":{"rendered":"<p>Atas da C\u00e2mara de Gradua\u00e7\u00e3o Anos Anteriores 2022 Ata n\u00ba 280 de 13\/01\/2022 Ata n\u00ba 281 de 18\/01\/2022 Ata n\u00ba 282 de 20\/01\/2022 Ata n\u00ba 283 de 08\/02\/2022 Ata n\u00ba 284 de 15\/02\/2022 Ata n\u00ba 285 de 15\/02\/2022 Ata n\u00ba 286 de 22\/03\/2022 Ata n\u00ba 287 de 22\/03\/2022 Ata n\u00ba 288 de 05\/04\/2022 Ata n\u00ba [&hellip;]<\/p>\n","protected":false},"author":8,"featured_media":0,"parent":0,"menu_order":0,"comment_status":"closed","ping_status":"closed","template":"","meta":{"_acf_changed":false,"_themeisle_gutenberg_block_has_review":false,"footnotes":""},"class_list":["post-3382","page","type-page","status-publish","hentry"],"acf":[],"_links":{"self":[{"href":"https:\/\/sites.uel.br\/prograd\/wp-json\/wp\/v2\/pages\/3382","targetHints":{"allow":["GET"]}}],"collection":[{"href":"https:\/\/sites.uel.br\/prograd\/wp-json\/wp\/v2\/pages"}],"about":[{"href":"https:\/\/sites.uel.br\/prograd\/wp-json\/wp\/v2\/types\/page"}],"author":[{"embeddable":true,"href":"https:\/\/sites.uel.br\/prograd\/wp-json\/wp\/v2\/users\/8"}],"replies":[{"embeddable":true,"href":"https:\/\/sites.uel.br\/prograd\/wp-json\/wp\/v2\/comments?post=3382"}],"version-history":[{"count":23,"href":"https:\/\/sites.uel.br\/prograd\/wp-json\/wp\/v2\/pages\/3382\/revisions"}],"predecessor-version":[{"id":30102,"href":"https:\/\/sites.uel.br\/prograd\/wp-json\/wp\/v2\/pages\/3382\/revisions\/30102"}],"wp:attachment":[{"href":"https:\/\/sites.uel.br\/prograd\/wp-json\/wp\/v2\/media?parent=3382"}],"curies":[{"name":"wp","href":"https:\/\/api.w.org\/{rel}","templated":true}]}}