{"id":33651,"date":"2025-02-25T08:48:32","date_gmt":"2025-02-25T11:48:32","guid":{"rendered":"https:\/\/sites.uel.br\/prograd\/?page_id=33651"},"modified":"2026-03-17T10:59:54","modified_gmt":"2026-03-17T13:59:54","slug":"camara-de-graduacao-atas-da-camara-de-graduacao-2025","status":"publish","type":"page","link":"https:\/\/sites.uel.br\/prograd\/camara-de-graduacao-atas-da-camara-de-graduacao-2025\/","title":{"rendered":"C\u00e2mara de Gradua\u00e7\u00e3o"},"content":{"rendered":"\n<hr class=\"wp-block-separator has-alpha-channel-opacity is-style-wide\"\/>\n\n\n\n<h2 class=\"wp-block-heading\"><strong><strong>Atas da C\u00e2mara de Gradua\u00e7\u00e3o<\/strong><\/strong><\/h2>\n\n\n\n<h3 class=\"wp-block-heading\">2025<\/h3>\n\n\n\n<p><a href=\"https:\/\/sites.uel.br\/prograd\/wp-content\/uploads\/camara_graduacao\/atas\/2025\/ata_334_18_02_25.pdf\" target=\"_blank\" rel=\"noreferrer noopener\">Ata n\u00ba 334 de 18\/02\/2025<\/a><\/p>\n\n\n\n<p><a href=\"https:\/\/sites.uel.br\/prograd\/wp-content\/uploads\/camara_graduacao\/atas\/2025\/ata_335_18_03_25.pdf\" target=\"_blank\" rel=\"noreferrer noopener\">Ata n\u00ba 335 de 18\/03\/2025<\/a><\/p>\n\n\n\n<p><a href=\"https:\/\/sites.uel.br\/prograd\/wp-content\/uploads\/camara_graduacao\/atas\/2025\/ata_336_15_04_25.pdf\" target=\"_blank\" rel=\"noreferrer noopener\">Ata n\u00ba 336 de 15\/04\/2025<\/a><\/p>\n\n\n\n<p><a href=\"https:\/\/sites.uel.br\/prograd\/wp-content\/uploads\/camara_graduacao\/atas\/2025\/ata_337_20_05_25.pdf\" target=\"_blank\" rel=\"noreferrer noopener\">Ata n\u00ba 337 de 20\/05\/2025<\/a><\/p>\n\n\n\n<p><a href=\"https:\/\/sites.uel.br\/prograd\/wp-content\/uploads\/camara_graduacao\/atas\/2025\/ata_338_17_06_25.pdf\" target=\"_blank\" rel=\"noreferrer noopener\">Ata n\u00ba 338 de 17\/06\/2025<\/a><\/p>\n\n\n\n<p><a href=\"https:\/\/sites.uel.br\/prograd\/wp-content\/uploads\/camara_graduacao\/atas\/2025\/ata_339_22_07_25.pdf\" target=\"_blank\" rel=\"noreferrer noopener\">Ata n\u00ba 339 de 22\/07\/2025<\/a><\/p>\n\n\n\n<p><a href=\"https:\/\/sites.uel.br\/prograd\/wp-content\/uploads\/camara_graduacao\/atas\/2025\/ata_340_19_08_25.pdf\" target=\"_blank\" rel=\"noreferrer noopener\">Ata n\u00ba 340 de 19\/08\/2025<\/a><\/p>\n","protected":false},"excerpt":{"rendered":"<p>Atas da C\u00e2mara de Gradua\u00e7\u00e3o 2025 Ata n\u00ba 334 de 18\/02\/2025 Ata n\u00ba 335 de 18\/03\/2025 Ata n\u00ba 336 de 15\/04\/2025 Ata n\u00ba 337 de 20\/05\/2025 Ata n\u00ba 338 de 17\/06\/2025 Ata n\u00ba 339 de 22\/07\/2025 Ata n\u00ba 340 de 19\/08\/2025<\/p>\n","protected":false},"author":8,"featured_media":0,"parent":0,"menu_order":0,"comment_status":"closed","ping_status":"closed","template":"","meta":{"_acf_changed":false,"_themeisle_gutenberg_block_has_review":false,"footnotes":""},"class_list":["post-33651","page","type-page","status-publish","hentry"],"acf":[],"_links":{"self":[{"href":"https:\/\/sites.uel.br\/prograd\/wp-json\/wp\/v2\/pages\/33651","targetHints":{"allow":["GET"]}}],"collection":[{"href":"https:\/\/sites.uel.br\/prograd\/wp-json\/wp\/v2\/pages"}],"about":[{"href":"https:\/\/sites.uel.br\/prograd\/wp-json\/wp\/v2\/types\/page"}],"author":[{"embeddable":true,"href":"https:\/\/sites.uel.br\/prograd\/wp-json\/wp\/v2\/users\/8"}],"replies":[{"embeddable":true,"href":"https:\/\/sites.uel.br\/prograd\/wp-json\/wp\/v2\/comments?post=33651"}],"version-history":[{"count":6,"href":"https:\/\/sites.uel.br\/prograd\/wp-json\/wp\/v2\/pages\/33651\/revisions"}],"predecessor-version":[{"id":37001,"href":"https:\/\/sites.uel.br\/prograd\/wp-json\/wp\/v2\/pages\/33651\/revisions\/37001"}],"wp:attachment":[{"href":"https:\/\/sites.uel.br\/prograd\/wp-json\/wp\/v2\/media?parent=33651"}],"curies":[{"name":"wp","href":"https:\/\/api.w.org\/{rel}","templated":true}]}}