{"id":33418,"date":"2025-01-22T10:11:30","date_gmt":"2025-01-22T13:11:30","guid":{"rendered":"https:\/\/sites.uel.br\/prograd\/?page_id=33418"},"modified":"2025-10-29T16:01:57","modified_gmt":"2025-10-29T19:01:57","slug":"aprova-parana-universidades","status":"publish","type":"page","link":"https:\/\/sites.uel.br\/prograd\/graduacao\/aprova-parana-universidades\/","title":{"rendered":"Aprova Paran\u00e1 Universidades"},"content":{"rendered":"\n<hr class=\"wp-block-separator has-alpha-channel-opacity is-style-wide\"\/>\n\n\n<div class=\"wp-block-image\">\n<figure class=\"alignright size-full\"><img loading=\"lazy\" decoding=\"async\" width=\"400\" height=\"220\" src=\"https:\/\/sites.uel.br\/prograd\/wp-content\/uploads\/2025\/10\/aprova-pr-universidades-uel.png\" alt=\"\" class=\"wp-image-35677\" srcset=\"https:\/\/sites.uel.br\/prograd\/wp-content\/uploads\/2025\/10\/aprova-pr-universidades-uel.png 400w, https:\/\/sites.uel.br\/prograd\/wp-content\/uploads\/2025\/10\/aprova-pr-universidades-uel-300x165.png 300w\" sizes=\"auto, (max-width: 400px) 100vw, 400px\" \/><\/figure>\n<\/div>\n\n\n<p>O Aprova Paran\u00e1 Universidades \u00e9 um sistema que seleciona estudantes da rede p\u00fablica para as universidades estaduais do Paran\u00e1, com o objetivo de ampliar o acesso ao ensino superior.<\/p>\n\n\n\n<p>Na UEL, 20% das vagas iniciais de gradua\u00e7\u00e3o s\u00e3o destinadas para o Aprova Paran\u00e1 Universidades. Confira o <a href=\"https:\/\/www.cops.uel.br\/v2\/download.php?Acesso=YzlmNzU2YTBiMWIzYTM4MDZiM2RmN2FiYWEzZDdkMWFiYjkyNDE1NDFmMjZhNzhiZGMwNWRhOTFhYTczZjNhYThlZDNhYjI0M2FmZjY5NmEyZDE1Yjg0MzE1NmMxNjRiOGFlYzAxOWI4MWM1ZjcwZDFmZTIxNDlkZWU2ODcyNDI2Y2JlMTM0NDVjOTM0MTRkYjg0YjE4OGE3MzcwNTI3YWUxYmE0ZDY4MzU5OTIzNDU3YTMxNDQyNjk2N2ZkYWNk\">quadro de vagas<\/a>.<\/p>\n\n\n\n<p>O sistema \u00e9 uma parceria entre as Secretarias da Ci\u00eancia, Tecnologia e Ensino Superior do Estado (SETI) e da Educa\u00e7\u00e3o do Paran\u00e1 (SEED).<\/p>\n\n\n\n<p><strong>\ud83c\udfaf Quem pode participar<\/strong><\/p>\n\n\n\n<ul class=\"wp-block-list\">\n<li>Estudantes concluintes do 3\u00ba ano do Ensino M\u00e9dio das escolas p\u00fablicas estaduais ou equivalentes.<\/li>\n\n\n\n<li>Candidatos que realizaram, obrigatoriamente, a Prova Paran\u00e1 Mais.<\/li>\n\n\n\n<li>Candidatos que atendem os crit\u00e9rios de participa\u00e7\u00e3o definidos no edital da UEL -inclusive para cotas, autodeclara\u00e7\u00f5es e documentos.<\/li>\n<\/ul>\n\n\n\n<p><strong>\ud83e\udded Como funciona<\/strong><\/p>\n\n\n\n<ol start=\"1\" class=\"wp-block-list\">\n<li>O estudante realiza a Prova Paran\u00e1 Mais, conforme cronograma da rede estadual.<\/li>\n\n\n\n<li>Ap\u00f3s a divulga\u00e7\u00e3o das notas, ocorre inscri\u00e7\u00e3o no sistema de sele\u00e7\u00e3o para concorrer \u00e0s vagas ofertadas via Aprova Paran\u00e1 Universidades.<\/li>\n\n\n\n<li>A UEL aplica crit\u00e9rios de nota m\u00ednima, desempate, e reserva de vagas interna conforme edital.<\/li>\n\n\n\n<li>Os aprovados realizam pr\u00e9-matr\u00edcula conforme cronograma da UEL.<\/li>\n<\/ol>\n\n\n\n<p><strong>\ud83d\udcc5 Calend\u00e1rio \/ Prazos<\/strong><\/p>\n\n\n\n<ul class=\"wp-block-list\">\n<li>Aplica\u00e7\u00e3o da Prova Paran\u00e1 Mais:&nbsp;<strong>12 e 13\/11\/2025<\/strong><\/li>\n\n\n\n<li>Inscri\u00e7\u00f5es para o Aprova Paran\u00e1 Universidades:&nbsp;<a href=\"https:\/\/aprova.pr.gov.br\/\">A definir<\/a><\/li>\n\n\n\n<li>Matr\u00edcula: verificar o cronograma divulgado pela UEL ap\u00f3s sele\u00e7\u00e3o.<\/li>\n<\/ul>\n\n\n\n<p>Todas as informa\u00e7\u00f5es s\u00e3o publicadas e atualizadas na <a href=\"https:\/\/www.cops.uel.br\/v2\/Selecao\/DetalharSelecao\/Selecao\/385\">p\u00e1gina da Cops\/UEL<\/a>.<\/p>\n\n\n\n<p><strong>\ud83d\udcc4 Pr\u00e9-matr\u00edcula e matr\u00edcula<\/strong><\/p>\n\n\n\n<ul class=\"wp-block-list\">\n<li>A pr\u00e9-matr\u00edcula \u00e9 a primeira fase a ser cumprida para assegurar a ocupa\u00e7\u00e3o da vaga na UEL. Os estudantes devem acessar o <a href=\"https:\/\/sistemas.uel.br\/portaldoestudante\/preMatricula\/preMatricula\">Portal do Estudante<\/a> e enviar a documenta\u00e7\u00e3o exigida.<\/li>\n\n\n\n<li>A segunda fase ocorre nos 5 primeiros dias \u00fateis do in\u00edcio do ano letivo, quando deve ser feita a &#8216;Confirma\u00e7\u00e3o de Matr\u00edcula&#8217;, no Portal do Estudante.<\/li>\n<\/ul>\n\n\n\n<p>Confira a lista de documento exigidas para a <a href=\"https:\/\/sistemas.uel.br\/portaldoestudante\/preMatricula\/preMatricula\">pr\u00e9-matr\u00edcula na UEL<\/a>.<\/p>\n\n\n\n<p><strong>\ud83d\udd17 Links \u00fateis<\/strong><\/p>\n\n\n\n<ul class=\"wp-block-list\">\n<li><a href=\"https:\/\/www.cops.uel.br\/v2\/Selecao\/DetalharSelecao\/Selecao\/385\">P\u00e1gina da Coordenadoria de Processos Seletivos (Cops)<\/a><\/li>\n\n\n\n<li><a href=\"https:\/\/aprova.pr.gov.br\/\">Informa\u00e7\u00f5es oficiais do programa Aprova Paran\u00e1 Universidades<\/a><\/li>\n\n\n\n<li><a href=\"https:\/\/www.educacao.pr.gov.br\/programa\/prova-parana-mais\">Informa\u00e7\u00f5es sobre a Prova Paran\u00e1 Mais<\/a><\/li>\n\n\n\n<li><a href=\"https:\/\/sites.uel.br\/prograd\/\" target=\"_blank\" rel=\"noreferrer noopener\">P\u00e1gina da Pr\u00f3-Reitoria de Gradua\u00e7\u00e3o (Prograd)<\/a><\/li>\n\n\n\n<li><a href=\"https:\/\/sistemas.uel.br\/portaldoestudante\/index\" target=\"_blank\" rel=\"noreferrer noopener\">Portal do Estudante de Gradua\u00e7\u00e3o da UEL<\/a><\/li>\n<\/ul>\n\n\n\n<hr class=\"wp-block-separator has-text-color has-cinza-color has-css-opacity has-cinza-background-color has-background is-style-wide\"\/>\n\n\n\n<p><strong>Veja tamb\u00e9m:<\/strong><\/p>\n\n\n\n<p><a href=\"https:\/\/operobal.uel.br\/vestibular\/2024\/06\/24\/uel-adere-a-prova-parana-mais-com-20-das-vagas-do-vestibular\/\" target=\"_blank\" rel=\"noreferrer noopener\">UEL adere \u00e0 Prova Paran\u00e1 Mais com 20% das vagas do Vestibular<\/a><\/p>\n\n\n\n<p><a href=\"https:\/\/www.seti.pr.gov.br\/Noticia\/Prova-Parana-Mais-sera-um-dos-instrumentos-para-ingresso-nas-universidades-estaduais\" target=\"_blank\" rel=\"noreferrer noopener\">Prova Paran\u00e1 Mais ser\u00e1 um dos instrumentos para ingresso nas universidades estaduais<\/a><\/p>\n\n\n\n<p><a href=\"https:\/\/sites.uel.br\/prograd\/wp-content\/uploads\/documentos\/resolucoes\/2024\/resolucao_31_24.pdf\" target=\"_blank\" rel=\"noreferrer noopener\">Resolu\u00e7\u00e3o CEPE n\u00ba 31\/2024<\/a><br>Revoga a Resolu\u00e7\u00e3o CU n\u00ba 008\/2017 e 042\/2017, institui a Prova Paran\u00e1 Mais como uma das formas de ingresso nos cursos de gradua\u00e7\u00e3o da UEL e estabelece a reserva de vagas no Processo Seletivo Vestibular e no Sistema de Sele\u00e7\u00e3o Unificada do Minist\u00e9rio da Educa\u00e7\u00e3o para candidatos oriundos de institui\u00e7\u00f5es p\u00fablicas brasileiras de ensino e para aqueles que se autodeclararem negros<\/p>\n","protected":false},"excerpt":{"rendered":"<p>O Aprova Paran\u00e1 Universidades \u00e9 um sistema que seleciona estudantes da rede p\u00fablica para as universidades estaduais do Paran\u00e1, com o objetivo de ampliar o acesso ao ensino superior. Na UEL, 20% das vagas iniciais de gradua\u00e7\u00e3o s\u00e3o destinadas para o Aprova Paran\u00e1 Universidades. Confira o quadro de vagas. O sistema \u00e9 uma parceria entre [&hellip;]<\/p>\n","protected":false},"author":8,"featured_media":0,"parent":12,"menu_order":0,"comment_status":"closed","ping_status":"closed","template":"","meta":{"_acf_changed":false,"_themeisle_gutenberg_block_has_review":false,"footnotes":""},"class_list":["post-33418","page","type-page","status-publish","hentry"],"acf":[],"_links":{"self":[{"href":"https:\/\/sites.uel.br\/prograd\/wp-json\/wp\/v2\/pages\/33418","targetHints":{"allow":["GET"]}}],"collection":[{"href":"https:\/\/sites.uel.br\/prograd\/wp-json\/wp\/v2\/pages"}],"about":[{"href":"https:\/\/sites.uel.br\/prograd\/wp-json\/wp\/v2\/types\/page"}],"author":[{"embeddable":true,"href":"https:\/\/sites.uel.br\/prograd\/wp-json\/wp\/v2\/users\/8"}],"replies":[{"embeddable":true,"href":"https:\/\/sites.uel.br\/prograd\/wp-json\/wp\/v2\/comments?post=33418"}],"version-history":[{"count":10,"href":"https:\/\/sites.uel.br\/prograd\/wp-json\/wp\/v2\/pages\/33418\/revisions"}],"predecessor-version":[{"id":35698,"href":"https:\/\/sites.uel.br\/prograd\/wp-json\/wp\/v2\/pages\/33418\/revisions\/35698"}],"up":[{"embeddable":true,"href":"https:\/\/sites.uel.br\/prograd\/wp-json\/wp\/v2\/pages\/12"}],"wp:attachment":[{"href":"https:\/\/sites.uel.br\/prograd\/wp-json\/wp\/v2\/media?parent=33418"}],"curies":[{"name":"wp","href":"https:\/\/api.w.org\/{rel}","templated":true}]}}