{"id":33370,"date":"2025-01-17T10:08:21","date_gmt":"2025-01-17T13:08:21","guid":{"rendered":"https:\/\/sites.uel.br\/prograd\/?page_id=33370"},"modified":"2025-01-17T10:08:30","modified_gmt":"2025-01-17T13:08:30","slug":"encomendas-pro-reitoria-de-graduacao-uel","status":"publish","type":"page","link":"https:\/\/sites.uel.br\/prograd\/encomendas-pro-reitoria-de-graduacao-uel\/","title":{"rendered":"Encomendas Pr\u00f3-Reitoria de Gradua\u00e7\u00e3o \/ UEL"},"content":{"rendered":"\n<hr class=\"wp-block-separator has-alpha-channel-opacity is-style-wide\"\/>\n\n\n\n<figure class=\"wp-block-table is-style-stripes\"><table class=\"has-cinza-claro-background-color has-background\"><tbody><tr><td class=\"has-text-align-center\" data-align=\"center\"><a href=\"https:\/\/sites.uel.br\/prograd\/encomendas-pro-reitoria-de-graduacao-uel-2025\/\"><strong>2025<\/strong><\/a><\/td><\/tr><\/tbody><\/table><\/figure>\n","protected":false},"excerpt":{"rendered":"<p>2025<\/p>\n","protected":false},"author":8,"featured_media":0,"parent":0,"menu_order":0,"comment_status":"closed","ping_status":"closed","template":"","meta":{"_acf_changed":false,"_themeisle_gutenberg_block_has_review":false,"footnotes":""},"class_list":["post-33370","page","type-page","status-publish","hentry"],"acf":[],"_links":{"self":[{"href":"https:\/\/sites.uel.br\/prograd\/wp-json\/wp\/v2\/pages\/33370","targetHints":{"allow":["GET"]}}],"collection":[{"href":"https:\/\/sites.uel.br\/prograd\/wp-json\/wp\/v2\/pages"}],"about":[{"href":"https:\/\/sites.uel.br\/prograd\/wp-json\/wp\/v2\/types\/page"}],"author":[{"embeddable":true,"href":"https:\/\/sites.uel.br\/prograd\/wp-json\/wp\/v2\/users\/8"}],"replies":[{"embeddable":true,"href":"https:\/\/sites.uel.br\/prograd\/wp-json\/wp\/v2\/comments?post=33370"}],"version-history":[{"count":2,"href":"https:\/\/sites.uel.br\/prograd\/wp-json\/wp\/v2\/pages\/33370\/revisions"}],"predecessor-version":[{"id":33372,"href":"https:\/\/sites.uel.br\/prograd\/wp-json\/wp\/v2\/pages\/33370\/revisions\/33372"}],"wp:attachment":[{"href":"https:\/\/sites.uel.br\/prograd\/wp-json\/wp\/v2\/media?parent=33370"}],"curies":[{"name":"wp","href":"https:\/\/api.w.org\/{rel}","templated":true}]}}