{"id":33363,"date":"2025-01-16T16:45:21","date_gmt":"2025-01-16T19:45:21","guid":{"rendered":"https:\/\/sites.uel.br\/prograd\/?page_id=33363"},"modified":"2025-01-22T14:59:00","modified_gmt":"2025-01-22T17:59:00","slug":"encomendas-pro-reitoria-de-graduacao-uel-2025","status":"publish","type":"page","link":"https:\/\/sites.uel.br\/prograd\/encomendas-pro-reitoria-de-graduacao-uel-2025\/","title":{"rendered":"Encomendas Pr\u00f3-Reitoria de Gradua\u00e7\u00e3o \/ UEL"},"content":{"rendered":"\n<hr class=\"wp-block-separator has-alpha-channel-opacity is-style-wide\"\/>\n\n\n\n<h4 class=\"wp-block-heading has-text-align-left\" style=\"font-size:25px\">2025<\/h4>\n\n\n\n<div style=\"height:20px\" aria-hidden=\"true\" class=\"wp-block-spacer\"><\/div>\n\n\n\n<p><strong><a href=\"https:\/\/sites.uel.br\/prograd\/wp-content\/uploads\/documentos\/encomendas\/ep_01_2025_ret.pdf\" target=\"_blank\" rel=\"noreferrer noopener\">1\u00aa Retifica\u00e7\u00e3o EP 01\/2025<\/a><\/strong><br>Torna p\u00fablico retifica\u00e7\u00e3o da Encomenda Prograd (EP) n\u00ba 01\/2025<\/p>\n\n\n\n<p><strong><a href=\"https:\/\/sites.uel.br\/prograd\/wp-content\/uploads\/documentos\/encomendas\/ep_01_2025.pdf\" target=\"_blank\" rel=\"noreferrer noopener\">Encomenda 01\/2025<\/a><\/strong> *<br>Apresenta o an\u00fancio p\u00fablico das normas para participa\u00e7\u00e3o no Encomenda Prograd (EP) n\u00ba 01\/2025 e os crit\u00e9rios estabelecidos para concess\u00e3o de recursos oriundos da EG n\u00ba 15\/2024 SETI\/Fundo Paran\u00e1 para os Centros de Estudos da Universidade Estadual de Londrina, para o apoio \u00e0 gradua\u00e7\u00e3o<\/p>\n\n\n\n<p><em>* ver <strong><a href=\"https:\/\/sites.uel.br\/prograd\/wp-content\/uploads\/documentos\/encomendas\/ep_01_2025_ret.pdf\" target=\"_blank\" rel=\"noreferrer noopener\">1\u00aa Retifica\u00e7\u00e3o EP 01\/2025<\/a><\/strong><\/em><\/p>\n","protected":false},"excerpt":{"rendered":"<p>2025 1\u00aa Retifica\u00e7\u00e3o EP 01\/2025Torna p\u00fablico retifica\u00e7\u00e3o da Encomenda Prograd (EP) n\u00ba 01\/2025 Encomenda 01\/2025 *Apresenta o an\u00fancio p\u00fablico das normas para participa\u00e7\u00e3o no Encomenda Prograd (EP) n\u00ba 01\/2025 e os crit\u00e9rios estabelecidos para concess\u00e3o de recursos oriundos da EG n\u00ba 15\/2024 SETI\/Fundo Paran\u00e1 para os Centros de Estudos da Universidade Estadual de Londrina, para [&hellip;]<\/p>\n","protected":false},"author":8,"featured_media":0,"parent":0,"menu_order":0,"comment_status":"closed","ping_status":"closed","template":"","meta":{"_acf_changed":false,"_themeisle_gutenberg_block_has_review":false,"footnotes":""},"class_list":["post-33363","page","type-page","status-publish","hentry"],"acf":[],"_links":{"self":[{"href":"https:\/\/sites.uel.br\/prograd\/wp-json\/wp\/v2\/pages\/33363","targetHints":{"allow":["GET"]}}],"collection":[{"href":"https:\/\/sites.uel.br\/prograd\/wp-json\/wp\/v2\/pages"}],"about":[{"href":"https:\/\/sites.uel.br\/prograd\/wp-json\/wp\/v2\/types\/page"}],"author":[{"embeddable":true,"href":"https:\/\/sites.uel.br\/prograd\/wp-json\/wp\/v2\/users\/8"}],"replies":[{"embeddable":true,"href":"https:\/\/sites.uel.br\/prograd\/wp-json\/wp\/v2\/comments?post=33363"}],"version-history":[{"count":6,"href":"https:\/\/sites.uel.br\/prograd\/wp-json\/wp\/v2\/pages\/33363\/revisions"}],"predecessor-version":[{"id":33440,"href":"https:\/\/sites.uel.br\/prograd\/wp-json\/wp\/v2\/pages\/33363\/revisions\/33440"}],"wp:attachment":[{"href":"https:\/\/sites.uel.br\/prograd\/wp-json\/wp\/v2\/media?parent=33363"}],"curies":[{"name":"wp","href":"https:\/\/api.w.org\/{rel}","templated":true}]}}