{"id":33311,"date":"2025-01-10T10:08:12","date_gmt":"2025-01-10T13:08:12","guid":{"rendered":"https:\/\/sites.uel.br\/prograd\/?page_id=33311"},"modified":"2025-01-10T10:11:41","modified_gmt":"2025-01-10T13:11:41","slug":"instrucoes-de-servico-2025","status":"publish","type":"page","link":"https:\/\/sites.uel.br\/prograd\/instrucoes-de-servico-2025\/","title":{"rendered":"Instru\u00e7\u00f5es de Servi\u00e7o"},"content":{"rendered":"\n<hr class=\"wp-block-separator has-alpha-channel-opacity is-style-wide\"\/>\n\n\n\n<h2 class=\"wp-block-heading\">PROGRAD<\/h2>\n\n\n\n<h4 class=\"wp-block-heading\">2025<\/h4>\n\n\n\n<div style=\"height:20px\" aria-hidden=\"true\" class=\"wp-block-spacer\"><\/div>\n\n\n\n<p><a href=\"https:\/\/sites.uel.br\/prograd\/wp-content\/uploads\/documentos\/instrucoes_servico\/2025\/instrucao_servico_02_25.pdf\" target=\"_blank\" rel=\"noreferrer noopener\"><strong>Instru\u00e7\u00e3o de Servi\u00e7o Prograd n\u00ba 02\/2025<\/strong><\/a><br>Estabelece procedimentos para a Comiss\u00e3o de Homologa\u00e7\u00e3o de Vagas para matr\u00edcula de candidatos com defici\u00eancia nos termos da Resolu\u00e7\u00e3o CEPE n\u00ba 044\/2021<\/p>\n\n\n\n<p><a href=\"https:\/\/sites.uel.br\/prograd\/wp-content\/uploads\/documentos\/instrucoes_servico\/2025\/instrucao_servico_01_25.pdf\" target=\"_blank\" rel=\"noreferrer noopener\"><strong>Instru\u00e7\u00e3o de Servi\u00e7o Prograd n\u00ba 01\/2025<\/strong><\/a><br>Estabelece procedimentos para a Comiss\u00e3o de Homologa\u00e7\u00e3o de Matr\u00edcula de candidatos autodeclarados negros nos termos da Resolu\u00e7\u00e3o CU n\u00ba 031\/2024<\/p>\n","protected":false},"excerpt":{"rendered":"<p>PROGRAD 2025 Instru\u00e7\u00e3o de Servi\u00e7o Prograd n\u00ba 02\/2025Estabelece procedimentos para a Comiss\u00e3o de Homologa\u00e7\u00e3o de Vagas para matr\u00edcula de candidatos com defici\u00eancia nos termos da Resolu\u00e7\u00e3o CEPE n\u00ba 044\/2021 Instru\u00e7\u00e3o de Servi\u00e7o Prograd n\u00ba 01\/2025Estabelece procedimentos para a Comiss\u00e3o de Homologa\u00e7\u00e3o de Matr\u00edcula de candidatos autodeclarados negros nos termos da Resolu\u00e7\u00e3o CU n\u00ba 031\/2024<\/p>\n","protected":false},"author":8,"featured_media":0,"parent":0,"menu_order":0,"comment_status":"closed","ping_status":"closed","template":"","meta":{"_acf_changed":false,"_themeisle_gutenberg_block_has_review":false,"footnotes":""},"class_list":["post-33311","page","type-page","status-publish","hentry"],"acf":[],"_links":{"self":[{"href":"https:\/\/sites.uel.br\/prograd\/wp-json\/wp\/v2\/pages\/33311","targetHints":{"allow":["GET"]}}],"collection":[{"href":"https:\/\/sites.uel.br\/prograd\/wp-json\/wp\/v2\/pages"}],"about":[{"href":"https:\/\/sites.uel.br\/prograd\/wp-json\/wp\/v2\/types\/page"}],"author":[{"embeddable":true,"href":"https:\/\/sites.uel.br\/prograd\/wp-json\/wp\/v2\/users\/8"}],"replies":[{"embeddable":true,"href":"https:\/\/sites.uel.br\/prograd\/wp-json\/wp\/v2\/comments?post=33311"}],"version-history":[{"count":4,"href":"https:\/\/sites.uel.br\/prograd\/wp-json\/wp\/v2\/pages\/33311\/revisions"}],"predecessor-version":[{"id":33317,"href":"https:\/\/sites.uel.br\/prograd\/wp-json\/wp\/v2\/pages\/33311\/revisions\/33317"}],"wp:attachment":[{"href":"https:\/\/sites.uel.br\/prograd\/wp-json\/wp\/v2\/media?parent=33311"}],"curies":[{"name":"wp","href":"https:\/\/api.w.org\/{rel}","templated":true}]}}