{"id":3311,"date":"2023-04-12T14:49:59","date_gmt":"2023-04-12T17:49:59","guid":{"rendered":"https:\/\/sites.uel.br\/prograd\/?page_id=3311"},"modified":"2024-05-22T14:34:59","modified_gmt":"2024-05-22T17:34:59","slug":"camara-de-graduacao-pautas-de-reunioes-2008","status":"publish","type":"page","link":"https:\/\/sites.uel.br\/prograd\/camara-de-graduacao-pautas-de-reunioes-2008\/","title":{"rendered":"C\u00e2mara de Gradua\u00e7\u00e3o"},"content":{"rendered":"\n<hr class=\"wp-block-separator has-alpha-channel-opacity is-style-wide\"\/>\n\n\n\n<h2 class=\"wp-block-heading\"><strong><strong><strong>Pautas de Reuni\u00f5es da C\u00e2mara de Gradua\u00e7\u00e3o<\/strong><\/strong><\/strong><\/h2>\n\n\n\n<h3 class=\"wp-block-heading\">Anos Anteriores<\/h3>\n\n\n\n<h3 class=\"wp-block-heading\">2008<\/h3>\n\n\n\n<div style=\"height:20px\" aria-hidden=\"true\" class=\"wp-block-spacer\"><\/div>\n\n\n\n<p><a href=\"https:\/\/sites.uel.br\/prograd\/wp-content\/uploads\/camara_graduacao\/Pauta_85_09-12-2008.pdf\" target=\"_blank\" rel=\"noreferrer noopener\"><strong>Pauta da Reuni\u00e3o n\u00ba 85<\/strong><\/a><strong>&nbsp;(dia 09\/12\/08)<\/strong><\/p>\n\n\n\n<p><a href=\"https:\/\/sites.uel.br\/prograd\/wp-content\/uploads\/camara_graduacao\/Pauta_84_18-11-2008.pdf\" target=\"_blank\" rel=\"noreferrer noopener\"><strong>Pauta da Reuni\u00e3o n\u00ba 84<\/strong><\/a><strong>&nbsp;(dia 18\/11\/08)<\/strong><\/p>\n\n\n\n<p><a href=\"https:\/\/sites.uel.br\/prograd\/wp-content\/uploads\/camara_graduacao\/Pauta_83_11-11-2008.pdf\" target=\"_blank\" rel=\"noreferrer noopener\"><strong>Pauta da Reuni\u00e3o n\u00ba 83<\/strong><\/a><strong>&nbsp;(dia 11\/11\/08)<\/strong><\/p>\n\n\n\n<p><a href=\"https:\/\/sites.uel.br\/prograd\/wp-content\/uploads\/camara_graduacao\/Pauta_82_14-10-2008.pdf\" target=\"_blank\" rel=\"noreferrer noopener\"><strong>Pauta da Reuni\u00e3o n\u00ba 82<\/strong><\/a><strong>&nbsp;(dia 14\/10\/08)<\/strong><\/p>\n\n\n\n<p><a href=\"https:\/\/sites.uel.br\/prograd\/wp-content\/uploads\/camara_graduacao\/Pauta_81_30-09-2008.pdf\" target=\"_blank\" rel=\"noreferrer noopener\"><strong>Pauta da Reuni\u00e3o n\u00ba 81<\/strong><\/a><strong>&nbsp;(dia 30\/09\/08)<\/strong><\/p>\n\n\n\n<p><a href=\"https:\/\/sites.uel.br\/prograd\/wp-content\/uploads\/camara_graduacao\/Pauta_80_16-09-2008.pdf\" target=\"_blank\" rel=\"noreferrer noopener\"><strong>Pauta da Reuni\u00e3o n\u00ba 80<\/strong><\/a><strong>&nbsp;(dia 16\/09\/08)<\/strong><\/p>\n\n\n\n<p><a href=\"https:\/\/sites.uel.br\/prograd\/wp-content\/uploads\/camara_graduacao\/Pauta_79_12-08-2008.pdf\" target=\"_blank\" rel=\"noreferrer noopener\"><strong>Pauta da Reuni\u00e3o n\u00ba 79<\/strong><\/a><strong>&nbsp;(dia 12\/08\/08)<\/strong><\/p>\n\n\n\n<p><a href=\"https:\/\/sites.uel.br\/prograd\/wp-content\/uploads\/camara_graduacao\/Pauta_78_29-07-2008.pdf\" target=\"_blank\" rel=\"noreferrer noopener\"><strong>Pauta da Reuni\u00e3o n\u00ba 78<\/strong><\/a><strong>&nbsp;(dia 29\/07\/08)<\/strong><\/p>\n\n\n\n<p><a href=\"https:\/\/sites.uel.br\/prograd\/wp-content\/uploads\/camara_graduacao\/Pauta_77_22-07-2008.pdf\" target=\"_blank\" rel=\"noreferrer noopener\"><strong>Pauta da Reuni\u00e3o n\u00ba 77<\/strong><\/a><strong>&nbsp;(dia 22\/07\/08)<\/strong><\/p>\n\n\n\n<p><a href=\"https:\/\/sites.uel.br\/prograd\/wp-content\/uploads\/camara_graduacao\/Pauta_76_15-07-2008.pdf\" target=\"_blank\" rel=\"noreferrer noopener\"><strong>Pauta da Reuni\u00e3o n\u00ba 76<\/strong><\/a><strong>&nbsp;(dia 15\/07\/08)<\/strong><\/p>\n\n\n\n<p><a href=\"https:\/\/sites.uel.br\/prograd\/wp-content\/uploads\/camara_graduacao\/Pauta_75_24-06-2008.pdf\" target=\"_blank\" rel=\"noreferrer noopener\"><strong>Pauta da Reuni\u00e3o n\u00ba 75<\/strong><\/a><strong>&nbsp;(dia 24\/06\/08)<\/strong><\/p>\n\n\n\n<p><a href=\"https:\/\/sites.uel.br\/prograd\/wp-content\/uploads\/camara_graduacao\/Pauta_74_17-06-2008.pdf\" target=\"_blank\" rel=\"noreferrer noopener\"><strong>Pauta da Reuni\u00e3o n\u00ba 74<\/strong><\/a><strong>&nbsp;(dia 17\/06\/08)<\/strong><\/p>\n\n\n\n<p><a href=\"https:\/\/sites.uel.br\/prograd\/wp-content\/uploads\/camara_graduacao\/Pauta_73_27-05-2008.pdf\" target=\"_blank\" rel=\"noreferrer noopener\"><strong>Pauta da Reuni\u00e3o n\u00ba 73<\/strong><\/a><strong>&nbsp;(dia 27\/05\/08)<\/strong><\/p>\n\n\n\n<p><a href=\"https:\/\/sites.uel.br\/prograd\/wp-content\/uploads\/camara_graduacao\/Pauta_72_13-05-2008.pdf\" target=\"_blank\" rel=\"noreferrer noopener\"><strong>Pauta da Reuni\u00e3o n\u00ba 72<\/strong><\/a><strong>&nbsp;(dia 13\/05\/08)<\/strong><\/p>\n\n\n\n<p><a href=\"https:\/\/sites.uel.br\/prograd\/wp-content\/uploads\/camara_graduacao\/Pauta_71_22-04-2008.pdf\" target=\"_blank\" rel=\"noreferrer noopener\"><strong>Pauta da Reuni\u00e3o n\u00ba 71<\/strong><\/a><strong>&nbsp;(dia 22\/04\/08)<\/strong><\/p>\n\n\n\n<p><a href=\"https:\/\/sites.uel.br\/prograd\/wp-content\/uploads\/camara_graduacao\/Pauta_70_15-04-2008.pdf\" target=\"_blank\" rel=\"noreferrer noopener\"><strong>Pauta da Reuni\u00e3o n\u00ba 70<\/strong><\/a><strong>&nbsp;(dia 15\/04\/08)<\/strong><\/p>\n\n\n\n<p><a href=\"https:\/\/sites.uel.br\/prograd\/wp-content\/uploads\/camara_graduacao\/pauta_reuniao_069-08.pdf\" target=\"_blank\" rel=\"noreferrer noopener\"><strong>Pauta da Reuni\u00e3o n\u00ba 69<\/strong><\/a><strong>&nbsp;(dia 18\/03\/08)<\/strong><\/p>\n\n\n\n<p><a href=\"https:\/\/sites.uel.br\/prograd\/wp-content\/uploads\/camara_graduacao\/Pauta_68_11-03-2008.pdf\" target=\"_blank\" rel=\"noreferrer noopener\"><strong>Pauta da Reuni\u00e3o n\u00ba 68<\/strong><\/a><strong>&nbsp;(dia 11\/03\/08)<\/strong><\/p>\n\n\n\n<p><a href=\"https:\/\/sites.uel.br\/prograd\/wp-content\/uploads\/camara_graduacao\/Pauta_67_12-02-2008.pdf\" target=\"_blank\" rel=\"noreferrer noopener\"><strong>Pauta da Reuni\u00e3o n\u00ba 67<\/strong><\/a><strong>&nbsp;(dia 12\/02\/08)<\/strong><\/p>\n","protected":false},"excerpt":{"rendered":"<p>Pautas de Reuni\u00f5es da C\u00e2mara de Gradua\u00e7\u00e3o Anos Anteriores 2008 Pauta da Reuni\u00e3o n\u00ba 85&nbsp;(dia 09\/12\/08) Pauta da Reuni\u00e3o n\u00ba 84&nbsp;(dia 18\/11\/08) Pauta da Reuni\u00e3o n\u00ba 83&nbsp;(dia 11\/11\/08) Pauta da Reuni\u00e3o n\u00ba 82&nbsp;(dia 14\/10\/08) Pauta da Reuni\u00e3o n\u00ba 81&nbsp;(dia 30\/09\/08) Pauta da Reuni\u00e3o n\u00ba 80&nbsp;(dia 16\/09\/08) Pauta da Reuni\u00e3o n\u00ba 79&nbsp;(dia 12\/08\/08) Pauta da Reuni\u00e3o [&hellip;]<\/p>\n","protected":false},"author":8,"featured_media":0,"parent":0,"menu_order":0,"comment_status":"closed","ping_status":"closed","template":"","meta":{"_acf_changed":false,"_themeisle_gutenberg_block_has_review":false,"footnotes":""},"class_list":["post-3311","page","type-page","status-publish","hentry"],"acf":[],"_links":{"self":[{"href":"https:\/\/sites.uel.br\/prograd\/wp-json\/wp\/v2\/pages\/3311","targetHints":{"allow":["GET"]}}],"collection":[{"href":"https:\/\/sites.uel.br\/prograd\/wp-json\/wp\/v2\/pages"}],"about":[{"href":"https:\/\/sites.uel.br\/prograd\/wp-json\/wp\/v2\/types\/page"}],"author":[{"embeddable":true,"href":"https:\/\/sites.uel.br\/prograd\/wp-json\/wp\/v2\/users\/8"}],"replies":[{"embeddable":true,"href":"https:\/\/sites.uel.br\/prograd\/wp-json\/wp\/v2\/comments?post=3311"}],"version-history":[{"count":13,"href":"https:\/\/sites.uel.br\/prograd\/wp-json\/wp\/v2\/pages\/3311\/revisions"}],"predecessor-version":[{"id":30146,"href":"https:\/\/sites.uel.br\/prograd\/wp-json\/wp\/v2\/pages\/3311\/revisions\/30146"}],"wp:attachment":[{"href":"https:\/\/sites.uel.br\/prograd\/wp-json\/wp\/v2\/media?parent=3311"}],"curies":[{"name":"wp","href":"https:\/\/api.w.org\/{rel}","templated":true}]}}