{"id":3309,"date":"2023-04-12T14:49:55","date_gmt":"2023-04-12T17:49:55","guid":{"rendered":"https:\/\/sites.uel.br\/prograd\/?page_id=3309"},"modified":"2024-05-22T14:34:51","modified_gmt":"2024-05-22T17:34:51","slug":"camara-de-graduacao-pautas-de-reunioes-2010","status":"publish","type":"page","link":"https:\/\/sites.uel.br\/prograd\/camara-de-graduacao-pautas-de-reunioes-2010\/","title":{"rendered":"C\u00e2mara de Gradua\u00e7\u00e3o"},"content":{"rendered":"\n<hr class=\"wp-block-separator has-alpha-channel-opacity is-style-wide\"\/>\n\n\n\n<h2 class=\"wp-block-heading\"><strong><strong><strong>Pautas de Reuni\u00f5es da C\u00e2mara de Gradua\u00e7\u00e3o<\/strong><\/strong><\/strong><\/h2>\n\n\n\n<h3 class=\"wp-block-heading\">Anos Anteriores<\/h3>\n\n\n\n<h3 class=\"wp-block-heading\">2010<\/h3>\n\n\n\n<div style=\"height:20px\" aria-hidden=\"true\" class=\"wp-block-spacer\"><\/div>\n\n\n\n<p><a href=\"https:\/\/sites.uel.br\/prograd\/wp-content\/uploads\/camara_graduacao\/pauta_121_07-12-2010.pdf\" target=\"_blank\" rel=\"noreferrer noopener\"><strong>Pauta da Reuni\u00e3o n\u00ba 121<\/strong><\/a><strong>&nbsp;(dia 07\/12\/10)<\/strong><\/p>\n\n\n\n<p><a href=\"https:\/\/sites.uel.br\/prograd\/wp-content\/uploads\/camara_graduacao\/pauta_120_09-10-2010.pdf\" target=\"_blank\" rel=\"noreferrer noopener\"><strong>Pauta da Reuni\u00e3o n\u00ba 120<\/strong><\/a><strong>&nbsp;(dia 09\/11\/10)<\/strong><\/p>\n\n\n\n<p><a href=\"https:\/\/sites.uel.br\/prograd\/wp-content\/uploads\/camara_graduacao\/pauta_119_19-10-2010.pdf\" target=\"_blank\" rel=\"noreferrer noopener\"><strong>Pauta da Reuni\u00e3o n\u00ba 119<\/strong><\/a><strong>&nbsp;(dia 19\/10\/10)<\/strong><\/p>\n\n\n\n<p><a href=\"https:\/\/sites.uel.br\/prograd\/wp-content\/uploads\/camara_graduacao\/pauta_118_14-09-2010.pdf\" target=\"_blank\" rel=\"noreferrer noopener\"><strong>Pauta da Reuni\u00e3o n\u00ba 118<\/strong><\/a><strong>&nbsp;(dia 14\/09\/10)<\/strong><\/p>\n\n\n\n<p><a href=\"https:\/\/sites.uel.br\/prograd\/wp-content\/uploads\/camara_graduacao\/pauta_117_24-08-2010.pdf\" target=\"_blank\" rel=\"noreferrer noopener\"><strong>Pauta da Reuni\u00e3o n\u00ba 117<\/strong><\/a>&nbsp;<strong>(24\/08\/10)<\/strong><\/p>\n\n\n\n<p><a href=\"https:\/\/sites.uel.br\/prograd\/wp-content\/uploads\/camara_graduacao\/pauta_116_17-08-2010.pdf\" target=\"_blank\" rel=\"noreferrer noopener\"><strong>Pauta da Reuni\u00e3o n\u00ba 116<\/strong><\/a><strong>&nbsp;(dia 17\/08\/10)<\/strong><\/p>\n\n\n\n<p><a href=\"https:\/\/sites.uel.br\/prograd\/wp-content\/uploads\/camara_graduacao\/pauta_115_13-07-2010.pdf\" target=\"_blank\" rel=\"noreferrer noopener\"><strong>Pauta da Reuni\u00e3o n\u00ba 115<\/strong><\/a><strong>&nbsp;(dia 13\/07\/10)<\/strong><\/p>\n\n\n\n<p><a href=\"https:\/\/sites.uel.br\/prograd\/wp-content\/uploads\/camara_graduacao\/pauta_114_30-06-2010.pdf\" target=\"_blank\" rel=\"noreferrer noopener\"><strong>Pauta da Reuni\u00e3o n\u00ba 114<\/strong><\/a><strong>&nbsp;(dia 30\/06\/10)<\/strong><\/p>\n\n\n\n<p><a href=\"https:\/\/sites.uel.br\/prograd\/wp-content\/uploads\/camara_graduacao\/pauta_113_22-06-2010.pdf\" target=\"_blank\" rel=\"noreferrer noopener\"><strong>Pauta da Reuni\u00e3o n\u00ba 113<\/strong><\/a><strong>&nbsp;(dia 22\/06\/10)<\/strong><\/p>\n\n\n\n<p><a href=\"https:\/\/sites.uel.br\/prograd\/wp-content\/uploads\/camara_graduacao\/pauta_111_18-05-2010.pdf\" target=\"_blank\" rel=\"noreferrer noopener\"><strong>Pauta da Reuni\u00e3o n\u00ba 111<\/strong><\/a><strong>&nbsp;(dia 18\/05\/10)<\/strong><\/p>\n\n\n\n<p><a href=\"https:\/\/sites.uel.br\/prograd\/wp-content\/uploads\/camara_graduacao\/extra_pauta_110_13-04-2010.pdf\" target=\"_blank\" rel=\"noreferrer noopener\"><strong>Extrapauta da Reuni\u00e3o n\u00ba 110<\/strong><\/a><strong>&nbsp;(dia 13\/04\/10)<\/strong><\/p>\n\n\n\n<p><a href=\"https:\/\/sites.uel.br\/prograd\/wp-content\/uploads\/camara_graduacao\/pauta_110_13-04-2010.pdf\" target=\"_blank\" rel=\"noreferrer noopener\"><strong>Pauta da Reuni\u00e3o n\u00ba 110<\/strong><\/a><strong>&nbsp;(dia 13\/04\/10)<\/strong><\/p>\n\n\n\n<p><a href=\"https:\/\/sites.uel.br\/prograd\/wp-content\/uploads\/camara_graduacao\/extra_pauta_109_17-03-2010.pdf\" target=\"_blank\" rel=\"noreferrer noopener\"><strong>Extrapauta da Reuni\u00e3o n\u00ba 109<\/strong><\/a><strong>&nbsp;(dia 17\/03\/10)<\/strong><\/p>\n\n\n\n<p><a href=\"https:\/\/sites.uel.br\/prograd\/wp-content\/uploads\/camara_graduacao\/pauta_108_17-03-2010.pdf\" target=\"_blank\" rel=\"noreferrer noopener\"><strong>Pauta da Reuni\u00e3o n\u00ba 108<\/strong><\/a><strong>&nbsp;(dia 17\/03\/10)<\/strong><\/p>\n\n\n\n<p><a href=\"https:\/\/sites.uel.br\/prograd\/wp-content\/uploads\/camara_graduacao\/pauta_107_09-02-2010.pdf\" target=\"_blank\" rel=\"noreferrer noopener\"><strong>Pauta da Reuni\u00e3o n\u00ba 107<\/strong><\/a><strong>&nbsp;(dia 09\/02\/10)<\/strong><\/p>\n\n\n\n<p><a href=\"https:\/\/sites.uel.br\/prograd\/wp-content\/uploads\/camara_graduacao\/extra_pauta_107_09-02-2010.pdf\" target=\"_blank\" rel=\"noreferrer noopener\"><strong>Extrapauta da Reuni\u00e3o n\u00ba 107<\/strong><\/a><strong>&nbsp;(dia 09\/02\/10)<\/strong><\/p>\n","protected":false},"excerpt":{"rendered":"<p>Pautas de Reuni\u00f5es da C\u00e2mara de Gradua\u00e7\u00e3o Anos Anteriores 2010 Pauta da Reuni\u00e3o n\u00ba 121&nbsp;(dia 07\/12\/10) Pauta da Reuni\u00e3o n\u00ba 120&nbsp;(dia 09\/11\/10) Pauta da Reuni\u00e3o n\u00ba 119&nbsp;(dia 19\/10\/10) Pauta da Reuni\u00e3o n\u00ba 118&nbsp;(dia 14\/09\/10) Pauta da Reuni\u00e3o n\u00ba 117&nbsp;(24\/08\/10) Pauta da Reuni\u00e3o n\u00ba 116&nbsp;(dia 17\/08\/10) Pauta da Reuni\u00e3o n\u00ba 115&nbsp;(dia 13\/07\/10) Pauta da Reuni\u00e3o n\u00ba [&hellip;]<\/p>\n","protected":false},"author":8,"featured_media":0,"parent":0,"menu_order":0,"comment_status":"closed","ping_status":"closed","template":"","meta":{"_acf_changed":false,"_themeisle_gutenberg_block_has_review":false,"footnotes":""},"class_list":["post-3309","page","type-page","status-publish","hentry"],"acf":[],"_links":{"self":[{"href":"https:\/\/sites.uel.br\/prograd\/wp-json\/wp\/v2\/pages\/3309","targetHints":{"allow":["GET"]}}],"collection":[{"href":"https:\/\/sites.uel.br\/prograd\/wp-json\/wp\/v2\/pages"}],"about":[{"href":"https:\/\/sites.uel.br\/prograd\/wp-json\/wp\/v2\/types\/page"}],"author":[{"embeddable":true,"href":"https:\/\/sites.uel.br\/prograd\/wp-json\/wp\/v2\/users\/8"}],"replies":[{"embeddable":true,"href":"https:\/\/sites.uel.br\/prograd\/wp-json\/wp\/v2\/comments?post=3309"}],"version-history":[{"count":10,"href":"https:\/\/sites.uel.br\/prograd\/wp-json\/wp\/v2\/pages\/3309\/revisions"}],"predecessor-version":[{"id":30144,"href":"https:\/\/sites.uel.br\/prograd\/wp-json\/wp\/v2\/pages\/3309\/revisions\/30144"}],"wp:attachment":[{"href":"https:\/\/sites.uel.br\/prograd\/wp-json\/wp\/v2\/media?parent=3309"}],"curies":[{"name":"wp","href":"https:\/\/api.w.org\/{rel}","templated":true}]}}