{"id":3308,"date":"2023-04-12T14:49:52","date_gmt":"2023-04-12T17:49:52","guid":{"rendered":"https:\/\/sites.uel.br\/prograd\/?page_id=3308"},"modified":"2024-05-22T14:34:47","modified_gmt":"2024-05-22T17:34:47","slug":"camara-de-graduacao-pautas-de-reunioes-2011","status":"publish","type":"page","link":"https:\/\/sites.uel.br\/prograd\/camara-de-graduacao-pautas-de-reunioes-2011\/","title":{"rendered":"C\u00e2mara de Gradua\u00e7\u00e3o"},"content":{"rendered":"\n<hr class=\"wp-block-separator has-alpha-channel-opacity is-style-wide\"\/>\n\n\n\n<h2 class=\"wp-block-heading\"><strong><strong><strong>Pautas de Reuni\u00f5es da C\u00e2mara de Gradua\u00e7\u00e3o<\/strong><\/strong><\/strong><\/h2>\n\n\n\n<h3 class=\"wp-block-heading\">Anos Anteriores<\/h3>\n\n\n\n<h3 class=\"wp-block-heading\">2011<\/h3>\n\n\n\n<div style=\"height:20px\" aria-hidden=\"true\" class=\"wp-block-spacer\"><\/div>\n\n\n\n<p><a href=\"https:\/\/sites.uel.br\/prograd\/wp-content\/uploads\/camara_graduacao\/pauta_137_13_12_11.pdf\" target=\"_blank\" rel=\"noreferrer noopener\"><strong>Pauta da Reuni\u00e3o n\u00ba 137<\/strong><\/a><strong>&nbsp;(dia 13\/12\/11)<\/strong><\/p>\n\n\n\n<p><a href=\"https:\/\/sites.uel.br\/prograd\/wp-content\/uploads\/camara_graduacao\/pauta_136_29_11_11.pdf\" target=\"_blank\" rel=\"noreferrer noopener\"><strong>Pauta da Reuni\u00e3o n\u00ba 136<\/strong><\/a><strong>&nbsp;(dia 29\/11\/11)<\/strong><\/p>\n\n\n\n<p><a href=\"https:\/\/sites.uel.br\/prograd\/wp-content\/uploads\/camara_graduacao\/pauta_135_08_11_11.pdf\" target=\"_blank\" rel=\"noreferrer noopener\"><strong>Pauta da Reuni\u00e3o n\u00ba 135<\/strong><\/a><strong>&nbsp;(dia 08\/11\/11)<\/strong><\/p>\n\n\n\n<p><a href=\"https:\/\/sites.uel.br\/prograd\/wp-content\/uploads\/camara_graduacao\/pauta_134_18_10_11.pdf\" target=\"_blank\" rel=\"noreferrer noopener\"><strong>Pauta da Reuni\u00e3o n\u00ba 134<\/strong><\/a><strong>&nbsp;(dia 18\/10\/11)<\/strong><\/p>\n\n\n\n<p><a href=\"https:\/\/sites.uel.br\/prograd\/wp-content\/uploads\/camara_graduacao\/pauta_132_20_09_11.pdf\" target=\"_blank\" rel=\"noreferrer noopener\"><strong>Pauta da Reuni\u00e3o n\u00ba 132<\/strong><\/a><strong>&nbsp;(dia 20\/09\/11)<\/strong><\/p>\n\n\n\n<p><a href=\"https:\/\/sites.uel.br\/prograd\/wp-content\/uploads\/camara_graduacao\/pauta_131_23_08_11.pdf\" target=\"_blank\" rel=\"noreferrer noopener\"><strong>Pauta da Reuni\u00e3o n\u00ba 131<\/strong><\/a><strong>&nbsp;(dia 23\/08\/11)<\/strong><\/p>\n\n\n\n<p><a href=\"https:\/\/sites.uel.br\/prograd\/wp-content\/uploads\/camara_graduacao\/pauta_130_16_08_11.pdf\" target=\"_blank\" rel=\"noreferrer noopener\"><strong>Pauta da Reuni\u00e3o n\u00ba 130<\/strong><\/a><strong>&nbsp;(dia 16\/08\/11)<\/strong><\/p>\n\n\n\n<p><a href=\"https:\/\/sites.uel.br\/prograd\/wp-content\/uploads\/camara_graduacao\/pauta_129_19_07_11.pdf\" target=\"_blank\" rel=\"noreferrer noopener\"><strong>Pauta da Reuni\u00e3o n\u00ba 129<\/strong><\/a><strong>&nbsp;(dia 19\/07\/11)<\/strong><\/p>\n\n\n\n<p><a href=\"https:\/\/sites.uel.br\/prograd\/wp-content\/uploads\/camara_graduacao\/pauta_128_28_06_11.pdf\" target=\"_blank\" rel=\"noreferrer noopener\"><strong>Pauta da Reuni\u00e3o n\u00ba 128<\/strong><\/a><strong>&nbsp;(dia 28\/06\/11)<\/strong><\/p>\n\n\n\n<p><a href=\"https:\/\/sites.uel.br\/prograd\/wp-content\/uploads\/camara_graduacao\/pauta_127_14_06_11.pdf\" target=\"_blank\" rel=\"noreferrer noopener\"><strong>Pauta da Reuni\u00e3o n\u00ba 127<\/strong><\/a><strong>&nbsp;(dia 14\/06\/11)<\/strong><\/p>\n\n\n\n<p><a href=\"https:\/\/sites.uel.br\/prograd\/wp-content\/uploads\/camara_graduacao\/pauta_126_31_05_11.pdf\" target=\"_blank\" rel=\"noreferrer noopener\"><strong>Pauta da Reuni\u00e3o n\u00ba 126<\/strong><\/a><strong>&nbsp;(dia 31\/05\/11)<\/strong><\/p>\n\n\n\n<p><a href=\"https:\/\/sites.uel.br\/prograd\/wp-content\/uploads\/camara_graduacao\/pauta_125_17_05_11.pdf\" target=\"_blank\" rel=\"noreferrer noopener\"><strong>Pauta da Reuni\u00e3o n\u00ba 125<\/strong><\/a><strong>&nbsp;(dia 17\/05\/11)<\/strong><\/p>\n\n\n\n<p><a href=\"https:\/\/sites.uel.br\/prograd\/wp-content\/uploads\/camara_graduacao\/pauta_124_19_04_11.pdf\" target=\"_blank\" rel=\"noreferrer noopener\"><strong>Pauta da Reuni\u00e3o n\u00ba 124<\/strong><\/a><strong>&nbsp;(dia 19\/04\/11)<\/strong><\/p>\n\n\n\n<p><a href=\"https:\/\/sites.uel.br\/prograd\/wp-content\/uploads\/camara_graduacao\/pauta_123_15_03_11.pdf\" target=\"_blank\" rel=\"noreferrer noopener\"><strong>Pauta da Reuni\u00e3o n\u00ba 123<\/strong><\/a><strong>&nbsp;(dia 15\/03\/11)<\/strong><\/p>\n\n\n\n<p><a href=\"https:\/\/sites.uel.br\/prograd\/wp-content\/uploads\/camara_graduacao\/pauta_122_15-02-2011.pdf\" target=\"_blank\" rel=\"noreferrer noopener\"><strong>Pauta da Reuni\u00e3o n\u00ba 122<\/strong><\/a><strong>&nbsp;(dia 15\/02\/11)<\/strong><\/p>\n","protected":false},"excerpt":{"rendered":"<p>Pautas de Reuni\u00f5es da C\u00e2mara de Gradua\u00e7\u00e3o Anos Anteriores 2011 Pauta da Reuni\u00e3o n\u00ba 137&nbsp;(dia 13\/12\/11) Pauta da Reuni\u00e3o n\u00ba 136&nbsp;(dia 29\/11\/11) Pauta da Reuni\u00e3o n\u00ba 135&nbsp;(dia 08\/11\/11) Pauta da Reuni\u00e3o n\u00ba 134&nbsp;(dia 18\/10\/11) Pauta da Reuni\u00e3o n\u00ba 132&nbsp;(dia 20\/09\/11) Pauta da Reuni\u00e3o n\u00ba 131&nbsp;(dia 23\/08\/11) Pauta da Reuni\u00e3o n\u00ba 130&nbsp;(dia 16\/08\/11) Pauta da Reuni\u00e3o [&hellip;]<\/p>\n","protected":false},"author":8,"featured_media":0,"parent":0,"menu_order":0,"comment_status":"closed","ping_status":"closed","template":"","meta":{"_acf_changed":false,"_themeisle_gutenberg_block_has_review":false,"footnotes":""},"class_list":["post-3308","page","type-page","status-publish","hentry"],"acf":[],"_links":{"self":[{"href":"https:\/\/sites.uel.br\/prograd\/wp-json\/wp\/v2\/pages\/3308","targetHints":{"allow":["GET"]}}],"collection":[{"href":"https:\/\/sites.uel.br\/prograd\/wp-json\/wp\/v2\/pages"}],"about":[{"href":"https:\/\/sites.uel.br\/prograd\/wp-json\/wp\/v2\/types\/page"}],"author":[{"embeddable":true,"href":"https:\/\/sites.uel.br\/prograd\/wp-json\/wp\/v2\/users\/8"}],"replies":[{"embeddable":true,"href":"https:\/\/sites.uel.br\/prograd\/wp-json\/wp\/v2\/comments?post=3308"}],"version-history":[{"count":10,"href":"https:\/\/sites.uel.br\/prograd\/wp-json\/wp\/v2\/pages\/3308\/revisions"}],"predecessor-version":[{"id":30143,"href":"https:\/\/sites.uel.br\/prograd\/wp-json\/wp\/v2\/pages\/3308\/revisions\/30143"}],"wp:attachment":[{"href":"https:\/\/sites.uel.br\/prograd\/wp-json\/wp\/v2\/media?parent=3308"}],"curies":[{"name":"wp","href":"https:\/\/api.w.org\/{rel}","templated":true}]}}