{"id":3306,"date":"2023-04-12T14:49:48","date_gmt":"2023-04-12T17:49:48","guid":{"rendered":"https:\/\/sites.uel.br\/prograd\/?page_id=3306"},"modified":"2024-05-22T14:34:36","modified_gmt":"2024-05-22T17:34:36","slug":"camara-de-graduacao-pautas-de-reunioes-2013","status":"publish","type":"page","link":"https:\/\/sites.uel.br\/prograd\/camara-de-graduacao-pautas-de-reunioes-2013\/","title":{"rendered":"C\u00e2mara de Gradua\u00e7\u00e3o"},"content":{"rendered":"\n<hr class=\"wp-block-separator has-alpha-channel-opacity is-style-wide\"\/>\n\n\n\n<h2 class=\"wp-block-heading\"><strong><strong><strong>Pautas de Reuni\u00f5es da C\u00e2mara de Gradua\u00e7\u00e3o<\/strong><\/strong><\/strong><\/h2>\n\n\n\n<h3 class=\"wp-block-heading\">Anos Anteriores<\/h3>\n\n\n\n<h3 class=\"wp-block-heading\">2013<\/h3>\n\n\n\n<div style=\"height:20px\" aria-hidden=\"true\" class=\"wp-block-spacer\"><\/div>\n\n\n\n<p><a href=\"https:\/\/sites.uel.br\/prograd\/wp-content\/uploads\/camara_graduacao\/pauta_161_03_12_13.pdf\" target=\"_blank\" rel=\"noreferrer noopener\"><strong>Pauta da Reuni\u00e3o n\u00ba 161<\/strong><\/a><strong>&nbsp;(dia 03\/12\/13)<\/strong><\/p>\n\n\n\n<p><a href=\"https:\/\/sites.uel.br\/prograd\/wp-content\/uploads\/camara_graduacao\/pauta_160_19_11_13.pdf\" target=\"_blank\" rel=\"noreferrer noopener\"><strong>Pauta da Reuni\u00e3o n\u00ba 160<\/strong><\/a><strong>&nbsp;(dia 19\/11\/13)<\/strong><\/p>\n\n\n\n<p><a href=\"https:\/\/sites.uel.br\/prograd\/wp-content\/uploads\/camara_graduacao\/pauta_159_22_10_13.pdf\" target=\"_blank\" rel=\"noreferrer noopener\"><strong>Pauta da Reuni\u00e3o n\u00ba 159<\/strong><\/a><strong>&nbsp;(dia 22\/10\/13)<\/strong><\/p>\n\n\n\n<p><a href=\"https:\/\/sites.uel.br\/prograd\/wp-content\/uploads\/camara_graduacao\/pauta_158_17_09_13.pdf\" target=\"_blank\" rel=\"noreferrer noopener\"><strong>Pauta da Reuni\u00e3o n\u00ba 158<\/strong><\/a><strong>&nbsp;(dia 17\/09\/13)<\/strong><\/p>\n\n\n\n<p><a href=\"https:\/\/sites.uel.br\/prograd\/wp-content\/uploads\/camara_graduacao\/pauta_157_20_08_13.pdf\" target=\"_blank\" rel=\"noreferrer noopener\"><strong>Pauta da Reuni\u00e3o n\u00ba 157<\/strong><\/a><strong>&nbsp;(dia 20\/08\/13)<\/strong><\/p>\n\n\n\n<p><a href=\"https:\/\/sites.uel.br\/prograd\/wp-content\/uploads\/camara_graduacao\/pauta_156_16_07_13.pdf\" target=\"_blank\" rel=\"noreferrer noopener\"><strong>Pauta da Reuni\u00e3o n\u00ba 156<\/strong><\/a><strong>&nbsp;(dia 16\/07\/13)<\/strong><\/p>\n\n\n\n<p><a href=\"https:\/\/sites.uel.br\/prograd\/wp-content\/uploads\/camara_graduacao\/pauta_155_18_06_13.pdf\" target=\"_blank\" rel=\"noreferrer noopener\"><strong>Pauta da Reuni\u00e3o n\u00ba 155<\/strong><\/a><strong>&nbsp;(dia 18\/06\/13)<\/strong><\/p>\n\n\n\n<p><a href=\"https:\/\/sites.uel.br\/prograd\/wp-content\/uploads\/camara_graduacao\/pauta_154_21_05_13.pdf\" target=\"_blank\" rel=\"noreferrer noopener\"><strong>Pauta da Reuni\u00e3o n\u00ba 154<\/strong><\/a><strong>&nbsp;(dia 21\/05\/13)<\/strong><\/p>\n\n\n\n<p><a href=\"https:\/\/sites.uel.br\/prograd\/wp-content\/uploads\/camara_graduacao\/pauta_153_16_04_13.pdf\" target=\"_blank\" rel=\"noreferrer noopener\"><strong>Pauta da Reuni\u00e3o n\u00ba 153<\/strong><\/a><strong>&nbsp;(dia 16\/04\/13)<\/strong><\/p>\n\n\n\n<p><a href=\"https:\/\/sites.uel.br\/prograd\/wp-content\/uploads\/camara_graduacao\/pauta_152_26_03_13.pdf\" target=\"_blank\" rel=\"noreferrer noopener\"><strong>Pauta da Reuni\u00e3o n\u00ba 152<\/strong><\/a><strong>&nbsp;(dia 26\/03\/13)<\/strong><\/p>\n\n\n\n<p><a href=\"https:\/\/sites.uel.br\/prograd\/wp-content\/uploads\/camara_graduacao\/pauta_151_19_03_13.pdf\" target=\"_blank\" rel=\"noreferrer noopener\"><strong>Pauta da Reuni\u00e3o n\u00ba 151<\/strong><\/a><strong>&nbsp;(dia 19\/03\/13)<\/strong><\/p>\n","protected":false},"excerpt":{"rendered":"<p>Pautas de Reuni\u00f5es da C\u00e2mara de Gradua\u00e7\u00e3o Anos Anteriores 2013 Pauta da Reuni\u00e3o n\u00ba 161&nbsp;(dia 03\/12\/13) Pauta da Reuni\u00e3o n\u00ba 160&nbsp;(dia 19\/11\/13) Pauta da Reuni\u00e3o n\u00ba 159&nbsp;(dia 22\/10\/13) Pauta da Reuni\u00e3o n\u00ba 158&nbsp;(dia 17\/09\/13) Pauta da Reuni\u00e3o n\u00ba 157&nbsp;(dia 20\/08\/13) Pauta da Reuni\u00e3o n\u00ba 156&nbsp;(dia 16\/07\/13) Pauta da Reuni\u00e3o n\u00ba 155&nbsp;(dia 18\/06\/13) Pauta da Reuni\u00e3o [&hellip;]<\/p>\n","protected":false},"author":8,"featured_media":0,"parent":0,"menu_order":0,"comment_status":"closed","ping_status":"closed","template":"","meta":{"_acf_changed":false,"_themeisle_gutenberg_block_has_review":false,"footnotes":""},"class_list":["post-3306","page","type-page","status-publish","hentry"],"acf":[],"_links":{"self":[{"href":"https:\/\/sites.uel.br\/prograd\/wp-json\/wp\/v2\/pages\/3306","targetHints":{"allow":["GET"]}}],"collection":[{"href":"https:\/\/sites.uel.br\/prograd\/wp-json\/wp\/v2\/pages"}],"about":[{"href":"https:\/\/sites.uel.br\/prograd\/wp-json\/wp\/v2\/types\/page"}],"author":[{"embeddable":true,"href":"https:\/\/sites.uel.br\/prograd\/wp-json\/wp\/v2\/users\/8"}],"replies":[{"embeddable":true,"href":"https:\/\/sites.uel.br\/prograd\/wp-json\/wp\/v2\/comments?post=3306"}],"version-history":[{"count":11,"href":"https:\/\/sites.uel.br\/prograd\/wp-json\/wp\/v2\/pages\/3306\/revisions"}],"predecessor-version":[{"id":30141,"href":"https:\/\/sites.uel.br\/prograd\/wp-json\/wp\/v2\/pages\/3306\/revisions\/30141"}],"wp:attachment":[{"href":"https:\/\/sites.uel.br\/prograd\/wp-json\/wp\/v2\/media?parent=3306"}],"curies":[{"name":"wp","href":"https:\/\/api.w.org\/{rel}","templated":true}]}}