{"id":3305,"date":"2023-04-12T14:49:45","date_gmt":"2023-04-12T17:49:45","guid":{"rendered":"https:\/\/sites.uel.br\/prograd\/?page_id=3305"},"modified":"2024-05-22T14:34:32","modified_gmt":"2024-05-22T17:34:32","slug":"camara-de-graduacao-pautas-de-reunioes-2014","status":"publish","type":"page","link":"https:\/\/sites.uel.br\/prograd\/camara-de-graduacao-pautas-de-reunioes-2014\/","title":{"rendered":"C\u00e2mara de Gradua\u00e7\u00e3o"},"content":{"rendered":"\n<hr class=\"wp-block-separator has-alpha-channel-opacity is-style-wide\"\/>\n\n\n\n<h2 class=\"wp-block-heading\"><strong><strong><strong>Pautas de Reuni\u00f5es da C\u00e2mara de Gradua\u00e7\u00e3o<\/strong><\/strong><\/strong><\/h2>\n\n\n\n<h3 class=\"wp-block-heading\">Anos Anteriores<\/h3>\n\n\n\n<h3 class=\"wp-block-heading\">2014<\/h3>\n\n\n\n<div style=\"height:20px\" aria-hidden=\"true\" class=\"wp-block-spacer\"><\/div>\n\n\n\n<p><a href=\"https:\/\/sites.uel.br\/prograd\/wp-content\/uploads\/camara_graduacao\/pauta_173_09_12_14.pdf\" target=\"_blank\" rel=\"noreferrer noopener\"><strong>Pauta da Reuni\u00e3o n\u00ba 173<\/strong><\/a><strong>&nbsp;(dia 09\/12\/14)<\/strong><\/p>\n\n\n\n<p><a href=\"https:\/\/sites.uel.br\/prograd\/wp-content\/uploads\/camara_graduacao\/pauta_172_18_11_14.pdf\" target=\"_blank\" rel=\"noreferrer noopener\"><strong>Pauta da Reuni\u00e3o n\u00ba 172<\/strong><\/a><strong>&nbsp;(dia 18\/11\/14)<\/strong><\/p>\n\n\n\n<p><a href=\"https:\/\/sites.uel.br\/prograd\/wp-content\/uploads\/camara_graduacao\/pauta_171_21_10_14.pdf\" target=\"_blank\" rel=\"noreferrer noopener\"><strong>Pauta da Reuni\u00e3o n\u00ba 171<\/strong><\/a><strong>&nbsp;(dia 21\/10\/14)<\/strong><\/p>\n\n\n\n<p><a href=\"https:\/\/sites.uel.br\/prograd\/wp-content\/uploads\/camara_graduacao\/pauta_170_16_09_14.pdf\" target=\"_blank\" rel=\"noreferrer noopener\"><strong>Pauta da Reuni\u00e3o n\u00ba 170<\/strong><\/a><strong>&nbsp;(dia 16\/09\/14)<\/strong><\/p>\n\n\n\n<p><a href=\"https:\/\/sites.uel.br\/prograd\/wp-content\/uploads\/camara_graduacao\/pauta_169_19_08_14.pdf\" target=\"_blank\" rel=\"noreferrer noopener\"><strong>Pauta da Reuni\u00e3o n\u00ba 169<\/strong><\/a><strong>&nbsp;(dia 19\/08\/14)<\/strong><\/p>\n\n\n\n<p><a href=\"https:\/\/sites.uel.br\/prograd\/wp-content\/uploads\/camara_graduacao\/pauta_168_22_07_14.pdf\" target=\"_blank\" rel=\"noreferrer noopener\"><strong>Pauta da Reuni\u00e3o n\u00ba 168<\/strong><\/a><strong>&nbsp;(dia 22\/07\/14)<\/strong><\/p>\n\n\n\n<p><a href=\"https:\/\/sites.uel.br\/prograd\/wp-content\/uploads\/camara_graduacao\/pauta_167_17_06_14.pdf\" target=\"_blank\" rel=\"noreferrer noopener\"><strong>Pauta da Reuni\u00e3o n\u00ba 167<\/strong><\/a><strong>&nbsp;(dia 17\/06\/14)<\/strong><\/p>\n\n\n\n<p><a href=\"https:\/\/sites.uel.br\/prograd\/wp-content\/uploads\/camara_graduacao\/pauta_166_20_05_14.pdf\" target=\"_blank\" rel=\"noreferrer noopener\"><strong>Pauta da Reuni\u00e3o n\u00ba 166<\/strong><\/a><strong>&nbsp;(dia 20\/05\/14)<\/strong><\/p>\n\n\n\n<p><a href=\"https:\/\/sites.uel.br\/prograd\/wp-content\/uploads\/camara_graduacao\/pauta_165_15_04_14.pdf\" target=\"_blank\" rel=\"noreferrer noopener\"><strong>Pauta da Reuni\u00e3o n\u00ba 165<\/strong><\/a><strong>&nbsp;(dia 15\/04\/14)<\/strong><\/p>\n\n\n\n<p><a href=\"https:\/\/sites.uel.br\/prograd\/wp-content\/uploads\/camara_graduacao\/pauta_163_164_18_03_14.pdf\" target=\"_blank\" rel=\"noreferrer noopener\"><strong>Pauta da Reuni\u00e3o n\u00ba 163 e n\u00ba 164<\/strong><\/a><strong>&nbsp;(dia 18\/03\/14)<\/strong><\/p>\n\n\n\n<p><a href=\"https:\/\/sites.uel.br\/prograd\/wp-content\/uploads\/camara_graduacao\/pauta_162_18_02_14-1.pdf\" target=\"_blank\" rel=\"noreferrer noopener\"><strong>Pauta da Reuni\u00e3o n\u00ba 162<\/strong><\/a><strong>&nbsp;(dia 18\/02\/14)<\/strong><\/p>\n","protected":false},"excerpt":{"rendered":"<p>Pautas de Reuni\u00f5es da C\u00e2mara de Gradua\u00e7\u00e3o Anos Anteriores 2014 Pauta da Reuni\u00e3o n\u00ba 173&nbsp;(dia 09\/12\/14) Pauta da Reuni\u00e3o n\u00ba 172&nbsp;(dia 18\/11\/14) Pauta da Reuni\u00e3o n\u00ba 171&nbsp;(dia 21\/10\/14) Pauta da Reuni\u00e3o n\u00ba 170&nbsp;(dia 16\/09\/14) Pauta da Reuni\u00e3o n\u00ba 169&nbsp;(dia 19\/08\/14) Pauta da Reuni\u00e3o n\u00ba 168&nbsp;(dia 22\/07\/14) Pauta da Reuni\u00e3o n\u00ba 167&nbsp;(dia 17\/06\/14) Pauta da Reuni\u00e3o [&hellip;]<\/p>\n","protected":false},"author":8,"featured_media":0,"parent":0,"menu_order":0,"comment_status":"closed","ping_status":"closed","template":"","meta":{"_acf_changed":false,"_themeisle_gutenberg_block_has_review":false,"footnotes":""},"class_list":["post-3305","page","type-page","status-publish","hentry"],"acf":[],"_links":{"self":[{"href":"https:\/\/sites.uel.br\/prograd\/wp-json\/wp\/v2\/pages\/3305","targetHints":{"allow":["GET"]}}],"collection":[{"href":"https:\/\/sites.uel.br\/prograd\/wp-json\/wp\/v2\/pages"}],"about":[{"href":"https:\/\/sites.uel.br\/prograd\/wp-json\/wp\/v2\/types\/page"}],"author":[{"embeddable":true,"href":"https:\/\/sites.uel.br\/prograd\/wp-json\/wp\/v2\/users\/8"}],"replies":[{"embeddable":true,"href":"https:\/\/sites.uel.br\/prograd\/wp-json\/wp\/v2\/comments?post=3305"}],"version-history":[{"count":10,"href":"https:\/\/sites.uel.br\/prograd\/wp-json\/wp\/v2\/pages\/3305\/revisions"}],"predecessor-version":[{"id":30140,"href":"https:\/\/sites.uel.br\/prograd\/wp-json\/wp\/v2\/pages\/3305\/revisions\/30140"}],"wp:attachment":[{"href":"https:\/\/sites.uel.br\/prograd\/wp-json\/wp\/v2\/media?parent=3305"}],"curies":[{"name":"wp","href":"https:\/\/api.w.org\/{rel}","templated":true}]}}