{"id":3304,"date":"2023-04-12T14:49:43","date_gmt":"2023-04-12T17:49:43","guid":{"rendered":"https:\/\/sites.uel.br\/prograd\/?page_id=3304"},"modified":"2024-05-22T14:34:28","modified_gmt":"2024-05-22T17:34:28","slug":"camara-de-graduacao-pautas-de-reunioes-2015","status":"publish","type":"page","link":"https:\/\/sites.uel.br\/prograd\/camara-de-graduacao-pautas-de-reunioes-2015\/","title":{"rendered":"C\u00e2mara de Gradua\u00e7\u00e3o"},"content":{"rendered":"\n<hr class=\"wp-block-separator has-alpha-channel-opacity is-style-wide\"\/>\n\n\n\n<h2 class=\"wp-block-heading\"><strong><strong><strong>Pautas de Reuni\u00f5es da C\u00e2mara de Gradua\u00e7\u00e3o<\/strong><\/strong><\/strong><\/h2>\n\n\n\n<h3 class=\"wp-block-heading\">Anos Anteriores<\/h3>\n\n\n\n<h3 class=\"wp-block-heading\">2015<\/h3>\n\n\n\n<div style=\"height:20px\" aria-hidden=\"true\" class=\"wp-block-spacer\"><\/div>\n\n\n\n<p><a href=\"https:\/\/sites.uel.br\/prograd\/wp-content\/uploads\/camara_graduacao\/pauta_184_08_12_15.pdf\" target=\"_blank\" rel=\"noreferrer noopener\"><strong>Pauta da Reuni\u00e3o n\u00ba 184<\/strong><\/a><strong>&nbsp;(dia 08\/12\/15)<\/strong><\/p>\n\n\n\n<p><a href=\"https:\/\/sites.uel.br\/prograd\/wp-content\/uploads\/camara_graduacao\/pauta_183_17_11_15.pdf\" target=\"_blank\" rel=\"noreferrer noopener\"><strong>Pauta da Reuni\u00e3o n\u00ba 183<\/strong><\/a><strong>&nbsp;(dia 17\/11\/15)<\/strong><\/p>\n\n\n\n<p><a href=\"https:\/\/sites.uel.br\/prograd\/wp-content\/uploads\/camara_graduacao\/pauta_182_20_10_15.pdf\" target=\"_blank\" rel=\"noreferrer noopener\"><strong>Pauta da Reuni\u00e3o n\u00ba 182<\/strong><\/a><strong>&nbsp;(dia 20\/10\/15)<\/strong><\/p>\n\n\n\n<p><a href=\"https:\/\/sites.uel.br\/prograd\/wp-content\/uploads\/camara_graduacao\/pauta_181_15_09_15.pdf\" target=\"_blank\" rel=\"noreferrer noopener\"><strong>Pauta da Reuni\u00e3o n\u00ba 181<\/strong><\/a><strong>&nbsp;(dia 15\/09\/15)<\/strong><\/p>\n\n\n\n<p><a href=\"https:\/\/sites.uel.br\/prograd\/wp-content\/uploads\/camara_graduacao\/pauta_180_18_08_15.pdf\" target=\"_blank\" rel=\"noreferrer noopener\"><strong>Pauta da Reuni\u00e3o n\u00ba 180<\/strong><\/a><strong>&nbsp;(dia 18\/08\/15)<\/strong><\/p>\n\n\n\n<p><a href=\"https:\/\/sites.uel.br\/prograd\/wp-content\/uploads\/camara_graduacao\/pauta_179_14_07_15.pdf\" target=\"_blank\" rel=\"noreferrer noopener\"><strong>Pauta da Reuni\u00e3o n\u00ba 179<\/strong><\/a><strong>&nbsp;(dia 14\/07\/15)<\/strong><\/p>\n\n\n\n<p><a href=\"https:\/\/sites.uel.br\/prograd\/wp-content\/uploads\/camara_graduacao\/pauta_178_07_07_15.pdf\" target=\"_blank\" rel=\"noreferrer noopener\"><strong>Pauta da Reuni\u00e3o n\u00ba 178<\/strong><\/a><strong>&nbsp;(dia 07\/07\/15)<\/strong><\/p>\n\n\n\n<p><a href=\"https:\/\/sites.uel.br\/prograd\/wp-content\/uploads\/camara_graduacao\/pauta_177_20_05_15.pdf\" target=\"_blank\" rel=\"noreferrer noopener\"><strong>Pauta da Reuni\u00e3o n\u00ba 177<\/strong><\/a><strong>&nbsp;(dia 20\/05\/15)<\/strong><\/p>\n\n\n\n<p><a href=\"https:\/\/sites.uel.br\/prograd\/wp-content\/uploads\/camara_graduacao\/pauta_176_15_04_15.pdf\" target=\"_blank\" rel=\"noreferrer noopener\"><strong>Pauta da Reuni\u00e3o n\u00ba 176<\/strong><\/a><strong>&nbsp;(dia 15\/04\/15)<\/strong><\/p>\n\n\n\n<p><a href=\"https:\/\/sites.uel.br\/prograd\/wp-content\/uploads\/camara_graduacao\/pauta_175_31_03_15.pdf\" target=\"_blank\" rel=\"noreferrer noopener\"><strong>Pauta da Reuni\u00e3o n\u00ba 175<\/strong><\/a><strong>&nbsp;(dia 31\/03\/15)<\/strong><\/p>\n\n\n\n<p><strong>Reuni\u00e3o n\u00ba 174 (dia 20\/03\/15)<\/strong><\/p>\n","protected":false},"excerpt":{"rendered":"<p>Pautas de Reuni\u00f5es da C\u00e2mara de Gradua\u00e7\u00e3o Anos Anteriores 2015 Pauta da Reuni\u00e3o n\u00ba 184&nbsp;(dia 08\/12\/15) Pauta da Reuni\u00e3o n\u00ba 183&nbsp;(dia 17\/11\/15) Pauta da Reuni\u00e3o n\u00ba 182&nbsp;(dia 20\/10\/15) Pauta da Reuni\u00e3o n\u00ba 181&nbsp;(dia 15\/09\/15) Pauta da Reuni\u00e3o n\u00ba 180&nbsp;(dia 18\/08\/15) Pauta da Reuni\u00e3o n\u00ba 179&nbsp;(dia 14\/07\/15) Pauta da Reuni\u00e3o n\u00ba 178&nbsp;(dia 07\/07\/15) Pauta da Reuni\u00e3o [&hellip;]<\/p>\n","protected":false},"author":8,"featured_media":0,"parent":0,"menu_order":0,"comment_status":"closed","ping_status":"closed","template":"","meta":{"_acf_changed":false,"_themeisle_gutenberg_block_has_review":false,"footnotes":""},"class_list":["post-3304","page","type-page","status-publish","hentry"],"acf":[],"_links":{"self":[{"href":"https:\/\/sites.uel.br\/prograd\/wp-json\/wp\/v2\/pages\/3304","targetHints":{"allow":["GET"]}}],"collection":[{"href":"https:\/\/sites.uel.br\/prograd\/wp-json\/wp\/v2\/pages"}],"about":[{"href":"https:\/\/sites.uel.br\/prograd\/wp-json\/wp\/v2\/types\/page"}],"author":[{"embeddable":true,"href":"https:\/\/sites.uel.br\/prograd\/wp-json\/wp\/v2\/users\/8"}],"replies":[{"embeddable":true,"href":"https:\/\/sites.uel.br\/prograd\/wp-json\/wp\/v2\/comments?post=3304"}],"version-history":[{"count":10,"href":"https:\/\/sites.uel.br\/prograd\/wp-json\/wp\/v2\/pages\/3304\/revisions"}],"predecessor-version":[{"id":30139,"href":"https:\/\/sites.uel.br\/prograd\/wp-json\/wp\/v2\/pages\/3304\/revisions\/30139"}],"wp:attachment":[{"href":"https:\/\/sites.uel.br\/prograd\/wp-json\/wp\/v2\/media?parent=3304"}],"curies":[{"name":"wp","href":"https:\/\/api.w.org\/{rel}","templated":true}]}}