{"id":3303,"date":"2023-04-12T14:49:41","date_gmt":"2023-04-12T17:49:41","guid":{"rendered":"https:\/\/sites.uel.br\/prograd\/?page_id=3303"},"modified":"2024-05-22T14:33:13","modified_gmt":"2024-05-22T17:33:13","slug":"camara-de-graduacao-pautas-de-reunioes-2016","status":"publish","type":"page","link":"https:\/\/sites.uel.br\/prograd\/camara-de-graduacao-pautas-de-reunioes-2016\/","title":{"rendered":"C\u00e2mara de Gradua\u00e7\u00e3o"},"content":{"rendered":"\n<hr class=\"wp-block-separator has-alpha-channel-opacity is-style-wide\"\/>\n\n\n\n<h2 class=\"wp-block-heading\"><strong><strong><strong>Pautas de Reuni\u00f5es da C\u00e2mara de Gradua\u00e7\u00e3o<\/strong><\/strong><\/strong><\/h2>\n\n\n\n<h3 class=\"wp-block-heading\">Anos Anteriores<\/h3>\n\n\n\n<h3 class=\"wp-block-heading\">2016<\/h3>\n\n\n\n<div id=\"wp-block-themeisle-blocks-accordion-41f0a09c\" class=\"wp-block-themeisle-blocks-accordion exclusive\">\n<details class=\"wp-block-themeisle-blocks-accordion-item\"><summary class=\"wp-block-themeisle-blocks-accordion-item__title\"><div><a rel=\"noreferrer noopener\" href=\"https:\/\/sites.uel.br\/prograd\/wp-content\/uploads\/camara_graduacao\/pautas\/2016\/pauta_198_20_12_16.pdf\" target=\"_blank\"><strong>Pauta da Reuni\u00e3o n\u00ba 198<\/strong><\/a><strong> (dia 20\/12\/16)<\/strong><\/div><\/summary><div class=\"wp-block-themeisle-blocks-accordion-item__content\">\n<p><a rel=\"noreferrer noopener\" href=\"https:\/\/sites.uel.br\/prograd\/wp-content\/uploads\/camara_graduacao\/pautas\/2016\/anexo_pauta_198_20_12_16.pdf\" target=\"_blank\">Anexo da Pauta da Reuni\u00e3o n\u00ba 198<\/a> (folhas 01 a 106)<\/p>\n<\/div><\/details>\n\n\n\n<details class=\"wp-block-themeisle-blocks-accordion-item\"><summary class=\"wp-block-themeisle-blocks-accordion-item__title\"><div><a rel=\"noreferrer noopener\" href=\"https:\/\/sites.uel.br\/prograd\/wp-content\/uploads\/camara_graduacao\/pautas\/2016\/pauta_197_06_12_16.pdf\" target=\"_blank\"><strong>Pauta da Reuni\u00e3o n\u00ba 197<\/strong><\/a><strong> (dia 06\/12\/16)<\/strong><\/div><\/summary><div class=\"wp-block-themeisle-blocks-accordion-item__content\">\n<p><a rel=\"noreferrer noopener\" href=\"https:\/\/sites.uel.br\/prograd\/wp-content\/uploads\/camara_graduacao\/pautas\/2016\/anexo_pauta_197_06_12_16.pdf\" target=\"_blank\">Anexo da Pauta da Reuni\u00e3o n\u00ba 197<\/a>&nbsp;(folhas 01 a 115)<\/p>\n\n\n\n<p><a rel=\"noreferrer noopener\" href=\"https:\/\/sites.uel.br\/prograd\/wp-content\/uploads\/camara_graduacao\/pautas\/2016\/anexo_pauta_197_06_12_161.pdf\" target=\"_blank\">Anexo 1 da Pauta da Reuni\u00e3o n\u00ba 197<\/a>&nbsp;(folhas 01 a 13)<\/p>\n<\/div><\/details>\n\n\n\n<details class=\"wp-block-themeisle-blocks-accordion-item\"><summary class=\"wp-block-themeisle-blocks-accordion-item__title\"><div><a rel=\"noreferrer noopener\" href=\"https:\/\/sites.uel.br\/prograd\/wp-content\/uploads\/camara_graduacao\/pautas\/2016\/pauta_194_20_09_16.pdf\" target=\"_blank\"><strong>Pauta da Reuni\u00e3o n\u00ba 194<\/strong><\/a><strong> (dia 20\/09\/16)<\/strong><\/div><\/summary><div class=\"wp-block-themeisle-blocks-accordion-item__content\">\n<p><a rel=\"noreferrer noopener\" href=\"https:\/\/sites.uel.br\/prograd\/wp-content\/uploads\/camara_graduacao\/pautas\/2016\/anexo_pauta_194_20_09_16.pdf\" target=\"_blank\">Anexo da Pauta da Reuni\u00e3o n\u00ba 194<\/a> (folhas 01 a 242)<\/p>\n<\/div><\/details>\n\n\n\n<details class=\"wp-block-themeisle-blocks-accordion-item\"><summary class=\"wp-block-themeisle-blocks-accordion-item__title\"><div><a rel=\"noreferrer noopener\" href=\"https:\/\/sites.uel.br\/prograd\/wp-content\/uploads\/camara_graduacao\/pautas\/2016\/pauta_193_16_08_16.pdf\" target=\"_blank\"><strong>Pauta da Reuni\u00e3o n\u00ba 193<\/strong><\/a><strong> (dia 16\/08\/16)<\/strong><\/div><\/summary><div class=\"wp-block-themeisle-blocks-accordion-item__content\">\n<p><a rel=\"noreferrer noopener\" href=\"https:\/\/sites.uel.br\/prograd\/wp-content\/uploads\/camara_graduacao\/pautas\/2016\/anexo_pauta_193_16_08_16.pdf\" target=\"_blank\">Anexo da Pauta da Reuni\u00e3o n\u00ba 193<\/a>&nbsp;(folhas 01 a 163)<\/p>\n\n\n\n<p><a rel=\"noreferrer noopener\" href=\"https:\/\/sites.uel.br\/prograd\/wp-content\/uploads\/camara_graduacao\/pautas\/2016\/extra_pauta_193_16_08_16.pdf\" target=\"_blank\">Anexo 1 da Pauta da Reuni\u00e3o n\u00ba 193<\/a>&nbsp;(folhas 01 a 08)<\/p>\n<\/div><\/details>\n\n\n\n<details class=\"wp-block-themeisle-blocks-accordion-item\"><summary class=\"wp-block-themeisle-blocks-accordion-item__title\"><div><a rel=\"noreferrer noopener\" href=\"https:\/\/sites.uel.br\/prograd\/wp-content\/uploads\/camara_graduacao\/pautas\/2016\/pauta_192_19_07_16.pdf\" target=\"_blank\"><strong>Pauta da Reuni\u00e3o n\u00ba 192<\/strong><\/a><strong> (dia 19\/07\/16)<\/strong><\/div><\/summary><div class=\"wp-block-themeisle-blocks-accordion-item__content\">\n<p><a rel=\"noreferrer noopener\" href=\"https:\/\/sites.uel.br\/prograd\/wp-content\/uploads\/camara_graduacao\/pautas\/2016\/anexo_pauta_192_19_07_16.pdf\" target=\"_blank\">Anexo da Pauta da Reuni\u00e3o n\u00ba 192<\/a> (folhas 01 a 136)<\/p>\n<\/div><\/details>\n\n\n\n<details class=\"wp-block-themeisle-blocks-accordion-item\"><summary class=\"wp-block-themeisle-blocks-accordion-item__title\"><div><a rel=\"noreferrer noopener\" href=\"https:\/\/sites.uel.br\/prograd\/wp-content\/uploads\/camara_graduacao\/pautas\/2016\/pauta_191_28_06_16.pdf\" target=\"_blank\"><strong>Pauta da Reuni\u00e3o n\u00ba 191<\/strong><\/a><strong> (dia 28\/06\/16)<\/strong><\/div><\/summary><div class=\"wp-block-themeisle-blocks-accordion-item__content\">\n<p><a rel=\"noreferrer noopener\" href=\"https:\/\/sites.uel.br\/prograd\/wp-content\/uploads\/camara_graduacao\/pautas\/2016\/anexo_pauta_191_28_06_16.pdf\" target=\"_blank\">Anexo da Pauta da Reuni\u00e3o n\u00ba 191<\/a>&nbsp;(folhas 01 a 107)<\/p>\n\n\n\n<p><a rel=\"noreferrer noopener\" href=\"https:\/\/sites.uel.br\/prograd\/wp-content\/uploads\/camara_graduacao\/pautas\/2016\/anexo_pauta_191_28_06_161.pdf\" target=\"_blank\">Anexo 1 da Pauta da Reuni\u00e3o n\u00ba 191<\/a>&nbsp;(folhas 01 a 39)<\/p>\n<\/div><\/details>\n\n\n\n<details class=\"wp-block-themeisle-blocks-accordion-item\"><summary class=\"wp-block-themeisle-blocks-accordion-item__title\"><div><a rel=\"noreferrer noopener\" href=\"https:\/\/sites.uel.br\/prograd\/wp-content\/uploads\/camara_graduacao\/pautas\/2016\/pauta_190_17_05_16.pdf\" target=\"_blank\"><strong>Pauta da Reuni\u00e3o n\u00ba 190<\/strong><\/a><strong> (dia 17\/05\/16)<\/strong><\/div><\/summary><div class=\"wp-block-themeisle-blocks-accordion-item__content\">\n<p><a rel=\"noreferrer noopener\" href=\"https:\/\/sites.uel.br\/prograd\/wp-content\/uploads\/camara_graduacao\/pautas\/2016\/anexo_pauta_190_17_05_16.pdf\" target=\"_blank\">Anexo da Pauta da Reuni\u00e3o n\u00ba 190<\/a>&nbsp;(folhas 01 a 79)<\/p>\n\n\n\n<p><a rel=\"noreferrer noopener\" href=\"https:\/\/sites.uel.br\/prograd\/wp-content\/uploads\/camara_graduacao\/pautas\/2016\/anexo_pauta_190_17_05_161.pdf\" target=\"_blank\">Anexo 1 da Pauta da Reuni\u00e3o n\u00ba 190<\/a>&nbsp;(folhas 01 a 15)<\/p>\n<\/div><\/details>\n\n\n\n<details class=\"wp-block-themeisle-blocks-accordion-item\"><summary class=\"wp-block-themeisle-blocks-accordion-item__title\"><div><a rel=\"noreferrer noopener\" href=\"https:\/\/sites.uel.br\/prograd\/wp-content\/uploads\/camara_graduacao\/pautas\/2016\/pauta_189_19_04_16.pdf\" target=\"_blank\"><strong>Pauta da Reuni\u00e3o n\u00ba 189<\/strong><\/a><strong> (dia 19\/04\/16)<\/strong><\/div><\/summary><div class=\"wp-block-themeisle-blocks-accordion-item__content\">\n<p><a rel=\"noreferrer noopener\" href=\"https:\/\/sites.uel.br\/prograd\/wp-content\/uploads\/camara_graduacao\/pautas\/2016\/anexo_pauta_189_19_04_16.pdf\" target=\"_blank\">Anexo da Pauta da Reuni\u00e3o n\u00ba 189<\/a> (folhas 01 a 145)<\/p>\n<\/div><\/details>\n\n\n\n<details class=\"wp-block-themeisle-blocks-accordion-item\"><summary class=\"wp-block-themeisle-blocks-accordion-item__title\"><div><a rel=\"noreferrer noopener\" href=\"https:\/\/sites.uel.br\/prograd\/wp-content\/uploads\/camara_graduacao\/pautas\/2016\/pauta_187_188_22_03_16.pdf\" target=\"_blank\"><strong>Pauta da Reuni\u00e3o n\u00ba 187\/188<\/strong><\/a><strong> (dia 22\/03\/16)<\/strong><\/div><\/summary><div class=\"wp-block-themeisle-blocks-accordion-item__content\">\n<p><a rel=\"noreferrer noopener\" href=\"https:\/\/sites.uel.br\/prograd\/wp-content\/uploads\/camara_graduacao\/pautas\/2016\/anexo_pauta_187_188_22_03_16.pdf\" target=\"_blank\">Anexo da Pauta da Reuni\u00e3o n\u00ba 187\/188<\/a> (folhas 01 a 276)<\/p>\n<\/div><\/details>\n\n\n\n<details class=\"wp-block-themeisle-blocks-accordion-item\"><summary class=\"wp-block-themeisle-blocks-accordion-item__title\"><div><a rel=\"noreferrer noopener\" href=\"https:\/\/sites.uel.br\/prograd\/wp-content\/uploads\/camara_graduacao\/pautas\/2016\/pauta_186_16_02_16.pdf\" target=\"_blank\"><strong>Pauta da Reuni\u00e3o n\u00ba 186<\/strong><\/a><strong> (dia 16\/02\/16)<\/strong><\/div><\/summary><div class=\"wp-block-themeisle-blocks-accordion-item__content\">\n<p><a rel=\"noreferrer noopener\" href=\"https:\/\/sites.uel.br\/prograd\/wp-content\/uploads\/camara_graduacao\/pautas\/2016\/anexo_pauta_186_16_02_16.pdf\" target=\"_blank\">Anexo da Pauta da Reuni\u00e3o n\u00ba 186<\/a> (folhas 01 a 202)<\/p>\n<\/div><\/details>\n\n\n\n<details class=\"wp-block-themeisle-blocks-accordion-item\"><summary class=\"wp-block-themeisle-blocks-accordion-item__title\"><div><a rel=\"noreferrer noopener\" href=\"https:\/\/sites.uel.br\/prograd\/wp-content\/uploads\/camara_graduacao\/pautas\/2016\/pauta_185_19_01_16.pdf\" target=\"_blank\"><strong>Pauta da Reuni\u00e3o n\u00ba 185<\/strong><\/a><strong> (dia 19\/01\/16)<\/strong><\/div><\/summary><div class=\"wp-block-themeisle-blocks-accordion-item__content\">\n<p><a rel=\"noreferrer noopener\" href=\"https:\/\/sites.uel.br\/prograd\/wp-content\/uploads\/camara_graduacao\/pautas\/2016\/anexo_pauta_185_19_01_16.pdf\" target=\"_blank\">Anexo da Pauta da Reuni\u00e3o n\u00ba 185<\/a> (folhas 01 a 84)<\/p>\n\n\n\n<p><a rel=\"noreferrer noopener\" href=\"https:\/\/sites.uel.br\/prograd\/wp-content\/uploads\/camara_graduacao\/pautas\/2016\/anexo_pauta_185_19_01_161.pdf\" target=\"_blank\">Anexo 1 da Pauta da Reuni\u00e3o n\u00ba 185<\/a> (folhas 85 a 168)<\/p>\n<\/div><\/details>\n<\/div>\n","protected":false},"excerpt":{"rendered":"<p>Pautas de Reuni\u00f5es da C\u00e2mara de Gradua\u00e7\u00e3o Anos Anteriores 2016<\/p>\n","protected":false},"author":8,"featured_media":0,"parent":0,"menu_order":0,"comment_status":"closed","ping_status":"closed","template":"","meta":{"_acf_changed":false,"_themeisle_gutenberg_block_has_review":false,"footnotes":""},"class_list":["post-3303","page","type-page","status-publish","hentry"],"acf":[],"_links":{"self":[{"href":"https:\/\/sites.uel.br\/prograd\/wp-json\/wp\/v2\/pages\/3303","targetHints":{"allow":["GET"]}}],"collection":[{"href":"https:\/\/sites.uel.br\/prograd\/wp-json\/wp\/v2\/pages"}],"about":[{"href":"https:\/\/sites.uel.br\/prograd\/wp-json\/wp\/v2\/types\/page"}],"author":[{"embeddable":true,"href":"https:\/\/sites.uel.br\/prograd\/wp-json\/wp\/v2\/users\/8"}],"replies":[{"embeddable":true,"href":"https:\/\/sites.uel.br\/prograd\/wp-json\/wp\/v2\/comments?post=3303"}],"version-history":[{"count":11,"href":"https:\/\/sites.uel.br\/prograd\/wp-json\/wp\/v2\/pages\/3303\/revisions"}],"predecessor-version":[{"id":30131,"href":"https:\/\/sites.uel.br\/prograd\/wp-json\/wp\/v2\/pages\/3303\/revisions\/30131"}],"wp:attachment":[{"href":"https:\/\/sites.uel.br\/prograd\/wp-json\/wp\/v2\/media?parent=3303"}],"curies":[{"name":"wp","href":"https:\/\/api.w.org\/{rel}","templated":true}]}}