{"id":3302,"date":"2023-04-12T14:49:39","date_gmt":"2023-04-12T17:49:39","guid":{"rendered":"https:\/\/sites.uel.br\/prograd\/?page_id=3302"},"modified":"2024-05-22T14:33:14","modified_gmt":"2024-05-22T17:33:14","slug":"camara-de-graduacao-pautas-de-reunioes-2017","status":"publish","type":"page","link":"https:\/\/sites.uel.br\/prograd\/camara-de-graduacao-pautas-de-reunioes-2017\/","title":{"rendered":"C\u00e2mara de Gradua\u00e7\u00e3o"},"content":{"rendered":"\n<hr class=\"wp-block-separator has-alpha-channel-opacity is-style-wide\"\/>\n\n\n\n<h2 class=\"wp-block-heading\"><strong><strong><strong>Pautas de Reuni\u00f5es da C\u00e2mara de Gradua\u00e7\u00e3o<\/strong><\/strong><\/strong><\/h2>\n\n\n\n<h3 class=\"wp-block-heading\">Anos Anteriores<\/h3>\n\n\n\n<h3 class=\"wp-block-heading\">2017<\/h3>\n\n\n\n<div id=\"wp-block-themeisle-blocks-accordion-3e168867\" class=\"wp-block-themeisle-blocks-accordion exclusive\">\n<details class=\"wp-block-themeisle-blocks-accordion-item\"><summary class=\"wp-block-themeisle-blocks-accordion-item__title\"><div><a rel=\"noreferrer noopener\" href=\"https:\/\/sites.uel.br\/prograd\/wp-content\/uploads\/camara_graduacao\/pautas\/2017\/pauta_210_12_12_17.pdf\" target=\"_blank\"><strong>Pauta da Reuni\u00e3o n\u00ba 210<\/strong><\/a><strong> (dia 12\/12\/17)<\/strong><\/div><\/summary><div class=\"wp-block-themeisle-blocks-accordion-item__content\">\n<p><a rel=\"noreferrer noopener\" href=\"https:\/\/sites.uel.br\/prograd\/wp-content\/uploads\/camara_graduacao\/pautas\/2017\/anexo_pauta_210_12_12_17.pdf\" target=\"_blank\">Anexo da Pauta da Reuni\u00e3o n\u00ba 210<\/a>&nbsp;(folhas 01 a 469)<\/p>\n\n\n\n<p><a href=\"https:\/\/sites.uel.br\/prograd\/wp-content\/uploads\/camara_graduacao\/pautas\/2017\/anexo_pauta_210_12_12_171.pdf\" target=\"_blank\" rel=\"noreferrer noopener\">Anexo 1 da Pauta da Reuni\u00e3o n\u00ba 210<\/a>&nbsp;(extrapauta)<\/p>\n\n\n\n<p><a rel=\"noreferrer noopener\" href=\"https:\/\/sites.uel.br\/prograd\/wp-content\/uploads\/camara_graduacao\/pautas\/2017\/anexo_pauta_210_12_12_173.pdf\" target=\"_blank\">Anexo 2 da Pauta da Reuni\u00e3o n\u00ba 210<\/a>&nbsp;(extrapauta)<\/p>\n<\/div><\/details>\n\n\n\n<details class=\"wp-block-themeisle-blocks-accordion-item\"><summary class=\"wp-block-themeisle-blocks-accordion-item__title\"><div><a rel=\"noreferrer noopener\" href=\"https:\/\/sites.uel.br\/prograd\/wp-content\/uploads\/camara_graduacao\/pautas\/2017\/pauta_209_24_10_17.pdf\" target=\"_blank\"><strong>Pauta da Reuni\u00e3o n\u00ba 209<\/strong><\/a><strong> (dia 24\/10\/17)<\/strong><\/div><\/summary><div class=\"wp-block-themeisle-blocks-accordion-item__content\">\n<p><a rel=\"noreferrer noopener\" href=\"https:\/\/sites.uel.br\/prograd\/wp-content\/uploads\/camara_graduacao\/pautas\/2017\/anexo_pauta_209_24_10_17.pdf\" target=\"_blank\">Anexo da Pauta da Reuni\u00e3o n\u00ba 209<\/a> (folhas 01 a 414)<\/p>\n<\/div><\/details>\n\n\n\n<details class=\"wp-block-themeisle-blocks-accordion-item\"><summary class=\"wp-block-themeisle-blocks-accordion-item__title\"><div><a rel=\"noreferrer noopener\" href=\"https:\/\/sites.uel.br\/prograd\/wp-content\/uploads\/camara_graduacao\/pautas\/2017\/pauta_208_17_10_17.pdf\" target=\"_blank\"><strong>Pauta da Reuni\u00e3o n\u00ba 208<\/strong><\/a><strong> (dia 17\/10\/17)<\/strong><\/div><\/summary><div class=\"wp-block-themeisle-blocks-accordion-item__content\">\n<p><a rel=\"noreferrer noopener\" href=\"https:\/\/sites.uel.br\/prograd\/wp-content\/uploads\/camara_graduacao\/pautas\/2017\/anexo_pauta_208_17_10_17.pdf\" target=\"_blank\">Anexo da Pauta da Reuni\u00e3o n\u00ba 208<\/a> (folhas 01 a 434)<\/p>\n<\/div><\/details>\n\n\n\n<details class=\"wp-block-themeisle-blocks-accordion-item\"><summary class=\"wp-block-themeisle-blocks-accordion-item__title\"><div><a rel=\"noreferrer noopener\" href=\"https:\/\/sites.uel.br\/prograd\/wp-content\/uploads\/camara_graduacao\/pautas\/2017\/pauta_207_19_09_17.pdf\" target=\"_blank\"><strong>Pauta da Reuni\u00e3o n\u00ba 207<\/strong><\/a><strong> (dia 19\/09\/17)<\/strong><\/div><\/summary><div class=\"wp-block-themeisle-blocks-accordion-item__content\">\n<p><a rel=\"noreferrer noopener\" href=\"https:\/\/sites.uel.br\/prograd\/wp-content\/uploads\/camara_graduacao\/pautas\/2017\/anexo_pauta_207_19_09_17.pdf\" target=\"_blank\">Anexo da Pauta da Reuni\u00e3o n\u00ba 207<\/a>&nbsp;(folhas 01 a 110)<\/p>\n\n\n\n<p><a href=\"https:\/\/sites.uel.br\/prograd\/wp-content\/uploads\/camara_graduacao\/pautas\/2017\/anexo_pauta_207_19_09_171.pdf\" target=\"_blank\" rel=\"noreferrer noopener\">Anexo 1 da Pauta da Reuni\u00e3o n\u00ba 207<\/a>&nbsp;(extrapauta)<\/p>\n\n\n\n<p><a href=\"https:\/\/sites.uel.br\/prograd\/wp-content\/uploads\/camara_graduacao\/pautas\/2017\/anexo_pauta_207_19_09_172.pdf\" target=\"_blank\" rel=\"noreferrer noopener\">Anexo 2 da Pauta da Reuni\u00e3o n\u00ba 207<\/a>&nbsp;(extrapauta)<\/p>\n\n\n\n<p><a rel=\"noreferrer noopener\" href=\"https:\/\/sites.uel.br\/prograd\/wp-content\/uploads\/camara_graduacao\/pautas\/2017\/anexo_pauta_207_19_09_173.pdf\" target=\"_blank\">Anexo 3 da Pauta da Reuni\u00e3o n\u00ba 207<\/a>&nbsp;(extrapauta)<\/p>\n<\/div><\/details>\n\n\n\n<details class=\"wp-block-themeisle-blocks-accordion-item\"><summary class=\"wp-block-themeisle-blocks-accordion-item__title\"><div><a rel=\"noreferrer noopener\" href=\"https:\/\/sites.uel.br\/prograd\/wp-content\/uploads\/camara_graduacao\/pautas\/2017\/pauta_206_22_08_17.pdf\" target=\"_blank\"><strong>Pauta da Reuni\u00e3o n\u00ba 206<\/strong><\/a><strong> (dia 22\/08\/17)<\/strong><\/div><\/summary><div class=\"wp-block-themeisle-blocks-accordion-item__content\">\n<p><a rel=\"noreferrer noopener\" href=\"https:\/\/sites.uel.br\/prograd\/wp-content\/uploads\/camara_graduacao\/pautas\/2017\/anexo_pauta_206_22_08_17.pdf\" target=\"_blank\">Anexo da Pauta da Reuni\u00e3o n\u00ba 206<\/a>&nbsp;(folhas 01 a 186)<\/p>\n\n\n\n<p><a rel=\"noreferrer noopener\" href=\"https:\/\/sites.uel.br\/prograd\/wp-content\/uploads\/camara_graduacao\/pautas\/2017\/anexo_pauta_206_22_08_171.pdf\" target=\"_blank\">Anexo 1 da Pauta da Reuni\u00e3o n\u00ba 206<\/a>&nbsp;(extrapauta)<\/p>\n<\/div><\/details>\n\n\n\n<details class=\"wp-block-themeisle-blocks-accordion-item\"><summary class=\"wp-block-themeisle-blocks-accordion-item__title\"><div><a rel=\"noreferrer noopener\" href=\"https:\/\/sites.uel.br\/prograd\/wp-content\/uploads\/camara_graduacao\/pautas\/2017\/pauta_205_18_07_17.pdf\" target=\"_blank\"><strong>Pauta da Reuni\u00e3o n\u00ba 205<\/strong><\/a><strong> (dia 18\/07\/17)<\/strong><\/div><\/summary><div class=\"wp-block-themeisle-blocks-accordion-item__content\">\n<p><a rel=\"noreferrer noopener\" href=\"https:\/\/sites.uel.br\/prograd\/wp-content\/uploads\/camara_graduacao\/pautas\/2017\/anexo_pauta_205_18_07_17.pdf\" target=\"_blank\">Anexo da Pauta da Reuni\u00e3o n\u00ba 205<\/a> (folhas 01 a 243)<\/p>\n<\/div><\/details>\n\n\n\n<details class=\"wp-block-themeisle-blocks-accordion-item\"><summary class=\"wp-block-themeisle-blocks-accordion-item__title\"><div><a rel=\"noreferrer noopener\" href=\"https:\/\/sites.uel.br\/prograd\/wp-content\/uploads\/camara_graduacao\/pautas\/2017\/pauta_204_21_06_17.pdf\" target=\"_blank\"><strong>Pauta da Reuni\u00e3o n\u00ba 204<\/strong><\/a><strong> (dia 21\/06\/17)<\/strong><\/div><\/summary><div class=\"wp-block-themeisle-blocks-accordion-item__content\">\n<p><a rel=\"noreferrer noopener\" href=\"https:\/\/sites.uel.br\/prograd\/wp-content\/uploads\/camara_graduacao\/pautas\/2017\/anexo_pauta_204_21_06_17.pdf\" target=\"_blank\">Anexo da Pauta da Reuni\u00e3o n\u00ba 204<\/a>&nbsp;(folhas 01 a 564)<\/p>\n\n\n\n<p><a rel=\"noreferrer noopener\" href=\"https:\/\/sites.uel.br\/prograd\/wp-content\/uploads\/camara_graduacao\/pautas\/2017\/anexo_pauta_204_21_06_171.pdf\" target=\"_blank\">Anexo 1 da Pauta da Reuni\u00e3o n\u00ba 204<\/a>&nbsp;(extrapauta)<\/p>\n<\/div><\/details>\n\n\n\n<details class=\"wp-block-themeisle-blocks-accordion-item\"><summary class=\"wp-block-themeisle-blocks-accordion-item__title\"><div><a rel=\"noreferrer noopener\" href=\"https:\/\/sites.uel.br\/prograd\/wp-content\/uploads\/camara_graduacao\/pautas\/2017\/pauta_203_18_04_17.pdf\" target=\"_blank\"><strong>Pauta da Reuni\u00e3o n\u00ba 203<\/strong><\/a><strong> (dia 18\/04\/17)<\/strong><\/div><\/summary><div class=\"wp-block-themeisle-blocks-accordion-item__content\">\n<p><a rel=\"noreferrer noopener\" href=\"https:\/\/sites.uel.br\/prograd\/wp-content\/uploads\/camara_graduacao\/pautas\/2017\/anexo_pauta_203_18_04_17.pdf\" target=\"_blank\">Anexo da Pauta da Reuni\u00e3o n\u00ba 203<\/a> (folhas 01 a 311)<\/p>\n<\/div><\/details>\n\n\n\n<details class=\"wp-block-themeisle-blocks-accordion-item\"><summary class=\"wp-block-themeisle-blocks-accordion-item__title\"><div><a rel=\"noreferrer noopener\" href=\"https:\/\/sites.uel.br\/prograd\/wp-content\/uploads\/camara_graduacao\/pautas\/2017\/pauta_202_06_04_17.pdf\" target=\"_blank\"><strong>Pauta da Reuni\u00e3o n\u00ba 202<\/strong><\/a><strong> (dia 06\/04\/17)<\/strong><\/div><\/summary><div class=\"wp-block-themeisle-blocks-accordion-item__content\">\n<p><a rel=\"noreferrer noopener\" href=\"https:\/\/sites.uel.br\/prograd\/wp-content\/uploads\/camara_graduacao\/pautas\/2017\/anexo_pauta_202_06_04_17.pdf\" target=\"_blank\">Anexo da Pauta da Reuni\u00e3o n\u00ba 202<\/a> (folhas 01 a 13)<\/p>\n<\/div><\/details>\n\n\n\n<details class=\"wp-block-themeisle-blocks-accordion-item\"><summary class=\"wp-block-themeisle-blocks-accordion-item__title\"><div><a rel=\"noreferrer noopener\" href=\"https:\/\/sites.uel.br\/prograd\/wp-content\/uploads\/camara_graduacao\/pautas\/2017\/pauta_201_21_03_17.pdf\" target=\"_blank\"><strong>Pauta da Reuni\u00e3o n\u00ba 201<\/strong><\/a><strong> (dia 21\/03\/17)<\/strong><\/div><\/summary><div class=\"wp-block-themeisle-blocks-accordion-item__content\">\n<p><a rel=\"noreferrer noopener\" href=\"https:\/\/sites.uel.br\/prograd\/wp-content\/uploads\/camara_graduacao\/pautas\/2017\/anexo_pauta_201_21_03_17.pdf\" target=\"_blank\">Anexo da Pauta da Reuni\u00e3o n\u00ba 201<\/a> (folhas 01 a 170)<\/p>\n<\/div><\/details>\n\n\n\n<details class=\"wp-block-themeisle-blocks-accordion-item\"><summary class=\"wp-block-themeisle-blocks-accordion-item__title\"><div><a rel=\"noreferrer noopener\" href=\"https:\/\/sites.uel.br\/prograd\/wp-content\/uploads\/camara_graduacao\/pautas\/2017\/pauta_200_21_02_17.pdf\" target=\"_blank\"><strong>Pauta da Reuni\u00e3o n\u00ba 200<\/strong><\/a><strong> (dia 21\/02\/17)<\/strong><\/div><\/summary><div class=\"wp-block-themeisle-blocks-accordion-item__content\">\n<p><a rel=\"noreferrer noopener\" href=\"https:\/\/sites.uel.br\/prograd\/wp-content\/uploads\/camara_graduacao\/pautas\/2017\/anexo_pauta_200_21_02_17.pdf\" target=\"_blank\">Anexo da Pauta da Reuni\u00e3o n\u00ba 200<\/a>&nbsp;(folhas 01 a 101)<\/p>\n\n\n\n<p><a href=\"https:\/\/sites.uel.br\/prograd\/wp-content\/uploads\/camara_graduacao\/pautas\/2017\/anexo_pauta_200_21_02_171.pdf\" target=\"_blank\" rel=\"noreferrer noopener\">Anexo 1 da Pauta da Reuni\u00e3o n\u00ba 200<\/a>&nbsp;(folhas 01 a 11)<\/p>\n<\/div><\/details>\n\n\n\n<details class=\"wp-block-themeisle-blocks-accordion-item\"><summary class=\"wp-block-themeisle-blocks-accordion-item__title\"><div><a rel=\"noreferrer noopener\" href=\"https:\/\/sites.uel.br\/prograd\/wp-content\/uploads\/camara_graduacao\/pautas\/2017\/pauta_199_07_02_17.pdf\" target=\"_blank\"><strong>Pauta da Reuni\u00e3o n\u00ba 199<\/strong><\/a><strong> (dia 07\/02\/17)<\/strong><\/div><\/summary><div class=\"wp-block-themeisle-blocks-accordion-item__content\">\n<p><a rel=\"noreferrer noopener\" href=\"https:\/\/sites.uel.br\/prograd\/wp-content\/uploads\/camara_graduacao\/pautas\/2017\/anexo_pauta_199_07_02_17.pdf\" target=\"_blank\">Anexo da Pauta da Reuni\u00e3o n\u00ba 199<\/a> (folhas 01 a 137)<\/p>\n<\/div><\/details>\n<\/div>\n","protected":false},"excerpt":{"rendered":"<p>Pautas de Reuni\u00f5es da C\u00e2mara de Gradua\u00e7\u00e3o Anos Anteriores 2017<\/p>\n","protected":false},"author":8,"featured_media":0,"parent":0,"menu_order":0,"comment_status":"closed","ping_status":"closed","template":"","meta":{"_acf_changed":false,"_themeisle_gutenberg_block_has_review":false,"footnotes":""},"class_list":["post-3302","page","type-page","status-publish","hentry"],"acf":[],"_links":{"self":[{"href":"https:\/\/sites.uel.br\/prograd\/wp-json\/wp\/v2\/pages\/3302","targetHints":{"allow":["GET"]}}],"collection":[{"href":"https:\/\/sites.uel.br\/prograd\/wp-json\/wp\/v2\/pages"}],"about":[{"href":"https:\/\/sites.uel.br\/prograd\/wp-json\/wp\/v2\/types\/page"}],"author":[{"embeddable":true,"href":"https:\/\/sites.uel.br\/prograd\/wp-json\/wp\/v2\/users\/8"}],"replies":[{"embeddable":true,"href":"https:\/\/sites.uel.br\/prograd\/wp-json\/wp\/v2\/comments?post=3302"}],"version-history":[{"count":13,"href":"https:\/\/sites.uel.br\/prograd\/wp-json\/wp\/v2\/pages\/3302\/revisions"}],"predecessor-version":[{"id":30132,"href":"https:\/\/sites.uel.br\/prograd\/wp-json\/wp\/v2\/pages\/3302\/revisions\/30132"}],"wp:attachment":[{"href":"https:\/\/sites.uel.br\/prograd\/wp-json\/wp\/v2\/media?parent=3302"}],"curies":[{"name":"wp","href":"https:\/\/api.w.org\/{rel}","templated":true}]}}