{"id":3292,"date":"2023-04-12T14:41:10","date_gmt":"2023-04-12T17:41:10","guid":{"rendered":"https:\/\/sites.uel.br\/prograd\/?page_id=3292"},"modified":"2025-02-04T14:15:22","modified_gmt":"2025-02-04T17:15:22","slug":"camara-de-graduacao-calendario-das-reunioes-da-camara-de-graduacao-anos-anteriores","status":"publish","type":"page","link":"https:\/\/sites.uel.br\/prograd\/camara-de-graduacao-calendario-das-reunioes-da-camara-de-graduacao-anos-anteriores\/","title":{"rendered":"C\u00e2mara de Gradua\u00e7\u00e3o"},"content":{"rendered":"\n<hr class=\"wp-block-separator has-alpha-channel-opacity is-style-wide\"\/>\n\n\n\n<h2 class=\"wp-block-heading\"><strong><strong>Calend\u00e1rio das Reuni\u00f5es da C\u00e2mara de Gradua\u00e7\u00e3o<\/strong><\/strong><\/h2>\n\n\n\n<h3 class=\"wp-block-heading\">Anos Anteriores<\/h3>\n\n\n\n<figure class=\"wp-block-table is-style-stripes\"><table class=\"has-cinza-claro-background-color has-background\"><tbody><tr><td class=\"has-text-align-center\" data-align=\"center\"><a href=\"http:\/\/www.uel.br\/prograd\/?content=documentos\/resolucoes\/2023\/resolucoes.html\"><\/a><strong><strong><a href=\"http:\/\/www.uel.br\/prograd\/?content=documentos\/deliberacoes\/2023\/deliberacoes.html\"><\/a><strong><a href=\"http:\/\/www.uel.br\/prograd\/?content=documentos\/editais\/2021\/editais.html\"><\/a><strong><a href=\"https:\/\/sites.uel.br\/prograd\/wp-content\/uploads\/camara_graduacao\/docs\/calendario_reunioes_2024_2.pdf\" target=\"_blank\" rel=\"noreferrer noopener\">2024-2<\/a><\/strong><\/strong><\/strong><\/strong><\/td><\/tr><\/tbody><\/table><\/figure>\n\n\n\n<figure class=\"wp-block-table is-style-stripes\"><table class=\"has-cinza-claro-background-color has-background\"><tbody><tr><td class=\"has-text-align-center\" data-align=\"center\"><a href=\"http:\/\/www.uel.br\/prograd\/?content=documentos\/resolucoes\/2023\/resolucoes.html\"><\/a><strong><strong><a href=\"http:\/\/www.uel.br\/prograd\/?content=documentos\/deliberacoes\/2023\/deliberacoes.html\"><\/a><strong><a href=\"http:\/\/www.uel.br\/prograd\/?content=documentos\/editais\/2021\/editais.html\"><\/a><strong><a href=\"https:\/\/sites.uel.br\/prograd\/wp-content\/uploads\/camara_graduacao\/docs\/calendario_reunioes_2024_1.pdf\" target=\"_blank\" rel=\"noreferrer noopener\">2024-1<\/a><\/strong><\/strong><\/strong><\/strong><\/td><\/tr><\/tbody><\/table><\/figure>\n\n\n\n<figure class=\"wp-block-table is-style-stripes\"><table class=\"has-cinza-claro-background-color has-background\"><tbody><tr><td class=\"has-text-align-center\" data-align=\"center\"><a href=\"http:\/\/www.uel.br\/prograd\/?content=documentos\/resolucoes\/2023\/resolucoes.html\"><\/a><strong><strong><a href=\"http:\/\/www.uel.br\/prograd\/?content=documentos\/deliberacoes\/2023\/deliberacoes.html\"><\/a><strong><a href=\"http:\/\/www.uel.br\/prograd\/?content=documentos\/editais\/2021\/editais.html\"><\/a><strong><a href=\"https:\/\/sites.uel.br\/prograd\/wp-content\/uploads\/camara_graduacao\/docs\/calendario_reunioes_2023_2.pdf\" target=\"_blank\" rel=\"noreferrer noopener\">2023-2<\/a><\/strong><\/strong><\/strong><\/strong><\/td><\/tr><\/tbody><\/table><\/figure>\n\n\n\n<figure class=\"wp-block-table is-style-stripes\"><table class=\"has-cinza-claro-background-color has-background\"><tbody><tr><td class=\"has-text-align-center\" data-align=\"center\"><a href=\"http:\/\/www.uel.br\/prograd\/?content=documentos\/resolucoes\/2023\/resolucoes.html\"><\/a><strong><strong><a href=\"http:\/\/www.uel.br\/prograd\/?content=documentos\/deliberacoes\/2023\/deliberacoes.html\"><\/a><strong><a href=\"http:\/\/www.uel.br\/prograd\/?content=documentos\/editais\/2021\/editais.html\"><\/a><strong><a href=\"https:\/\/sites.uel.br\/prograd\/wp-content\/uploads\/camara_graduacao\/docs\/calendario_reunioes_2023_1.pdf\" target=\"_blank\" rel=\"noreferrer noopener\">2023-1<\/a><\/strong><\/strong><\/strong><\/strong><\/td><\/tr><\/tbody><\/table><\/figure>\n\n\n\n<figure class=\"wp-block-table is-style-stripes\"><table class=\"has-cinza-claro-background-color has-background\"><tbody><tr><td class=\"has-text-align-center\" data-align=\"center\"><a href=\"http:\/\/www.uel.br\/prograd\/?content=documentos\/resolucoes\/2023\/resolucoes.html\"><\/a><strong><strong><a href=\"http:\/\/www.uel.br\/prograd\/?content=documentos\/deliberacoes\/2023\/deliberacoes.html\"><\/a><strong><a href=\"http:\/\/www.uel.br\/prograd\/?content=documentos\/editais\/2021\/editais.html\"><\/a><strong><a href=\"https:\/\/sites.uel.br\/prograd\/wp-content\/uploads\/camara_graduacao\/docs\/calendario_reunioes_2022_2.pdf\" target=\"_blank\" rel=\"noreferrer noopener\">2022-2<\/a><\/strong><\/strong><\/strong><\/strong><\/td><\/tr><\/tbody><\/table><\/figure>\n\n\n\n<figure class=\"wp-block-table is-style-stripes\"><table class=\"has-cinza-claro-background-color has-background\"><tbody><tr><td class=\"has-text-align-center\" data-align=\"center\"><a href=\"http:\/\/www.uel.br\/prograd\/?content=documentos\/resolucoes\/2023\/resolucoes.html\"><\/a><strong><strong><a href=\"http:\/\/www.uel.br\/prograd\/?content=documentos\/deliberacoes\/2023\/deliberacoes.html\"><\/a><strong><a href=\"http:\/\/www.uel.br\/prograd\/?content=documentos\/editais\/2021\/editais.html\"><\/a><strong><a href=\"https:\/\/sites.uel.br\/prograd\/wp-content\/uploads\/camara_graduacao\/docs\/calendario_reunioes_2022_1.pdf\" target=\"_blank\" rel=\"noreferrer noopener\">2022-1<\/a><\/strong><\/strong><\/strong><\/strong><\/td><\/tr><\/tbody><\/table><\/figure>\n\n\n\n<figure class=\"wp-block-table is-style-stripes\"><table class=\"has-cinza-claro-background-color has-background\"><tbody><tr><td class=\"has-text-align-center\" data-align=\"center\"><a href=\"http:\/\/www.uel.br\/prograd\/?content=documentos\/resolucoes\/2023\/resolucoes.html\"><\/a><strong><strong><a href=\"http:\/\/www.uel.br\/prograd\/?content=documentos\/deliberacoes\/2023\/deliberacoes.html\"><\/a><strong><a href=\"https:\/\/sites.uel.br\/prograd\/wp-content\/uploads\/camara_graduacao\/docs\/calendario_reunioes_2021_2.pdf\" target=\"_blank\" rel=\"noreferrer noopener\">2021-2<\/a><\/strong><\/strong><\/strong><\/td><\/tr><\/tbody><\/table><\/figure>\n\n\n\n<figure class=\"wp-block-table is-style-stripes\"><table class=\"has-cinza-claro-background-color has-background\"><tbody><tr><td class=\"has-text-align-center\" data-align=\"center\"><a href=\"http:\/\/www.uel.br\/prograd\/?content=documentos\/resolucoes\/2023\/resolucoes.html\"><\/a><strong><strong><a href=\"http:\/\/www.uel.br\/prograd\/?content=documentos\/deliberacoes\/2023\/deliberacoes.html\"><\/a><strong><a href=\"https:\/\/sites.uel.br\/prograd\/wp-content\/uploads\/camara_graduacao\/docs\/calendario_reunioes_2021_1.pdf\" target=\"_blank\" rel=\"noreferrer noopener\">2021-1<\/a><\/strong><\/strong><\/strong><\/td><\/tr><\/tbody><\/table><\/figure>\n\n\n\n<figure class=\"wp-block-table is-style-stripes\"><table class=\"has-cinza-claro-background-color has-background\"><tbody><tr><td class=\"has-text-align-center\" data-align=\"center\"><a href=\"http:\/\/www.uel.br\/prograd\/?content=documentos\/resolucoes\/2023\/resolucoes.html\"><\/a><strong><strong><a href=\"http:\/\/www.uel.br\/prograd\/?content=documentos\/deliberacoes\/2023\/deliberacoes.html\"><\/a><strong><a href=\"https:\/\/sites.uel.br\/prograd\/wp-content\/uploads\/camara_graduacao\/docs\/calendario_reunioes_2020.pdf\" target=\"_blank\" rel=\"noreferrer noopener\">2020<\/a><\/strong><\/strong><\/strong><\/td><\/tr><\/tbody><\/table><\/figure>\n\n\n\n<figure class=\"wp-block-table is-style-stripes\"><table class=\"has-cinza-claro-background-color has-background\"><tbody><tr><td class=\"has-text-align-center\" data-align=\"center\"><a href=\"http:\/\/www.uel.br\/prograd\/?content=documentos\/resolucoes\/2023\/resolucoes.html\"><\/a><strong><strong><a href=\"http:\/\/www.uel.br\/prograd\/?content=documentos\/deliberacoes\/2023\/deliberacoes.html\"><\/a><strong><a href=\"https:\/\/sites.uel.br\/prograd\/wp-content\/uploads\/camara_graduacao\/docs\/calendario_reunioes_2019.pdf\" target=\"_blank\" rel=\"noreferrer noopener\">2019<\/a><\/strong><\/strong><\/strong><\/td><\/tr><\/tbody><\/table><\/figure>\n\n\n\n<figure class=\"wp-block-table is-style-stripes\"><table class=\"has-cinza-claro-background-color has-background\"><tbody><tr><td class=\"has-text-align-center\" data-align=\"center\"><a href=\"http:\/\/www.uel.br\/prograd\/?content=documentos\/resolucoes\/2023\/resolucoes.html\"><\/a><strong><strong><a href=\"http:\/\/www.uel.br\/prograd\/?content=documentos\/deliberacoes\/2023\/deliberacoes.html\"><\/a><strong><a href=\"https:\/\/sites.uel.br\/prograd\/wp-content\/uploads\/camara_graduacao\/docs\/calendario_reunioes_2018.pdf\" target=\"_blank\" rel=\"noreferrer noopener\">2018<\/a><\/strong><\/strong><\/strong><\/td><\/tr><\/tbody><\/table><\/figure>\n\n\n\n<figure class=\"wp-block-table is-style-stripes\"><table class=\"has-cinza-claro-background-color has-background\"><tbody><tr><td class=\"has-text-align-center\" data-align=\"center\"><a href=\"http:\/\/www.uel.br\/prograd\/?content=documentos\/resolucoes\/2023\/resolucoes.html\"><\/a><strong><strong><a href=\"http:\/\/www.uel.br\/prograd\/?content=documentos\/deliberacoes\/2023\/deliberacoes.html\"><\/a><strong><a href=\"https:\/\/sites.uel.br\/prograd\/wp-content\/uploads\/camara_graduacao\/docs\/calendario_reunioes_2017.pdf\" target=\"_blank\" rel=\"noreferrer noopener\">2017<\/a><\/strong><\/strong><\/strong><\/td><\/tr><\/tbody><\/table><\/figure>\n\n\n\n<figure class=\"wp-block-table is-style-stripes\"><table class=\"has-cinza-claro-background-color has-background\"><tbody><tr><td class=\"has-text-align-center\" data-align=\"center\"><a href=\"http:\/\/www.uel.br\/prograd\/?content=documentos\/resolucoes\/2023\/resolucoes.html\"><\/a><strong><strong><a href=\"http:\/\/www.uel.br\/prograd\/?content=documentos\/deliberacoes\/2023\/deliberacoes.html\"><\/a><strong><a href=\"https:\/\/sites.uel.br\/prograd\/wp-content\/uploads\/camara_graduacao\/calendario_reunioes_2016.pdf\" target=\"_blank\" rel=\"noreferrer noopener\">2016<\/a><\/strong><\/strong><\/strong><\/td><\/tr><\/tbody><\/table><\/figure>\n\n\n\n<figure class=\"wp-block-table is-style-stripes\"><table class=\"has-cinza-claro-background-color has-background\"><tbody><tr><td class=\"has-text-align-center\" data-align=\"center\"><a href=\"http:\/\/www.uel.br\/prograd\/?content=documentos\/resolucoes\/2023\/resolucoes.html\"><\/a><strong><strong><a href=\"http:\/\/www.uel.br\/prograd\/?content=documentos\/deliberacoes\/2023\/deliberacoes.html\"><\/a><strong><a href=\"https:\/\/sites.uel.br\/prograd\/wp-content\/uploads\/camara_graduacao\/calendario_reunioes_2015.pdf\" target=\"_blank\" rel=\"noreferrer noopener\">2015<\/a><\/strong><\/strong><\/strong><\/td><\/tr><\/tbody><\/table><\/figure>\n\n\n\n<figure class=\"wp-block-table is-style-stripes\"><table class=\"has-cinza-claro-background-color has-background\"><tbody><tr><td class=\"has-text-align-center\" data-align=\"center\"><a href=\"http:\/\/www.uel.br\/prograd\/?content=documentos\/resolucoes\/2023\/resolucoes.html\"><\/a><strong><strong><a href=\"http:\/\/www.uel.br\/prograd\/?content=documentos\/deliberacoes\/2023\/deliberacoes.html\"><\/a><strong><a href=\"https:\/\/sites.uel.br\/prograd\/wp-content\/uploads\/camara_graduacao\/calendario_reunioes_2014.pdf\" target=\"_blank\" rel=\"noreferrer noopener\">2014<\/a><\/strong><\/strong><\/strong><\/td><\/tr><\/tbody><\/table><\/figure>\n\n\n\n<figure class=\"wp-block-table is-style-stripes\"><table class=\"has-cinza-claro-background-color has-background\"><tbody><tr><td class=\"has-text-align-center\" data-align=\"center\"><a href=\"http:\/\/www.uel.br\/prograd\/?content=documentos\/resolucoes\/2023\/resolucoes.html\"><\/a><strong><strong><a href=\"http:\/\/www.uel.br\/prograd\/?content=documentos\/deliberacoes\/2023\/deliberacoes.html\"><\/a><strong><a href=\"https:\/\/sites.uel.br\/prograd\/wp-content\/uploads\/camara_graduacao\/calendario_reunioes_2013.pdf\" target=\"_blank\" rel=\"noreferrer noopener\">2013<\/a><\/strong><\/strong><\/strong><\/td><\/tr><\/tbody><\/table><\/figure>\n\n\n\n<figure class=\"wp-block-table is-style-stripes\"><table class=\"has-cinza-claro-background-color has-background\"><tbody><tr><td class=\"has-text-align-center\" data-align=\"center\"><a href=\"http:\/\/www.uel.br\/prograd\/?content=documentos\/resolucoes\/2023\/resolucoes.html\"><\/a><strong><strong><a href=\"http:\/\/www.uel.br\/prograd\/?content=documentos\/deliberacoes\/2023\/deliberacoes.html\"><\/a><strong><a href=\"https:\/\/sites.uel.br\/prograd\/wp-content\/uploads\/camara_graduacao\/calendario_reunioes_2012.pdf\" target=\"_blank\" rel=\"noreferrer noopener\">2012<\/a><\/strong><\/strong><\/strong><\/td><\/tr><\/tbody><\/table><\/figure>\n\n\n\n<figure class=\"wp-block-table is-style-stripes\"><table class=\"has-cinza-claro-background-color has-background\"><tbody><tr><td class=\"has-text-align-center\" data-align=\"center\"><a href=\"http:\/\/www.uel.br\/prograd\/?content=documentos\/resolucoes\/2023\/resolucoes.html\"><\/a><strong><strong><a href=\"http:\/\/www.uel.br\/prograd\/?content=documentos\/deliberacoes\/2023\/deliberacoes.html\"><\/a><strong><a href=\"https:\/\/sites.uel.br\/prograd\/wp-content\/uploads\/camara_graduacao\/calendario_reunioes_2011.pdf\" target=\"_blank\" rel=\"noreferrer noopener\">2011<\/a><\/strong><\/strong><\/strong><\/td><\/tr><\/tbody><\/table><\/figure>\n\n\n\n<figure class=\"wp-block-table is-style-stripes\"><table class=\"has-cinza-claro-background-color has-background\"><tbody><tr><td class=\"has-text-align-center\" data-align=\"center\"><a href=\"http:\/\/www.uel.br\/prograd\/?content=documentos\/resolucoes\/2023\/resolucoes.html\"><\/a><strong><strong><a href=\"http:\/\/www.uel.br\/prograd\/?content=documentos\/deliberacoes\/2023\/deliberacoes.html\"><\/a><strong><a href=\"https:\/\/sites.uel.br\/prograd\/wp-content\/uploads\/camara_graduacao\/calendario_reunioes_2010.pdf\" target=\"_blank\" rel=\"noreferrer noopener\">2010<\/a><\/strong><\/strong><\/strong><\/td><\/tr><\/tbody><\/table><\/figure>\n\n\n\n<figure class=\"wp-block-table is-style-stripes\"><table class=\"has-cinza-claro-background-color has-background\"><tbody><tr><td class=\"has-text-align-center\" data-align=\"center\"><a href=\"http:\/\/www.uel.br\/prograd\/?content=documentos\/resolucoes\/2023\/resolucoes.html\"><\/a><strong><strong><a href=\"http:\/\/www.uel.br\/prograd\/?content=documentos\/deliberacoes\/2023\/deliberacoes.html\"><\/a><strong><a href=\"https:\/\/sites.uel.br\/prograd\/wp-content\/uploads\/camara_graduacao\/calendario_reunioes_2009.pdf\" target=\"_blank\" rel=\"noreferrer noopener\">2009<\/a><\/strong><\/strong><\/strong><\/td><\/tr><\/tbody><\/table><\/figure>\n\n\n\n<figure class=\"wp-block-table is-style-stripes\"><table class=\"has-cinza-claro-background-color has-background\"><tbody><tr><td class=\"has-text-align-center\" data-align=\"center\"><a href=\"http:\/\/www.uel.br\/prograd\/?content=documentos\/resolucoes\/2023\/resolucoes.html\"><\/a><strong><strong><a href=\"http:\/\/www.uel.br\/prograd\/?content=documentos\/deliberacoes\/2023\/deliberacoes.html\"><\/a><\/strong><\/strong><a href=\"https:\/\/sites.uel.br\/prograd\/wp-content\/uploads\/camara_graduacao\/Calendario_reunioes_2008.pdf\" target=\"_blank\" rel=\"noreferrer noopener\"><strong><strong><strong>2008<\/strong><\/strong><\/strong> <\/a><\/td><\/tr><\/tbody><\/table><\/figure>\n\n\n\n<figure class=\"wp-block-table is-style-stripes\"><table class=\"has-cinza-claro-background-color has-background\"><tbody><tr><td class=\"has-text-align-center\" data-align=\"center\"><a href=\"http:\/\/www.uel.br\/prograd\/?content=documentos\/resolucoes\/2023\/resolucoes.html\"><\/a><strong><a href=\"https:\/\/sites.uel.br\/prograd\/wp-content\/uploads\/camara_graduacao\/Calendario_reunioes_2007.pdf\" target=\"_blank\" rel=\"noreferrer noopener\">2007<\/a><\/strong><\/td><\/tr><\/tbody><\/table><\/figure>\n","protected":false},"excerpt":{"rendered":"<p>Calend\u00e1rio das Reuni\u00f5es da C\u00e2mara de Gradua\u00e7\u00e3o Anos Anteriores 2024-2 2024-1 2023-2 2023-1 2022-2 2022-1 2021-2 2021-1 2020 2019 2018 2017 2016 2015 2014 2013 2012 2011 2010 2009 2008 2007<\/p>\n","protected":false},"author":8,"featured_media":0,"parent":0,"menu_order":0,"comment_status":"closed","ping_status":"closed","template":"","meta":{"_acf_changed":false,"_themeisle_gutenberg_block_has_review":false,"footnotes":""},"class_list":["post-3292","page","type-page","status-publish","hentry"],"acf":[],"_links":{"self":[{"href":"https:\/\/sites.uel.br\/prograd\/wp-json\/wp\/v2\/pages\/3292","targetHints":{"allow":["GET"]}}],"collection":[{"href":"https:\/\/sites.uel.br\/prograd\/wp-json\/wp\/v2\/pages"}],"about":[{"href":"https:\/\/sites.uel.br\/prograd\/wp-json\/wp\/v2\/types\/page"}],"author":[{"embeddable":true,"href":"https:\/\/sites.uel.br\/prograd\/wp-json\/wp\/v2\/users\/8"}],"replies":[{"embeddable":true,"href":"https:\/\/sites.uel.br\/prograd\/wp-json\/wp\/v2\/comments?post=3292"}],"version-history":[{"count":24,"href":"https:\/\/sites.uel.br\/prograd\/wp-json\/wp\/v2\/pages\/3292\/revisions"}],"predecessor-version":[{"id":33519,"href":"https:\/\/sites.uel.br\/prograd\/wp-json\/wp\/v2\/pages\/3292\/revisions\/33519"}],"wp:attachment":[{"href":"https:\/\/sites.uel.br\/prograd\/wp-json\/wp\/v2\/media?parent=3292"}],"curies":[{"name":"wp","href":"https:\/\/api.w.org\/{rel}","templated":true}]}}