{"id":32879,"date":"2024-10-18T11:39:19","date_gmt":"2024-10-18T14:39:19","guid":{"rendered":"https:\/\/sites.uel.br\/prograd\/?page_id=32879"},"modified":"2025-11-27T12:53:34","modified_gmt":"2025-11-27T15:53:34","slug":"guia-academico-ligas-academicas","status":"publish","type":"page","link":"https:\/\/sites.uel.br\/prograd\/guia-academico-ligas-academicas\/","title":{"rendered":"Guia Acad\u00eamico"},"content":{"rendered":"\n<hr class=\"wp-block-separator has-alpha-channel-opacity is-style-wide\"\/>\n\n\n<div class=\"wp-block-image\">\n<figure class=\"aligncenter size-full\"><a href=\"https:\/\/sites.uel.br\/prograd\/guia-academico\/\"><img loading=\"lazy\" decoding=\"async\" width=\"557\" height=\"154\" src=\"https:\/\/sites.uel.br\/prograd\/wp-content\/uploads\/2023\/02\/cab_guia_academico-1.jpg\" alt=\"\" class=\"wp-image-1635\" srcset=\"https:\/\/sites.uel.br\/prograd\/wp-content\/uploads\/2023\/02\/cab_guia_academico-1.jpg 557w, https:\/\/sites.uel.br\/prograd\/wp-content\/uploads\/2023\/02\/cab_guia_academico-1-300x83.jpg 300w\" sizes=\"auto, (max-width: 557px) 100vw, 557px\" \/><\/a><\/figure>\n<\/div>\n\n\n<h2 class=\"wp-block-heading\">Liga Acad\u00eamica<\/h2>\n\n\n\n<p><a href=\"https:\/\/www.instagram.com\/laac_uel\/\" target=\"_blank\" rel=\"noreferrer noopener\">Liga Acad\u00eamica de An\u00e1lise do Comportamento &#8211; LAAC<\/a><\/p>\n\n\n\n<p><a href=\"https:\/\/www.instagram.com\/lacarduel\/\" target=\"_blank\" rel=\"noreferrer noopener\">Liga Acad\u00eamica de Cardiologia &#8211; LACard<\/a><\/p>\n\n\n\n<p><a href=\"https:\/\/www.instagram.com\/laccuel\/\" target=\"_blank\" rel=\"noreferrer noopener\">Liga Acad\u00eamica de Cl\u00ednica Cir\u00fargica &#8211; LACC<\/a><\/p>\n\n\n\n<p><a href=\"https:\/\/www.instagram.com\/lacmuel\/\" target=\"_blank\" rel=\"noreferrer noopener\">Liga Acad\u00eamica de Cl\u00ednica M\u00e9dica &#8211; LACM<\/a><\/p>\n\n\n\n<p><a href=\"https:\/\/www.instagram.com\/ladc.uel\/\" target=\"_blank\" rel=\"noreferrer noopener\">Liga Acad\u00eamica de Direito Constitucional da UEL<\/a><\/p>\n\n\n\n<p><a href=\"https:\/\/www.instagram.com\/laeciuel\/\" target=\"_blank\" rel=\"noreferrer noopener\">Liga Acad\u00eamica de Enfermagem em Cuidados Intensivos &#8211; LAECI<\/a><\/p>\n\n\n\n<p><a href=\"https:\/\/www.instagram.com\/laeciuel\/\" target=\"_blank\" rel=\"noreferrer noopener\">Liga Acad\u00eamica de Enfermagem em Cuidados Intensivos &#8211; LAECI<\/a><\/p>\n\n\n\n<p><a href=\"https:\/\/www.instagram.com\/laepuel\/\" target=\"_blank\" rel=\"noreferrer noopener\">Liga Acad\u00eamica de Enfermagem Perioperat\u00f3ria &#8211; LAEP<\/a><\/p>\n\n\n\n<p><a href=\"https:\/\/www.instagram.com\/lafespuel\/\" target=\"_blank\" rel=\"noreferrer noopener\">Liga Acad\u00eamica de Fisioterapia Esportiva &#8211; LAFESP<\/a><\/p>\n\n\n\n<p><a href=\"https:\/\/www.instagram.com\/lagg_uel\/\">Liga Acad\u00eamica de Geriatria e Gerontologia &#8211; LAGG<\/a><\/p>\n\n\n\n<p><a href=\"https:\/\/www.instagram.com\/lai.uel\/\" target=\"_blank\" rel=\"noreferrer noopener\">Liga Acad\u00eamica de Infectologia &#8211; LAI<\/a><\/p>\n\n\n\n<p><a href=\"https:\/\/www.instagram.com\/lai.uel\/\" target=\"_blank\" rel=\"noreferrer noopener\">Liga Acad\u00eamica de Infectologia &#8211; LAI<\/a><\/p>\n\n\n\n<p><a href=\"https:\/\/www.instagram.com\/ligadeneurologiauel\/\" target=\"_blank\" rel=\"noreferrer noopener\">Liga Acad\u00eamica de Neurologia &#8211; LANE<\/a><\/p>\n\n\n\n<p><a href=\"https:\/\/www.instagram.com\/laonc_uel\/\" target=\"_blank\" rel=\"noreferrer noopener\">Liga Acad\u00eamica de Oncologia &#8211; LAOnc<\/a><\/p>\n\n\n\n<p><a href=\"https:\/\/www.instagram.com\/lapeduel\/\" target=\"_blank\" rel=\"noreferrer noopener\">Liga Acad\u00eamica de Pediatria &#8211; LAPED<\/a><\/p>\n\n\n\n<p><a href=\"https:\/\/sites.uel.br\/ligapsicanalise\" target=\"_blank\" rel=\"noreferrer noopener\">Liga Acad\u00eamica de Psican\u00e1lise da UEL<\/a><\/p>\n\n\n\n<p><a href=\"https:\/\/www.instagram.com\/laqfam\/\" target=\"_blank\" rel=\"noreferrer noopener\">Liga Acad\u00eamica de Qu\u00edmica Farmac\u00eautica Medicinal na UEL &#8211; LAQFAM<\/a><\/p>\n\n\n\n<p><a href=\"https:\/\/www.instagram.com\/lasf_uel\/\" target=\"_blank\" rel=\"noreferrer noopener\">Liga Acad\u00eamica de Sa\u00fade da Fam\u00edlia e Comunidade &#8211; LASF<\/a><\/p>\n\n\n\n<p><a href=\"https:\/\/www.instagram.com\/lasm.uel\/\" target=\"_blank\" rel=\"noreferrer noopener\">Liga Acad\u00eamica de Sa\u00fade da Mulher &#8211; LASM<\/a><\/p>\n\n\n\n<p><a href=\"https:\/\/www.instagram.com\/laspn.uel\/\" target=\"_blank\" rel=\"noreferrer noopener\">Liga Acad\u00eamica de Sa\u00fade das Popula\u00e7\u00f5es Negligenciadas &#8211; LASPN<\/a><\/p>\n\n\n\n<p><a href=\"https:\/\/www.instagram.com\/lasmenuel\/\" target=\"_blank\" rel=\"noreferrer noopener\">Liga Acad\u00eamica de Sa\u00fade Mental &#8211; LASMEN<\/a><\/p>\n\n\n\n<p><a href=\"https:\/\/www.instagram.com\/lasapuel\/\" target=\"_blank\" rel=\"noreferrer noopener\">Liga Acad\u00eamica de Seguran\u00e7a da Assist\u00eancia ao Paciente &#8211; LASAP<\/a><\/p>\n\n\n\n<p><a href=\"https:\/\/www.instagram.com\/laenfor\/\" target=\"_blank\" rel=\"noreferrer noopener\">Liga Acad\u00eamica de Seguran\u00e7a de Enfermagem Forense &#8211; LAENFOR<\/a><\/p>\n\n\n\n<p><a href=\"https:\/\/www.instagram.com\/lat_uel\/\" target=\"_blank\" rel=\"noreferrer noopener\">Liga Acad\u00eamica do Trauma &#8211; LAT<\/a><\/p>\n\n\n\n<p><a href=\"https:\/\/www.instagram.com\/lainsc.uel\/\" target=\"_blank\" rel=\"noreferrer noopener\">Liga Acad\u00eamica Interprofissional de Neonatologia e Sa\u00fade da Crian\u00e7a &#8211; LAINSC<\/a><\/p>\n\n\n\n<p><a href=\"https:\/\/www.instagram.com\/ligamktuel\/\" target=\"_blank\" rel=\"noreferrer noopener\">Liga de Marketing Digital<\/a><\/p>\n\n\n\n<p><a href=\"https:\/\/www.instagram.com\/uelfinanceclub\/\" target=\"_blank\" rel=\"noreferrer noopener\">Liga de Mercado Financeiro<\/a><\/p>\n","protected":false},"excerpt":{"rendered":"<p>Liga Acad\u00eamica Liga Acad\u00eamica de An\u00e1lise do Comportamento &#8211; LAAC Liga Acad\u00eamica de Cardiologia &#8211; LACard Liga Acad\u00eamica de Cl\u00ednica Cir\u00fargica &#8211; LACC Liga Acad\u00eamica de Cl\u00ednica M\u00e9dica &#8211; LACM Liga Acad\u00eamica de Direito Constitucional da UEL Liga Acad\u00eamica de Enfermagem em Cuidados Intensivos &#8211; LAECI Liga Acad\u00eamica de Enfermagem em Cuidados Intensivos &#8211; LAECI [&hellip;]<\/p>\n","protected":false},"author":8,"featured_media":0,"parent":0,"menu_order":0,"comment_status":"closed","ping_status":"closed","template":"","meta":{"_acf_changed":false,"_themeisle_gutenberg_block_has_review":false,"footnotes":""},"class_list":["post-32879","page","type-page","status-publish","hentry"],"acf":[],"_links":{"self":[{"href":"https:\/\/sites.uel.br\/prograd\/wp-json\/wp\/v2\/pages\/32879","targetHints":{"allow":["GET"]}}],"collection":[{"href":"https:\/\/sites.uel.br\/prograd\/wp-json\/wp\/v2\/pages"}],"about":[{"href":"https:\/\/sites.uel.br\/prograd\/wp-json\/wp\/v2\/types\/page"}],"author":[{"embeddable":true,"href":"https:\/\/sites.uel.br\/prograd\/wp-json\/wp\/v2\/users\/8"}],"replies":[{"embeddable":true,"href":"https:\/\/sites.uel.br\/prograd\/wp-json\/wp\/v2\/comments?post=32879"}],"version-history":[{"count":11,"href":"https:\/\/sites.uel.br\/prograd\/wp-json\/wp\/v2\/pages\/32879\/revisions"}],"predecessor-version":[{"id":35873,"href":"https:\/\/sites.uel.br\/prograd\/wp-json\/wp\/v2\/pages\/32879\/revisions\/35873"}],"wp:attachment":[{"href":"https:\/\/sites.uel.br\/prograd\/wp-json\/wp\/v2\/media?parent=32879"}],"curies":[{"name":"wp","href":"https:\/\/api.w.org\/{rel}","templated":true}]}}