{"id":32878,"date":"2024-10-18T11:39:16","date_gmt":"2024-10-18T14:39:16","guid":{"rendered":"https:\/\/sites.uel.br\/prograd\/?page_id=32878"},"modified":"2024-10-18T15:36:50","modified_gmt":"2024-10-18T18:36:50","slug":"guia-academico-associacoes-atleticas","status":"publish","type":"page","link":"https:\/\/sites.uel.br\/prograd\/guia-academico-associacoes-atleticas\/","title":{"rendered":"Guia Acad\u00eamico"},"content":{"rendered":"\n<hr class=\"wp-block-separator has-alpha-channel-opacity is-style-wide\"\/>\n\n\n<div class=\"wp-block-image\">\n<figure class=\"aligncenter size-full\"><a href=\"https:\/\/sites.uel.br\/prograd\/guia-academico\/\"><img loading=\"lazy\" decoding=\"async\" width=\"557\" height=\"154\" src=\"https:\/\/sites.uel.br\/prograd\/wp-content\/uploads\/2023\/02\/cab_guia_academico-1.jpg\" alt=\"\" class=\"wp-image-1635\" srcset=\"https:\/\/sites.uel.br\/prograd\/wp-content\/uploads\/2023\/02\/cab_guia_academico-1.jpg 557w, https:\/\/sites.uel.br\/prograd\/wp-content\/uploads\/2023\/02\/cab_guia_academico-1-300x83.jpg 300w\" sizes=\"auto, (max-width: 557px) 100vw, 557px\" \/><\/a><\/figure>\n<\/div>\n\n\n<h2 class=\"wp-block-heading\">Associa\u00e7\u00f5es Atl\u00e9ticas<\/h2>\n\n\n\n<p><a href=\"https:\/\/www.instagram.com\/aaa7copas\" target=\"_blank\" rel=\"noreferrer noopener\">A.A.A. 7 Copas &#8211; Fisioterapia<\/a><\/p>\n\n\n\n<p><a href=\"https:\/\/www.instagram.com\/exatasuel\" target=\"_blank\" rel=\"noreferrer noopener\">A.A.A. Exatas UEL<\/a><\/p>\n\n\n\n<p><a href=\"https:\/\/www.instagram.com\/ivdeagosto\" target=\"_blank\" rel=\"noreferrer noopener\">A.A.A. IV de Agosto &#8211; Enfermagem, Farm\u00e1cia e Nutri\u00e7\u00e3o<\/a><\/p>\n\n\n\n<p><a href=\"https:\/\/www.instagram.com\/aaavdeoutubro\" target=\"_blank\" rel=\"noreferrer noopener\">A.A.A. V de Outubro &#8211; Humanas UEL<\/a><\/p>\n\n\n\n<p><a href=\"https:\/\/www.instagram.com\/frangocaipira\" target=\"_blank\" rel=\"noreferrer noopener\">A.A.A. VI de Setembro &#8211; Psicologia<\/a><\/p>\n\n\n\n<p><a href=\"https:\/\/www.instagram.com\/xvdesetembro\" target=\"_blank\" rel=\"noreferrer noopener\">A.A.A. XV de Setembro &#8211; Administra\u00e7\u00e3o, Ci\u00eancias Econ\u00f4micas, CI\u00eancias Cont\u00e1beis e Secretariado Executivo<\/a><\/p>\n\n\n\n<p><a href=\"https:\/\/www.instagram.com\/aaaxxideagosto\" target=\"_blank\" rel=\"noreferrer noopener\">A.A.A. XXI de Agosto &#8211; Arquitetura, Engenharia Civil, Engenharia El\u00e9trica e Agronomia<\/a><\/p>\n\n\n\n<p><a href=\"https:\/\/www.instagram.com\/puff.doido\" target=\"_blank\" rel=\"noreferrer noopener\">A.A.A.M.V. 1\u00ba de Abril &#8211; Medicina Veterin\u00e1ria<\/a><\/p>\n\n\n\n<p><a href=\"https:\/\/www.instagram.com\/sedentletica\" target=\"_blank\" rel=\"noreferrer noopener\">ASCOF &#8211; Atl\u00e9tica do CECA<\/a><\/p>\n\n\n\n<p><a href=\"https:\/\/www.instagram.com\/atleticabiouel\" target=\"_blank\" rel=\"noreferrer noopener\">Associa\u00e7\u00e3o Atl\u00e9tica Acad\u00eamica Biol\u00f3gicas UEL<\/a><\/p>\n\n\n\n<p><a href=\"https:\/\/www.instagram.com\/aaaefuel\" target=\"_blank\" rel=\"noreferrer noopener\">Associa\u00e7\u00e3o Atl\u00e9tica Acad\u00eamica Educa\u00e7\u00e3o F\u00edsica<\/a><\/p>\n\n\n\n<p><a href=\"https:\/\/www.instagram.com\/medicinalondrina\" target=\"_blank\" rel=\"noreferrer noopener\">Associa\u00e7\u00e3o Atl\u00e9tica Acad\u00eamica Francisco Gregori &#8211; Medicina<\/a><\/p>\n\n\n\n<p><a href=\"https:\/\/www.instagram.com\/aaasmdireitouel\" target=\"_blank\" rel=\"noreferrer noopener\">Associa\u00e7\u00e3o Atl\u00e9tica Acad\u00eamica Sete de Mar\u00e7o &#8211; AAASM &#8211; Direito<\/a><\/p>\n\n\n\n<p><a href=\"https:\/\/www.instagram.com\/aatleticauel\/\" target=\"_blank\" rel=\"noreferrer noopener\">Associa\u00e7\u00e3o Atl\u00e9tica da UEL &#8211; AAUEL<\/a><\/p>\n","protected":false},"excerpt":{"rendered":"<p>Associa\u00e7\u00f5es Atl\u00e9ticas A.A.A. 7 Copas &#8211; Fisioterapia A.A.A. Exatas UEL A.A.A. IV de Agosto &#8211; Enfermagem, Farm\u00e1cia e Nutri\u00e7\u00e3o A.A.A. V de Outubro &#8211; Humanas UEL A.A.A. VI de Setembro &#8211; Psicologia A.A.A. XV de Setembro &#8211; Administra\u00e7\u00e3o, Ci\u00eancias Econ\u00f4micas, CI\u00eancias Cont\u00e1beis e Secretariado Executivo A.A.A. XXI de Agosto &#8211; Arquitetura, Engenharia Civil, Engenharia El\u00e9trica [&hellip;]<\/p>\n","protected":false},"author":8,"featured_media":0,"parent":0,"menu_order":0,"comment_status":"closed","ping_status":"closed","template":"","meta":{"_acf_changed":false,"_themeisle_gutenberg_block_has_review":false,"footnotes":""},"class_list":["post-32878","page","type-page","status-publish","hentry"],"acf":[],"_links":{"self":[{"href":"https:\/\/sites.uel.br\/prograd\/wp-json\/wp\/v2\/pages\/32878","targetHints":{"allow":["GET"]}}],"collection":[{"href":"https:\/\/sites.uel.br\/prograd\/wp-json\/wp\/v2\/pages"}],"about":[{"href":"https:\/\/sites.uel.br\/prograd\/wp-json\/wp\/v2\/types\/page"}],"author":[{"embeddable":true,"href":"https:\/\/sites.uel.br\/prograd\/wp-json\/wp\/v2\/users\/8"}],"replies":[{"embeddable":true,"href":"https:\/\/sites.uel.br\/prograd\/wp-json\/wp\/v2\/comments?post=32878"}],"version-history":[{"count":7,"href":"https:\/\/sites.uel.br\/prograd\/wp-json\/wp\/v2\/pages\/32878\/revisions"}],"predecessor-version":[{"id":32944,"href":"https:\/\/sites.uel.br\/prograd\/wp-json\/wp\/v2\/pages\/32878\/revisions\/32944"}],"wp:attachment":[{"href":"https:\/\/sites.uel.br\/prograd\/wp-json\/wp\/v2\/media?parent=32878"}],"curies":[{"name":"wp","href":"https:\/\/api.w.org\/{rel}","templated":true}]}}