{"id":3286,"date":"2023-04-12T14:38:48","date_gmt":"2023-04-12T17:38:48","guid":{"rendered":"https:\/\/sites.uel.br\/prograd\/?page_id=3286"},"modified":"2025-02-25T08:49:13","modified_gmt":"2025-02-25T11:49:13","slug":"camara-de-graduacao-atas-anos-anteriores","status":"publish","type":"page","link":"https:\/\/sites.uel.br\/prograd\/camara-de-graduacao-atas-anos-anteriores\/","title":{"rendered":"C\u00e2mara de Gradua\u00e7\u00e3o"},"content":{"rendered":"\n<hr class=\"wp-block-separator has-alpha-channel-opacity is-style-wide\"\/>\n\n\n\n<h2 class=\"wp-block-heading\"><strong><strong>Atas da C\u00e2mara de Gradua\u00e7\u00e3o<\/strong><\/strong><\/h2>\n\n\n\n<h3 class=\"wp-block-heading\">Anos Anteriores<\/h3>\n\n\n\n<figure class=\"wp-block-table is-style-stripes\"><table class=\"has-cinza-claro-background-color has-background\"><tbody><tr><td class=\"has-text-align-center\" data-align=\"center\"><a href=\"http:\/\/www.uel.br\/prograd\/?content=documentos\/resolucoes\/2023\/resolucoes.html\"><\/a><strong><strong><a href=\"http:\/\/www.uel.br\/prograd\/?content=documentos\/deliberacoes\/2023\/deliberacoes.html\"><\/a><strong><a href=\"http:\/\/www.uel.br\/prograd\/?content=documentos\/editais\/2021\/editais.html\"><\/a><strong><a href=\"https:\/\/sites.uel.br\/prograd\/camara-de-graduacao-atas-da-camara-de-graduacao-2024\/\">2024<\/a><\/strong><\/strong><\/strong><\/strong><\/td><\/tr><\/tbody><\/table><\/figure>\n\n\n\n<figure class=\"wp-block-table is-style-stripes\"><table class=\"has-cinza-claro-background-color has-background\"><tbody><tr><td class=\"has-text-align-center\" data-align=\"center\"><a href=\"http:\/\/www.uel.br\/prograd\/?content=documentos\/resolucoes\/2023\/resolucoes.html\"><\/a><strong><strong><a href=\"http:\/\/www.uel.br\/prograd\/?content=documentos\/deliberacoes\/2023\/deliberacoes.html\"><\/a><strong><a href=\"http:\/\/www.uel.br\/prograd\/?content=documentos\/editais\/2021\/editais.html\"><\/a><strong><a href=\"https:\/\/sites.uel.br\/prograd\/camara-de-graduacao-atas-da-camara-de-graduacao-2023\/\">2023<\/a><\/strong><\/strong><\/strong><\/strong><\/td><\/tr><\/tbody><\/table><\/figure>\n\n\n\n<figure class=\"wp-block-table is-style-stripes\"><table class=\"has-cinza-claro-background-color has-background\"><tbody><tr><td class=\"has-text-align-center\" data-align=\"center\"><a href=\"http:\/\/www.uel.br\/prograd\/?content=documentos\/resolucoes\/2023\/resolucoes.html\"><\/a><strong><strong><a href=\"http:\/\/www.uel.br\/prograd\/?content=documentos\/deliberacoes\/2023\/deliberacoes.html\"><\/a><strong><a href=\"http:\/\/www.uel.br\/prograd\/?content=documentos\/editais\/2021\/editais.html\"><\/a><strong><a href=\"https:\/\/sites.uel.br\/prograd\/camara-de-graduacao-atas-da-camara-de-graduacao-2022\/\">2022<\/a><\/strong><\/strong><\/strong><\/strong><\/td><\/tr><\/tbody><\/table><\/figure>\n\n\n\n<figure class=\"wp-block-table is-style-stripes\"><table class=\"has-cinza-claro-background-color has-background\"><tbody><tr><td class=\"has-text-align-center\" data-align=\"center\"><a href=\"http:\/\/www.uel.br\/prograd\/?content=documentos\/resolucoes\/2023\/resolucoes.html\"><\/a><strong><strong><a href=\"http:\/\/www.uel.br\/prograd\/?content=documentos\/deliberacoes\/2023\/deliberacoes.html\"><\/a><strong><a href=\"https:\/\/sites.uel.br\/prograd\/camara-de-graduacao-atas-da-camara-de-graduacao-2021\/\">2021<\/a><\/strong><\/strong><\/strong><\/td><\/tr><\/tbody><\/table><\/figure>\n\n\n\n<figure class=\"wp-block-table is-style-stripes\"><table class=\"has-cinza-claro-background-color has-background\"><tbody><tr><td class=\"has-text-align-center\" data-align=\"center\"><a href=\"http:\/\/www.uel.br\/prograd\/?content=documentos\/resolucoes\/2023\/resolucoes.html\"><\/a><strong><strong><a href=\"http:\/\/www.uel.br\/prograd\/?content=documentos\/deliberacoes\/2023\/deliberacoes.html\"><\/a><strong><a href=\"https:\/\/sites.uel.br\/prograd\/camara-de-graduacao-atas-da-camara-de-graduacao-2020\/\">2020<\/a><\/strong><\/strong><\/strong><\/td><\/tr><\/tbody><\/table><\/figure>\n\n\n\n<figure class=\"wp-block-table is-style-stripes\"><table class=\"has-cinza-claro-background-color has-background\"><tbody><tr><td class=\"has-text-align-center\" data-align=\"center\"><a href=\"http:\/\/www.uel.br\/prograd\/?content=documentos\/resolucoes\/2023\/resolucoes.html\"><\/a><strong><strong><a href=\"http:\/\/www.uel.br\/prograd\/?content=documentos\/deliberacoes\/2023\/deliberacoes.html\"><\/a><strong><a href=\"https:\/\/sites.uel.br\/prograd\/camara-de-graduacao-atas-da-camara-de-graduacao-2019\/\">2019<\/a><\/strong><\/strong><\/strong><\/td><\/tr><\/tbody><\/table><\/figure>\n\n\n\n<figure class=\"wp-block-table is-style-stripes\"><table class=\"has-cinza-claro-background-color has-background\"><tbody><tr><td class=\"has-text-align-center\" data-align=\"center\"><a href=\"http:\/\/www.uel.br\/prograd\/?content=documentos\/resolucoes\/2023\/resolucoes.html\"><\/a><strong><strong><a href=\"http:\/\/www.uel.br\/prograd\/?content=documentos\/deliberacoes\/2023\/deliberacoes.html\"><\/a><strong><a href=\"https:\/\/sites.uel.br\/prograd\/camara-de-graduacao-atas-da-camara-de-graduacao-2018\/\">2018<\/a><\/strong><\/strong><\/strong><\/td><\/tr><\/tbody><\/table><\/figure>\n\n\n\n<figure class=\"wp-block-table is-style-stripes\"><table class=\"has-cinza-claro-background-color has-background\"><tbody><tr><td class=\"has-text-align-center\" data-align=\"center\"><a href=\"http:\/\/www.uel.br\/prograd\/?content=documentos\/resolucoes\/2023\/resolucoes.html\"><\/a><strong><strong><a href=\"http:\/\/www.uel.br\/prograd\/?content=documentos\/deliberacoes\/2023\/deliberacoes.html\"><\/a><strong><a href=\"https:\/\/sites.uel.br\/prograd\/camara-de-graduacao-atas-da-camara-de-graduacao-2017\/\">2017<\/a><\/strong><\/strong><\/strong><\/td><\/tr><\/tbody><\/table><\/figure>\n\n\n\n<figure class=\"wp-block-table is-style-stripes\"><table class=\"has-cinza-claro-background-color has-background\"><tbody><tr><td class=\"has-text-align-center\" data-align=\"center\"><a href=\"http:\/\/www.uel.br\/prograd\/?content=documentos\/resolucoes\/2023\/resolucoes.html\"><\/a><strong><strong><a href=\"http:\/\/www.uel.br\/prograd\/?content=documentos\/deliberacoes\/2023\/deliberacoes.html\"><\/a><strong><a href=\"https:\/\/sites.uel.br\/prograd\/camara-de-graduacao-atas-da-camara-de-graduacao-2016\/\">2016<\/a><\/strong><\/strong><\/strong><\/td><\/tr><\/tbody><\/table><\/figure>\n\n\n\n<figure class=\"wp-block-table is-style-stripes\"><table class=\"has-cinza-claro-background-color has-background\"><tbody><tr><td class=\"has-text-align-center\" data-align=\"center\"><a href=\"http:\/\/www.uel.br\/prograd\/?content=documentos\/resolucoes\/2023\/resolucoes.html\"><\/a><strong><strong><a href=\"http:\/\/www.uel.br\/prograd\/?content=documentos\/deliberacoes\/2023\/deliberacoes.html\"><\/a><strong><a href=\"https:\/\/sites.uel.br\/prograd\/camara-de-graduacao-atas-da-camara-de-graduacao-2015\/\">2015<\/a><\/strong><\/strong><\/strong><\/td><\/tr><\/tbody><\/table><\/figure>\n\n\n\n<figure class=\"wp-block-table is-style-stripes\"><table class=\"has-cinza-claro-background-color has-background\"><tbody><tr><td class=\"has-text-align-center\" data-align=\"center\"><a href=\"http:\/\/www.uel.br\/prograd\/?content=documentos\/resolucoes\/2023\/resolucoes.html\"><\/a><strong><strong><a href=\"http:\/\/www.uel.br\/prograd\/?content=documentos\/deliberacoes\/2023\/deliberacoes.html\"><\/a><strong><a href=\"https:\/\/sites.uel.br\/prograd\/camara-de-graduacao-atas-da-camara-de-graduacao-2014\/\">2014<\/a><\/strong><\/strong><\/strong><\/td><\/tr><\/tbody><\/table><\/figure>\n\n\n\n<figure class=\"wp-block-table is-style-stripes\"><table class=\"has-cinza-claro-background-color has-background\"><tbody><tr><td class=\"has-text-align-center\" data-align=\"center\"><a href=\"http:\/\/www.uel.br\/prograd\/?content=documentos\/resolucoes\/2023\/resolucoes.html\"><\/a><strong><strong><a href=\"http:\/\/www.uel.br\/prograd\/?content=documentos\/deliberacoes\/2023\/deliberacoes.html\"><\/a><strong><a href=\"https:\/\/sites.uel.br\/prograd\/camara-de-graduacao-atas-da-camara-de-graduacao-2013\/\">2013<\/a><\/strong><\/strong><\/strong><\/td><\/tr><\/tbody><\/table><\/figure>\n\n\n\n<figure class=\"wp-block-table is-style-stripes\"><table class=\"has-cinza-claro-background-color has-background\"><tbody><tr><td class=\"has-text-align-center\" data-align=\"center\"><a href=\"http:\/\/www.uel.br\/prograd\/?content=documentos\/resolucoes\/2023\/resolucoes.html\"><\/a><strong><strong><a href=\"http:\/\/www.uel.br\/prograd\/?content=documentos\/deliberacoes\/2023\/deliberacoes.html\"><\/a><strong><a href=\"https:\/\/sites.uel.br\/prograd\/camara-de-graduacao-atas-da-camara-de-graduacao-2012\/\">2012<\/a><\/strong><\/strong><\/strong><\/td><\/tr><\/tbody><\/table><\/figure>\n\n\n\n<figure class=\"wp-block-table is-style-stripes\"><table class=\"has-cinza-claro-background-color has-background\"><tbody><tr><td class=\"has-text-align-center\" data-align=\"center\"><a href=\"http:\/\/www.uel.br\/prograd\/?content=documentos\/resolucoes\/2023\/resolucoes.html\"><\/a><strong><strong><a href=\"http:\/\/www.uel.br\/prograd\/?content=documentos\/deliberacoes\/2023\/deliberacoes.html\"><\/a><strong><a href=\"https:\/\/sites.uel.br\/prograd\/camara-de-graduacao-atas-da-camara-de-graduacao-2011\/\">2011<\/a><\/strong><\/strong><\/strong><\/td><\/tr><\/tbody><\/table><\/figure>\n\n\n\n<figure class=\"wp-block-table is-style-stripes\"><table class=\"has-cinza-claro-background-color has-background\"><tbody><tr><td class=\"has-text-align-center\" data-align=\"center\"><a href=\"http:\/\/www.uel.br\/prograd\/?content=documentos\/resolucoes\/2023\/resolucoes.html\"><\/a><strong><strong><a href=\"http:\/\/www.uel.br\/prograd\/?content=documentos\/deliberacoes\/2023\/deliberacoes.html\"><\/a><strong><a href=\"https:\/\/sites.uel.br\/prograd\/camara-de-graduacao-atas-da-camara-de-graduacao-2010\/\">2010<\/a><\/strong><\/strong><\/strong><\/td><\/tr><\/tbody><\/table><\/figure>\n\n\n\n<figure class=\"wp-block-table is-style-stripes\"><table class=\"has-cinza-claro-background-color has-background\"><tbody><tr><td class=\"has-text-align-center\" data-align=\"center\"><a href=\"http:\/\/www.uel.br\/prograd\/?content=documentos\/resolucoes\/2023\/resolucoes.html\"><\/a><strong><strong><a href=\"http:\/\/www.uel.br\/prograd\/?content=documentos\/deliberacoes\/2023\/deliberacoes.html\"><\/a><strong><a href=\"https:\/\/sites.uel.br\/prograd\/camara-de-graduacao-atas-da-camara-de-graduacao-2009\/\">2009<\/a><\/strong><\/strong><\/strong><\/td><\/tr><\/tbody><\/table><\/figure>\n\n\n\n<figure class=\"wp-block-table is-style-stripes\"><table class=\"has-cinza-claro-background-color has-background\"><tbody><tr><td class=\"has-text-align-center\" data-align=\"center\"><a href=\"http:\/\/www.uel.br\/prograd\/?content=documentos\/resolucoes\/2023\/resolucoes.html\"><\/a><strong><strong><a href=\"http:\/\/www.uel.br\/prograd\/?content=documentos\/deliberacoes\/2023\/deliberacoes.html\"><\/a><\/strong><\/strong><a href=\"https:\/\/sites.uel.br\/prograd\/camara-de-graduacao-atas-da-camara-de-graduacao-2008\/\"><strong><strong><strong>2008<\/strong><\/strong><\/strong> <\/a><\/td><\/tr><\/tbody><\/table><\/figure>\n\n\n\n<figure class=\"wp-block-table is-style-stripes\"><table class=\"has-cinza-claro-background-color has-background\"><tbody><tr><td class=\"has-text-align-center\" data-align=\"center\"><a href=\"http:\/\/www.uel.br\/prograd\/?content=documentos\/resolucoes\/2023\/resolucoes.html\"><\/a><strong><a href=\"https:\/\/sites.uel.br\/prograd\/camara-de-graduacao-atas-da-camara-de-graduacao-2007\/\">2007<\/a><\/strong><\/td><\/tr><\/tbody><\/table><\/figure>\n\n\n\n<figure class=\"wp-block-table is-style-stripes\"><table class=\"has-cinza-claro-background-color has-background\"><tbody><tr><td class=\"has-text-align-center\" data-align=\"center\"><a href=\"http:\/\/www.uel.br\/prograd\/?content=documentos\/resolucoes\/2023\/resolucoes.html\"><\/a><strong><a href=\"https:\/\/sites.uel.br\/prograd\/camara-de-graduacao-atas-da-camara-de-graduacao-2006\/\">2006<\/a><\/strong><\/td><\/tr><\/tbody><\/table><\/figure>\n","protected":false},"excerpt":{"rendered":"<p>Atas da C\u00e2mara de Gradua\u00e7\u00e3o Anos Anteriores 2024 2023 2022 2021 2020 2019 2018 2017 2016 2015 2014 2013 2012 2011 2010 2009 2008 2007 2006<\/p>\n","protected":false},"author":8,"featured_media":0,"parent":0,"menu_order":0,"comment_status":"closed","ping_status":"closed","template":"","meta":{"_acf_changed":false,"_themeisle_gutenberg_block_has_review":false,"footnotes":""},"class_list":["post-3286","page","type-page","status-publish","hentry"],"acf":[],"_links":{"self":[{"href":"https:\/\/sites.uel.br\/prograd\/wp-json\/wp\/v2\/pages\/3286","targetHints":{"allow":["GET"]}}],"collection":[{"href":"https:\/\/sites.uel.br\/prograd\/wp-json\/wp\/v2\/pages"}],"about":[{"href":"https:\/\/sites.uel.br\/prograd\/wp-json\/wp\/v2\/types\/page"}],"author":[{"embeddable":true,"href":"https:\/\/sites.uel.br\/prograd\/wp-json\/wp\/v2\/users\/8"}],"replies":[{"embeddable":true,"href":"https:\/\/sites.uel.br\/prograd\/wp-json\/wp\/v2\/comments?post=3286"}],"version-history":[{"count":15,"href":"https:\/\/sites.uel.br\/prograd\/wp-json\/wp\/v2\/pages\/3286\/revisions"}],"predecessor-version":[{"id":33654,"href":"https:\/\/sites.uel.br\/prograd\/wp-json\/wp\/v2\/pages\/3286\/revisions\/33654"}],"wp:attachment":[{"href":"https:\/\/sites.uel.br\/prograd\/wp-json\/wp\/v2\/media?parent=3286"}],"curies":[{"name":"wp","href":"https:\/\/api.w.org\/{rel}","templated":true}]}}