{"id":3278,"date":"2023-04-12T14:34:55","date_gmt":"2023-04-12T17:34:55","guid":{"rendered":"https:\/\/sites.uel.br\/prograd\/?page_id=3278"},"modified":"2026-02-06T11:20:05","modified_gmt":"2026-02-06T14:20:05","slug":"camara-de-graduacao-pautas-anos-anteriores","status":"publish","type":"page","link":"https:\/\/sites.uel.br\/prograd\/camara-de-graduacao-pautas-anos-anteriores\/","title":{"rendered":"C\u00e2mara de Gradua\u00e7\u00e3o"},"content":{"rendered":"\n<hr class=\"wp-block-separator has-alpha-channel-opacity is-style-wide\"\/>\n\n\n\n<h2 class=\"wp-block-heading\"><strong><strong><strong>Pautas de Reuni\u00f5es da C\u00e2mara de Gradua\u00e7\u00e3o<\/strong><\/strong><\/strong><\/h2>\n\n\n\n<h3 class=\"wp-block-heading\">Anos Anteriores<\/h3>\n\n\n\n<figure class=\"wp-block-table is-style-stripes\"><table class=\"has-cinza-claro-background-color has-background\"><tbody><tr><td class=\"has-text-align-center\" data-align=\"center\"><a href=\"http:\/\/www.uel.br\/prograd\/?content=documentos\/resolucoes\/2023\/resolucoes.html\"><\/a><strong><strong><a href=\"http:\/\/www.uel.br\/prograd\/?content=documentos\/deliberacoes\/2023\/deliberacoes.html\"><\/a><strong><a href=\"http:\/\/www.uel.br\/prograd\/?content=documentos\/editais\/2021\/editais.html\"><\/a><strong><a href=\"https:\/\/sites.uel.br\/prograd\/camara-de-graduacao-2025\/\">2025<\/a><\/strong><\/strong><\/strong><\/strong><\/td><\/tr><\/tbody><\/table><\/figure>\n\n\n\n<figure class=\"wp-block-table is-style-stripes\"><table class=\"has-cinza-claro-background-color has-background\"><tbody><tr><td class=\"has-text-align-center\" data-align=\"center\"><a href=\"http:\/\/www.uel.br\/prograd\/?content=documentos\/resolucoes\/2023\/resolucoes.html\"><\/a><strong><strong><a href=\"http:\/\/www.uel.br\/prograd\/?content=documentos\/deliberacoes\/2023\/deliberacoes.html\"><\/a><strong><a href=\"http:\/\/www.uel.br\/prograd\/?content=documentos\/editais\/2021\/editais.html\"><\/a><strong><a href=\"https:\/\/sites.uel.br\/prograd\/camara-de-graduacao-2024\/\">2024<\/a><\/strong><\/strong><\/strong><\/strong><\/td><\/tr><\/tbody><\/table><\/figure>\n\n\n\n<figure class=\"wp-block-table is-style-stripes\"><table class=\"has-cinza-claro-background-color has-background\"><tbody><tr><td class=\"has-text-align-center\" data-align=\"center\"><a href=\"http:\/\/www.uel.br\/prograd\/?content=documentos\/resolucoes\/2023\/resolucoes.html\"><\/a><strong><strong><a href=\"http:\/\/www.uel.br\/prograd\/?content=documentos\/deliberacoes\/2023\/deliberacoes.html\"><\/a><strong><a href=\"http:\/\/www.uel.br\/prograd\/?content=documentos\/editais\/2021\/editais.html\"><\/a><strong><a href=\"https:\/\/sites.uel.br\/prograd\/camara-de-graduacao-2023\/\">2023<\/a><\/strong><\/strong><\/strong><\/strong><\/td><\/tr><\/tbody><\/table><\/figure>\n\n\n\n<figure class=\"wp-block-table is-style-stripes\"><table class=\"has-cinza-claro-background-color has-background\"><tbody><tr><td class=\"has-text-align-center\" data-align=\"center\"><a href=\"http:\/\/www.uel.br\/prograd\/?content=documentos\/resolucoes\/2023\/resolucoes.html\"><\/a><strong><strong><a href=\"http:\/\/www.uel.br\/prograd\/?content=documentos\/deliberacoes\/2023\/deliberacoes.html\"><\/a><strong><a href=\"http:\/\/www.uel.br\/prograd\/?content=documentos\/editais\/2021\/editais.html\"><\/a><strong><a href=\"https:\/\/sites.uel.br\/prograd\/camara-de-graduacao-pautas-de-reunioes-2022\/\">2022<\/a><\/strong><\/strong><\/strong><\/strong><\/td><\/tr><\/tbody><\/table><\/figure>\n\n\n\n<figure class=\"wp-block-table is-style-stripes\"><table class=\"has-cinza-claro-background-color has-background\"><tbody><tr><td class=\"has-text-align-center\" data-align=\"center\"><a href=\"http:\/\/www.uel.br\/prograd\/?content=documentos\/resolucoes\/2023\/resolucoes.html\"><\/a><strong><strong><a href=\"http:\/\/www.uel.br\/prograd\/?content=documentos\/deliberacoes\/2023\/deliberacoes.html\"><\/a><strong><a href=\"https:\/\/sites.uel.br\/prograd\/camara-de-graduacao-pautas-de-reunioes-2021\/\">2021<\/a><\/strong><\/strong><\/strong><\/td><\/tr><\/tbody><\/table><\/figure>\n\n\n\n<figure class=\"wp-block-table is-style-stripes\"><table class=\"has-cinza-claro-background-color has-background\"><tbody><tr><td class=\"has-text-align-center\" data-align=\"center\"><a href=\"http:\/\/www.uel.br\/prograd\/?content=documentos\/resolucoes\/2023\/resolucoes.html\"><\/a><strong><strong><a href=\"http:\/\/www.uel.br\/prograd\/?content=documentos\/deliberacoes\/2023\/deliberacoes.html\"><\/a><strong><a href=\"https:\/\/sites.uel.br\/prograd\/camara-de-graduacao-pautas-de-reunioes-2020\/\">2020<\/a><\/strong><\/strong><\/strong><\/td><\/tr><\/tbody><\/table><\/figure>\n\n\n\n<figure class=\"wp-block-table is-style-stripes\"><table class=\"has-cinza-claro-background-color has-background\"><tbody><tr><td class=\"has-text-align-center\" data-align=\"center\"><a href=\"http:\/\/www.uel.br\/prograd\/?content=documentos\/resolucoes\/2023\/resolucoes.html\"><\/a><strong><strong><a href=\"http:\/\/www.uel.br\/prograd\/?content=documentos\/deliberacoes\/2023\/deliberacoes.html\"><\/a><strong><a href=\"https:\/\/sites.uel.br\/prograd\/camara-de-graduacao-pautas-de-reunioes-2019\/\">2019<\/a><\/strong><\/strong><\/strong><\/td><\/tr><\/tbody><\/table><\/figure>\n\n\n\n<figure class=\"wp-block-table is-style-stripes\"><table class=\"has-cinza-claro-background-color has-background\"><tbody><tr><td class=\"has-text-align-center\" data-align=\"center\"><a href=\"http:\/\/www.uel.br\/prograd\/?content=documentos\/resolucoes\/2023\/resolucoes.html\"><\/a><strong><strong><a href=\"http:\/\/www.uel.br\/prograd\/?content=documentos\/deliberacoes\/2023\/deliberacoes.html\"><\/a><strong><a href=\"https:\/\/sites.uel.br\/prograd\/camara-de-graduacao-pautas-de-reunioes-2018\/\">2018<\/a><\/strong><\/strong><\/strong><\/td><\/tr><\/tbody><\/table><\/figure>\n\n\n\n<figure class=\"wp-block-table is-style-stripes\"><table class=\"has-cinza-claro-background-color has-background\"><tbody><tr><td class=\"has-text-align-center\" data-align=\"center\"><a href=\"http:\/\/www.uel.br\/prograd\/?content=documentos\/resolucoes\/2023\/resolucoes.html\"><\/a><strong><strong><a href=\"http:\/\/www.uel.br\/prograd\/?content=documentos\/deliberacoes\/2023\/deliberacoes.html\"><\/a><strong><a href=\"https:\/\/sites.uel.br\/prograd\/camara-de-graduacao-pautas-de-reunioes-2017\/\">2017<\/a><\/strong><\/strong><\/strong><\/td><\/tr><\/tbody><\/table><\/figure>\n\n\n\n<figure class=\"wp-block-table is-style-stripes\"><table class=\"has-cinza-claro-background-color has-background\"><tbody><tr><td class=\"has-text-align-center\" data-align=\"center\"><a href=\"http:\/\/www.uel.br\/prograd\/?content=documentos\/resolucoes\/2023\/resolucoes.html\"><\/a><strong><strong><a href=\"http:\/\/www.uel.br\/prograd\/?content=documentos\/deliberacoes\/2023\/deliberacoes.html\"><\/a><strong><a href=\"https:\/\/sites.uel.br\/prograd\/camara-de-graduacao-pautas-de-reunioes-2016\/\">2016<\/a><\/strong><\/strong><\/strong><\/td><\/tr><\/tbody><\/table><\/figure>\n\n\n\n<figure class=\"wp-block-table is-style-stripes\"><table class=\"has-cinza-claro-background-color has-background\"><tbody><tr><td class=\"has-text-align-center\" data-align=\"center\"><a href=\"http:\/\/www.uel.br\/prograd\/?content=documentos\/resolucoes\/2023\/resolucoes.html\"><\/a><strong><strong><a href=\"http:\/\/www.uel.br\/prograd\/?content=documentos\/deliberacoes\/2023\/deliberacoes.html\"><\/a><strong><a href=\"https:\/\/sites.uel.br\/prograd\/camara-de-graduacao-pautas-de-reunioes-2015\/\">2015<\/a><\/strong><\/strong><\/strong><\/td><\/tr><\/tbody><\/table><\/figure>\n\n\n\n<figure class=\"wp-block-table is-style-stripes\"><table class=\"has-cinza-claro-background-color has-background\"><tbody><tr><td class=\"has-text-align-center\" data-align=\"center\"><a href=\"http:\/\/www.uel.br\/prograd\/?content=documentos\/resolucoes\/2023\/resolucoes.html\"><\/a><strong><strong><a href=\"http:\/\/www.uel.br\/prograd\/?content=documentos\/deliberacoes\/2023\/deliberacoes.html\"><\/a><strong><a href=\"https:\/\/sites.uel.br\/prograd\/camara-de-graduacao-pautas-de-reunioes-2014\/\">2014<\/a><\/strong><\/strong><\/strong><\/td><\/tr><\/tbody><\/table><\/figure>\n\n\n\n<figure class=\"wp-block-table is-style-stripes\"><table class=\"has-cinza-claro-background-color has-background\"><tbody><tr><td class=\"has-text-align-center\" data-align=\"center\"><a href=\"http:\/\/www.uel.br\/prograd\/?content=documentos\/resolucoes\/2023\/resolucoes.html\"><\/a><strong><strong><a href=\"http:\/\/www.uel.br\/prograd\/?content=documentos\/deliberacoes\/2023\/deliberacoes.html\"><\/a><strong><a href=\"https:\/\/sites.uel.br\/prograd\/camara-de-graduacao-pautas-de-reunioes-2013\/\">2013<\/a><\/strong><\/strong><\/strong><\/td><\/tr><\/tbody><\/table><\/figure>\n\n\n\n<figure class=\"wp-block-table is-style-stripes\"><table class=\"has-cinza-claro-background-color has-background\"><tbody><tr><td class=\"has-text-align-center\" data-align=\"center\"><a href=\"http:\/\/www.uel.br\/prograd\/?content=documentos\/resolucoes\/2023\/resolucoes.html\"><\/a><strong><strong><a href=\"http:\/\/www.uel.br\/prograd\/?content=documentos\/deliberacoes\/2023\/deliberacoes.html\"><\/a><strong><a href=\"https:\/\/sites.uel.br\/prograd\/camara-de-graduacao-pautas-de-reunioes-2012\/\">2012<\/a><\/strong><\/strong><\/strong><\/td><\/tr><\/tbody><\/table><\/figure>\n\n\n\n<figure class=\"wp-block-table is-style-stripes\"><table class=\"has-cinza-claro-background-color has-background\"><tbody><tr><td class=\"has-text-align-center\" data-align=\"center\"><a href=\"http:\/\/www.uel.br\/prograd\/?content=documentos\/resolucoes\/2023\/resolucoes.html\"><\/a><strong><strong><a href=\"http:\/\/www.uel.br\/prograd\/?content=documentos\/deliberacoes\/2023\/deliberacoes.html\"><\/a><strong><a href=\"https:\/\/sites.uel.br\/prograd\/camara-de-graduacao-pautas-de-reunioes-2011\/\">2011<\/a><\/strong><\/strong><\/strong><\/td><\/tr><\/tbody><\/table><\/figure>\n\n\n\n<figure class=\"wp-block-table is-style-stripes\"><table class=\"has-cinza-claro-background-color has-background\"><tbody><tr><td class=\"has-text-align-center\" data-align=\"center\"><a href=\"http:\/\/www.uel.br\/prograd\/?content=documentos\/resolucoes\/2023\/resolucoes.html\"><\/a><strong><strong><a href=\"http:\/\/www.uel.br\/prograd\/?content=documentos\/deliberacoes\/2023\/deliberacoes.html\"><\/a><strong><a href=\"https:\/\/sites.uel.br\/prograd\/camara-de-graduacao-pautas-de-reunioes-2010\/\">2010<\/a><\/strong><\/strong><\/strong><\/td><\/tr><\/tbody><\/table><\/figure>\n\n\n\n<figure class=\"wp-block-table is-style-stripes\"><table class=\"has-cinza-claro-background-color has-background\"><tbody><tr><td class=\"has-text-align-center\" data-align=\"center\"><a href=\"http:\/\/www.uel.br\/prograd\/?content=documentos\/resolucoes\/2023\/resolucoes.html\"><\/a><strong><strong><a href=\"http:\/\/www.uel.br\/prograd\/?content=documentos\/deliberacoes\/2023\/deliberacoes.html\"><\/a><strong><a href=\"https:\/\/sites.uel.br\/prograd\/camara-de-graduacao-pautas-de-reunioes-2009\/\">2009<\/a><\/strong><\/strong><\/strong><\/td><\/tr><\/tbody><\/table><\/figure>\n\n\n\n<figure class=\"wp-block-table is-style-stripes\"><table class=\"has-cinza-claro-background-color has-background\"><tbody><tr><td class=\"has-text-align-center\" data-align=\"center\"><a href=\"http:\/\/www.uel.br\/prograd\/?content=documentos\/resolucoes\/2023\/resolucoes.html\"><\/a><strong><strong><a href=\"http:\/\/www.uel.br\/prograd\/?content=documentos\/deliberacoes\/2023\/deliberacoes.html\"><\/a><\/strong><\/strong><a href=\"https:\/\/sites.uel.br\/prograd\/camara-de-graduacao-pautas-de-reunioes-2008\/\"><strong><strong><strong>2008<\/strong><\/strong><\/strong> <\/a><\/td><\/tr><\/tbody><\/table><\/figure>\n","protected":false},"excerpt":{"rendered":"<p>Pautas de Reuni\u00f5es da C\u00e2mara de Gradua\u00e7\u00e3o Anos Anteriores 2025 2024 2023 2022 2021 2020 2019 2018 2017 2016 2015 2014 2013 2012 2011 2010 2009 2008<\/p>\n","protected":false},"author":8,"featured_media":0,"parent":0,"menu_order":0,"comment_status":"closed","ping_status":"closed","template":"","meta":{"_acf_changed":false,"_themeisle_gutenberg_block_has_review":false,"footnotes":""},"class_list":["post-3278","page","type-page","status-publish","hentry"],"acf":[],"_links":{"self":[{"href":"https:\/\/sites.uel.br\/prograd\/wp-json\/wp\/v2\/pages\/3278","targetHints":{"allow":["GET"]}}],"collection":[{"href":"https:\/\/sites.uel.br\/prograd\/wp-json\/wp\/v2\/pages"}],"about":[{"href":"https:\/\/sites.uel.br\/prograd\/wp-json\/wp\/v2\/types\/page"}],"author":[{"embeddable":true,"href":"https:\/\/sites.uel.br\/prograd\/wp-json\/wp\/v2\/users\/8"}],"replies":[{"embeddable":true,"href":"https:\/\/sites.uel.br\/prograd\/wp-json\/wp\/v2\/comments?post=3278"}],"version-history":[{"count":18,"href":"https:\/\/sites.uel.br\/prograd\/wp-json\/wp\/v2\/pages\/3278\/revisions"}],"predecessor-version":[{"id":36729,"href":"https:\/\/sites.uel.br\/prograd\/wp-json\/wp\/v2\/pages\/3278\/revisions\/36729"}],"wp:attachment":[{"href":"https:\/\/sites.uel.br\/prograd\/wp-json\/wp\/v2\/media?parent=3278"}],"curies":[{"name":"wp","href":"https:\/\/api.w.org\/{rel}","templated":true}]}}