{"id":3273,"date":"2023-04-12T14:32:35","date_gmt":"2023-04-12T17:32:35","guid":{"rendered":"https:\/\/sites.uel.br\/prograd\/?page_id=3273"},"modified":"2024-05-22T13:33:43","modified_gmt":"2024-05-22T16:33:43","slug":"camara-de-graduacao-atas-da-camara-de-graduacao-2023","status":"publish","type":"page","link":"https:\/\/sites.uel.br\/prograd\/camara-de-graduacao-atas-da-camara-de-graduacao-2023\/","title":{"rendered":"C\u00e2mara de Gradua\u00e7\u00e3o"},"content":{"rendered":"\n<hr class=\"wp-block-separator has-alpha-channel-opacity is-style-wide\"\/>\n\n\n\n<h2 class=\"wp-block-heading\"><strong><strong>Atas da C\u00e2mara de Gradua\u00e7\u00e3o<\/strong><\/strong><\/h2>\n\n\n\n<h3 class=\"wp-block-heading\">Anos Anteriores<\/h3>\n\n\n\n<h3 class=\"wp-block-heading\">2023<\/h3>\n\n\n\n<div style=\"height:20px\" aria-hidden=\"true\" class=\"wp-block-spacer\"><\/div>\n\n\n\n<p><a href=\"https:\/\/sites.uel.br\/prograd\/wp-content\/uploads\/camara_graduacao\/atas\/2023\/ata_304_31_01_23.pdf\" target=\"_blank\" rel=\"noreferrer noopener\">Ata n\u00ba 304 de 31\/01\/2023<\/a><\/p>\n\n\n\n<p><a href=\"https:\/\/sites.uel.br\/prograd\/wp-content\/uploads\/camara_graduacao\/atas\/2023\/ata_305_14_02_23.pdf\" target=\"_blank\" rel=\"noreferrer noopener\">Ata n\u00ba 305 de 14\/02\/2023<\/a><\/p>\n\n\n\n<p><a href=\"https:\/\/sites.uel.br\/prograd\/wp-content\/uploads\/camara_graduacao\/atas\/2023\/ata_306_21_03_23.pdf\" target=\"_blank\" rel=\"noreferrer noopener\">Ata n\u00ba 306 de 21\/03\/2023<\/a><\/p>\n\n\n\n<p><a href=\"https:\/\/sites.uel.br\/prograd\/wp-content\/uploads\/camara_graduacao\/atas\/2023\/ata_307_28_03_23.pdf\" target=\"_blank\" rel=\"noreferrer noopener\">Ata n\u00ba 307 de 28\/03\/2023<\/a><\/p>\n\n\n\n<p><a href=\"https:\/\/sites.uel.br\/prograd\/wp-content\/uploads\/camara_graduacao\/atas\/2023\/ata_308_25_04_23.pdf\" target=\"_blank\" rel=\"noreferrer noopener\">Ata n\u00ba 308 de 25\/04\/2023<\/a><\/p>\n\n\n\n<p><a href=\"https:\/\/sites.uel.br\/prograd\/wp-content\/uploads\/camara_graduacao\/atas\/2023\/ata_309_17_05_23.pdf\" target=\"_blank\" rel=\"noreferrer noopener\">Ata n\u00ba 309 de 17\/05\/2023<\/a><\/p>\n\n\n\n<p><a href=\"https:\/\/sites.uel.br\/prograd\/wp-content\/uploads\/camara_graduacao\/atas\/2023\/ata_310_19_06_23.pdf\" target=\"_blank\" rel=\"noreferrer noopener\">Ata n\u00ba 310 de 19\/06\/2023<\/a><\/p>\n\n\n\n<p><a href=\"https:\/\/sites.uel.br\/prograd\/wp-content\/uploads\/camara_graduacao\/atas\/2023\/ata_311_20_06_23.pdf\" target=\"_blank\" rel=\"noreferrer noopener\">Ata n\u00ba 311 de 20\/06\/2023<\/a><\/p>\n\n\n\n<p><a href=\"https:\/\/sites.uel.br\/prograd\/wp-content\/uploads\/camara_graduacao\/atas\/2023\/ata_312_27_06_23.pdf\" target=\"_blank\" rel=\"noreferrer noopener\">Ata n\u00ba 312 de 27\/06\/2023<\/a><\/p>\n\n\n\n<p><a href=\"https:\/\/sites.uel.br\/prograd\/wp-content\/uploads\/camara_graduacao\/atas\/2023\/ata_313_18_07_23.pdf\" target=\"_blank\" rel=\"noreferrer noopener\">Ata n\u00ba 313 de 18\/07\/2023<\/a><\/p>\n\n\n\n<p><a href=\"https:\/\/sites.uel.br\/prograd\/wp-content\/uploads\/camara_graduacao\/atas\/2023\/ata_314_19_09_23.pdf\" target=\"_blank\" rel=\"noreferrer noopener\">Ata n\u00ba 314 de 19\/09\/2023<\/a><\/p>\n\n\n\n<p><a href=\"https:\/\/sites.uel.br\/prograd\/wp-content\/uploads\/camara_graduacao\/atas\/2023\/ata_315_17_10_23.pdf\" target=\"_blank\" rel=\"noreferrer noopener\">Ata n\u00ba 315 de 17\/10\/2023<\/a><\/p>\n\n\n\n<p><a href=\"https:\/\/sites.uel.br\/prograd\/wp-content\/uploads\/camara_graduacao\/atas\/2023\/ata_316_24_10_23.pdf\" target=\"_blank\" rel=\"noreferrer noopener\">Ata n\u00ba 316 de 24\/10\/2023<\/a><\/p>\n\n\n\n<p><a href=\"https:\/\/sites.uel.br\/prograd\/wp-content\/uploads\/camara_graduacao\/atas\/2023\/ata_317_21_11_23.pdf\" target=\"_blank\" rel=\"noreferrer noopener\">Ata n\u00ba 317 de 21\/11\/2023<\/a><\/p>\n","protected":false},"excerpt":{"rendered":"<p>Atas da C\u00e2mara de Gradua\u00e7\u00e3o Anos Anteriores 2023 Ata n\u00ba 304 de 31\/01\/2023 Ata n\u00ba 305 de 14\/02\/2023 Ata n\u00ba 306 de 21\/03\/2023 Ata n\u00ba 307 de 28\/03\/2023 Ata n\u00ba 308 de 25\/04\/2023 Ata n\u00ba 309 de 17\/05\/2023 Ata n\u00ba 310 de 19\/06\/2023 Ata n\u00ba 311 de 20\/06\/2023 Ata n\u00ba 312 de 27\/06\/2023 Ata n\u00ba [&hellip;]<\/p>\n","protected":false},"author":8,"featured_media":0,"parent":0,"menu_order":0,"comment_status":"closed","ping_status":"closed","template":"","meta":{"_acf_changed":false,"_themeisle_gutenberg_block_has_review":false,"footnotes":""},"class_list":["post-3273","page","type-page","status-publish","hentry"],"acf":[],"_links":{"self":[{"href":"https:\/\/sites.uel.br\/prograd\/wp-json\/wp\/v2\/pages\/3273","targetHints":{"allow":["GET"]}}],"collection":[{"href":"https:\/\/sites.uel.br\/prograd\/wp-json\/wp\/v2\/pages"}],"about":[{"href":"https:\/\/sites.uel.br\/prograd\/wp-json\/wp\/v2\/types\/page"}],"author":[{"embeddable":true,"href":"https:\/\/sites.uel.br\/prograd\/wp-json\/wp\/v2\/users\/8"}],"replies":[{"embeddable":true,"href":"https:\/\/sites.uel.br\/prograd\/wp-json\/wp\/v2\/comments?post=3273"}],"version-history":[{"count":15,"href":"https:\/\/sites.uel.br\/prograd\/wp-json\/wp\/v2\/pages\/3273\/revisions"}],"predecessor-version":[{"id":30068,"href":"https:\/\/sites.uel.br\/prograd\/wp-json\/wp\/v2\/pages\/3273\/revisions\/30068"}],"wp:attachment":[{"href":"https:\/\/sites.uel.br\/prograd\/wp-json\/wp\/v2\/media?parent=3273"}],"curies":[{"name":"wp","href":"https:\/\/api.w.org\/{rel}","templated":true}]}}