{"id":32220,"date":"2024-09-17T11:04:12","date_gmt":"2024-09-17T14:04:12","guid":{"rendered":"https:\/\/sites.uel.br\/prograd\/?page_id=32220"},"modified":"2024-09-18T11:39:08","modified_gmt":"2024-09-18T14:39:08","slug":"catalogo-dos-cursos-de-graduacao-2024-zootecnia","status":"publish","type":"page","link":"https:\/\/sites.uel.br\/prograd\/catalogo-dos-cursos-de-graduacao-2024-zootecnia\/","title":{"rendered":"Cat\u00e1logo dos Cursos de Gradua\u00e7\u00e3o (2024)"},"content":{"rendered":"\n<hr class=\"wp-block-separator has-alpha-channel-opacity is-style-wide\"\/>\n\n\n\n<h2 class=\"wp-block-heading\">Zootecnia<\/h2>\n\n\n\n<p><strong>Cria\u00e7\u00e3o<\/strong><br>Resolu\u00e7\u00e3o CEPE e CA n.\u00ba 61\/01<strong>&nbsp;<\/strong><\/p>\n\n\n\n<p><strong>Grau<\/strong><br>Zootecnista&nbsp;<\/p>\n\n\n\n<p><strong>Turno<\/strong><br>Integral<strong>&nbsp;<\/strong><\/p>\n\n\n\n<p><strong>Perfil do Profissional<\/strong><br>O formando deve apresentar compet\u00eancias e habilidades para: planejar, dirigir, gerenciar, coordenar, executar, controlar e assistir diferentes sistemas de animais \u00fateis ao homem, de programas de melhoramento gen\u00e9tico, de biot\u00e9cnicas, de reprodu\u00e7\u00e3o, de nutri\u00e7\u00e3o, alimenta\u00e7\u00e3o e dietas, de transporte, manipula\u00e7\u00e3o e abate, de industrializa\u00e7\u00e3o de produtos e subprodutos de origem animal, de higiene e profilaxia animal, agregando valores e otimizando o uso dos recursos potencialmente dispon\u00edveis e tecnologias sociais e economicamente adapt\u00e1veis; planejar, executar e assistir projetos de constru\u00e7\u00f5es rurais, instala\u00e7\u00f5es zoot\u00e9cnicas e de ambi\u00eancia animal; planejar, executar e assistir projetos de forma\u00e7\u00e3o, produ\u00e7\u00e3o e manuten\u00e7\u00e3o de pastagens e forrageiras, bem como a sua conserva\u00e7\u00e3o, o controle de pragas, a aduba\u00e7\u00e3o, a manuten\u00e7\u00e3o da qualidade do solo e da \u00e1gua e o controle ambiental; administrar e assistir propriedades rurais, estabelecimentos industriais e comerciais ligados \u00e0 produ\u00e7\u00e3o, melhoramento e tecnologias animais; elaborar projetos pecu\u00e1rios, avaliando propostas, realizando per\u00edcias e consultorias; avaliar, classificar, tipificar, padronizar, rastrear e certificar animais e seus produtos, co-produtos e derivados em todos os seus est\u00e1gios de produ\u00e7\u00e3o; executar o julgamento, supervisionar e assessorar a inscri\u00e7\u00e3o de animais em sociedades de registro geneal\u00f3gico, exposi\u00e7\u00f5es, provas e avalia\u00e7\u00f5es funcionais e zoot\u00e9cnicas; atuar nas \u00e1reas de difus\u00e3o de tecnologias, informa\u00e7\u00e3o e comunica\u00e7\u00e3o especializada em zootecnia; possuir autonomia intelectual e esp\u00edrito investigativo para compreender e solucionar conflitos, dentro dos limites \u00e9ticos impostos pela sua capacidade e consci\u00eancia profissional e desenvolver pesquisas, extens\u00e3o e disseminar conhecimentos nas \u00e1reas de interesse zoot\u00e9cnico.<\/p>\n\n\n\n<p><strong>Objetivo do Curso<\/strong><br>Proporcionar subs\u00eddios para a forma\u00e7\u00e3o de zootecnistas, permitindo aos estudantes situa\u00e7\u00f5es de aprendizagem a fim de desenvolverem compet\u00eancias e habilidades para atuar, integrar e intervir na realidade social, econ\u00f4mica, pol\u00edtica e cultural, promovendo o desenvolvimento, o bem-estar e a qualidade de vida dos cidad\u00e3os e comunidades; fornecer embasamento te\u00f3rico e pr\u00e1tico para que o egresso possa atuar em Zootecnia; qualificar o discente \u00e0 apropria\u00e7\u00e3o e produ\u00e7\u00e3o de conhecimentos que possam identificar e apontar solu\u00e7\u00f5es para problemas ligados \u00e0 Zootecnia; desenvolver a capacidade anal\u00edtica, cr\u00edtica, t\u00e9cnica e criativa dos alunos e qualificar os alunos para a continuidade dos estudos em n\u00edvel de p\u00f3s-gradua\u00e7\u00e3o.<\/p>\n\n\n\n<p><strong>Campos de Atua\u00e7\u00e3o<\/strong><br>Ao Zootecnista compete: fomentar o desenvolvimento da pol\u00edtica da produ\u00e7\u00e3o pecu\u00e1ria do pa\u00eds, dedicando-se a pesquisas, prescrevendo normas t\u00e9cnicas que levem ao aumento da produ\u00e7\u00e3o e da produtividade dos animais dom\u00e9sticos; cuidar da forma\u00e7\u00e3o, conserva\u00e7\u00e3o e utiliza\u00e7\u00e3o de pastagens e culturas forrageiras; aperfei\u00e7oar as t\u00e9cnicas de melhoramento gen\u00e9tico animal; supervisionar esta\u00e7\u00f5es experimentais destinadas \u00e0 cria\u00e7\u00e3o e explora\u00e7\u00e3o dos animais; exercer a supervis\u00e3o t\u00e9cnica de exposi\u00e7\u00f5es oficiais; participar nos julgamentos de animais; supervisionar e assessorar na inscri\u00e7\u00e3o de animais em sociedades de registros geneal\u00f3gicos e em provas zoot\u00e9cnicas; elaborar, orientar e administrar a execu\u00e7\u00e3o de projetos agropecu\u00e1rios na \u00e1rea de produ\u00e7\u00e3o animal; orientar a profilaxia de animais de interesse zoot\u00e9cnico; melhorar as condi\u00e7\u00f5es de manejo alimentar e reprodutivo dos animais; atuar na \u00e1rea de nutri\u00e7\u00e3o animal; desenvolver atividades de assist\u00eancia t\u00e9cnica e extens\u00e3o rural na \u00e1rea de produ\u00e7\u00e3o animal; avaliar, classificar e tipificar produtos de origem animal; avaliar e realizar peritagem em animais; al\u00e9m de disseminar o seu aprendizado atrav\u00e9s do ensino em escolas especializadas e institui\u00e7\u00f5es de ensino m\u00e9dio e superior. A profiss\u00e3o de Zootecnista foi regulamentada pela Lei de n.\u00ba 5.550, de 04\/12\/1968. A regulamenta\u00e7\u00e3o do campo de atividade foi determinada pela Resolu\u00e7\u00e3o n.\u00ba 619 de 14\/12\/1994 do Conselho Federal de Medicina Veterin\u00e1ria.<\/p>\n\n\n\n<p><strong>Sistema&nbsp;Acad\u00eamico<\/strong><br>Cr\u00e9dito Anual<\/p>\n\n\n\n<p><strong>Dura\u00e7\u00e3o M\u00ednima e M\u00e1xima<\/strong><br>5\/10 anos<\/p>\n\n\n\n<p><strong>Turno\/vagas<\/strong><br>Integral \u2013 40<\/p>\n\n\n\n<div style=\"height:21px\" aria-hidden=\"true\" class=\"wp-block-spacer\"><\/div>\n\n\n\n<h3 class=\"wp-block-heading\"><strong>Saiba Mais Sobre o Curso de Zootecnia<\/strong><\/h3>\n\n\n\n<p><a href=\"https:\/\/sites.uel.br\/prograd\/wp-content\/uploads\/catalogo_cursos\/2024\/organizacao_curricular\/zootecnia.pdf\" target=\"_blank\" rel=\"noreferrer noopener\">Organiza\u00e7\u00e3o Curricular<\/a><\/p>\n\n\n\n<p><a href=\"https:\/\/sites.uel.br\/prograd\/wp-content\/uploads\/catalogo_cursos\/2024\/ementas\/zootecnia.pdf\" target=\"_blank\" rel=\"noreferrer noopener\">Ementas<\/a><\/p>\n\n\n\n<p><a href=\"https:\/\/sites.uel.br\/prograd\/wp-content\/uploads\/catalogo_cursos\/2024\/corpo_docente\/zootecnia.pdf\" target=\"_blank\" rel=\"noreferrer noopener\">Corpo Docente<\/a><\/p>\n\n\n\n<p><a href=\"http:\/\/www.uel.br\/prograd\/catalogo-cursos\/catalogo_2022\/estrutura_recursos\/estrutura_recursos.pdf\" target=\"_blank\" rel=\"noreferrer noopener\"><\/a><a href=\"https:\/\/sites.uel.br\/prograd\/wp-content\/uploads\/2023\/12\/estrutura_recursos.pdf\" target=\"_blank\" rel=\"noreferrer noopener\"><\/a><a href=\"https:\/\/sites.uel.br\/prograd\/wp-content\/uploads\/catalogo_cursos\/2024\/estrutura_recursos\/estrutura_recursos.pdf\" target=\"_blank\" rel=\"noreferrer noopener\">Estrutura\/Recursos<\/a><\/p>\n\n\n\n<p><a href=\"https:\/\/sites.uel.br\/prograd\/wp-content\/uploads\/documentos\/resolucoes\/2021\/resolucao_81_21.pdf\" target=\"_blank\" rel=\"noreferrer noopener\">Projeto Pedag\u00f3gico<\/a><\/p>\n","protected":false},"excerpt":{"rendered":"<p>Zootecnia Cria\u00e7\u00e3oResolu\u00e7\u00e3o CEPE e CA n.\u00ba 61\/01&nbsp; GrauZootecnista&nbsp; TurnoIntegral&nbsp; Perfil do ProfissionalO formando deve apresentar compet\u00eancias e habilidades para: planejar, dirigir, gerenciar, coordenar, executar, controlar e assistir diferentes sistemas de animais \u00fateis ao homem, de programas de melhoramento gen\u00e9tico, de biot\u00e9cnicas, de reprodu\u00e7\u00e3o, de nutri\u00e7\u00e3o, alimenta\u00e7\u00e3o e dietas, de transporte, manipula\u00e7\u00e3o e abate, de industrializa\u00e7\u00e3o [&hellip;]<\/p>\n","protected":false},"author":8,"featured_media":0,"parent":0,"menu_order":0,"comment_status":"closed","ping_status":"closed","template":"","meta":{"_acf_changed":false,"_themeisle_gutenberg_block_has_review":false,"footnotes":""},"class_list":["post-32220","page","type-page","status-publish","hentry"],"acf":[],"_links":{"self":[{"href":"https:\/\/sites.uel.br\/prograd\/wp-json\/wp\/v2\/pages\/32220","targetHints":{"allow":["GET"]}}],"collection":[{"href":"https:\/\/sites.uel.br\/prograd\/wp-json\/wp\/v2\/pages"}],"about":[{"href":"https:\/\/sites.uel.br\/prograd\/wp-json\/wp\/v2\/types\/page"}],"author":[{"embeddable":true,"href":"https:\/\/sites.uel.br\/prograd\/wp-json\/wp\/v2\/users\/8"}],"replies":[{"embeddable":true,"href":"https:\/\/sites.uel.br\/prograd\/wp-json\/wp\/v2\/comments?post=32220"}],"version-history":[{"count":3,"href":"https:\/\/sites.uel.br\/prograd\/wp-json\/wp\/v2\/pages\/32220\/revisions"}],"predecessor-version":[{"id":32637,"href":"https:\/\/sites.uel.br\/prograd\/wp-json\/wp\/v2\/pages\/32220\/revisions\/32637"}],"wp:attachment":[{"href":"https:\/\/sites.uel.br\/prograd\/wp-json\/wp\/v2\/media?parent=32220"}],"curies":[{"name":"wp","href":"https:\/\/api.w.org\/{rel}","templated":true}]}}