{"id":32219,"date":"2024-09-17T11:03:59","date_gmt":"2024-09-17T14:03:59","guid":{"rendered":"https:\/\/sites.uel.br\/prograd\/?page_id=32219"},"modified":"2024-09-18T11:49:08","modified_gmt":"2024-09-18T14:49:08","slug":"catalogo-dos-cursos-de-graduacao-2024-tecnologia-em-gestao-publica-ead","status":"publish","type":"page","link":"https:\/\/sites.uel.br\/prograd\/catalogo-dos-cursos-de-graduacao-2024-tecnologia-em-gestao-publica-ead\/","title":{"rendered":"Cat\u00e1logo dos Cursos de Gradua\u00e7\u00e3o (2024)"},"content":{"rendered":"\n<hr class=\"wp-block-separator has-alpha-channel-opacity is-style-wide\"\/>\n\n\n\n<h2 class=\"wp-block-heading\">Tecnologia em Gest\u00e3o P\u00fablica (EAD)<\/h2>\n\n\n\n<p><strong>Cria\u00e7\u00e3o<\/strong><br><\/p>\n\n\n\n<p><strong>Grau<\/strong><br><\/p>\n\n\n\n<p><strong>Turno<\/strong><br><\/p>\n\n\n\n<p><strong>Perfil do Profissional<\/strong><br><\/p>\n\n\n\n<p><strong>Objetivo do Curso<\/strong><br><\/p>\n\n\n\n<p><strong>Campos de Atua\u00e7\u00e3o<\/strong><br><\/p>\n\n\n\n<p><strong>Sistema&nbsp;Acad\u00eamico<\/strong><br><\/p>\n\n\n\n<p><strong>Dura\u00e7\u00e3o M\u00ednima e M\u00e1xima<\/strong><br><\/p>\n\n\n\n<p><strong>Turno\/vagas<\/strong><br><\/p>\n\n\n\n<div style=\"height:21px\" aria-hidden=\"true\" class=\"wp-block-spacer\"><\/div>\n\n\n\n<h3 class=\"wp-block-heading\"><strong>Saiba Mais Sobre o Curso de Tecnologia em Gest\u00e3o P\u00fablica (EAD)<\/strong><\/h3>\n\n\n\n<p><a href=\"https:\/\/sites.uel.br\/prograd\/wp-content\/uploads\/catalogo_cursos\/2024\/organizacao_curricular\/tecnologia_gestao_publica_ead.pdf\" target=\"_blank\" rel=\"noreferrer noopener\">Organiza\u00e7\u00e3o Curricular<\/a><\/p>\n\n\n\n<p><a href=\"https:\/\/sites.uel.br\/prograd\/wp-content\/uploads\/catalogo_cursos\/2024\/ementas\/tecnologia_gestao_publica_ead.pdf\" target=\"_blank\" rel=\"noreferrer noopener\">Ementas<\/a><\/p>\n\n\n\n<p><a href=\"https:\/\/sites.uel.br\/prograd\/wp-content\/uploads\/catalogo_cursos\/2024\/corpo_docente\/tecnologia_gestao_publica_ead.pdf\" target=\"_blank\" rel=\"noreferrer noopener\">Corpo Docente<\/a><\/p>\n\n\n\n<p><a href=\"http:\/\/www.uel.br\/prograd\/catalogo-cursos\/catalogo_2022\/estrutura_recursos\/estrutura_recursos.pdf\" target=\"_blank\" rel=\"noreferrer noopener\"><\/a><a href=\"https:\/\/sites.uel.br\/prograd\/wp-content\/uploads\/2023\/12\/estrutura_recursos.pdf\" target=\"_blank\" rel=\"noreferrer noopener\"><\/a><a href=\"https:\/\/sites.uel.br\/prograd\/wp-content\/uploads\/catalogo_cursos\/2024\/estrutura_recursos\/estrutura_recursos.pdf\" target=\"_blank\" rel=\"noreferrer noopener\">Estrutura\/Recursos<\/a><\/p>\n\n\n\n<p><a href=\"https:\/\/sites.uel.br\/prograd\/wp-content\/uploads\/documentos\/resolucoes\/2023\/resolucao_02_23.pdf\" target=\"_blank\" rel=\"noreferrer noopener\">Projeto Pedag\u00f3gico<\/a><\/p>\n","protected":false},"excerpt":{"rendered":"<p>Tecnologia em Gest\u00e3o P\u00fablica (EAD) Cria\u00e7\u00e3o Grau Turno Perfil do Profissional Objetivo do Curso Campos de Atua\u00e7\u00e3o Sistema&nbsp;Acad\u00eamico Dura\u00e7\u00e3o M\u00ednima e M\u00e1xima Turno\/vagas Saiba Mais Sobre o Curso de Tecnologia em Gest\u00e3o P\u00fablica (EAD) Organiza\u00e7\u00e3o Curricular Ementas Corpo Docente Estrutura\/Recursos Projeto Pedag\u00f3gico<\/p>\n","protected":false},"author":8,"featured_media":0,"parent":0,"menu_order":0,"comment_status":"closed","ping_status":"closed","template":"","meta":{"_acf_changed":false,"_themeisle_gutenberg_block_has_review":false,"footnotes":""},"class_list":["post-32219","page","type-page","status-publish","hentry"],"acf":[],"_links":{"self":[{"href":"https:\/\/sites.uel.br\/prograd\/wp-json\/wp\/v2\/pages\/32219","targetHints":{"allow":["GET"]}}],"collection":[{"href":"https:\/\/sites.uel.br\/prograd\/wp-json\/wp\/v2\/pages"}],"about":[{"href":"https:\/\/sites.uel.br\/prograd\/wp-json\/wp\/v2\/types\/page"}],"author":[{"embeddable":true,"href":"https:\/\/sites.uel.br\/prograd\/wp-json\/wp\/v2\/users\/8"}],"replies":[{"embeddable":true,"href":"https:\/\/sites.uel.br\/prograd\/wp-json\/wp\/v2\/comments?post=32219"}],"version-history":[{"count":8,"href":"https:\/\/sites.uel.br\/prograd\/wp-json\/wp\/v2\/pages\/32219\/revisions"}],"predecessor-version":[{"id":32642,"href":"https:\/\/sites.uel.br\/prograd\/wp-json\/wp\/v2\/pages\/32219\/revisions\/32642"}],"wp:attachment":[{"href":"https:\/\/sites.uel.br\/prograd\/wp-json\/wp\/v2\/media?parent=32219"}],"curies":[{"name":"wp","href":"https:\/\/api.w.org\/{rel}","templated":true}]}}