{"id":32218,"date":"2024-09-17T11:03:44","date_gmt":"2024-09-17T14:03:44","guid":{"rendered":"https:\/\/sites.uel.br\/prograd\/?page_id=32218"},"modified":"2024-09-18T11:38:58","modified_gmt":"2024-09-18T14:38:58","slug":"catalogo-dos-cursos-de-graduacao-2024-servico-social","status":"publish","type":"page","link":"https:\/\/sites.uel.br\/prograd\/catalogo-dos-cursos-de-graduacao-2024-servico-social\/","title":{"rendered":"Cat\u00e1logo dos Cursos de Gradua\u00e7\u00e3o (2024)"},"content":{"rendered":"\n<hr class=\"wp-block-separator has-alpha-channel-opacity is-style-wide\"\/>\n\n\n\n<h2 class=\"wp-block-heading\">Servi\u00e7o Social<\/h2>\n\n\n\n<p><strong>Cria\u00e7\u00e3o<\/strong><br>Resolu\u00e7\u00e3o n.\u00ba 100, de 25.05.72<\/p>\n\n\n\n<p><strong>Grau<\/strong><br>Assistente Social&nbsp;<\/p>\n\n\n\n<p><strong>Turno<\/strong><br>Matutino\/noturno<\/p>\n\n\n\n<p><strong>Perfil do Profissional<\/strong><br>O bacharel em Servi\u00e7o Social formado pela UEL deve ser um profissional: capaz de atuar na malha dos servi\u00e7os sociais, formulando e implementando propostas para sua expans\u00e3o e desenvolvimento, por meio de pol\u00edticas sociais p\u00fablicas, empresariais, de organiza\u00e7\u00f5es da sociedade civil e dos movimentos sociais; dotado de forma\u00e7\u00e3o intelectual e cultural generalista cr\u00edtica, competente em sua \u00e1rea de desempenho, com capacidade de inser\u00e7\u00e3o criativa e propositiva, no conjunto das rela\u00e7\u00f5es sociais e no mercado de trabalho; comprometido com os valores e princ\u00edpios norteadores do C\u00f3digo de \u00c9tica do assistente social e habilitado a intervir atrav\u00e9s do uso adequado de estrat\u00e9gias, instrumentos e t\u00e9cnicas na rela\u00e7\u00e3o direta com a popula\u00e7\u00e3o usu\u00e1ria de servi\u00e7os sociais.<\/p>\n\n\n\n<p><strong>Objetivo do Curso<\/strong><br>O Curso de Servi\u00e7o Social pretende formar assistentes sociais capazes de intervir e construir conhecimentos numa perspectiva cr\u00edtico-cient\u00edfica, considerando as demandas decorrentes da din\u00e2mica da sociedade, do Estado e do pr\u00f3prio Servi\u00e7o Social. Para isso, oferece instrumentos para levar o aluno a: Conhecer os determinantes das desigualdades sociais como express\u00f5es da quest\u00e3o social; Analisar o surgimento e a consolida\u00e7\u00e3o da profiss\u00e3o; Adquirir habilidades necess\u00e1rias \u00e0 elabora\u00e7\u00e3o de trabalhos cient\u00edficos e \u00e0 viv\u00eancia acad\u00eamica; Conhecer as formas de interven\u00e7\u00e3o do Estado na quest\u00e3o social; Conhecer as propostas de interven\u00e7\u00e3o profissional; Assumir postura \u00e9tica com rela\u00e7\u00e3o \u00e0 a\u00e7\u00e3o profissional; Desenvolver habilidades b\u00e1sicas para a interven\u00e7\u00e3o profissional; Conhecer os instrumentos da administra\u00e7\u00e3o e do planejamento social; Intervir nas v\u00e1rias \u00e1reas da pol\u00edtica social; Participar do processo de interven\u00e7\u00e3o supervisionada e aprofundar as principais quest\u00f5es abordadas durante o curso atrav\u00e9s da reflex\u00e3o dirigida e da elabora\u00e7\u00e3o de trabalho cient\u00edfico.<\/p>\n\n\n\n<p><strong>Campos de Atua\u00e7\u00e3o<\/strong><br>Empresas p\u00fablicas e privadas, organismos comunit\u00e1rios, organiza\u00e7\u00f5es n\u00e3o governamentais. A profiss\u00e3o \u00e9 regulamentada pela Lei n.\u00ba 8.662, de 07.06.93.<\/p>\n\n\n\n<p><strong>Sistema&nbsp;Acad\u00eamico<\/strong><br>Matr\u00edcula por S\u00e9rie<\/p>\n\n\n\n<p><strong>Dura\u00e7\u00e3o M\u00ednima e M\u00e1xima<\/strong><br>4\/8 anos<\/p>\n\n\n\n<p><strong>Turno\/vagas<\/strong><br>Matutino \u2013 40\/noturno \u2013 40<\/p>\n\n\n\n<div style=\"height:21px\" aria-hidden=\"true\" class=\"wp-block-spacer\"><\/div>\n\n\n\n<h3 class=\"wp-block-heading\"><strong>Saiba Mais Sobre o Curso de Servi\u00e7o Social<\/strong><\/h3>\n\n\n\n<p>Organiza\u00e7\u00e3o Curricular<br>(<a href=\"https:\/\/sites.uel.br\/prograd\/wp-content\/uploads\/catalogo_cursos\/2024\/organizacao_curricular\/servico_social_matutino.pdf\" target=\"_blank\" rel=\"noreferrer noopener\">Matutino<\/a>) (<a href=\"https:\/\/sites.uel.br\/prograd\/wp-content\/uploads\/catalogo_cursos\/2024\/organizacao_curricular\/servico_social_noturno.pdf\" target=\"_blank\" rel=\"noreferrer noopener\">Noturno<\/a>)<\/p>\n\n\n\n<p>Ementas<br>(<a href=\"https:\/\/sites.uel.br\/prograd\/wp-content\/uploads\/catalogo_cursos\/2024\/ementas\/servico_social_matutino.pdf\" target=\"_blank\" rel=\"noreferrer noopener\">Matutino<\/a>) (<a href=\"https:\/\/sites.uel.br\/prograd\/wp-content\/uploads\/catalogo_cursos\/2024\/ementas\/servico_social_noturno.pdf\" target=\"_blank\" rel=\"noreferrer noopener\">Noturno<\/a>)<\/p>\n\n\n\n<p>Corpo Docente<br>(<a href=\"https:\/\/sites.uel.br\/prograd\/wp-content\/uploads\/catalogo_cursos\/2024\/corpo_docente\/servico_social_matutino.pdf\" target=\"_blank\" rel=\"noreferrer noopener\">Matutino<\/a>) (<a href=\"https:\/\/sites.uel.br\/prograd\/wp-content\/uploads\/catalogo_cursos\/2024\/corpo_docente\/servico_social_noturno.pdf\" target=\"_blank\" rel=\"noreferrer noopener\">Noturno<\/a>)<\/p>\n\n\n\n<p><a href=\"http:\/\/www.uel.br\/prograd\/catalogo-cursos\/catalogo_2022\/estrutura_recursos\/estrutura_recursos.pdf\" target=\"_blank\" rel=\"noreferrer noopener\"><\/a><a href=\"https:\/\/sites.uel.br\/prograd\/wp-content\/uploads\/2023\/12\/estrutura_recursos.pdf\" target=\"_blank\" rel=\"noreferrer noopener\"><\/a><a href=\"https:\/\/sites.uel.br\/prograd\/wp-content\/uploads\/catalogo_cursos\/2024\/estrutura_recursos\/estrutura_recursos.pdf\" target=\"_blank\" rel=\"noreferrer noopener\">Estrutura\/Recursos<\/a><\/p>\n\n\n\n<p><a href=\"https:\/\/sites.uel.br\/prograd\/wp-content\/uploads\/documentos\/resolucoes\/2022\/resolucao_21_22.pdf\" target=\"_blank\" rel=\"noreferrer noopener\">Projeto Pedag\u00f3gico<\/a><\/p>\n","protected":false},"excerpt":{"rendered":"<p>Servi\u00e7o Social Cria\u00e7\u00e3oResolu\u00e7\u00e3o n.\u00ba 100, de 25.05.72 GrauAssistente Social&nbsp; TurnoMatutino\/noturno Perfil do ProfissionalO bacharel em Servi\u00e7o Social formado pela UEL deve ser um profissional: capaz de atuar na malha dos servi\u00e7os sociais, formulando e implementando propostas para sua expans\u00e3o e desenvolvimento, por meio de pol\u00edticas sociais p\u00fablicas, empresariais, de organiza\u00e7\u00f5es da sociedade civil e dos [&hellip;]<\/p>\n","protected":false},"author":8,"featured_media":0,"parent":0,"menu_order":0,"comment_status":"closed","ping_status":"closed","template":"","meta":{"_acf_changed":false,"_themeisle_gutenberg_block_has_review":false,"footnotes":""},"class_list":["post-32218","page","type-page","status-publish","hentry"],"acf":[],"_links":{"self":[{"href":"https:\/\/sites.uel.br\/prograd\/wp-json\/wp\/v2\/pages\/32218","targetHints":{"allow":["GET"]}}],"collection":[{"href":"https:\/\/sites.uel.br\/prograd\/wp-json\/wp\/v2\/pages"}],"about":[{"href":"https:\/\/sites.uel.br\/prograd\/wp-json\/wp\/v2\/types\/page"}],"author":[{"embeddable":true,"href":"https:\/\/sites.uel.br\/prograd\/wp-json\/wp\/v2\/users\/8"}],"replies":[{"embeddable":true,"href":"https:\/\/sites.uel.br\/prograd\/wp-json\/wp\/v2\/comments?post=32218"}],"version-history":[{"count":4,"href":"https:\/\/sites.uel.br\/prograd\/wp-json\/wp\/v2\/pages\/32218\/revisions"}],"predecessor-version":[{"id":32635,"href":"https:\/\/sites.uel.br\/prograd\/wp-json\/wp\/v2\/pages\/32218\/revisions\/32635"}],"wp:attachment":[{"href":"https:\/\/sites.uel.br\/prograd\/wp-json\/wp\/v2\/media?parent=32218"}],"curies":[{"name":"wp","href":"https:\/\/api.w.org\/{rel}","templated":true}]}}