{"id":32216,"date":"2024-09-17T11:03:11","date_gmt":"2024-09-17T14:03:11","guid":{"rendered":"https:\/\/sites.uel.br\/prograd\/?page_id=32216"},"modified":"2024-09-18T11:38:34","modified_gmt":"2024-09-18T14:38:34","slug":"catalogo-dos-cursos-de-graduacao-2024-relacoes-publicas","status":"publish","type":"page","link":"https:\/\/sites.uel.br\/prograd\/catalogo-dos-cursos-de-graduacao-2024-relacoes-publicas\/","title":{"rendered":"Cat\u00e1logo dos Cursos de Gradua\u00e7\u00e3o (2024)"},"content":{"rendered":"\n<hr class=\"wp-block-separator has-alpha-channel-opacity is-style-wide\"\/>\n\n\n\n<h2 class=\"wp-block-heading\">Rela\u00e7\u00f5es P\u00fablicas<\/h2>\n\n\n\n<p><strong>Cria\u00e7\u00e3o<\/strong><br>Resolu\u00e7\u00e3o n.\u00ba 202, de 15.12.73<\/p>\n\n\n\n<p><strong>Grau<\/strong><br>Bacharel em Rela\u00e7\u00f5es P\u00fablicas&nbsp;<\/p>\n\n\n\n<p><strong>Turno<\/strong><br>Matutino\/noturno&nbsp;<\/p>\n\n\n\n<p><strong>Perfil do Profissional<\/strong><br>O profissional de Rela\u00e7\u00f5es P\u00fablicas deve estar apto a prestar assessoramento na solu\u00e7\u00e3o de problemas institucionais e socioculturais que influam na posi\u00e7\u00e3o da entidade perante a opini\u00e3o dos p\u00fablicos por meio do gerenciamento da comunica\u00e7\u00e3o. Planejar e executar programa\u00e7\u00f5es de opini\u00e3o p\u00fablica; orientar dirigentes de organiza\u00e7\u00f5es na formula\u00e7\u00e3o de pol\u00edticas de Rela\u00e7\u00f5es P\u00fablicas; informar e orientar a opini\u00e3o p\u00fablica sobre os objetivos de uma organiza\u00e7\u00e3o; abrir canais dirigidos de comunica\u00e7\u00e3o com os p\u00fablicos; planejar e supervisionar a utiliza\u00e7\u00e3o de multim\u00eddia para fins institucionais; exercer o ensino da comunica\u00e7\u00e3o social com \u00eanfase em Rela\u00e7\u00f5es P\u00fablicas.<\/p>\n\n\n\n<p><strong>Objetivo do Curso<\/strong><br>Formar profissionais capacitados para administrar a comunica\u00e7\u00e3o da organiza\u00e7\u00e3o visando a cria\u00e7\u00e3o de relacionamentos e um fluxo constante de informa\u00e7\u00e3o entre os seus diferentes p\u00fablicos.<\/p>\n\n\n\n<p><strong>Campos de Atua\u00e7\u00e3o<\/strong><br>Os profissionais de Rela\u00e7\u00f5es P\u00fablicas atuam no campo da comunica\u00e7\u00e3o empresarial, comunit\u00e1ria e governamental, planejando, executando e avaliando projetos e programas que objetivam a comunica\u00e7\u00e3o de institui\u00e7\u00f5es de diferentes ramos de atividade. Coordenam e planejam a comunica\u00e7\u00e3o das organiza\u00e7\u00f5es com seus colaboradores, com a m\u00eddia em geral, com os fornecedores, intermedi\u00e1rios, revendedores e principalmente com seus clientes\/consumidores. A profiss\u00e3o \u00e9 regulamentada pela Lei n.\u00ba 5.377, de 11.12.67 e Decreto n.\u00ba 63.283, de 26.09.68.<\/p>\n\n\n\n<p><strong>Sistema&nbsp;Acad\u00eamico<\/strong><br>Matr\u00edcula por S\u00e9rie<\/p>\n\n\n\n<p><strong>Dura\u00e7\u00e3o M\u00ednima e M\u00e1xima<\/strong><br>4\/8 anos<\/p>\n\n\n\n<p><strong>Turno\/vagas<\/strong><br>Matutino \u2013 25\/noturno \u2013 25<\/p>\n\n\n\n<div style=\"height:21px\" aria-hidden=\"true\" class=\"wp-block-spacer\"><\/div>\n\n\n\n<h3 class=\"wp-block-heading\"><strong>Saiba Mais Sobre o Curso de Rela\u00e7\u00f5es P\u00fablicas<\/strong><\/h3>\n\n\n\n<p>Organiza\u00e7\u00e3o Curricular<br>(<a href=\"https:\/\/sites.uel.br\/prograd\/wp-content\/uploads\/catalogo_cursos\/2024\/organizacao_curricular\/relacoes_publicas_matutino.pdf\" target=\"_blank\" rel=\"noreferrer noopener\">Matutino<\/a>) (<a href=\"https:\/\/sites.uel.br\/prograd\/wp-content\/uploads\/catalogo_cursos\/2024\/organizacao_curricular\/relacoes_publicas_noturno.pdf\" target=\"_blank\" rel=\"noreferrer noopener\">Noturno<\/a>)<\/p>\n\n\n\n<p>Ementas<br>(<a href=\"https:\/\/sites.uel.br\/prograd\/wp-content\/uploads\/catalogo_cursos\/2024\/ementas\/relacoes_publicas_matutino.pdf\" target=\"_blank\" rel=\"noreferrer noopener\">Matutino<\/a>) (<a href=\"https:\/\/sites.uel.br\/prograd\/wp-content\/uploads\/catalogo_cursos\/2024\/ementas\/relacoes_publicas_noturno.pdf\" target=\"_blank\" rel=\"noreferrer noopener\">Noturno<\/a>)<\/p>\n\n\n\n<p>Corpo Docente<br>(<a href=\"https:\/\/sites.uel.br\/prograd\/wp-content\/uploads\/catalogo_cursos\/2024\/corpo_docente\/relacoes_publicas_matutino.pdf\" target=\"_blank\" rel=\"noreferrer noopener\">Matutino<\/a>) (<a href=\"https:\/\/sites.uel.br\/prograd\/wp-content\/uploads\/catalogo_cursos\/2024\/corpo_docente\/relacoes_publicas_noturno.pdf\" target=\"_blank\" rel=\"noreferrer noopener\">Noturno<\/a>)<\/p>\n\n\n\n<p><a href=\"http:\/\/www.uel.br\/prograd\/catalogo-cursos\/catalogo_2022\/estrutura_recursos\/estrutura_recursos.pdf\" target=\"_blank\" rel=\"noreferrer noopener\"><\/a><a href=\"https:\/\/sites.uel.br\/prograd\/wp-content\/uploads\/2023\/12\/estrutura_recursos.pdf\" target=\"_blank\" rel=\"noreferrer noopener\"><\/a><a href=\"https:\/\/sites.uel.br\/prograd\/wp-content\/uploads\/catalogo_cursos\/2024\/estrutura_recursos\/estrutura_recursos.pdf\" target=\"_blank\" rel=\"noreferrer noopener\">Estrutura\/Recursos<\/a><\/p>\n\n\n\n<p><a href=\"https:\/\/sites.uel.br\/prograd\/wp-content\/uploads\/documentos\/resolucoes\/2023\/resolucao_04_23.pdf\" target=\"_blank\" rel=\"noreferrer noopener\">Projeto Pedag\u00f3gico<\/a><\/p>\n","protected":false},"excerpt":{"rendered":"<p>Rela\u00e7\u00f5es P\u00fablicas Cria\u00e7\u00e3oResolu\u00e7\u00e3o n.\u00ba 202, de 15.12.73 GrauBacharel em Rela\u00e7\u00f5es P\u00fablicas&nbsp; TurnoMatutino\/noturno&nbsp; Perfil do ProfissionalO profissional de Rela\u00e7\u00f5es P\u00fablicas deve estar apto a prestar assessoramento na solu\u00e7\u00e3o de problemas institucionais e socioculturais que influam na posi\u00e7\u00e3o da entidade perante a opini\u00e3o dos p\u00fablicos por meio do gerenciamento da comunica\u00e7\u00e3o. Planejar e executar programa\u00e7\u00f5es de opini\u00e3o [&hellip;]<\/p>\n","protected":false},"author":8,"featured_media":0,"parent":0,"menu_order":0,"comment_status":"closed","ping_status":"closed","template":"","meta":{"_acf_changed":false,"_themeisle_gutenberg_block_has_review":false,"footnotes":""},"class_list":["post-32216","page","type-page","status-publish","hentry"],"acf":[],"_links":{"self":[{"href":"https:\/\/sites.uel.br\/prograd\/wp-json\/wp\/v2\/pages\/32216","targetHints":{"allow":["GET"]}}],"collection":[{"href":"https:\/\/sites.uel.br\/prograd\/wp-json\/wp\/v2\/pages"}],"about":[{"href":"https:\/\/sites.uel.br\/prograd\/wp-json\/wp\/v2\/types\/page"}],"author":[{"embeddable":true,"href":"https:\/\/sites.uel.br\/prograd\/wp-json\/wp\/v2\/users\/8"}],"replies":[{"embeddable":true,"href":"https:\/\/sites.uel.br\/prograd\/wp-json\/wp\/v2\/comments?post=32216"}],"version-history":[{"count":4,"href":"https:\/\/sites.uel.br\/prograd\/wp-json\/wp\/v2\/pages\/32216\/revisions"}],"predecessor-version":[{"id":32633,"href":"https:\/\/sites.uel.br\/prograd\/wp-json\/wp\/v2\/pages\/32216\/revisions\/32633"}],"wp:attachment":[{"href":"https:\/\/sites.uel.br\/prograd\/wp-json\/wp\/v2\/media?parent=32216"}],"curies":[{"name":"wp","href":"https:\/\/api.w.org\/{rel}","templated":true}]}}