{"id":32215,"date":"2024-09-17T11:02:54","date_gmt":"2024-09-17T14:02:54","guid":{"rendered":"https:\/\/sites.uel.br\/prograd\/?page_id=32215"},"modified":"2024-09-18T11:38:30","modified_gmt":"2024-09-18T14:38:30","slug":"catalogo-dos-cursos-de-graduacao-2024-quimica-licenciatura","status":"publish","type":"page","link":"https:\/\/sites.uel.br\/prograd\/catalogo-dos-cursos-de-graduacao-2024-quimica-licenciatura\/","title":{"rendered":"Cat\u00e1logo dos Cursos de Gradua\u00e7\u00e3o (2024)"},"content":{"rendered":"\n<hr class=\"wp-block-separator has-alpha-channel-opacity is-style-wide\"\/>\n\n\n\n<h2 class=\"wp-block-heading\">Qu\u00edmica \u2013 Licenciatura<\/h2>\n\n\n\n<p><strong>Cria\u00e7\u00e3o<\/strong><br>Resolu\u00e7\u00e3o n.\u00ba 100. de 25.05.72<\/p>\n\n\n\n<p><strong>Grau<\/strong><br>Licenciado em Qu\u00edmica&nbsp;<\/p>\n\n\n\n<p><strong>Turno<\/strong><br>Noturno<\/p>\n\n\n\n<p><strong>Perfil do Profissional<\/strong><br>O licenciado em Qu\u00edmica pela UEL deve ter forma\u00e7\u00e3o generalista, mas s\u00f3lida e abrangente em conte\u00fados dos diversos campos da \u00e1rea e prepara\u00e7\u00e3o adequada \u00e0 aplica\u00e7\u00e3o pedag\u00f3gica do conhecimento e experi\u00eancias de Qu\u00edmica e de \u00e1reas afins para uma boa atua\u00e7\u00e3o profissional no Ensino M\u00e9dio. Para isso, deve deter as seguintes compet\u00eancias: dom\u00ednio dos conceitos b\u00e1sicos das diversas \u00e1reas da Qu\u00edmica; dom\u00ednio das t\u00e9cnicas pedag\u00f3gicas e do uso de materiais did\u00e1ticos; adequados, vivenciando a intera\u00e7\u00e3o professor-aluno, para cumprir o seu papel no processo ensino-aprendizagem; capacidade de refletir criticamente sobre quest\u00f5es culturais, cient\u00edficas e tecnol\u00f3gicas, considerando os aspectos human\u00edsticos, sociais e ambientais, na qualidade de sujeito pol\u00edtico e no exerc\u00edcio ativo e respons\u00e1vel de sua cidadania; conhecimentos t\u00e9cnicos e cient\u00edficos para desenvolver as atribui\u00e7\u00f5es definidas pela Resolu\u00e7\u00e3o 36 do Conselho Federal de Qu\u00edmica; capacidade de atuar de forma multidisciplinar e\/ou transdisciplinar e capacidade de compreens\u00e3o da necessidade de cont\u00ednuo aperfei\u00e7oamento profissional.<\/p>\n\n\n\n<p><strong>Objetivo do Curso<\/strong><br>Formar o profissional de Qu\u00edmica para exercer o magist\u00e9rio e tamb\u00e9m para desenvolver atribui\u00e7\u00f5es previstas na Resolu\u00e7\u00e3o 36, de 25\/4\/74, do Conselho Federal de Qu\u00edmica, tais como: fazer pesquisas b\u00e1sicas e de desenvolvimento de m\u00e9todos, produtos e aplica\u00e7\u00f5es em sua \u00e1rea de atua\u00e7\u00e3o. Planejar, supervisionar e fazer estudos de caracteriza\u00e7\u00e3o de sistemas de an\u00e1lise; fazer an\u00e1lises qu\u00edmicas, f\u00edsico-qu\u00edmicas e qu\u00edmico-biol\u00f3gicas; exercer, planejar e gerenciar o controle qu\u00edmico da qualidade de mat\u00e9rias-primas e produtos; atuar no controle ambiental de poluentes ou rejeitos industriais; realizar estudos de viabilidade t\u00e9cnica e t\u00e9cnico-econ\u00f4mica no campo da qu\u00edmica; exercer atividades de dire\u00e7\u00e3o, supervis\u00e3o, responsabilidade t\u00e9cnica, assist\u00eancia t\u00e9cnica, consultoria, assessoria, per\u00edcia no \u00e2mbito das atribui\u00e7\u00f5es do qu\u00edmico licenciado; desenvolver, desde o in\u00edcio do Curso, atividades t\u00e9cnicas e pr\u00e1ticas, de forma integrada e interdisciplinar; promover a integra\u00e7\u00e3o e sedimenta\u00e7\u00e3o dos conte\u00fados atrav\u00e9s da multidisciplinaridade e interdisciplinaridade; desenvolver, nas atividades pr\u00e1ticas e de est\u00e1gio, estrat\u00e9gias de ensino que permitam ao aluno participar ativamente do processo de constru\u00e7\u00e3o do conhecimento; desenvolver, no licenciado, habilidades para transmitir conte\u00fados de Qu\u00edmica aplicando diferentes estrat\u00e9gias de ensino; valorizar a carreira do professor, enfatizando a import\u00e2ncia do dom\u00ednio do processo educativo e o papel pol\u00edtico da educa\u00e7\u00e3o; incentivar a pesquisa em educa\u00e7\u00e3o como instrumento de qualifica\u00e7\u00e3o profissional e de educa\u00e7\u00e3o continuada, ap\u00f3s a obten\u00e7\u00e3o do diploma; abrir espa\u00e7o para o aprofundamento de tem\u00e1ticas educacionais em Qu\u00edmica, estimulando o contato dos licenciados com a p\u00f3s-gradua\u00e7\u00e3o em Educa\u00e7\u00e3o em geral e no Ensino de Qu\u00edmica em particular; possibilitar a viv\u00eancia das diversas dimens\u00f5es do processo educativo por meio de uma integra\u00e7\u00e3o com a rede escolar de Ensino M\u00e9dio, em especial a p\u00fablica e possibilitar ao licenciado em Qu\u00edmica s\u00f3lida forma\u00e7\u00e3o b\u00e1sica, com dom\u00ednio dos conceitos fundamentais da \u00e1rea, com capacidade de compreender e transmitir os conte\u00fados de Qu\u00edmica.<\/p>\n\n\n\n<p><strong>Campos de Atua\u00e7\u00e3o<\/strong><br>Escolas p\u00fablicas e privadas de ensino fundamental, m\u00e9dio e superior, institui\u00e7\u00f5es cient\u00edficas, de pesquisa, ind\u00fastrias ou profissionais aut\u00f4nomos.<\/p>\n\n\n\n<p><strong>Sistema&nbsp;Acad\u00eamico<\/strong><br>Matr\u00edcula por Atividade Acad\u00eamica<\/p>\n\n\n\n<p><strong>Dura\u00e7\u00e3o M\u00ednima e M\u00e1xima<\/strong><br>5\/10 anos<\/p>\n\n\n\n<p><strong>Turno\/vagas<\/strong><br>Noturno \u2013 40<\/p>\n\n\n\n<div style=\"height:21px\" aria-hidden=\"true\" class=\"wp-block-spacer\"><\/div>\n\n\n\n<h3 class=\"wp-block-heading\"><strong>Saiba Mais Sobre o Curso de&nbsp;Qu\u00edmica \u2013 Licenciatura<\/strong><\/h3>\n\n\n\n<p><a href=\"https:\/\/sites.uel.br\/prograd\/wp-content\/uploads\/catalogo_cursos\/2024\/organizacao_curricular\/quimica_licenciatura.pdf\" target=\"_blank\" rel=\"noreferrer noopener\">Organiza\u00e7\u00e3o Curricular<\/a><\/p>\n\n\n\n<p><a href=\"https:\/\/sites.uel.br\/prograd\/wp-content\/uploads\/catalogo_cursos\/2024\/ementas\/quimica_licenciatura.pdf\" target=\"_blank\" rel=\"noreferrer noopener\">Ementas<\/a><\/p>\n\n\n\n<p><a href=\"https:\/\/sites.uel.br\/prograd\/wp-content\/uploads\/catalogo_cursos\/2024\/corpo_docente\/quimica_licenciatura.pdf\" target=\"_blank\" rel=\"noreferrer noopener\">Corpo Docente<\/a><\/p>\n\n\n\n<p><a href=\"http:\/\/www.uel.br\/prograd\/catalogo-cursos\/catalogo_2022\/estrutura_recursos\/estrutura_recursos.pdf\" target=\"_blank\" rel=\"noreferrer noopener\"><\/a><a href=\"https:\/\/sites.uel.br\/prograd\/wp-content\/uploads\/2023\/12\/estrutura_recursos.pdf\" target=\"_blank\" rel=\"noreferrer noopener\"><\/a><a href=\"https:\/\/sites.uel.br\/prograd\/wp-content\/uploads\/catalogo_cursos\/2024\/estrutura_recursos\/estrutura_recursos.pdf\" target=\"_blank\" rel=\"noreferrer noopener\">Estrutura\/Recursos<\/a><\/p>\n\n\n\n<p><a href=\"https:\/\/sites.uel.br\/prograd\/wp-content\/uploads\/documentos\/resolucoes\/2022\/resolucao_108_22.pdf\" target=\"_blank\" rel=\"noreferrer noopener\">Projeto Pedag\u00f3gico<\/a><\/p>\n","protected":false},"excerpt":{"rendered":"<p>Qu\u00edmica \u2013 Licenciatura Cria\u00e7\u00e3oResolu\u00e7\u00e3o n.\u00ba 100. de 25.05.72 GrauLicenciado em Qu\u00edmica&nbsp; TurnoNoturno Perfil do ProfissionalO licenciado em Qu\u00edmica pela UEL deve ter forma\u00e7\u00e3o generalista, mas s\u00f3lida e abrangente em conte\u00fados dos diversos campos da \u00e1rea e prepara\u00e7\u00e3o adequada \u00e0 aplica\u00e7\u00e3o pedag\u00f3gica do conhecimento e experi\u00eancias de Qu\u00edmica e de \u00e1reas afins para uma boa atua\u00e7\u00e3o [&hellip;]<\/p>\n","protected":false},"author":8,"featured_media":0,"parent":0,"menu_order":0,"comment_status":"closed","ping_status":"closed","template":"","meta":{"_acf_changed":false,"_themeisle_gutenberg_block_has_review":false,"footnotes":""},"class_list":["post-32215","page","type-page","status-publish","hentry"],"acf":[],"_links":{"self":[{"href":"https:\/\/sites.uel.br\/prograd\/wp-json\/wp\/v2\/pages\/32215","targetHints":{"allow":["GET"]}}],"collection":[{"href":"https:\/\/sites.uel.br\/prograd\/wp-json\/wp\/v2\/pages"}],"about":[{"href":"https:\/\/sites.uel.br\/prograd\/wp-json\/wp\/v2\/types\/page"}],"author":[{"embeddable":true,"href":"https:\/\/sites.uel.br\/prograd\/wp-json\/wp\/v2\/users\/8"}],"replies":[{"embeddable":true,"href":"https:\/\/sites.uel.br\/prograd\/wp-json\/wp\/v2\/comments?post=32215"}],"version-history":[{"count":4,"href":"https:\/\/sites.uel.br\/prograd\/wp-json\/wp\/v2\/pages\/32215\/revisions"}],"predecessor-version":[{"id":32632,"href":"https:\/\/sites.uel.br\/prograd\/wp-json\/wp\/v2\/pages\/32215\/revisions\/32632"}],"wp:attachment":[{"href":"https:\/\/sites.uel.br\/prograd\/wp-json\/wp\/v2\/media?parent=32215"}],"curies":[{"name":"wp","href":"https:\/\/api.w.org\/{rel}","templated":true}]}}