{"id":32212,"date":"2024-09-17T11:04:18","date_gmt":"2024-09-17T14:04:18","guid":{"rendered":"https:\/\/sites.uel.br\/prograd\/?page_id=32212"},"modified":"2024-09-18T11:38:16","modified_gmt":"2024-09-18T14:38:16","slug":"catalogo-dos-cursos-de-graduacao-2024-pedagogia","status":"publish","type":"page","link":"https:\/\/sites.uel.br\/prograd\/catalogo-dos-cursos-de-graduacao-2024-pedagogia\/","title":{"rendered":"Cat\u00e1logo dos Cursos de Gradua\u00e7\u00e3o (2024)"},"content":{"rendered":"\n<hr class=\"wp-block-separator has-alpha-channel-opacity is-style-wide\"\/>\n\n\n\n<h2 class=\"wp-block-heading\">Pedagogia<\/h2>\n\n\n\n<p><strong>Cria\u00e7\u00e3o<\/strong><br>Decreto Estadual n.\u00ba 29.916, de 28.05.60<\/p>\n\n\n\n<p><strong>Grau<\/strong><br>Licenciado em Pedagogia&nbsp;<\/p>\n\n\n\n<p><strong>Turno<\/strong><br>Matutino\/noturno&nbsp;<\/p>\n\n\n\n<p><strong>Perfil do Profissional<\/strong><br>O Curso de Pedagogia formar\u00e1 um profissional cuja base de atua\u00e7\u00e3o \u00e9 Magist\u00e9rio para os Anos Iniciais do Ensino Fundamental; Magist\u00e9rio para a Educa\u00e7\u00e3o Infantil; Magist\u00e9rio das Mat\u00e9rias Pedag\u00f3gicas do Ensino M\u00e9dio e Gest\u00e3o Pedag\u00f3gica escolar e n\u00e3o escolar. O Curso de Pedagogia deve abranger a forma\u00e7\u00e3o do Pedagogo num sentido amplo que contemple a educa\u00e7\u00e3o escolar, prioritariamente, e a educa\u00e7\u00e3o n\u00e3o escolar. A primeira, entendida nas pr\u00e1ticas educativas desenvolvidas no sistema de ensino em que a institui\u00e7\u00e3o escolar configura-se como principal espa\u00e7o de atua\u00e7\u00e3o do pedagogo e, a segunda que apresenta, como espa\u00e7o de atua\u00e7\u00e3o, outras institui\u00e7\u00f5es, associa\u00e7\u00f5es, organiza\u00e7\u00f5es e grupos dos diferentes segmentos da sociedade.<\/p>\n\n\n\n<p><strong>Objetivo do Curso<\/strong><br>Formar o profissional para atuar no Magist\u00e9rio da Educa\u00e7\u00e3o Infantil; Magist\u00e9rio dos Anos Iniciais do Ensino Fundamental e no Magist\u00e9rio das Mat\u00e9rias Pedag\u00f3gicas; na Gest\u00e3o Pedag\u00f3gica escolar e n\u00e3o escolar.<\/p>\n\n\n\n<p><strong>Campos de Atua\u00e7\u00e3o<\/strong><br>Escolares: Doc\u00eancia (Centros de Educa\u00e7\u00e3o Infantil; Forma\u00e7\u00e3o de professores em n\u00edvel m\u00e9dio; Anos Iniciais; Educa\u00e7\u00e3o de Jovens e Adultos) e Gest\u00e3o Pedag\u00f3gica \u2013 planejamento, organiza\u00e7\u00e3o e desenvolvimento do trabalho pedag\u00f3gico escolar que se desenvolve na Educa\u00e7\u00e3o Infantil, no Ensino Fundamental e M\u00e9dio e nas demais modalidades de ensino da Educa\u00e7\u00e3o B\u00e1sica. N\u00e3o Escolares: na doc\u00eancia e na gest\u00e3o pedag\u00f3gica \u2013 planejamento, organiza\u00e7\u00e3o e desenvolvimento do trabalho pedag\u00f3gico que se desenvolve em espa\u00e7os n\u00e3o escolares (movimentos sociais, espa\u00e7os comunit\u00e1rios, projetos educativos vinculados ao Poder P\u00fablico ou nas ONGs).<\/p>\n\n\n\n<p><strong>Sistema&nbsp;Acad\u00eamico<\/strong><br>Matr\u00edcula por Atividade Acad\u00eamica<\/p>\n\n\n\n<p><strong>Dura\u00e7\u00e3o M\u00ednima e M\u00e1xima<\/strong><br>4\/8 anos<\/p>\n\n\n\n<p><strong>Turno\/vagas<\/strong><br>Matutino \u2013 80\/noturno \u2013 80<\/p>\n\n\n\n<div style=\"height:21px\" aria-hidden=\"true\" class=\"wp-block-spacer\"><\/div>\n\n\n\n<h3 class=\"wp-block-heading\"><strong>Saiba Mais Sobre o Curso de Pedagogia<\/strong><\/h3>\n\n\n\n<p>Organiza\u00e7\u00e3o Curricular<br>(<a href=\"https:\/\/sites.uel.br\/prograd\/wp-content\/uploads\/catalogo_cursos\/2024\/organizacao_curricular\/pedagogia_matutino.pdf\" target=\"_blank\" rel=\"noreferrer noopener\">Matutino<\/a>) (<a href=\"https:\/\/sites.uel.br\/prograd\/wp-content\/uploads\/catalogo_cursos\/2024\/organizacao_curricular\/pedagogia_noturno.pdf\" target=\"_blank\" rel=\"noreferrer noopener\">Noturno<\/a>)<\/p>\n\n\n\n<p>Ementas<br>(<a href=\"https:\/\/sites.uel.br\/prograd\/wp-content\/uploads\/catalogo_cursos\/2024\/ementas\/pedagogia_matutino.pdf\" target=\"_blank\" rel=\"noreferrer noopener\">Matutino<\/a>) (<a href=\"https:\/\/sites.uel.br\/prograd\/wp-content\/uploads\/catalogo_cursos\/2024\/ementas\/pedagogia_noturno.pdf\" target=\"_blank\" rel=\"noreferrer noopener\">Noturno<\/a>)<\/p>\n\n\n\n<p>Corpo Docente<br>(<a href=\"https:\/\/sites.uel.br\/prograd\/wp-content\/uploads\/catalogo_cursos\/2024\/corpo_docente\/pedagogia_matutino.pdf\" target=\"_blank\" rel=\"noreferrer noopener\">Matutino<\/a>) (<a href=\"https:\/\/sites.uel.br\/prograd\/wp-content\/uploads\/catalogo_cursos\/2024\/corpo_docente\/pedagogia_noturno.pdf\" target=\"_blank\" rel=\"noreferrer noopener\">Noturno<\/a>)<\/p>\n\n\n\n<p><a href=\"http:\/\/www.uel.br\/prograd\/catalogo-cursos\/catalogo_2022\/estrutura_recursos\/estrutura_recursos.pdf\" target=\"_blank\" rel=\"noreferrer noopener\"><\/a><a href=\"https:\/\/sites.uel.br\/prograd\/wp-content\/uploads\/2023\/12\/estrutura_recursos.pdf\" target=\"_blank\" rel=\"noreferrer noopener\"><\/a><a href=\"https:\/\/sites.uel.br\/prograd\/wp-content\/uploads\/catalogo_cursos\/2024\/estrutura_recursos\/estrutura_recursos.pdf\" target=\"_blank\" rel=\"noreferrer noopener\">Estrutura\/Recursos<\/a><\/p>\n\n\n\n<p><a href=\"https:\/\/sites.uel.br\/prograd\/wp-content\/uploads\/documentos\/resolucoes\/2023\/resolucao_56_23.pdf\" target=\"_blank\" rel=\"noreferrer noopener\">Projeto Pedag\u00f3gico<\/a><\/p>\n","protected":false},"excerpt":{"rendered":"<p>Pedagogia Cria\u00e7\u00e3oDecreto Estadual n.\u00ba 29.916, de 28.05.60 GrauLicenciado em Pedagogia&nbsp; TurnoMatutino\/noturno&nbsp; Perfil do ProfissionalO Curso de Pedagogia formar\u00e1 um profissional cuja base de atua\u00e7\u00e3o \u00e9 Magist\u00e9rio para os Anos Iniciais do Ensino Fundamental; Magist\u00e9rio para a Educa\u00e7\u00e3o Infantil; Magist\u00e9rio das Mat\u00e9rias Pedag\u00f3gicas do Ensino M\u00e9dio e Gest\u00e3o Pedag\u00f3gica escolar e n\u00e3o escolar. O Curso de [&hellip;]<\/p>\n","protected":false},"author":8,"featured_media":0,"parent":0,"menu_order":0,"comment_status":"closed","ping_status":"closed","template":"","meta":{"_acf_changed":false,"_themeisle_gutenberg_block_has_review":false,"footnotes":""},"class_list":["post-32212","page","type-page","status-publish","hentry"],"acf":[],"_links":{"self":[{"href":"https:\/\/sites.uel.br\/prograd\/wp-json\/wp\/v2\/pages\/32212","targetHints":{"allow":["GET"]}}],"collection":[{"href":"https:\/\/sites.uel.br\/prograd\/wp-json\/wp\/v2\/pages"}],"about":[{"href":"https:\/\/sites.uel.br\/prograd\/wp-json\/wp\/v2\/types\/page"}],"author":[{"embeddable":true,"href":"https:\/\/sites.uel.br\/prograd\/wp-json\/wp\/v2\/users\/8"}],"replies":[{"embeddable":true,"href":"https:\/\/sites.uel.br\/prograd\/wp-json\/wp\/v2\/comments?post=32212"}],"version-history":[{"count":4,"href":"https:\/\/sites.uel.br\/prograd\/wp-json\/wp\/v2\/pages\/32212\/revisions"}],"predecessor-version":[{"id":32629,"href":"https:\/\/sites.uel.br\/prograd\/wp-json\/wp\/v2\/pages\/32212\/revisions\/32629"}],"wp:attachment":[{"href":"https:\/\/sites.uel.br\/prograd\/wp-json\/wp\/v2\/media?parent=32212"}],"curies":[{"name":"wp","href":"https:\/\/api.w.org\/{rel}","templated":true}]}}