{"id":32182,"date":"2024-09-17T10:55:12","date_gmt":"2024-09-17T13:55:12","guid":{"rendered":"https:\/\/sites.uel.br\/prograd\/?page_id=32182"},"modified":"2024-09-18T11:37:15","modified_gmt":"2024-09-18T14:37:15","slug":"catalogo-dos-cursos-de-graduacao-2024-letras-espanhol","status":"publish","type":"page","link":"https:\/\/sites.uel.br\/prograd\/catalogo-dos-cursos-de-graduacao-2024-letras-espanhol\/","title":{"rendered":"Cat\u00e1logo dos Cursos de Gradua\u00e7\u00e3o (2024)"},"content":{"rendered":"\n<hr class=\"wp-block-separator has-alpha-channel-opacity is-style-wide\"\/>\n\n\n\n<h2 class=\"wp-block-heading\">Letras Espanhol<\/h2>\n\n\n\n<p><strong>Cria\u00e7\u00e3o<\/strong><br>Resolu\u00e7\u00e3o CEPE n\u00ba 362\/2005<\/p>\n\n\n\n<p><strong>Grau<\/strong><br>Licenciado em Letras Espanhol&nbsp;<\/p>\n\n\n\n<p><strong>Turno<\/strong><br>Noturno<\/p>\n\n\n\n<p><strong>Perfil do Profissional<\/strong><br>O Curso de Gradua\u00e7\u00e3o em Letras Espanhol, Licenciatura em L\u00edngua Espanhola e Literatura Hisp\u00e2nica busca formar professores cr\u00edticos e comprometidos com a \u00e9tica, com dom\u00ednio de recursos did\u00e1tico-pedag\u00f3gicos e tecnol\u00f3gicos voltados para pr\u00e1ticas democr\u00e1ticas da educa\u00e7\u00e3o e com habilidades investigativas diante de seu objeto de estudo e de pr\u00e1ticas educacionais.<\/p>\n\n\n\n<p><strong>Objetivo do Curso<\/strong><br>O Curso de Gradua\u00e7\u00e3o em Letras Espanhol, Licenciatura em L\u00edngua Espanhola e Literatura Hisp\u00e2nica tem por objetivo formar professores para atuar nas \u00e1reas de L\u00edngua Espanhola e Literaturas de L\u00edngua Espanhola, no Ensino Fundamental e M\u00e9dio, capazes de aliarem a forma\u00e7\u00e3o te\u00f3rica com a pr\u00e1tica profissional, de forma cr\u00edtica e reflexiva. Al\u00e9m das atividades de magist\u00e9rio, o egresso poder\u00e1 desempenhar fun\u00e7\u00f5es junto a editoras nas \u00e1reas de revis\u00e3o de textos, elabora\u00e7\u00e3o e avalia\u00e7\u00e3o de materiais did\u00e1ticos e tradu\u00e7\u00e3o.<\/p>\n\n\n\n<p><strong>Campos de Atua\u00e7\u00e3o<\/strong><br>Institui\u00e7\u00f5es de Ensino Fundamental e M\u00e9dio da rede p\u00fablica e privada; escolas de idiomas; editoras.<\/p>\n\n\n\n<p><strong>Sistema&nbsp;Acad\u00eamico<\/strong><br>Matr\u00edcula por Atividade Acad\u00eamica<\/p>\n\n\n\n<p><strong>Dura\u00e7\u00e3o M\u00ednima e M\u00e1xima<\/strong><br>4\/8 anos<\/p>\n\n\n\n<p><strong>Turno\/vagas<\/strong><br>Noturno \u2013 40<\/p>\n\n\n\n<div style=\"height:21px\" aria-hidden=\"true\" class=\"wp-block-spacer\"><\/div>\n\n\n\n<h3 class=\"wp-block-heading\"><strong>Saiba Mais Sobre o Curso de&nbsp;Letras Espanhol<\/strong><\/h3>\n\n\n\n<p><a href=\"https:\/\/sites.uel.br\/prograd\/wp-content\/uploads\/catalogo_cursos\/2024\/organizacao_curricular\/letras_lingua_espanhola_noturno.pdf\" target=\"_blank\" rel=\"noreferrer noopener\">Organiza\u00e7\u00e3o Curricular<\/a><\/p>\n\n\n\n<p><a href=\"https:\/\/sites.uel.br\/prograd\/wp-content\/uploads\/catalogo_cursos\/2024\/ementas\/letras_lingua_espanhola_noturno.pdf\" target=\"_blank\" rel=\"noreferrer noopener\">Ementas<\/a><\/p>\n\n\n\n<p><a href=\"https:\/\/sites.uel.br\/prograd\/wp-content\/uploads\/catalogo_cursos\/2024\/corpo_docente\/letras_lingua_espanhola.pdf\" target=\"_blank\" rel=\"noreferrer noopener\">Corpo Docente<\/a><\/p>\n\n\n\n<p><a href=\"http:\/\/www.uel.br\/prograd\/catalogo-cursos\/catalogo_2022\/estrutura_recursos\/estrutura_recursos.pdf\" target=\"_blank\" rel=\"noreferrer noopener\"><\/a><a href=\"https:\/\/sites.uel.br\/prograd\/wp-content\/uploads\/2023\/12\/estrutura_recursos.pdf\" target=\"_blank\" rel=\"noreferrer noopener\"><\/a><a href=\"https:\/\/sites.uel.br\/prograd\/wp-content\/uploads\/catalogo_cursos\/2024\/estrutura_recursos\/estrutura_recursos.pdf\" target=\"_blank\" rel=\"noreferrer noopener\">Estrutura\/Recursos<\/a><\/p>\n\n\n\n<p><a href=\"https:\/\/sites.uel.br\/prograd\/wp-content\/uploads\/documentos\/resolucoes\/2023\/resolucao_18_23.pdf\" target=\"_blank\" rel=\"noreferrer noopener\">Projeto Pedag\u00f3gico<\/a><\/p>\n","protected":false},"excerpt":{"rendered":"<p>Letras Espanhol Cria\u00e7\u00e3oResolu\u00e7\u00e3o CEPE n\u00ba 362\/2005 GrauLicenciado em Letras Espanhol&nbsp; TurnoNoturno Perfil do ProfissionalO Curso de Gradua\u00e7\u00e3o em Letras Espanhol, Licenciatura em L\u00edngua Espanhola e Literatura Hisp\u00e2nica busca formar professores cr\u00edticos e comprometidos com a \u00e9tica, com dom\u00ednio de recursos did\u00e1tico-pedag\u00f3gicos e tecnol\u00f3gicos voltados para pr\u00e1ticas democr\u00e1ticas da educa\u00e7\u00e3o e com habilidades investigativas diante de [&hellip;]<\/p>\n","protected":false},"author":8,"featured_media":0,"parent":0,"menu_order":0,"comment_status":"closed","ping_status":"closed","template":"","meta":{"_acf_changed":false,"_themeisle_gutenberg_block_has_review":false,"footnotes":""},"class_list":["post-32182","page","type-page","status-publish","hentry"],"acf":[],"_links":{"self":[{"href":"https:\/\/sites.uel.br\/prograd\/wp-json\/wp\/v2\/pages\/32182","targetHints":{"allow":["GET"]}}],"collection":[{"href":"https:\/\/sites.uel.br\/prograd\/wp-json\/wp\/v2\/pages"}],"about":[{"href":"https:\/\/sites.uel.br\/prograd\/wp-json\/wp\/v2\/types\/page"}],"author":[{"embeddable":true,"href":"https:\/\/sites.uel.br\/prograd\/wp-json\/wp\/v2\/users\/8"}],"replies":[{"embeddable":true,"href":"https:\/\/sites.uel.br\/prograd\/wp-json\/wp\/v2\/comments?post=32182"}],"version-history":[{"count":3,"href":"https:\/\/sites.uel.br\/prograd\/wp-json\/wp\/v2\/pages\/32182\/revisions"}],"predecessor-version":[{"id":32618,"href":"https:\/\/sites.uel.br\/prograd\/wp-json\/wp\/v2\/pages\/32182\/revisions\/32618"}],"wp:attachment":[{"href":"https:\/\/sites.uel.br\/prograd\/wp-json\/wp\/v2\/media?parent=32182"}],"curies":[{"name":"wp","href":"https:\/\/api.w.org\/{rel}","templated":true}]}}