{"id":32132,"date":"2024-09-17T10:44:36","date_gmt":"2024-09-17T13:44:36","guid":{"rendered":"https:\/\/sites.uel.br\/prograd\/?page_id=32132"},"modified":"2024-09-18T11:32:54","modified_gmt":"2024-09-18T14:32:54","slug":"catalogo-dos-cursos-de-graduacao-2024-artes-visuais","status":"publish","type":"page","link":"https:\/\/sites.uel.br\/prograd\/catalogo-dos-cursos-de-graduacao-2024-artes-visuais\/","title":{"rendered":"Cat\u00e1logo dos Cursos de Gradua\u00e7\u00e3o (2024)"},"content":{"rendered":"\n<hr class=\"wp-block-separator has-alpha-channel-opacity is-style-wide\"\/>\n\n\n\n<h2 class=\"wp-block-heading\">Artes Visuais<\/h2>\n\n\n\n<p><strong>Cria\u00e7\u00e3o<\/strong><br>Resolu\u00e7\u00e3o CEPE n.\u00ba 30, de 09.03.05<\/p>\n\n\n\n<p><strong>Grau<\/strong><br>Licenciado em Artes Visuais&nbsp;<\/p>\n\n\n\n<p><strong>Turno<\/strong><br>Matutino\/noturno<\/p>\n\n\n\n<p><strong>Perfil do Profissional<\/strong><br>O profissional formado pelo curso de Arte Visual deve ser capaz de: compreender a educa\u00e7\u00e3o enquanto realidade inserida no contexto hist\u00f3rico-social, apreendendo-a e recriando-a no contexto do ensino de arte; redimensionar de forma integrada o desenvolvimento do ser humano, a partir da vis\u00e3o cr\u00edtica da realidade em que atua, consciente de sua sociedade e do seu tempo hist\u00f3rico; operar as po\u00e9ticas pl\u00e1stico\/visuais dominando seu conte\u00fado te\u00f3rico-pr\u00e1tico a partir do fazer reflexivo; desenvolver trabalhos de investiga\u00e7\u00e3o com vistas \u00e0 consolida\u00e7\u00e3o e \u00e0 difus\u00e3o do conhecimento art\u00edstico; atuar como agente cultural, identificando as demandas e definindo as estrat\u00e9gias necess\u00e1rias para a implementa\u00e7\u00e3o de a\u00e7\u00f5es espec\u00edficas esta \u00e1rea e promover a conscientiza\u00e7\u00e3o e estimular a preserva\u00e7\u00e3o do patrim\u00f4nio natural, art\u00edstico e cultural.<\/p>\n\n\n\n<p><strong>Objetivo do Curso<\/strong><br>Habilitar para o exerc\u00edcio pedag\u00f3gico no ensino de Arte Visual em n\u00edvel fundamental e m\u00e9dio, mediante a forma\u00e7\u00e3o pedag\u00f3gica espec\u00edfica para este campo de ensino; habilitar para o exerc\u00edcio das po\u00e9ticas pl\u00e1stico-visuais por meio da experimenta\u00e7\u00e3o e da cria\u00e7\u00e3o em projetos coletivos e individuais; habilitar para a investiga\u00e7\u00e3o metodol\u00f3gica dos fen\u00f4menos art\u00edstico-culturais segundo as diferentes vertentes te\u00f3ricas que contemplam o pensamento art\u00edstico em sua hist\u00f3ria; habilitar para a a\u00e7\u00e3o cultural a partir das pol\u00edticas culturais.<\/p>\n\n\n\n<p><strong>Campos de Atua\u00e7\u00e3o<\/strong><br>Institui\u00e7\u00f5es de ensino p\u00fablica e privada, atelier de arte e projetos culturais comunit\u00e1rios.<\/p>\n\n\n\n<p><strong>Sistema&nbsp;Acad\u00eamico<\/strong><br>Matr\u00edcula por S\u00e9rie<\/p>\n\n\n\n<p><strong>Dura\u00e7\u00e3o M\u00ednima e M\u00e1xima<\/strong><br>4 \u00bd\/9 anos<\/p>\n\n\n\n<p><strong>Turno\/vagas<\/strong><br>Matutino \u2013 20\/noturno \u2013 20<\/p>\n\n\n\n<div style=\"height:21px\" aria-hidden=\"true\" class=\"wp-block-spacer\"><\/div>\n\n\n\n<h3 class=\"wp-block-heading\"><strong>Saiba Mais Sobre o Curso de&nbsp;Artes Visuais<\/strong><\/h3>\n\n\n\n<p>Organiza\u00e7\u00e3o Curricular<br>(<a href=\"https:\/\/sites.uel.br\/prograd\/wp-content\/uploads\/catalogo_cursos\/2024\/organizacao_curricular\/artes_visuais_matutino.pdf\" target=\"_blank\" rel=\"noreferrer noopener\">Matutino<\/a>) (<a href=\"https:\/\/sites.uel.br\/prograd\/wp-content\/uploads\/catalogo_cursos\/2024\/organizacao_curricular\/artes_visuais_noturno.pdf\" target=\"_blank\" rel=\"noreferrer noopener\">Noturno<\/a>)<\/p>\n\n\n\n<p>Ementas<br>(<a href=\"https:\/\/sites.uel.br\/prograd\/wp-content\/uploads\/catalogo_cursos\/2024\/ementas\/artes_visuais_matutino.pdf\" target=\"_blank\" rel=\"noreferrer noopener\">Matutino<\/a>) (<a href=\"https:\/\/sites.uel.br\/prograd\/wp-content\/uploads\/catalogo_cursos\/2024\/ementas\/artes_visuais_noturno.pdf\" target=\"_blank\" rel=\"noreferrer noopener\">Noturno<\/a>)<\/p>\n\n\n\n<p>Corpo Docente<br>(<a href=\"https:\/\/sites.uel.br\/prograd\/wp-content\/uploads\/catalogo_cursos\/2024\/corpo_docente\/artes_visuais_matutino.pdf\" target=\"_blank\" rel=\"noreferrer noopener\">Matutino<\/a>) (<a href=\"https:\/\/sites.uel.br\/prograd\/wp-content\/uploads\/catalogo_cursos\/2024\/corpo_docente\/artes_visuais_noturno.pdf\" target=\"_blank\" rel=\"noreferrer noopener\">Noturno<\/a>)<\/p>\n\n\n\n<p><a href=\"https:\/\/sites.uel.br\/prograd\/wp-content\/uploads\/2023\/12\/corpo_docente_artes_visuais.pdf\" target=\"_blank\" rel=\"noreferrer noopener\"><\/a><a href=\"https:\/\/sites.uel.br\/prograd\/wp-content\/uploads\/2023\/12\/estrutura_recursos.pdf\" target=\"_blank\" rel=\"noreferrer noopener\"><\/a><a href=\"https:\/\/sites.uel.br\/prograd\/wp-content\/uploads\/2023\/12\/estrutura_recursos.pdf\" target=\"_blank\" rel=\"noreferrer noopener\"><\/a><a href=\"https:\/\/sites.uel.br\/prograd\/wp-content\/uploads\/catalogo_cursos\/2024\/estrutura_recursos\/estrutura_recursos.pdf\" target=\"_blank\" rel=\"noreferrer noopener\">Estrutura\/Recursos<\/a><\/p>\n\n\n\n<p><a href=\"https:\/\/sites.uel.br\/prograd\/wp-content\/uploads\/documentos\/deliberacoes\/2023\/deliberacao_16_23.pdf\" target=\"_blank\" rel=\"noreferrer noopener\">Projeto Pedag\u00f3gico<\/a><\/p>\n","protected":false},"excerpt":{"rendered":"<p>Artes Visuais Cria\u00e7\u00e3oResolu\u00e7\u00e3o CEPE n.\u00ba 30, de 09.03.05 GrauLicenciado em Artes Visuais&nbsp; TurnoMatutino\/noturno Perfil do ProfissionalO profissional formado pelo curso de Arte Visual deve ser capaz de: compreender a educa\u00e7\u00e3o enquanto realidade inserida no contexto hist\u00f3rico-social, apreendendo-a e recriando-a no contexto do ensino de arte; redimensionar de forma integrada o desenvolvimento do ser humano, a [&hellip;]<\/p>\n","protected":false},"author":8,"featured_media":0,"parent":0,"menu_order":0,"comment_status":"closed","ping_status":"closed","template":"","meta":{"_acf_changed":false,"_themeisle_gutenberg_block_has_review":false,"footnotes":""},"class_list":["post-32132","page","type-page","status-publish","hentry"],"acf":[],"_links":{"self":[{"href":"https:\/\/sites.uel.br\/prograd\/wp-json\/wp\/v2\/pages\/32132","targetHints":{"allow":["GET"]}}],"collection":[{"href":"https:\/\/sites.uel.br\/prograd\/wp-json\/wp\/v2\/pages"}],"about":[{"href":"https:\/\/sites.uel.br\/prograd\/wp-json\/wp\/v2\/types\/page"}],"author":[{"embeddable":true,"href":"https:\/\/sites.uel.br\/prograd\/wp-json\/wp\/v2\/users\/8"}],"replies":[{"embeddable":true,"href":"https:\/\/sites.uel.br\/prograd\/wp-json\/wp\/v2\/comments?post=32132"}],"version-history":[{"count":4,"href":"https:\/\/sites.uel.br\/prograd\/wp-json\/wp\/v2\/pages\/32132\/revisions"}],"predecessor-version":[{"id":32588,"href":"https:\/\/sites.uel.br\/prograd\/wp-json\/wp\/v2\/pages\/32132\/revisions\/32588"}],"wp:attachment":[{"href":"https:\/\/sites.uel.br\/prograd\/wp-json\/wp\/v2\/media?parent=32132"}],"curies":[{"name":"wp","href":"https:\/\/api.w.org\/{rel}","templated":true}]}}