{"id":32131,"date":"2024-09-17T10:43:55","date_gmt":"2024-09-17T13:43:55","guid":{"rendered":"https:\/\/sites.uel.br\/prograd\/?page_id=32131"},"modified":"2024-09-18T11:32:49","modified_gmt":"2024-09-18T14:32:49","slug":"catalogo-dos-cursos-de-graduacao-2024-artes-cenicas","status":"publish","type":"page","link":"https:\/\/sites.uel.br\/prograd\/catalogo-dos-cursos-de-graduacao-2024-artes-cenicas\/","title":{"rendered":"Cat\u00e1logo dos Cursos de Gradua\u00e7\u00e3o (2024)"},"content":{"rendered":"\n<hr class=\"wp-block-separator has-alpha-channel-opacity is-style-wide\"\/>\n\n\n\n<h2 class=\"wp-block-heading\">Artes C\u00eanicas<\/h2>\n\n\n\n<p><strong>Cria\u00e7\u00e3o<\/strong><br>Resolu\u00e7\u00e3o CEPE\/CA n.\u00ba 21, de 27.03.97<\/p>\n\n\n\n<p><strong>Grau<\/strong><br>Bacharel em Artes C\u00eanicas&nbsp;<\/p>\n\n\n\n<p><strong>Turno<\/strong><br>Matutino<\/p>\n\n\n\n<p><strong>Perfil do Profissional<\/strong><br>O bacharel em Artes C\u00eanicas \u2013 Habilita\u00e7\u00e3o em Interpreta\u00e7\u00e3o Teatral estar\u00e1 apto a: desenvolver-se como ator de teatro ou para atuar em manifesta\u00e7\u00f5es c\u00eanico-teatrais; realizar trabalhos como ator em televis\u00e3o, cinema ou publicidade; trabalhar como professor\/pesquisador em institui\u00e7\u00f5es de ensino superior; atuar como agente cultural, proponente ou coordenador de diferentes modalidades de ensino, na inicia\u00e7\u00e3o teatral de crian\u00e7as, jovens ou adultos; aliar teorias e pr\u00e1ticas teatrais, integrando elencos ou propondo novas produ\u00e7\u00f5es e produtos art\u00edsticos; respeitar e fazer respeitar o direito e os deveres \u00e9ticos do artista c\u00eanico, marcados pela busca constante da emancipa\u00e7\u00e3o e autonomia de um perfil pessoal de int\u00e9rprete no territ\u00f3rio conceitual das artes no mundo contempor\u00e2neo.<\/p>\n\n\n\n<p><strong>Objetivo do Curso<\/strong><br>Oferecer aos alunos subs\u00eddios para a atua\u00e7\u00e3o profissional em Artes C\u00eanicas, propondo situa\u00e7\u00f5es de aprendizagem significativa que lhes permitam desenvolver compet\u00eancias art\u00edsticas, culturais e profissionais para integrar, intervir e atuar na realidade socioecon\u00f4mica, pol\u00edtica e cultural da sociedade contempor\u00e2nea; ampliar o campo de atua\u00e7\u00e3o profissional do ator; promover processos de produ\u00e7\u00e3o art\u00edstica acompanhados de an\u00e1lise cr\u00edtica, intervindo qualitativamente na cultura; atuar interdisciplinarmente com outras \u00e1reas, como sa\u00fade e educa\u00e7\u00e3o; integrar ao Curso eventos art\u00edsticos da cidade e regi\u00e3o, tais como o FILO; oferecer continuidade, em n\u00edvel superior, aos estudos feitos em escolas de n\u00edvel m\u00e9dio; contribuir com pesquisas acad\u00eamicas sistem\u00e1ticas, de modo a fornecer subs\u00eddios para o desenvolvimento da produ\u00e7\u00e3o art\u00edstica de grupos, institui\u00e7\u00f5es ou \u00f3rg\u00e3os envolvidos nas atividades teatrais na sociedade, promovendo tamb\u00e9m o inter-relacionamento destes.<\/p>\n\n\n\n<p><strong>Campos de Atua\u00e7\u00e3o<\/strong><br>Teatro, cinema, televis\u00e3o e pesquisa. A profiss\u00e3o \u00e9 regulamentada pela Lei n.\u00ba 6.533, de 24.05.78.<\/p>\n\n\n\n<p><strong>Sistema&nbsp;Acad\u00eamico<\/strong><br>Matr\u00edcula por S\u00e9rie<\/p>\n\n\n\n<p><strong>Dura\u00e7\u00e3o M\u00ednima e M\u00e1xima<\/strong><br>4\/8 anos<\/p>\n\n\n\n<p><strong>Turno\/vagas<\/strong><br>Matutino \u2013 40<\/p>\n\n\n\n<div style=\"height:21px\" aria-hidden=\"true\" class=\"wp-block-spacer\"><\/div>\n\n\n\n<h3 class=\"wp-block-heading\"><strong>Saiba Mais Sobre o Curso de&nbsp;Artes C\u00eanicas<\/strong><\/h3>\n\n\n\n<p><a href=\"https:\/\/sites.uel.br\/prograd\/wp-content\/uploads\/catalogo_cursos\/2024\/organizacao_curricular\/artes_cenicas.pdf\" target=\"_blank\" rel=\"noreferrer noopener\">Organiza\u00e7\u00e3o Curricular<\/a><\/p>\n\n\n\n<p><a href=\"https:\/\/sites.uel.br\/prograd\/wp-content\/uploads\/catalogo_cursos\/2024\/ementas\/artes_cenicas.pdf\" target=\"_blank\" rel=\"noreferrer noopener\">Ementas<\/a><\/p>\n\n\n\n<p><a href=\"https:\/\/sites.uel.br\/prograd\/wp-content\/uploads\/catalogo_cursos\/2024\/corpo_docente\/artes_cenicas.pdf\" target=\"_blank\" rel=\"noreferrer noopener\">Corpo Docente<\/a><\/p>\n\n\n\n<p><a href=\"https:\/\/sites.uel.br\/prograd\/wp-content\/uploads\/2023\/12\/corpo_docente_artes_cenicas.pdf\" target=\"_blank\" rel=\"noreferrer noopener\"><\/a><a href=\"https:\/\/sites.uel.br\/prograd\/wp-content\/uploads\/2023\/12\/estrutura_recursos.pdf\" target=\"_blank\" rel=\"noreferrer noopener\"><\/a><a href=\"https:\/\/sites.uel.br\/prograd\/wp-content\/uploads\/2023\/12\/estrutura_recursos.pdf\" target=\"_blank\" rel=\"noreferrer noopener\"><\/a><a href=\"https:\/\/sites.uel.br\/prograd\/wp-content\/uploads\/catalogo_cursos\/2024\/estrutura_recursos\/estrutura_recursos.pdf\" target=\"_blank\" rel=\"noreferrer noopener\">Estrutura\/Recursos<\/a><\/p>\n\n\n\n<p><a href=\"https:\/\/sites.uel.br\/prograd\/wp-content\/uploads\/documentos\/resolucoes\/2022\/resolucao_112_22.pdf\" target=\"_blank\" rel=\"noreferrer noopener\">Projeto Pedag\u00f3gico<\/a><\/p>\n","protected":false},"excerpt":{"rendered":"<p>Artes C\u00eanicas Cria\u00e7\u00e3oResolu\u00e7\u00e3o CEPE\/CA n.\u00ba 21, de 27.03.97 GrauBacharel em Artes C\u00eanicas&nbsp; TurnoMatutino Perfil do ProfissionalO bacharel em Artes C\u00eanicas \u2013 Habilita\u00e7\u00e3o em Interpreta\u00e7\u00e3o Teatral estar\u00e1 apto a: desenvolver-se como ator de teatro ou para atuar em manifesta\u00e7\u00f5es c\u00eanico-teatrais; realizar trabalhos como ator em televis\u00e3o, cinema ou publicidade; trabalhar como professor\/pesquisador em institui\u00e7\u00f5es de ensino [&hellip;]<\/p>\n","protected":false},"author":8,"featured_media":0,"parent":0,"menu_order":0,"comment_status":"closed","ping_status":"closed","template":"","meta":{"_acf_changed":false,"_themeisle_gutenberg_block_has_review":false,"footnotes":""},"class_list":["post-32131","page","type-page","status-publish","hentry"],"acf":[],"_links":{"self":[{"href":"https:\/\/sites.uel.br\/prograd\/wp-json\/wp\/v2\/pages\/32131","targetHints":{"allow":["GET"]}}],"collection":[{"href":"https:\/\/sites.uel.br\/prograd\/wp-json\/wp\/v2\/pages"}],"about":[{"href":"https:\/\/sites.uel.br\/prograd\/wp-json\/wp\/v2\/types\/page"}],"author":[{"embeddable":true,"href":"https:\/\/sites.uel.br\/prograd\/wp-json\/wp\/v2\/users\/8"}],"replies":[{"embeddable":true,"href":"https:\/\/sites.uel.br\/prograd\/wp-json\/wp\/v2\/comments?post=32131"}],"version-history":[{"count":3,"href":"https:\/\/sites.uel.br\/prograd\/wp-json\/wp\/v2\/pages\/32131\/revisions"}],"predecessor-version":[{"id":32587,"href":"https:\/\/sites.uel.br\/prograd\/wp-json\/wp\/v2\/pages\/32131\/revisions\/32587"}],"wp:attachment":[{"href":"https:\/\/sites.uel.br\/prograd\/wp-json\/wp\/v2\/media?parent=32131"}],"curies":[{"name":"wp","href":"https:\/\/api.w.org\/{rel}","templated":true}]}}