{"id":32129,"date":"2024-09-17T10:42:16","date_gmt":"2024-09-17T13:42:16","guid":{"rendered":"https:\/\/sites.uel.br\/prograd\/?page_id=32129"},"modified":"2024-09-18T11:32:38","modified_gmt":"2024-09-18T14:32:38","slug":"catalogo-dos-cursos-de-graduacao-2024-arquitetura-e-urbanismo","status":"publish","type":"page","link":"https:\/\/sites.uel.br\/prograd\/catalogo-dos-cursos-de-graduacao-2024-arquitetura-e-urbanismo\/","title":{"rendered":"Cat\u00e1logo dos Cursos de Gradua\u00e7\u00e3o (2024)"},"content":{"rendered":"\n<hr class=\"wp-block-separator has-alpha-channel-opacity is-style-wide\"\/>\n\n\n\n<h2 class=\"wp-block-heading\">Arquitetura e Urbanismo<\/h2>\n\n\n\n<p><strong>Cria\u00e7\u00e3o<\/strong><br>Resolu\u00e7\u00e3o n.\u00ba 501, de 21.10.78<\/p>\n\n\n\n<p><strong>Grau<\/strong><br>Arquiteto e Urbanista&nbsp;<\/p>\n\n\n\n<p><strong>Turno<\/strong><br>Integral<\/p>\n\n\n\n<p><strong>Perfil do Profissional<\/strong><br>Os Arquitetos e urbanistas s\u00e3o profissionais aptos a compreender e traduzir as necessidades de indiv\u00edduos, grupos sociais e comunidades e, consequentemente, atuar no planejamento, projetos e constru\u00e7\u00e3o de espa\u00e7os urbanos.<\/p>\n\n\n\n<p><strong>Objetivo do Curso<\/strong><br>Desenvolver o arquiteto e urbanista como generalista, apto a resolver contradi\u00e7\u00f5es potenciais entre diferentes requerimentos da arquitetura e urbanismo, respondendo \u00e0s necessidades de abrigo da sociedade e dos indiv\u00edduos, quanto a seus aspectos sociais, culturais, ambientais, \u00e9ticos e est\u00e9ticos.<\/p>\n\n\n\n<p><strong>Campos de Atua\u00e7\u00e3o<\/strong><br>Profissional liberal ou em \u00f3rg\u00e3os de planejamento, em empresas p\u00fablicas e privadas. Profiss\u00e3o regulamentada pela Lei n.\u00ba 5.194, de 24.12.66.<\/p>\n\n\n\n<p><strong>Sistema&nbsp;Acad\u00eamico<\/strong><br>Matr\u00edcula por S\u00e9rie<\/p>\n\n\n\n<p><strong>Dura\u00e7\u00e3o M\u00ednima e M\u00e1xima<\/strong><br>5\/10 anos<\/p>\n\n\n\n<p><strong>Turno\/vagas<\/strong><br>Integral \u2013 70<\/p>\n\n\n\n<div style=\"height:21px\" aria-hidden=\"true\" class=\"wp-block-spacer\"><\/div>\n\n\n\n<h3 class=\"wp-block-heading\"><strong>Saiba Mais Sobre o Curso de&nbsp;Arquitetura e Urbanismo<\/strong><\/h3>\n\n\n\n<p><a href=\"https:\/\/sites.uel.br\/prograd\/wp-content\/uploads\/catalogo_cursos\/2024\/organizacao_curricular\/arquitetura_urbanismo.pdf\" target=\"_blank\" rel=\"noreferrer noopener\">Organiza\u00e7\u00e3o Curricular<\/a><\/p>\n\n\n\n<p><a href=\"https:\/\/sites.uel.br\/prograd\/wp-content\/uploads\/catalogo_cursos\/2024\/ementas\/arquitetura_urbanismo.pdf\" target=\"_blank\" rel=\"noreferrer noopener\">Ementas<\/a><\/p>\n\n\n\n<p><a href=\"https:\/\/sites.uel.br\/prograd\/wp-content\/uploads\/catalogo_cursos\/2024\/corpo_docente\/arquitetura_urbanismo.pdf\" target=\"_blank\" rel=\"noreferrer noopener\">Corpo Docente<\/a><\/p>\n\n\n\n<p><a href=\"https:\/\/sites.uel.br\/prograd\/wp-content\/uploads\/2023\/12\/corpo_docente_arquitetura_urbanismo.pdf\" target=\"_blank\" rel=\"noreferrer noopener\"><\/a><a href=\"https:\/\/sites.uel.br\/prograd\/wp-content\/uploads\/2023\/12\/estrutura_recursos.pdf\" target=\"_blank\" rel=\"noreferrer noopener\"><\/a><a href=\"https:\/\/sites.uel.br\/prograd\/wp-content\/uploads\/catalogo_cursos\/2024\/estrutura_recursos\/estrutura_recursos.pdf\" target=\"_blank\" rel=\"noreferrer noopener\">Estrutura\/Recursos<\/a><\/p>\n\n\n\n<p><a href=\"https:\/\/sites.uel.br\/prograd\/wp-content\/uploads\/documentos\/resolucoes\/2023\/resolucao_06_23.pdf\" target=\"_blank\" rel=\"noreferrer noopener\">Projeto Pedag\u00f3gico<\/a><\/p>\n","protected":false},"excerpt":{"rendered":"<p>Arquitetura e Urbanismo Cria\u00e7\u00e3oResolu\u00e7\u00e3o n.\u00ba 501, de 21.10.78 GrauArquiteto e Urbanista&nbsp; TurnoIntegral Perfil do ProfissionalOs Arquitetos e urbanistas s\u00e3o profissionais aptos a compreender e traduzir as necessidades de indiv\u00edduos, grupos sociais e comunidades e, consequentemente, atuar no planejamento, projetos e constru\u00e7\u00e3o de espa\u00e7os urbanos. Objetivo do CursoDesenvolver o arquiteto e urbanista como generalista, apto a [&hellip;]<\/p>\n","protected":false},"author":8,"featured_media":0,"parent":0,"menu_order":0,"comment_status":"closed","ping_status":"closed","template":"","meta":{"_acf_changed":false,"_themeisle_gutenberg_block_has_review":false,"footnotes":""},"class_list":["post-32129","page","type-page","status-publish","hentry"],"acf":[],"_links":{"self":[{"href":"https:\/\/sites.uel.br\/prograd\/wp-json\/wp\/v2\/pages\/32129","targetHints":{"allow":["GET"]}}],"collection":[{"href":"https:\/\/sites.uel.br\/prograd\/wp-json\/wp\/v2\/pages"}],"about":[{"href":"https:\/\/sites.uel.br\/prograd\/wp-json\/wp\/v2\/types\/page"}],"author":[{"embeddable":true,"href":"https:\/\/sites.uel.br\/prograd\/wp-json\/wp\/v2\/users\/8"}],"replies":[{"embeddable":true,"href":"https:\/\/sites.uel.br\/prograd\/wp-json\/wp\/v2\/comments?post=32129"}],"version-history":[{"count":3,"href":"https:\/\/sites.uel.br\/prograd\/wp-json\/wp\/v2\/pages\/32129\/revisions"}],"predecessor-version":[{"id":32585,"href":"https:\/\/sites.uel.br\/prograd\/wp-json\/wp\/v2\/pages\/32129\/revisions\/32585"}],"wp:attachment":[{"href":"https:\/\/sites.uel.br\/prograd\/wp-json\/wp\/v2\/media?parent=32129"}],"curies":[{"name":"wp","href":"https:\/\/api.w.org\/{rel}","templated":true}]}}