{"id":31485,"date":"2024-07-16T10:03:30","date_gmt":"2024-07-16T13:03:30","guid":{"rendered":"https:\/\/sites.uel.br\/prograd\/?page_id=31485"},"modified":"2025-12-12T14:09:28","modified_gmt":"2025-12-12T17:09:28","slug":"cursos-de-graduacao-da-uel","status":"publish","type":"page","link":"https:\/\/sites.uel.br\/prograd\/cursos-de-graduacao-da-uel\/","title":{"rendered":"Cursos de Gradua\u00e7\u00e3o da UEL"},"content":{"rendered":"\n<hr class=\"wp-block-separator has-alpha-channel-opacity is-style-wide\"\/>\n\n\n\n<div style=\"height:20px\" aria-hidden=\"true\" class=\"wp-block-spacer\"><\/div>\n\n\n\n<p class=\"has-text-align-center\"><a href=\"http:\/\/graduacao.uel.br\/administracao\" target=\"_blank\" rel=\"noreferrer noopener\"><strong>Administra\u00e7\u00e3o<\/strong><\/a><\/p>\n\n\n\n<p class=\"has-text-align-center\"><a href=\"http:\/\/graduacao.uel.br\/agronomia\" target=\"_blank\" rel=\"noreferrer noopener\"><strong>Agronomia<\/strong><\/a><\/p>\n\n\n\n<p class=\"has-text-align-center\"><a href=\"http:\/\/graduacao.uel.br\/arquitetura-e-urbanismo\" target=\"_blank\" rel=\"noreferrer noopener\"><strong>Arquitetura e Urbanismo<\/strong><\/a><\/p>\n\n\n\n<p class=\"has-text-align-center\"><a href=\"http:\/\/graduacao.uel.br\/arquivologia\" target=\"_blank\" rel=\"noreferrer noopener\"><strong>Arquivologia<\/strong><\/a><\/p>\n\n\n\n<p class=\"has-text-align-center\"><a href=\"http:\/\/graduacao.uel.br\/artes-cenicas\" target=\"_blank\" rel=\"noreferrer noopener\"><strong>Artes C\u00eanicas<\/strong><\/a><\/p>\n\n\n\n<p class=\"has-text-align-center\"><a href=\"http:\/\/graduacao.uel.br\/artes-visuais\" target=\"_blank\" rel=\"noreferrer noopener\"><strong>Artes Visuais<\/strong><\/a><\/p>\n\n\n\n<p class=\"has-text-align-center\"><a href=\"http:\/\/graduacao.uel.br\/biblioteconomia\" target=\"_blank\" rel=\"noreferrer noopener\"><strong>Biblioteconomia<\/strong><\/a><\/p>\n\n\n\n<p class=\"has-text-align-center\"><a href=\"http:\/\/graduacao.uel.br\/biomedicina\" target=\"_blank\" rel=\"noreferrer noopener\"><strong>Biomedicina<\/strong><\/a><\/p>\n\n\n\n<p class=\"has-text-align-center\"><a href=\"http:\/\/graduacao.uel.br\/biotecnologia\" target=\"_blank\" rel=\"noreferrer noopener\"><strong>Biotecnologia<\/strong><\/a><\/p>\n\n\n\n<p class=\"has-text-align-center\"><a href=\"http:\/\/graduacao.uel.br\/ciencia-da-computacao\" target=\"_blank\" rel=\"noreferrer noopener\"><strong>Ci\u00eancia da Computa\u00e7\u00e3o<\/strong><\/a><\/p>\n\n\n\n<p class=\"has-text-align-center\"><a href=\"http:\/\/graduacao.uel.br\/ciencia-de-dados-e-inteligencia-artificial\" target=\"_blank\" rel=\"noreferrer noopener\"><strong>Ci\u00eancia de Dados e Intelig\u00eancia Artificial<\/strong><\/a><\/p>\n\n\n\n<p class=\"has-text-align-center\"><a href=\"http:\/\/graduacao.uel.br\/ciencias-biologicas\" target=\"_blank\" rel=\"noreferrer noopener\"><strong>Ci\u00eancias Biol\u00f3gicas<\/strong><\/a><\/p>\n\n\n\n<p class=\"has-text-align-center\"><a href=\"http:\/\/graduacao.uel.br\/ciencias-contabeis\" target=\"_blank\" rel=\"noreferrer noopener\"><strong>Ci\u00eancias Cont\u00e1beis<\/strong><\/a><\/p>\n\n\n\n<p class=\"has-text-align-center\"><a href=\"http:\/\/graduacao.uel.br\/ciencias-economicas\" target=\"_blank\" rel=\"noreferrer noopener\"><strong>Ci\u00eancias Econ\u00f4micas<\/strong><\/a><\/p>\n\n\n\n<p class=\"has-text-align-center\"><a href=\"http:\/\/graduacao.uel.br\/ciencias-sociais\" target=\"_blank\" rel=\"noreferrer noopener\"><strong>Ci\u00eancias Sociais<\/strong><\/a><\/p>\n\n\n\n<p class=\"has-text-align-center\"><a href=\"https:\/\/sites.uel.br\/nead\/licenciatura-em-computacao\/\" target=\"_blank\" rel=\"noreferrer noopener\"><strong>Computa\u00e7\u00e3o \u2013 Licenciatura (EAD)<\/strong><\/a><\/p>\n\n\n\n<p class=\"has-text-align-center\"><a href=\"http:\/\/graduacao.uel.br\/design-de-moda\" target=\"_blank\" rel=\"noreferrer noopener\"><strong>Design de Moda<\/strong><\/a><\/p>\n\n\n\n<p class=\"has-text-align-center\"><a href=\"http:\/\/graduacao.uel.br\/design-grafico\" target=\"_blank\" rel=\"noreferrer noopener\"><strong>Design Gr\u00e1fico<\/strong><\/a><\/p>\n\n\n\n<p class=\"has-text-align-center\"><a href=\"http:\/\/graduacao.uel.br\/direito\" target=\"_blank\" rel=\"noreferrer noopener\"><strong>Direito<\/strong><\/a><\/p>\n\n\n\n<p class=\"has-text-align-center\"><a href=\"http:\/\/graduacao.uel.br\/educacao-fisica\" target=\"_blank\" rel=\"noreferrer noopener\"><strong>Educa\u00e7\u00e3o F\u00edsica<\/strong><\/a><\/p>\n\n\n\n<p class=\"has-text-align-center\"><a href=\"http:\/\/graduacao.uel.br\/enfermagem\" target=\"_blank\" rel=\"noreferrer noopener\"><strong>Enfermagem<\/strong><\/a><\/p>\n\n\n\n<p class=\"has-text-align-center\"><a href=\"http:\/\/graduacao.uel.br\/engenharia-civil\" target=\"_blank\" rel=\"noreferrer noopener\"><strong>Engenharia Civil<\/strong><\/a><\/p>\n\n\n\n<p class=\"has-text-align-center\"><a href=\"http:\/\/graduacao.uel.br\/engenharia-eletrica\" target=\"_blank\" rel=\"noreferrer noopener\"><strong>Engenharia El\u00e9trica<\/strong><\/a><\/p>\n\n\n\n<p class=\"has-text-align-center\"><a href=\"http:\/\/graduacao.uel.br\/farmacia\" target=\"_blank\" rel=\"noreferrer noopener\"><strong>Farm\u00e1cia<\/strong><\/a><\/p>\n\n\n\n<p class=\"has-text-align-center\"><a href=\"http:\/\/graduacao.uel.br\/filosofia\" target=\"_blank\" rel=\"noreferrer noopener\"><strong>Filosofia<\/strong><\/a><\/p>\n\n\n\n<p class=\"has-text-align-center\"><a href=\"http:\/\/graduacao.uel.br\/fisica\" target=\"_blank\" rel=\"noreferrer noopener\"><strong>F\u00edsica<\/strong><\/a><\/p>\n\n\n\n<p class=\"has-text-align-center\"><a href=\"http:\/\/graduacao.uel.br\/fisioterapia\" target=\"_blank\" rel=\"noreferrer noopener\"><strong>Fisioterapia<\/strong><\/a><\/p>\n\n\n\n<p class=\"has-text-align-center\"><a href=\"http:\/\/graduacao.uel.br\/geografia\" target=\"_blank\" rel=\"noreferrer noopener\"><strong>Geografia<\/strong><\/a><\/p>\n\n\n\n<p class=\"has-text-align-center\"><a href=\"http:\/\/graduacao.uel.br\/historia\" target=\"_blank\" rel=\"noreferrer noopener\"><strong>Hist\u00f3ria<\/strong><\/a><\/p>\n\n\n\n<p class=\"has-text-align-center\"><a href=\"http:\/\/graduacao.uel.br\/jornalismo\" target=\"_blank\" rel=\"noreferrer noopener\"><strong>Jornalismo<\/strong><\/a><\/p>\n\n\n\n<p class=\"has-text-align-center\"><a href=\"http:\/\/graduacao.uel.br\/letras-espanhol\/\" target=\"_blank\" rel=\"noreferrer noopener\"><strong>Letras Espanhol<\/strong><\/a><\/p>\n\n\n\n<p class=\"has-text-align-center\"><a href=\"http:\/\/graduacao.uel.br\/letras-frances\/\" target=\"_blank\" rel=\"noreferrer noopener\"><strong>Letras Franc\u00eas<\/strong><\/a><\/p>\n\n\n\n<p class=\"has-text-align-center\"><a href=\"https:\/\/graduacao.uel.br\/letras-ingles\/\" target=\"_blank\" rel=\"noreferrer noopener\"><strong>Letras Ingl\u00eas<\/strong><\/a><\/p>\n\n\n\n<p class=\"has-text-align-center\"><a href=\"http:\/\/graduacao.uel.br\/letras-portugues\" target=\"_blank\" rel=\"noreferrer noopener\"><strong>Letras Portugu\u00eas<\/strong><\/a><\/p>\n\n\n\n<p class=\"has-text-align-center\"><a href=\"http:\/\/graduacao.uel.br\/matematica\" target=\"_blank\" rel=\"noreferrer noopener\"><strong>Matem\u00e1tica<\/strong><\/a><\/p>\n\n\n\n<p class=\"has-text-align-center\"><a href=\"http:\/\/graduacao.uel.br\/medicina\" target=\"_blank\" rel=\"noreferrer noopener\"><strong>Medicina<\/strong><\/a><\/p>\n\n\n\n<p class=\"has-text-align-center\"><a href=\"http:\/\/graduacao.uel.br\/medicina-veterinaria\" target=\"_blank\" rel=\"noreferrer noopener\"><strong>Medicina Veterin\u00e1ria<\/strong><\/a><\/p>\n\n\n\n<p class=\"has-text-align-center\"><a href=\"http:\/\/graduacao.uel.br\/musica\" target=\"_blank\" rel=\"noreferrer noopener\"><strong>M\u00fasica<\/strong><\/a><\/p>\n\n\n\n<p class=\"has-text-align-center\"><a href=\"http:\/\/graduacao.uel.br\/nutricao\" target=\"_blank\" rel=\"noreferrer noopener\"><strong>Nutri\u00e7\u00e3o<\/strong><\/a><\/p>\n\n\n\n<p class=\"has-text-align-center\"><a href=\"http:\/\/graduacao.uel.br\/odontologia\" target=\"_blank\" rel=\"noreferrer noopener\"><strong>Odontologia<\/strong><\/a><\/p>\n\n\n\n<p class=\"has-text-align-center\"><a href=\"http:\/\/graduacao.uel.br\/pedagogia\" target=\"_blank\" rel=\"noreferrer noopener\"><strong>Pedagogia<\/strong><\/a><\/p>\n\n\n\n<p class=\"has-text-align-center\"><a href=\"http:\/\/graduacao.uel.br\/psicologia\" target=\"_blank\" rel=\"noreferrer noopener\"><strong>Psicologia<\/strong><\/a><\/p>\n\n\n\n<p class=\"has-text-align-center\"><a href=\"http:\/\/graduacao.uel.br\/quimica\" target=\"_blank\" rel=\"noreferrer noopener\"><strong>Qu\u00edmica<\/strong><\/a><\/p>\n\n\n\n<p class=\"has-text-align-center\"><a href=\"http:\/\/graduacao.uel.br\/relacoes-publicas\" target=\"_blank\" rel=\"noreferrer noopener\"><strong>Rela\u00e7\u00f5es P\u00fablicas<\/strong><\/a><\/p>\n\n\n\n<p class=\"has-text-align-center\"><a href=\"http:\/\/graduacao.uel.br\/secretariado-executivo\" target=\"_blank\" rel=\"noreferrer noopener\"><strong>Secretariado Executivo<\/strong><\/a><\/p>\n\n\n\n<p class=\"has-text-align-center\"><a href=\"http:\/\/graduacao.uel.br\/servico-social\" target=\"_blank\" rel=\"noreferrer noopener\"><strong>Servi\u00e7o Social<\/strong><\/a><\/p>\n\n\n\n<p class=\"has-text-align-center\"><a href=\"https:\/\/sites.uel.br\/nead\/tecnologia-em-gestao-publica\/\" target=\"_blank\" rel=\"noreferrer noopener\"><strong>Tecnologia em Gest\u00e3o P\u00fablica (EAD)<\/strong><\/a><\/p>\n\n\n\n<p class=\"has-text-align-center\"><a href=\"http:\/\/graduacao.uel.br\/zootecnia\" target=\"_blank\" rel=\"noreferrer noopener\"><strong>Zootecnia<\/strong><\/a><\/p>\n","protected":false},"excerpt":{"rendered":"<p>Administra\u00e7\u00e3o Agronomia Arquitetura e Urbanismo Arquivologia Artes C\u00eanicas Artes Visuais Biblioteconomia Biomedicina Biotecnologia Ci\u00eancia da Computa\u00e7\u00e3o Ci\u00eancia de Dados e Intelig\u00eancia Artificial Ci\u00eancias Biol\u00f3gicas Ci\u00eancias Cont\u00e1beis Ci\u00eancias Econ\u00f4micas Ci\u00eancias Sociais Computa\u00e7\u00e3o \u2013 Licenciatura (EAD) Design de Moda Design Gr\u00e1fico Direito Educa\u00e7\u00e3o F\u00edsica Enfermagem Engenharia Civil Engenharia El\u00e9trica Farm\u00e1cia Filosofia F\u00edsica Fisioterapia Geografia Hist\u00f3ria Jornalismo Letras [&hellip;]<\/p>\n","protected":false},"author":8,"featured_media":0,"parent":0,"menu_order":0,"comment_status":"closed","ping_status":"closed","template":"","meta":{"_acf_changed":false,"_themeisle_gutenberg_block_has_review":false,"footnotes":""},"class_list":["post-31485","page","type-page","status-publish","hentry"],"acf":[],"_links":{"self":[{"href":"https:\/\/sites.uel.br\/prograd\/wp-json\/wp\/v2\/pages\/31485","targetHints":{"allow":["GET"]}}],"collection":[{"href":"https:\/\/sites.uel.br\/prograd\/wp-json\/wp\/v2\/pages"}],"about":[{"href":"https:\/\/sites.uel.br\/prograd\/wp-json\/wp\/v2\/types\/page"}],"author":[{"embeddable":true,"href":"https:\/\/sites.uel.br\/prograd\/wp-json\/wp\/v2\/users\/8"}],"replies":[{"embeddable":true,"href":"https:\/\/sites.uel.br\/prograd\/wp-json\/wp\/v2\/comments?post=31485"}],"version-history":[{"count":20,"href":"https:\/\/sites.uel.br\/prograd\/wp-json\/wp\/v2\/pages\/31485\/revisions"}],"predecessor-version":[{"id":36455,"href":"https:\/\/sites.uel.br\/prograd\/wp-json\/wp\/v2\/pages\/31485\/revisions\/36455"}],"wp:attachment":[{"href":"https:\/\/sites.uel.br\/prograd\/wp-json\/wp\/v2\/media?parent=31485"}],"curies":[{"name":"wp","href":"https:\/\/api.w.org\/{rel}","templated":true}]}}