{"id":31367,"date":"2024-07-09T11:44:40","date_gmt":"2024-07-09T14:44:40","guid":{"rendered":"https:\/\/sites.uel.br\/prograd\/?page_id=31367"},"modified":"2024-07-09T11:48:35","modified_gmt":"2024-07-09T14:48:35","slug":"instrucoes-de-servico-2024","status":"publish","type":"page","link":"https:\/\/sites.uel.br\/prograd\/instrucoes-de-servico-2024\/","title":{"rendered":"Instru\u00e7\u00f5es de Servi\u00e7o"},"content":{"rendered":"\n<hr class=\"wp-block-separator has-alpha-channel-opacity is-style-wide\"\/>\n\n\n\n<h2 class=\"wp-block-heading\">PROGRAD<\/h2>\n\n\n\n<h4 class=\"wp-block-heading\">2024<\/h4>\n\n\n\n<div style=\"height:20px\" aria-hidden=\"true\" class=\"wp-block-spacer\"><\/div>\n\n\n\n<p><a href=\"https:\/\/sites.uel.br\/prograd\/wp-content\/uploads\/documentos\/instrucoes_servico\/2024\/instrucao_servico_01_24.pdf\" target=\"_blank\" rel=\"noreferrer noopener\"><strong>Instru\u00e7\u00e3o de Servi\u00e7o Prograd n\u00ba 01\/2024<\/strong><\/a><br>Estabelece procedimentos para elabora\u00e7\u00e3o de resumo descritivo das a\u00e7\u00f5es extensionistas e registro do acompanhamento e avalia\u00e7\u00e3o das medidas estrat\u00e9gicas adotadas para aumentar os \u00edndices de egressos<\/p>\n","protected":false},"excerpt":{"rendered":"<p>PROGRAD 2024 Instru\u00e7\u00e3o de Servi\u00e7o Prograd n\u00ba 01\/2024Estabelece procedimentos para elabora\u00e7\u00e3o de resumo descritivo das a\u00e7\u00f5es extensionistas e registro do acompanhamento e avalia\u00e7\u00e3o das medidas estrat\u00e9gicas adotadas para aumentar os \u00edndices de egressos<\/p>\n","protected":false},"author":8,"featured_media":0,"parent":0,"menu_order":0,"comment_status":"closed","ping_status":"closed","template":"","meta":{"_acf_changed":false,"_themeisle_gutenberg_block_has_review":false,"footnotes":""},"class_list":["post-31367","page","type-page","status-publish","hentry"],"acf":[],"_links":{"self":[{"href":"https:\/\/sites.uel.br\/prograd\/wp-json\/wp\/v2\/pages\/31367","targetHints":{"allow":["GET"]}}],"collection":[{"href":"https:\/\/sites.uel.br\/prograd\/wp-json\/wp\/v2\/pages"}],"about":[{"href":"https:\/\/sites.uel.br\/prograd\/wp-json\/wp\/v2\/types\/page"}],"author":[{"embeddable":true,"href":"https:\/\/sites.uel.br\/prograd\/wp-json\/wp\/v2\/users\/8"}],"replies":[{"embeddable":true,"href":"https:\/\/sites.uel.br\/prograd\/wp-json\/wp\/v2\/comments?post=31367"}],"version-history":[{"count":5,"href":"https:\/\/sites.uel.br\/prograd\/wp-json\/wp\/v2\/pages\/31367\/revisions"}],"predecessor-version":[{"id":31375,"href":"https:\/\/sites.uel.br\/prograd\/wp-json\/wp\/v2\/pages\/31367\/revisions\/31375"}],"wp:attachment":[{"href":"https:\/\/sites.uel.br\/prograd\/wp-json\/wp\/v2\/media?parent=31367"}],"curies":[{"name":"wp","href":"https:\/\/api.w.org\/{rel}","templated":true}]}}