{"id":30683,"date":"2024-06-17T16:36:31","date_gmt":"2024-06-17T19:36:31","guid":{"rendered":"https:\/\/sites.uel.br\/prograd\/?page_id=30683"},"modified":"2024-06-19T15:07:56","modified_gmt":"2024-06-19T18:07:56","slug":"guia-academico-conheca-a-uel","status":"publish","type":"page","link":"https:\/\/sites.uel.br\/prograd\/guia-academico-conheca-a-uel\/","title":{"rendered":"Guia Acad\u00eamico (Conhe\u00e7a a UEL)"},"content":{"rendered":"\n<hr class=\"wp-block-separator has-alpha-channel-opacity is-style-wide\"\/>\n\n\n<div class=\"wp-block-image\">\n<figure class=\"aligncenter size-full\"><a href=\"https:\/\/sites.uel.br\/prograd\/guia-academico\/\"><img loading=\"lazy\" decoding=\"async\" width=\"557\" height=\"154\" src=\"https:\/\/sites.uel.br\/prograd\/wp-content\/uploads\/2023\/02\/cab_guia_academico-1.jpg\" alt=\"\" class=\"wp-image-1635\" srcset=\"https:\/\/sites.uel.br\/prograd\/wp-content\/uploads\/2023\/02\/cab_guia_academico-1.jpg 557w, https:\/\/sites.uel.br\/prograd\/wp-content\/uploads\/2023\/02\/cab_guia_academico-1-300x83.jpg 300w\" sizes=\"auto, (max-width: 557px) 100vw, 557px\" \/><\/a><\/figure>\n<\/div>\n\n\n<h2 class=\"wp-block-heading\">Conhe\u00e7a a Sua Universidade<\/h2>\n\n\n<div class=\"wp-block-image\">\n<figure class=\"aligncenter size-full\"><img loading=\"lazy\" decoding=\"async\" width=\"569\" height=\"378\" src=\"https:\/\/sites.uel.br\/prograd\/wp-content\/uploads\/2023\/02\/conheca_universidade1.jpg\" alt=\"\" class=\"wp-image-1675\" srcset=\"https:\/\/sites.uel.br\/prograd\/wp-content\/uploads\/2023\/02\/conheca_universidade1.jpg 569w, https:\/\/sites.uel.br\/prograd\/wp-content\/uploads\/2023\/02\/conheca_universidade1-300x199.jpg 300w\" sizes=\"auto, (max-width: 569px) 100vw, 569px\" \/><figcaption class=\"wp-element-caption\">Foto: Portal UEL<\/figcaption><\/figure>\n<\/div>\n\n\n<p><strong>Apresenta\u00e7\u00e3o<\/strong><\/p>\n\n\n\n<p>A Universidade Estadual de Londrina (UEL) tem mais de 50 anos de atividades,&nbsp;destacando-se nacionalmente em ensino, pesquisa e extens\u00e3o e se solidificando no cen\u00e1rio internacional pelo impacto das pesquisas desenvolvidas.<\/p>\n\n\n\n<p>A estrutura acad\u00eamica se evidencia pelos 52&nbsp;cursos presenciais de Gradua\u00e7\u00e3o (37 bacharelados e 15 licenciaturas), 2 cursos a dist\u00e2ncia (1 licenciatura e 1 tecn\u00f3logo), 185 de P\u00f3s-Gradua\u00e7\u00e3o (resid\u00eancias, especializa\u00e7\u00f5es, mestrados e doutorados), distribu\u00eddos em nove Centros de Estudo, al\u00e9m de uma comunidade formada por 23 mil pessoas entre estudantes, professores e servidores t\u00e9cnico-administrativos.<\/p>\n\n\n\n<p>Fundada em 1970 e reconhecida um ano depois, a UEL representa o esfor\u00e7o de lideran\u00e7as do norte do Paran\u00e1 que entenderam a necessidade de uma institui\u00e7\u00e3o de ensino superior, como alavanca de desenvolvimento regional. A Universidade incorporou as faculdades pioneiras de Direito, Filosofia e Odontologia, criadas na d\u00e9cada de 1950. Nestes anos de ensino e pesquisa, a Universidade cumpriu a miss\u00e3o de desenvolver novas tecnologias, criar oportunidades e aprimorar recursos humanos. N\u00e3o por acaso Londrina \u00e9 considerada um polo agr\u00edcola, de sa\u00fade e refer\u00eancia na Tecnologia da Informa\u00e7\u00e3o e Comunica\u00e7\u00e3o.<\/p>\n\n\n\n<p>A UEL, entidade p\u00fablica e gratuita, tem como miss\u00e3o a gest\u00e3o democr\u00e1tica, com plena autonomia did\u00e1tico-cient\u00edfica, comprometida com o desenvolvimento e a transforma\u00e7\u00e3o social, econ\u00f4mica, pol\u00edtica e cultural do Estado do Paran\u00e1 e do Brasil.<\/p>\n\n\n\n<p>Busca garantir a indissociabilidade entre ensino, pesquisa e extens\u00e3o, a igualdade de condi\u00e7\u00f5es de acesso e de perman\u00eancia discente, a liberdade e respeito ao pluralismo de ideias, tendo como finalidade a produ\u00e7\u00e3o e a dissemina\u00e7\u00e3o do conhecimento, formando cidad\u00e3os e profissionais com compet\u00eancia t\u00e9cnica e human\u00edstica, orientada por valores \u00e9ticos de liberdade, igualdade e justi\u00e7a social.<\/p>\n\n\n\n<div style=\"height:20px\" aria-hidden=\"true\" class=\"wp-block-spacer\"><\/div>\n\n\n\n<p><strong>Entre as melhores institui\u00e7\u00f5es de Ensino Superior do Pa\u00eds<\/strong><\/p>\n\n\n\n<p>Nas avalia\u00e7\u00f5es externas, a UEL figura entre as melhores universidades do Brasil.<\/p>\n\n\n\n<p>No \u00cdndice Geral dos Cursos (IGC), do Minist\u00e9rio da Educa\u00e7\u00e3o (MEC), \u00e9 a 1\u00aa estadual do Paran\u00e1 e a 5\u00aa estadual do pa\u00eds.&nbsp;<\/p>\n\n\n\n<p>A Universidade tamb\u00e9m \u00e9 considerada a&nbsp;21\u00aa colocada entre as brasileiras, pelo&nbsp;<em>QS World University Rankings.<\/em><\/p>\n\n\n\n<p>O&nbsp;<em>Times Higher Education Impact Ranking,&nbsp;<\/em>que avalia as universidade em rela\u00e7\u00e3o aos 17 Objetivos de Desenvolvimento Sustent\u00e1vel (ODS) da Organiza\u00e7\u00e3o das Na\u00e7\u00f5es Unidas (ONU),&nbsp;colocou a UEL como a 4\u00aa p\u00fablica do pa\u00eds.<\/p>\n\n\n\n<div style=\"height:20px\" aria-hidden=\"true\" class=\"wp-block-spacer\"><\/div>\n\n\n\n<p><strong>Excel\u00eancia tamb\u00e9m na Pesquisa e na Extens\u00e3o<\/strong><\/p>\n\n\n<div class=\"wp-block-image\">\n<figure class=\"aligncenter size-full\"><img loading=\"lazy\" decoding=\"async\" width=\"569\" height=\"378\" src=\"https:\/\/sites.uel.br\/prograd\/wp-content\/uploads\/2023\/02\/conheca_universidade2.jpg\" alt=\"\" class=\"wp-image-1681\" srcset=\"https:\/\/sites.uel.br\/prograd\/wp-content\/uploads\/2023\/02\/conheca_universidade2.jpg 569w, https:\/\/sites.uel.br\/prograd\/wp-content\/uploads\/2023\/02\/conheca_universidade2-300x199.jpg 300w\" sizes=\"auto, (max-width: 569px) 100vw, 569px\" \/><figcaption class=\"wp-element-caption\">Foto: Portal UEL<\/figcaption><\/figure>\n<\/div>\n\n\n<p>Atualmente, a UEL conta com 31 cursos de Doutorado, 49&nbsp;Mestrados, 65&nbsp;Resid\u00eancias e 40 Especializa\u00e7\u00f5es, atendendo a mais de 4.500 estudantes. Por meio de programas institucionais, incentiva a Inicia\u00e7\u00e3o Cient\u00edfica em todos os n\u00edveis de ensino, a pesquisa em laborat\u00f3rios multiusu\u00e1rios, orienta processos de revalida\u00e7\u00e3o de diplomas estrangeiros e amplia a inser\u00e7\u00e3o internacional da UEL.&nbsp;A responsabilidade pela articula\u00e7\u00e3o e gest\u00e3o das atividades de pesquisa e p\u00f3s-gradua\u00e7\u00e3o na Universidade \u00e9 da&nbsp;Pr\u00f3-reitoria de Pesquisa e P\u00f3s-gradua\u00e7\u00e3o (PROPPG).<\/p>\n\n\n\n<p>No campo da extens\u00e3o, a UEL realiza a\u00e7\u00f5es que contemplam as \u00e1reas de comunica\u00e7\u00e3o, cultura, educa\u00e7\u00e3o, meio ambiente, direito humanos e justi\u00e7a, tecnologia e produ\u00e7\u00e3o, trabalho e sa\u00fade. Destacam-se projetos voltados ao empreendedorismo, agricultura org\u00e2nica, assist\u00eancia jur\u00eddica e psicol\u00f3gica, e atividades culturais. Essas a\u00e7\u00f5es s\u00e3o de responsabilidade da Pr\u00f3-reitoria de Extens\u00e3o, Cultura e Sociedade (PROEX).<\/p>\n\n\n\n<p>O campus principal da Universidade, localizado \u00e0 margem da Rodovia Celso Garcia Cid, a seis km do centro de Londrina possui 150 hectares de \u00e1rea. Al\u00e9m disso, existem outros \u00f3rg\u00e3os da Universidade localizados fora do campus.<\/p>\n\n\n\n<p>Os \u00d3rg\u00e3os Suplementares &#8211; Museu Padre Carlos Weiss, Cl\u00ednica Psicol\u00f3gica, Museu de Ci\u00eancia e Tecnologia de Londrina, Escrit\u00f3rio de Aplica\u00e7\u00e3o de Assuntos Jur\u00eddicos, Escrit\u00f3rio de Aplica\u00e7\u00e3o de Assuntos S\u00f3cio-Econ\u00f4micos, Hospital Universit\u00e1rio, Cl\u00ednica Odontol\u00f3gica Universit\u00e1ria, Cl\u00ednica de Especialidades Infantis (Beb\u00ea Cl\u00ednica), Col\u00e9gio de Aplica\u00e7\u00e3o, Casa de Cultura, TV-UEL, R\u00e1dio FM UEL, Hospital Veterin\u00e1rio, Fazenda Escola, e os \u00d3rg\u00e3os de Apoio &#8211; Biblioteca Central, Laborat\u00f3rio de Tecnologia Educacional, Servi\u00e7o de Bem-Estar \u00e0 Comunidade, Editora, Sistema de Arquivos da UEL, Ag\u00eancia de Inova\u00e7\u00e3o Tecnol\u00f3gica da UEL e COM &#8211; Coordenadoria de Comunica\u00e7\u00e3o Social, est\u00e3o completamente integrados ao dia-a-dia da Universidade. Os atendimentos e assessorias prestados \u00e0s comunidades interna e externa s\u00e3o hoje indispens\u00e1veis \u00e0s pessoas que vivem em Londrina e regi\u00e3o.<\/p>\n\n\n\n<p>O Hospital Universit\u00e1rio, por exemplo, o maior \u00f3rg\u00e3o suplementar da UEL, atende pacientes de 226 munic\u00edpios paranaenses e de outros estados.<\/p>\n\n\n\n<p>Cada setor da UEL busca continuamente avan\u00e7ar na inova\u00e7\u00e3o por meio de novas a\u00e7\u00f5es no campo do ensino, pesquisa e extens\u00e3o, objetivando propiciar maior efici\u00eancia no atendimento \u00e0 sua comunidade interna e externa. Agora, voc\u00ea faz parte da comunidade da UEL.<\/p>\n\n\n\n<p>Por meio deste guia queremos que voc\u00ea conhe\u00e7a melhor a sua Universidade e que viva intensamente nesta Comunidade.<\/p>\n\n\n\n<div style=\"height:20px\" aria-hidden=\"true\" class=\"wp-block-spacer\"><\/div>\n\n\n\n<h3 class=\"wp-block-heading\">Estrutura na UEL<\/h3>\n\n\n\n<p>A Universidade Estadual de Londrina \u00e9 organizada academicamente em Centros de Estudos e Departamentos, e administrativamente em Pr\u00f3-Reitorias, Coordenadorias, Assessorias, Prefeitura do Campus Universit\u00e1rio, \u00d3rg\u00e3os Suplementares e \u00d3rg\u00e3os de Apoio.<\/p>\n\n\n\n<p>Cada curso tem um Projeto Pedag\u00f3gico pr\u00f3prio, que determina as v\u00e1rias disciplinas e atividades acad\u00eamicas afins, ofertadas pelas estruturas administrativas denominadas departamentos. Os professores est\u00e3o lotados nos departamentos que prestam atendimento aos estudantes em suas respectivas atividades acad\u00eamicas. Os departamentos est\u00e3o locados em Centros de Estudos.<\/p>\n\n\n\n<p>Cada curso possui um \u00f3rg\u00e3o colegiado respons\u00e1vel pelo seu gerenciamento pedag\u00f3gico, o Colegiado de Curso. Ao coordenador deste Colegiado de Curso devem ser levadas as quest\u00f5es acad\u00eamicas e de car\u00e1ter pedag\u00f3gico, para a busca de solu\u00e7\u00e3o de poss\u00edveis distor\u00e7\u00f5es.<\/p>\n\n\n\n<p>As quest\u00f5es acad\u00eamicas mais abrangentes e complexas s\u00e3o discutidas pelo Conselho de Ensino, Pesquisa e Extens\u00e3o (CEPE), constitu\u00eddo pelo Reitor, como presidente, Vice-Reitor, pelos Pr\u00f3-Reitores de Gradua\u00e7\u00e3o, de Extens\u00e3o, de Pesquisa e P\u00f3s-Gradua\u00e7\u00e3o, por um Docente de cada Centro de Estudos (membro da C\u00e2mara de Gradua\u00e7\u00e3o), cinco Docentes da C\u00e2mara de P\u00f3s-Gradua\u00e7\u00e3o, cinco Docentes da C\u00e2mara de Pesquisa, cinco Docentes da C\u00e2mara de Extens\u00e3o, cinco Representantes dos Diretores de \u00d3rg\u00e3o Suplementares, nove Representantes dos Estudantes de Gradua\u00e7\u00e3o (um de cada Centro de Estudos), tr\u00eas Representantes dos Estudantes de P\u00f3s-Gradua\u00e7\u00e3o, dois Representantes dos Servidores T\u00e9cnico-Administrativos.<\/p>\n\n\n\n<p>A administra\u00e7\u00e3o gerencial, acad\u00eamica e executiva da UEL \u00e9 realizada por um \u00f3rg\u00e3o executivo, a Reitoria, e pelos \u00f3rg\u00e3os deliberativos, Conselho de Administra\u00e7\u00e3o, Conselho de Ensino, Pesquisa e Extens\u00e3o e Conselho Universit\u00e1rio.<\/p>\n\n\n\n<p>A Reitoria \u00e9 constitu\u00edda pelos seguintes \u00f3rg\u00e3os:<\/p>\n\n\n\n<p><strong>AAI \u2013 Assessoria de Auditoria Interna<\/strong><\/p>\n\n\n\n<p>Finalidade de examinar, a priori, concomitantemente ou a posteriori os atos e fatos administrativos e acad\u00eamicos de toda a Universidade.<\/p>\n\n\n\n<p><strong>ARI \u2013 Assessoria de Rela\u00e7\u00f5es Internacionais<\/strong><\/p>\n\n\n\n<p>Respons\u00e1vel pela promo\u00e7\u00e3o e relacionamento da Universidade junto \u00e0s comunidades interna e externa.<\/p>\n\n\n\n<p><strong>COM &#8211; Coordenadoria de Comunica\u00e7\u00e3o<\/strong><\/p>\n\n\n\n<p>Respons\u00e1vel por estreitar as rela\u00e7\u00f5es entre os diferentes p\u00fablicos internos, bem como consolidar as rela\u00e7\u00f5es da Universidade junto aso seus diferentes p\u00fablicos externos.<\/p>\n\n\n\n<p><strong>COPS &#8211; Coordenadoria de Processos Seletivos<\/strong><\/p>\n\n\n\n<p>Respons\u00e1vel pelo planejamento, coordena\u00e7\u00e3o, supervis\u00e3o, execu\u00e7\u00e3o e avalia\u00e7\u00e3o dos processos seletivos, concursos p\u00fablicos e vestibulares.<\/p>\n\n\n\n<p><strong>GR- Gabinete da Reitoria<\/strong><\/p>\n\n\n\n<p>Cabe ao Reitor supervisionar, promover, fiscalizar e coordenar a realiza\u00e7\u00e3o e o desenvolvimento do ensino, da pesquisa e da extens\u00e3o, proporcionando aos \u00f3rg\u00e3os coletivos e de execu\u00e7\u00e3o os elementos necess\u00e1rios ao desempenho de suas fun\u00e7\u00f5es, na forma da legisla\u00e7\u00e3o em vigor.<\/p>\n\n\n\n<p><strong>PCU &#8211; Prefeitura do Campus Universit\u00e1rio<\/strong><\/p>\n\n\n\n<p>Respons\u00e1vel pelo planejamento, elabora\u00e7\u00e3o, execu\u00e7\u00e3o e controle dos projetos relacionados com a estrutura f\u00edsica do campus Universit\u00e1rio.<\/p>\n\n\n\n<p><strong>PJU &#8211; Procuradoria Jur\u00eddica<\/strong><\/p>\n\n\n\n<p>Respons\u00e1vel por todos os assuntos jur\u00eddicos de interesse da Universidade.<\/p>\n\n\n\n<p><strong>PROAF &#8211; Pr\u00f3-Reitoria de Administra\u00e7\u00e3o e Finan\u00e7as<\/strong><\/p>\n\n\n\n<p>Respons\u00e1vel pelo planejamento, execu\u00e7\u00e3o e controle das atividades relativas \u00e0 administra\u00e7\u00e3o, finan\u00e7as e material da Universidade.<\/p>\n\n\n\n<p><strong>PROEX &#8211; Pr\u00f3-Reitoria de Extens\u00e3o, Cultura e Sociedade<\/strong><\/p>\n\n\n\n<p>Respons\u00e1vel pelo planejamento, execu\u00e7\u00e3o e controle das atividades relativas \u00e0 extens\u00e3o da Universidade.<\/p>\n\n\n\n<p><strong>PROGRAD &#8211; Pr\u00f3-Reitoria de Gradua\u00e7\u00e3o<\/strong><\/p>\n\n\n\n<p>Respons\u00e1vel pelo planejamento, execu\u00e7\u00e3o e controle das atividades acad\u00eamicas de gradua\u00e7\u00e3o da Universidade.<\/p>\n\n\n\n<p><strong>PROPLAN &#8211; Pr\u00f3-Reitoria de Planejamento<\/strong><\/p>\n\n\n\n<p>Finalidade em fazer o planejamento e an\u00e1lise t\u00e9cnica da evolu\u00e7\u00e3o da Universidade e na formula\u00e7\u00e3o de diretrizes e metas para o desenvolvimento did\u00e1tico, cient\u00edfico, f\u00edsico e administrativo da Universidade.<\/p>\n\n\n\n<p><strong>PROPPG &#8211; Pr\u00f3-Reitoria de Pesquisa e P\u00f3s-Gradua\u00e7\u00e3o<\/strong><\/p>\n\n\n\n<p>Respons\u00e1vel pelo planejamento, execu\u00e7\u00e3o e controle das atividades relativas \u00e0 pesquisa e p\u00f3s-gradua\u00e7\u00e3o da Universidade.<\/p>\n\n\n\n<p><strong>PRORH &#8211; Pr\u00f3-Reitoria de Recursos Humanos<\/strong><\/p>\n\n\n\n<p>Respons\u00e1vel pelo planejamento, execu\u00e7\u00e3o e controle das atividades vinculadas aos recursos humanos da Universidade nos n\u00edveis administrativo, t\u00e9cnico e docente.<\/p>\n\n\n\n<p><strong>SGOCS &#8211; Secretaria dos \u00d3rg\u00e3os Colegiados Superiores<\/strong><\/p>\n\n\n\n<p>Respons\u00e1vel por preparar a agenda dos trabalhos dos \u00f3rg\u00e3os colegiados da administra\u00e7\u00e3o superior da Universidade.<\/p>\n\n\n\n<p>Em caso de d\u00favidas, procure tamb\u00e9m o Colegiado de Curso, ou a secretaria de seu Centro de Estudos ou dirija-se \u00e0 Prograd.<\/p>\n\n\n\n<div style=\"height:20px\" aria-hidden=\"true\" class=\"wp-block-spacer\"><\/div>\n\n\n\n<h3 class=\"wp-block-heading\">Siglas<\/h3>\n\n\n\n<figure class=\"wp-block-table\"><table><tbody><tr><td><strong>AEHU<\/strong><\/td><td>Ambulat\u00f3rio de Especialidades do Hospital Universit\u00e1rio<\/td><\/tr><tr><td><strong>BC<\/strong><\/td><td>Biblioteca Central<\/td><\/tr><tr><td><strong>BS<\/strong><\/td><td>Biblioteca Setorial<\/td><\/tr><tr><td><strong>CA<\/strong><\/td><td>Conselho de Administra\u00e7\u00e3o<\/td><\/tr><tr><td><strong>CC<\/strong><\/td><td>Casa de Cultura<\/td><\/tr><tr><td><strong>CCA<\/strong><\/td><td>Centro de Ci\u00eancias Agr\u00e1rias<\/td><\/tr><tr><td><strong>CCB<\/strong><\/td><td>Centro de Ci\u00eancias Biol\u00f3gicas<\/td><\/tr><tr><td><strong>CCE<\/strong><\/td><td>Centro de Ci\u00eancias Exatas<\/td><\/tr><tr><td><strong>CCS<\/strong><\/td><td>Centro de Ci\u00eancias da Sa\u00fade<\/td><\/tr><tr><td><strong>CECA<\/strong><\/td><td>Centro de Educa\u00e7\u00e3o, Comunica\u00e7\u00e3o e Artes<\/td><\/tr><tr><td><strong>CEFE<\/strong><\/td><td>Centro de Educa\u00e7\u00e3o F\u00edsica e Esporte<\/td><\/tr><tr><td><strong>CEPE<\/strong><\/td><td>Conselho de Ensino, Pesquisa e Extens\u00e3o<\/td><\/tr><tr><td><strong>CESA<\/strong><\/td><td>Centro de Estudos Sociais Aplicados<\/td><\/tr><tr><td><strong>CLCH<\/strong><\/td><td>Centro de Letras e Ci\u00eancias Humanas<\/td><\/tr><tr><td><strong>COM<\/strong><\/td><td>Coordenadoria de Comunica\u00e7\u00e3o Social<\/td><\/tr><tr><td><strong>COPS<\/strong><\/td><td>Coordenadoria de Processos Seletivos<\/td><\/tr><tr><td><strong>COU<\/strong><\/td><td>Cl\u00ednica Odontol\u00f3gica Universit\u00e1ria<\/td><\/tr><tr><td><strong>CTU<\/strong><\/td><td>Centro de Tecnologia e Urbanismo<\/td><\/tr><tr><td><strong>CU<\/strong><\/td><td>Conselho Universit\u00e1rio<\/td><\/tr><tr><td><strong>DCE<\/strong><\/td><td>Diret\u00f3rio Central de Estudantes<\/td><\/tr><tr><td><strong>EAAJ<\/strong><\/td><td>Escrit\u00f3rio de Aplica\u00e7\u00e3o de Assuntos Jur\u00eddicos<\/td><\/tr><tr><td><strong>FAZESC<\/strong><\/td><td>Fazenda Escola<\/td><\/tr><tr><td><strong>HU<\/strong><\/td><td>Hospital Universit\u00e1rio<\/td><\/tr><tr><td><strong>HV<\/strong><\/td><td>Hospital Veterin\u00e1rio<\/td><\/tr><tr><td><strong>IES<\/strong><\/td><td>Institui\u00e7\u00e3o de Ensino Superior<\/td><\/tr><tr><td><strong>LABTED<\/strong><\/td><td>Laborat\u00f3rio de Tecnologia Educacional<\/td><\/tr><tr><td><strong>LPM<\/strong><\/td><td>Laborat\u00f3rio de Produ\u00e7\u00e3o de Medicamentos<\/td><\/tr><tr><td><strong>PCU<\/strong><\/td><td>Prefeitura do Campus Universit\u00e1rio<\/td><\/tr><tr><td><strong>PROAF<\/strong><\/td><td>Pr\u00f3-Reitoria de Administra\u00e7\u00e3o e Finan\u00e7as<\/td><\/tr><tr><td><strong>PROEX<\/strong><\/td><td>Pr\u00f3-Reitoria de Extens\u00e3o \u00e0 Comunidade<\/td><\/tr><tr><td><strong>PROGRAD<\/strong><\/td><td>Pr\u00f3-Reitoria de Gradua\u00e7\u00e3o<\/td><\/tr><tr><td><strong>PROPLAN<\/strong><\/td><td>Pr\u00f3-Reitoria de Planejamento<\/td><\/tr><tr><td><strong>PROPPG<\/strong><\/td><td>Pr\u00f3-Reitoria de Pesquisa e P\u00f3s-Gradua\u00e7\u00e3o<\/td><\/tr><tr><td><strong>PRORH<\/strong><\/td><td>Pr\u00f3-Reitoria de Recursos Humanos<\/td><\/tr><tr><td><strong>RU<\/strong><\/td><td>Restaurante Universit\u00e1rio<\/td><\/tr><tr><td><strong>SEBEC<\/strong><\/td><td>Servi\u00e7o de Bem-Estar \u00e0 Comunidade<\/td><\/tr><tr><td><strong>UEL<\/strong><\/td><td>Universidade Estadual de Londrina<\/td><\/tr><\/tbody><\/table><\/figure>\n\n\n\n<div style=\"height:20px\" aria-hidden=\"true\" class=\"wp-block-spacer\"><\/div>\n\n\n\n<p class=\"has-text-align-center has-verde-claro-background-color has-background\"><strong><a href=\"https:\/\/portal.uel.br\/conheca-a-uel\/\" target=\"_blank\" rel=\"noreferrer noopener\">Mais sobre a UEL<\/a><\/strong><\/p>\n","protected":false},"excerpt":{"rendered":"<p>Conhe\u00e7a a Sua Universidade Apresenta\u00e7\u00e3o A Universidade Estadual de Londrina (UEL) tem mais de 50 anos de atividades,&nbsp;destacando-se nacionalmente em ensino, pesquisa e extens\u00e3o e se solidificando no cen\u00e1rio internacional pelo impacto das pesquisas desenvolvidas. A estrutura acad\u00eamica se evidencia pelos 52&nbsp;cursos presenciais de Gradua\u00e7\u00e3o (37 bacharelados e 15 licenciaturas), 2 cursos a dist\u00e2ncia (1 [&hellip;]<\/p>\n","protected":false},"author":8,"featured_media":0,"parent":0,"menu_order":0,"comment_status":"closed","ping_status":"closed","template":"","meta":{"_acf_changed":false,"_themeisle_gutenberg_block_has_review":false,"footnotes":""},"class_list":["post-30683","page","type-page","status-publish","hentry"],"acf":[],"_links":{"self":[{"href":"https:\/\/sites.uel.br\/prograd\/wp-json\/wp\/v2\/pages\/30683","targetHints":{"allow":["GET"]}}],"collection":[{"href":"https:\/\/sites.uel.br\/prograd\/wp-json\/wp\/v2\/pages"}],"about":[{"href":"https:\/\/sites.uel.br\/prograd\/wp-json\/wp\/v2\/types\/page"}],"author":[{"embeddable":true,"href":"https:\/\/sites.uel.br\/prograd\/wp-json\/wp\/v2\/users\/8"}],"replies":[{"embeddable":true,"href":"https:\/\/sites.uel.br\/prograd\/wp-json\/wp\/v2\/comments?post=30683"}],"version-history":[{"count":14,"href":"https:\/\/sites.uel.br\/prograd\/wp-json\/wp\/v2\/pages\/30683\/revisions"}],"predecessor-version":[{"id":30791,"href":"https:\/\/sites.uel.br\/prograd\/wp-json\/wp\/v2\/pages\/30683\/revisions\/30791"}],"wp:attachment":[{"href":"https:\/\/sites.uel.br\/prograd\/wp-json\/wp\/v2\/media?parent=30683"}],"curies":[{"name":"wp","href":"https:\/\/api.w.org\/{rel}","templated":true}]}}