{"id":30434,"date":"2024-06-04T14:46:47","date_gmt":"2024-06-04T17:46:47","guid":{"rendered":"https:\/\/sites.uel.br\/prograd\/?page_id=30434"},"modified":"2024-06-18T11:07:57","modified_gmt":"2024-06-18T14:07:57","slug":"guia-academico-glossario","status":"publish","type":"page","link":"https:\/\/sites.uel.br\/prograd\/guia-academico-glossario\/","title":{"rendered":"Guia Acad\u00eamico"},"content":{"rendered":"\n<hr class=\"wp-block-separator has-alpha-channel-opacity is-style-wide\"\/>\n\n\n<div class=\"wp-block-image\">\n<figure class=\"aligncenter size-full\"><a href=\"https:\/\/sites.uel.br\/prograd\/guia-academico\/\"><img loading=\"lazy\" decoding=\"async\" width=\"557\" height=\"154\" src=\"https:\/\/sites.uel.br\/prograd\/wp-content\/uploads\/2023\/02\/cab_guia_academico-1.jpg\" alt=\"\" class=\"wp-image-1635\" srcset=\"https:\/\/sites.uel.br\/prograd\/wp-content\/uploads\/2023\/02\/cab_guia_academico-1.jpg 557w, https:\/\/sites.uel.br\/prograd\/wp-content\/uploads\/2023\/02\/cab_guia_academico-1-300x83.jpg 300w\" sizes=\"auto, (max-width: 557px) 100vw, 557px\" \/><\/a><\/figure>\n<\/div>\n\n\n<h2 class=\"wp-block-heading\">Gloss\u00e1rio<\/h2>\n\n\n\n<p>Qualquer comunidade tem seu vocabul\u00e1rio pr\u00f3prio. Na Universidade \u00e9 comum voc\u00ea se deparar com termos que s\u00e3o utilizados nos seguintes sentidos:<\/p>\n\n\n\n<p><strong>Acad\u00eamico<\/strong>: Estudante matriculado em qualquer curso de gradua\u00e7\u00e3o da Universidade.<\/p>\n\n\n\n<p><strong>Ano Acad\u00eamico<\/strong>: Per\u00edodo de oferta de atividades curriculares. \u00c9 composto de dois per\u00edodos letivos regulares (semestres).<\/p>\n\n\n\n<p><strong>Atividades Acad\u00eamicas<\/strong>: s\u00e3o as diversas atividades que comp\u00f5em os curr\u00edculos dos cursos de gradua\u00e7\u00e3o tais como: disciplinas, m\u00f3dulos interdisciplinares, est\u00e1gios etc.<\/p>\n\n\n\n<p><strong>Bacharelado<\/strong>: T\u00edtulo obtido &#8211; Bacharel. Forma o profissional das diversas \u00e1reas, que ir\u00e1 atuar em diferentes campos de trabalho e atividades, como pr\u00e1tica profissional espec\u00edfica, desenvolvimento de Estudos e pesquisas, carreira universit\u00e1ria, planejamento, consultoria, organiza\u00e7\u00f5es empresariais, entre outros.<\/p>\n\n\n\n<p><strong>Campus<\/strong>: Espa\u00e7o f\u00edsico onde se localiza a Universidade, com seus Centros de Estudos, sua administra\u00e7\u00e3o e servi\u00e7os.<\/p>\n\n\n\n<p><strong>Centro Acad\u00eamico (CA)<\/strong>: \u00d3rg\u00e3o representativo dos estudantes de um determinado curso.<\/p>\n\n\n\n<p><strong>Comunidade Interna<\/strong>: Constitu\u00edda por todos os acad\u00eamicos de gradua\u00e7\u00e3o e p\u00f3s-gradua\u00e7\u00e3o, professores e funcion\u00e1rios.<\/p>\n\n\n\n<p><strong>Concedentes<\/strong>: S\u00e3o as entidades de direito privado, os \u00f3rg\u00e3os da administra\u00e7\u00e3o p\u00fablica, as institui\u00e7\u00f5es de ensino e\/ou pesquisa, as pr\u00f3prias unidades da Universidade Estadual de Londrina e a comunidade em geral, desde que apresentem condi\u00e7\u00f5es para serem campo de est\u00e1gio.<\/p>\n\n\n\n<p><strong>Corpo Discente<\/strong>: Conjunto de estudantes da Universidade.<\/p>\n\n\n\n<p><strong>Corpo Docente<\/strong>: Conjunto de professores da Universidade.<\/p>\n\n\n\n<p><strong>Corpo T\u00e9cnico-Administrativo<\/strong>: Formado por todos os funcion\u00e1rios n\u00e3o-docentes que trabalham nos \u00f3rg\u00e3os da Universidade.<\/p>\n\n\n\n<p><strong>Curr\u00edculo (matriz curricular)<\/strong>: Conjunto de disciplinas\/atividades acad\u00eamicas que comp\u00f5em um determinado curso.<\/p>\n\n\n\n<p><strong>Deferido<\/strong>: Atendido, outorgado, aprovado; despachado favoravelmente.<\/p>\n\n\n\n<p><strong>Diret\u00f3rio Central dos Estudantes (DCE)<\/strong>: \u00d3rg\u00e3o representativo de todos os estudantes da Universidade.<\/p>\n\n\n\n<p><strong>Gradua\u00e7\u00e3o<\/strong>: Usado tanto para designar o n\u00edvel de ensino ofertado por uma Institui\u00e7\u00e3o de Ensino Superior &#8211; IES, quanto para identificar a forma\u00e7\u00e3o em um curso superior.<\/p>\n\n\n\n<p><strong>Indeferido<\/strong>: Que n\u00e3o teve despacho ou teve despacho contr\u00e1rio ao que se requereu.<\/p>\n\n\n\n<p><strong>Interveniente<\/strong>: \u00c9 a Institui\u00e7\u00e3o onde o estagi\u00e1rio estuda, se voc\u00ea \u00e9 estudante da UEL, a interveniente \u00e9 a UEL.<\/p>\n\n\n\n<p><strong>Licenciatura<\/strong>: T\u00edtulo obtido &#8211; Licenciado. Habilita, principalmente ao exerc\u00edcio de uma carreira docente na Educa\u00e7\u00e3o B\u00e1sica.<\/p>\n\n\n\n<p><strong>Projeto Pedag\u00f3gico Institucional<\/strong>: Conjunto de defini\u00e7\u00f5es quanto ao cumprimento das atribui\u00e7\u00f5es de uma Universidade. Expressa o consenso existente quanto \u00e0 concep\u00e7\u00e3o de Universidade, de Educa\u00e7\u00e3o Superior e de Pol\u00edtica Educacional a ser implantada. Constitui um conjunto de diretrizes que norteiam o planejamento e a execu\u00e7\u00e3o das atividades cotidianas da institui\u00e7\u00e3o. Serve de base para os Projetos Pedag\u00f3gicos dos diversos cursos da Universidade.<\/p>\n\n\n\n<p><strong>Projeto Pedag\u00f3gico de Curso<\/strong>: Conjunto de defini\u00e7\u00f5es quanto ao perfil do ingressante, princ\u00edpios te\u00f3ricos e metodol\u00f3gicos da forma\u00e7\u00e3o dos estudantes, perfil do profissional a ser formado, dentre outros. Inclui o curr\u00edculo do curso e o sistema de avalia\u00e7\u00e3o, buscando precisar o seu contexto de desenvolvimento e os objetivos gerais que nortearam a op\u00e7\u00e3o pedag\u00f3gica proposta.<\/p>\n\n\n\n<p><strong>Registro de Matr\u00edcula<\/strong>: Comprovante de matr\u00edcula personalizado, onde constam as disciplinas\/atividades acad\u00eamicas\/turmas matriculadas da s\u00e9rie ou semestre em curso, com especifica\u00e7\u00e3o de hor\u00e1rio e salas de aulas.<\/p>\n\n\n\n<p><strong>S\u00e9rie<\/strong>: Os cursos est\u00e3o programados para serem conclu\u00eddos em quatro ou mais per\u00edodos letivos anuais. Cada per\u00edodo constitui-se em uma s\u00e9rie.<\/p>\n","protected":false},"excerpt":{"rendered":"<p>Gloss\u00e1rio Qualquer comunidade tem seu vocabul\u00e1rio pr\u00f3prio. Na Universidade \u00e9 comum voc\u00ea se deparar com termos que s\u00e3o utilizados nos seguintes sentidos: Acad\u00eamico: Estudante matriculado em qualquer curso de gradua\u00e7\u00e3o da Universidade. Ano Acad\u00eamico: Per\u00edodo de oferta de atividades curriculares. \u00c9 composto de dois per\u00edodos letivos regulares (semestres). Atividades Acad\u00eamicas: s\u00e3o as diversas atividades que [&hellip;]<\/p>\n","protected":false},"author":8,"featured_media":0,"parent":0,"menu_order":0,"comment_status":"closed","ping_status":"closed","template":"","meta":{"_acf_changed":false,"_themeisle_gutenberg_block_has_review":false,"footnotes":""},"class_list":["post-30434","page","type-page","status-publish","hentry"],"acf":[],"_links":{"self":[{"href":"https:\/\/sites.uel.br\/prograd\/wp-json\/wp\/v2\/pages\/30434","targetHints":{"allow":["GET"]}}],"collection":[{"href":"https:\/\/sites.uel.br\/prograd\/wp-json\/wp\/v2\/pages"}],"about":[{"href":"https:\/\/sites.uel.br\/prograd\/wp-json\/wp\/v2\/types\/page"}],"author":[{"embeddable":true,"href":"https:\/\/sites.uel.br\/prograd\/wp-json\/wp\/v2\/users\/8"}],"replies":[{"embeddable":true,"href":"https:\/\/sites.uel.br\/prograd\/wp-json\/wp\/v2\/comments?post=30434"}],"version-history":[{"count":5,"href":"https:\/\/sites.uel.br\/prograd\/wp-json\/wp\/v2\/pages\/30434\/revisions"}],"predecessor-version":[{"id":30753,"href":"https:\/\/sites.uel.br\/prograd\/wp-json\/wp\/v2\/pages\/30434\/revisions\/30753"}],"wp:attachment":[{"href":"https:\/\/sites.uel.br\/prograd\/wp-json\/wp\/v2\/media?parent=30434"}],"curies":[{"name":"wp","href":"https:\/\/api.w.org\/{rel}","templated":true}]}}