{"id":29348,"date":"2024-05-06T14:04:02","date_gmt":"2024-05-06T17:04:02","guid":{"rendered":"https:\/\/sites.uel.br\/prograd\/?page_id=29348"},"modified":"2024-05-15T16:53:29","modified_gmt":"2024-05-15T19:53:29","slug":"projetos-de-pesquisa-em-ensino-pesquisa-extensao-e-integrados","status":"publish","type":"page","link":"https:\/\/sites.uel.br\/prograd\/projetos-de-pesquisa-em-ensino-pesquisa-extensao-e-integrados\/","title":{"rendered":"Projetos de Pesquisa em Ensino, Pesquisa, Extens\u00e3o e Integrados"},"content":{"rendered":"\n<hr class=\"wp-block-separator has-alpha-channel-opacity is-style-wide\"\/>\n\n\n\n<p>O estudante pode participar em projeto(s) proposto(s) por professor(es), para isso, deve procurar o professor respons\u00e1vel pelo projeto para inscrever-se. A participa\u00e7\u00e3o em projetos constitui uma das mais ricas experi\u00eancias da vida de um estudante universit\u00e1rio.<\/p>\n\n\n\n<p><\/p>\n\n\n\n<p><strong>Formul\u00e1rios:<\/strong><\/p>\n\n\n\n<p><a href=\"https:\/\/sites.uel.br\/prograd\/wp-content\/uploads\/formularios\/programa_formacao_complementar\/relatorio_final_colaboradores_externos.doc\" target=\"_blank\" rel=\"noreferrer noopener\">Relat\u00f3rio Final de Participa\u00e7\u00e3o de Colaboradores Externos<\/a><br><a href=\"https:\/\/sites.uel.br\/prograd\/wp-content\/uploads\/formularios\/programa_formacao_complementar\/form_colaborador_externo.doc\" target=\"_blank\" rel=\"noreferrer noopener\">Formul\u00e1rio de Inscri\u00e7\u00e3o de Colaborador Externo Projeto\/Programa<\/a><br><a href=\"https:\/\/sites.uel.br\/prograd\/wp-content\/uploads\/formularios\/prorrogacao_de_projeto\/prorrogacao_de_projeto.doc\" target=\"_blank\" rel=\"noreferrer noopener\">Prorroga\u00e7\u00e3o de Projetos de Pesquisa em Ensino<\/a><br><a href=\"https:\/\/sites.uel.br\/prograd\/wp-content\/uploads\/formularios\/inclusao_docentes_ppe\/inclusao_docentes_ppe.doc\" target=\"_blank\" rel=\"noreferrer noopener\">Inclus\u00e3o de Docentes em Projetos de Pesquisa em Ensino<\/a><br><a href=\"https:\/\/sites.uel.br\/prograd\/wp-content\/uploads\/formularios\/substituicao_docentes.doc\" target=\"_blank\" rel=\"noreferrer noopener\">Substitui\u00e7\u00e3o de Docentes em Projetos de Pesquisa em Ensino<\/a><\/p>\n","protected":false},"excerpt":{"rendered":"<p>O estudante pode participar em projeto(s) proposto(s) por professor(es), para isso, deve procurar o professor respons\u00e1vel pelo projeto para inscrever-se. A participa\u00e7\u00e3o em projetos constitui uma das mais ricas experi\u00eancias da vida de um estudante universit\u00e1rio. Formul\u00e1rios: Relat\u00f3rio Final de Participa\u00e7\u00e3o de Colaboradores ExternosFormul\u00e1rio de Inscri\u00e7\u00e3o de Colaborador Externo Projeto\/ProgramaProrroga\u00e7\u00e3o de Projetos de Pesquisa em [&hellip;]<\/p>\n","protected":false},"author":8,"featured_media":0,"parent":0,"menu_order":0,"comment_status":"closed","ping_status":"closed","template":"","meta":{"_acf_changed":false,"_themeisle_gutenberg_block_has_review":false,"footnotes":""},"class_list":["post-29348","page","type-page","status-publish","hentry"],"acf":[],"_links":{"self":[{"href":"https:\/\/sites.uel.br\/prograd\/wp-json\/wp\/v2\/pages\/29348","targetHints":{"allow":["GET"]}}],"collection":[{"href":"https:\/\/sites.uel.br\/prograd\/wp-json\/wp\/v2\/pages"}],"about":[{"href":"https:\/\/sites.uel.br\/prograd\/wp-json\/wp\/v2\/types\/page"}],"author":[{"embeddable":true,"href":"https:\/\/sites.uel.br\/prograd\/wp-json\/wp\/v2\/users\/8"}],"replies":[{"embeddable":true,"href":"https:\/\/sites.uel.br\/prograd\/wp-json\/wp\/v2\/comments?post=29348"}],"version-history":[{"count":2,"href":"https:\/\/sites.uel.br\/prograd\/wp-json\/wp\/v2\/pages\/29348\/revisions"}],"predecessor-version":[{"id":29775,"href":"https:\/\/sites.uel.br\/prograd\/wp-json\/wp\/v2\/pages\/29348\/revisions\/29775"}],"wp:attachment":[{"href":"https:\/\/sites.uel.br\/prograd\/wp-json\/wp\/v2\/media?parent=29348"}],"curies":[{"name":"wp","href":"https:\/\/api.w.org\/{rel}","templated":true}]}}