{"id":2929,"date":"2023-04-11T14:46:50","date_gmt":"2023-04-11T17:46:50","guid":{"rendered":"https:\/\/sites.uel.br\/prograd\/?page_id=2929"},"modified":"2024-01-30T13:25:22","modified_gmt":"2024-01-30T16:25:22","slug":"residencia-pedagogica-caracteristicas","status":"publish","type":"page","link":"https:\/\/sites.uel.br\/prograd\/residencia-pedagogica-caracteristicas\/","title":{"rendered":"Resid\u00eancia Pedag\u00f3gica"},"content":{"rendered":"\n<hr class=\"wp-block-separator has-alpha-channel-opacity is-style-wide\"\/>\n\n\n\n<h2 class=\"wp-block-heading\">Caracter\u00edsticas<\/h2>\n\n\n\n<p>A resid\u00eancia pedag\u00f3gica \u00e9 uma atividade de forma\u00e7\u00e3o realizada por um discente regularmente matriculado em curso de licenciatura e desenvolvida numa escola p\u00fablica de educa\u00e7\u00e3o b\u00e1sica, denominada escola &#8211; campo.<\/p>\n\n\n\n<p>A resid\u00eancia pedag\u00f3gica ter\u00e1 o total de 440 horas de atividades distribu\u00eddas da seguinte forma:<\/p>\n\n\n\n<p>1. 60 horas destinadas \u00e0 ambienta\u00e7\u00e3o na escola;<\/p>\n\n\n\n<p>2. 320 horas de imers\u00e3o, sendo 100 de reg\u00eancia, que incluir\u00e1 o planejamento e execu\u00e7\u00e3o de pelo menos uma interven\u00e7\u00e3o pedag\u00f3gica; e<\/p>\n\n\n\n<p>3. 60 horas destinadas \u00e0 elabora\u00e7\u00e3o de relat\u00f3rio final, avalia\u00e7\u00e3o e socializa\u00e7\u00e3o de atividades.<\/p>\n\n\n\n<p>Na escola &#8211; campo, o residente ser\u00e1 acompanhado por um professor da educa\u00e7\u00e3o b\u00e1sica, denominado preceptor.<br><br>A orienta\u00e7\u00e3o do residente ser\u00e1 realizada por um docente da IES, denominado docente orientador.<\/p>\n\n\n\n<p><\/p>\n\n\n\n<h2 class=\"wp-block-heading has-text-align-center\">Resid\u00eancia Pedag\u00f3gica UEL<\/h2>\n\n\n\n<p>O Projeto Institucional de Resid\u00eancia Pedag\u00f3gica da UEL \u00e9 constitu\u00eddo de 10 subprojetos (n\u00facleos) que envolvem o Cursos de &nbsp;Licenciatura: Multidisciplinar &#8211; Ci\u00eancias Exatas (F\u00edsica, Matem\u00e1tica e Qu\u00edmica), Multidisciplinar &#8211; Linguagens (Artes Visuais, Letras &#8211; L\u00edngua Espanhola e M\u00fasica), Ci\u00eancias Biol\u00f3gicas, Ci\u00eancias Sociais, Filosofia, &nbsp;Geografia, Hist\u00f3ria, Letras &#8211; L\u00edngua Inglesa, Letras &#8211; L\u00edngua Portuguesa e Pedagogia.<\/p>\n\n\n\n<p>Cada n\u00facleo de resid\u00eancia cont\u00e9m um docente orientador, 3 preceptores e o m\u00ednimo de 24 e o m\u00e1ximo de 30 residentes, sendo admitido participantes com e sem bolsa.<\/p>\n","protected":false},"excerpt":{"rendered":"<p>Caracter\u00edsticas A resid\u00eancia pedag\u00f3gica \u00e9 uma atividade de forma\u00e7\u00e3o realizada por um discente regularmente matriculado em curso de licenciatura e desenvolvida numa escola p\u00fablica de educa\u00e7\u00e3o b\u00e1sica, denominada escola &#8211; campo. A resid\u00eancia pedag\u00f3gica ter\u00e1 o total de 440 horas de atividades distribu\u00eddas da seguinte forma: 1. 60 horas destinadas \u00e0 ambienta\u00e7\u00e3o na escola; 2. [&hellip;]<\/p>\n","protected":false},"author":8,"featured_media":0,"parent":0,"menu_order":0,"comment_status":"closed","ping_status":"closed","template":"","meta":{"_acf_changed":false,"_themeisle_gutenberg_block_has_review":false,"footnotes":""},"class_list":["post-2929","page","type-page","status-publish","hentry"],"acf":[],"_links":{"self":[{"href":"https:\/\/sites.uel.br\/prograd\/wp-json\/wp\/v2\/pages\/2929","targetHints":{"allow":["GET"]}}],"collection":[{"href":"https:\/\/sites.uel.br\/prograd\/wp-json\/wp\/v2\/pages"}],"about":[{"href":"https:\/\/sites.uel.br\/prograd\/wp-json\/wp\/v2\/types\/page"}],"author":[{"embeddable":true,"href":"https:\/\/sites.uel.br\/prograd\/wp-json\/wp\/v2\/users\/8"}],"replies":[{"embeddable":true,"href":"https:\/\/sites.uel.br\/prograd\/wp-json\/wp\/v2\/comments?post=2929"}],"version-history":[{"count":10,"href":"https:\/\/sites.uel.br\/prograd\/wp-json\/wp\/v2\/pages\/2929\/revisions"}],"predecessor-version":[{"id":17001,"href":"https:\/\/sites.uel.br\/prograd\/wp-json\/wp\/v2\/pages\/2929\/revisions\/17001"}],"wp:attachment":[{"href":"https:\/\/sites.uel.br\/prograd\/wp-json\/wp\/v2\/media?parent=2929"}],"curies":[{"name":"wp","href":"https:\/\/api.w.org\/{rel}","templated":true}]}}