{"id":28756,"date":"2024-04-26T13:49:46","date_gmt":"2024-04-26T16:49:46","guid":{"rendered":"https:\/\/sites.uel.br\/prograd\/?page_id=28756"},"modified":"2024-04-26T14:01:54","modified_gmt":"2024-04-26T17:01:54","slug":"gepe-grupo-de-estudos-de-praticas-em-ensino-materiais","status":"publish","type":"page","link":"https:\/\/sites.uel.br\/prograd\/gepe-grupo-de-estudos-de-praticas-em-ensino-materiais\/","title":{"rendered":"GEPE (Grupo de Estudos de Pr\u00e1ticas em Ensino)"},"content":{"rendered":"\n<hr class=\"wp-block-separator has-alpha-channel-opacity is-style-wide\"\/>\n\n\n\n<h2 class=\"wp-block-heading\">Materiais<\/h2>\n\n\n\n<p><strong>Apresenta\u00e7\u00e3o<\/strong><\/p>\n\n\n\n<p><a href=\"https:\/\/sites.uel.br\/prograd\/wp-content\/uploads\/gepe\/materiais\/desafios_docencia_universitaria.pdf\" target=\"_blank\" rel=\"noreferrer noopener\">Encontro de Educadores &#8211; Desafios da Doc\u00eancia Universit\u00e1ria<br>Profa. Dra. L\u00e9a das Gra\u00e7as Camargos Anastasiou<\/a><\/p>\n\n\n\n<p><strong>Diversos<\/strong><\/p>\n\n\n\n<p><a href=\"https:\/\/sites.uel.br\/prograd\/wp-content\/uploads\/gepe\/materiais\/evasao.pdf\" target=\"_blank\" rel=\"noreferrer noopener\">Dados Comparativos Sobre a Evas\u00e3o em F\u00edsica, Matem\u00e1tica, Qu\u00edmica e Biologia da Universidade Estadual de Londrina: 1996 a 2004<\/a><\/p>\n\n\n\n<p><em>Sergio de Mello Arruda<\/em><br>Departamento de F\u00edsica UEL<br><em><br>Marcelo Alves de Carvalho<\/em><br>Licenciatura em F\u00edsica UEL<br><em><br>Marinez Meneghello Passos<\/em><br>Departamento de Matem\u00e1tica UEL<br>Londrina PR<\/p>\n\n\n\n<p><em>Fernando Lang da Silveira<\/em><br>Departamento de F\u00edsica -UFRGS<br>Porto Alegre RS<\/p>\n\n\n\n<p><a href=\"https:\/\/sites.uel.br\/prograd\/wp-content\/uploads\/gepe\/materiais\/texto_pedro_demo.pdf\" target=\"_blank\" rel=\"noreferrer noopener\">A produtividade docente e seus poss\u00edveis impactos na gradua\u00e7\u00e3o<\/a><\/p>\n\n\n\n<p><a href=\"https:\/\/sites.uel.br\/prograd\/wp-content\/uploads\/gepe\/materiais\/educacao_carinho_trabalho.pdf\" target=\"_blank\" rel=\"noreferrer noopener\">Educa\u00e7\u00e3o: carinho e trabalho<br>Burnout, a s\u00edndrome da desist\u00eancia do educador, que pode levar \u00e0 fal\u00eancia da educa\u00e7\u00e3o<br>Wanderley Codo (coordenador)<\/a><\/p>\n\n\n\n<p><a href=\"https:\/\/sites.uel.br\/prograd\/wp-content\/uploads\/gepe\/materiais\/formacao_professores.pdf\" target=\"_blank\" rel=\"noreferrer noopener\">Forma\u00e7\u00e3o de Professores<br>Pesquisas, representa\u00e7\u00f5es e poder<br>J\u00falio Em\u00edlio Diniz Pereira<\/a><br><br><a href=\"https:\/\/sites.uel.br\/prograd\/wp-content\/uploads\/gepe\/materiais\/juventude_sociedade.pdf\" target=\"_blank\" rel=\"noreferrer noopener\">Juventude e Sociedade<br>Trabalho, Educa\u00e7\u00e3o, Cultura e Participa\u00e7\u00e3o<br>Regina Novaes e Paulo Vannuchi (Org.)<\/a><\/p>\n\n\n\n<p><a href=\"https:\/\/sites.uel.br\/prograd\/wp-content\/uploads\/gepe\/materiais\/palavras_sinais.pdf\" target=\"_blank\" rel=\"noreferrer noopener\">Palavras e Sinais<br>Modelos Cr\u00edticos 2<br>Theodor W. Adorno<\/a><\/p>\n\n\n\n<p><a href=\"https:\/\/sites.uel.br\/prograd\/wp-content\/uploads\/gepe\/materiais\/retratos_juventude_brasileira.pdf\" target=\"_blank\" rel=\"noreferrer noopener\">Retratos da Juventude Brasileira<br>An\u00e1lises de uma pesquisa nacional<br>Helena Wendel Abramo e Pedro Paulo Martoni Branco (Org.)<\/a><\/p>\n\n\n\n<p><a href=\"https:\/\/sites.uel.br\/prograd\/wp-content\/uploads\/gepe\/materiais\/trabalho_intensificado_federais.pdf\" target=\"_blank\" rel=\"noreferrer noopener\">Trabalho intensificado nas federais<br>P\u00f3s-gradua\u00e7\u00e3o e produtivismo acad\u00eamico<br>Valdemar Sguissardi e Jo\u00e3o dos Reis Silva J\u00fanior<\/a><\/p>\n\n\n\n<p><a href=\"https:\/\/sites.uel.br\/prograd\/wp-content\/uploads\/gepe\/materiais\/trabalho_leitura_universidade.pdf\" target=\"_blank\" rel=\"noreferrer noopener\">Trabalho Acad\u00eamico na Universidade<br>Disciplina 6EDU001 &#8211; Metodologia do Trabalho Cient\u00edfico em Educa\u00e7\u00e3o<br>Maria Luiza Macedo Abbud<\/a><\/p>\n\n\n\n<p><a href=\"https:\/\/sites.uel.br\/prograd\/wp-content\/uploads\/gepe\/materiais\/texto_pedro_demo.pdf\" target=\"_blank\" rel=\"noreferrer noopener\">Texto extra\u00eddo do livro \u201cAprender bem\/mal\u201d, de Pedro Demo, (Ed. Autores Associados), 97p., 2008<\/a><\/p>\n\n\n\n<p><strong><br>Resultados do Question\u00e1rio GEPE por Centro de Estudo\/UEL (Reuni\u00f5es)<\/strong><\/p>\n\n\n\n<p><a href=\"https:\/\/sites.uel.br\/prograd\/wp-content\/uploads\/gepe\/materiais\/resultados_gepe_cce.pdf\" target=\"_blank\" rel=\"noreferrer noopener\">Centro de Ci\u00eancias Exatas (CCE) &#8211; 14\/09\/11 (14h)<\/a><\/p>\n\n\n\n<p><a href=\"https:\/\/sites.uel.br\/prograd\/wp-content\/uploads\/gepe\/materiais\/resultados_gepe_cca.pdf\" target=\"_blank\" rel=\"noreferrer noopener\">Centro de Ci\u00eancias Agr\u00e1rias (CCA) &#8211; 15\/09\/11 (9h)<\/a><\/p>\n\n\n\n<p><a href=\"https:\/\/sites.uel.br\/prograd\/wp-content\/uploads\/gepe\/materiais\/resultados_gepe_ctu.pdf\" target=\"_blank\" rel=\"noreferrer noopener\">Centro de Tecnologia e Urbanismo (CTU) &#8211; 16\/09\/11 (9h)<\/a><\/p>\n\n\n\n<p><a href=\"https:\/\/sites.uel.br\/prograd\/wp-content\/uploads\/gepe\/materiais\/resultados_gepe_ccs.pdf\" target=\"_blank\" rel=\"noreferrer noopener\">Centro de Ci\u00eancias da Sa\u00fade (CCS) &#8211; 21\/09\/11 (9h)<\/a><\/p>\n\n\n\n<p><a href=\"https:\/\/sites.uel.br\/prograd\/wp-content\/uploads\/gepe\/materiais\/resultados_gepe_ccb.pdf\" target=\"_blank\" rel=\"noreferrer noopener\">Centro de Ci\u00eancias Biol\u00f3gicas (CCB) &#8211; 22\/09\/11 (9h)<\/a><\/p>\n\n\n\n<p><a href=\"https:\/\/sites.uel.br\/prograd\/wp-content\/uploads\/gepe\/materiais\/resultados_gepe_cefe.pdf\" target=\"_blank\" rel=\"noreferrer noopener\">Centro de Educa\u00e7\u00e3o F\u00edsica e Esporte (CEFE) &#8211; 22\/09\/11 (14h)<\/a><\/p>\n\n\n\n<p><a href=\"https:\/\/sites.uel.br\/prograd\/wp-content\/uploads\/gepe\/materiais\/resultados_gepe_clch.pdf\" target=\"_blank\" rel=\"noreferrer noopener\">Centro Letras e Ci\u00eancias Humanas (CLCH) &#8211; 27\/09\/11 (14h)<\/a><\/p>\n\n\n\n<p><a href=\"https:\/\/sites.uel.br\/prograd\/wp-content\/uploads\/gepe\/materiais\/resultados_gepe_cesa.pdf\" target=\"_blank\" rel=\"noreferrer noopener\">Centro de Estudos Sociais Aplicados (CESA) &#8211; 28\/09\/11 (14h)<\/a><\/p>\n\n\n\n<p><a href=\"https:\/\/sites.uel.br\/prograd\/wp-content\/uploads\/gepe\/materiais\/resultados_gepe_ceca.pdf\" target=\"_blank\" rel=\"noreferrer noopener\">Centro de Educa\u00e7\u00e3o Comunica\u00e7\u00e3o e Artes (CECA) &#8211; 29\/09\/11 (14h)<\/a><\/p>\n\n","protected":false},"excerpt":{"rendered":"<p>Materiais Apresenta\u00e7\u00e3o Encontro de Educadores &#8211; Desafios da Doc\u00eancia Universit\u00e1riaProfa. Dra. L\u00e9a das Gra\u00e7as Camargos Anastasiou Diversos Dados Comparativos Sobre a Evas\u00e3o em F\u00edsica, Matem\u00e1tica, Qu\u00edmica e Biologia da Universidade Estadual de Londrina: 1996 a 2004 Sergio de Mello ArrudaDepartamento de F\u00edsica UELMarcelo Alves de CarvalhoLicenciatura em F\u00edsica UELMarinez Meneghello PassosDepartamento de Matem\u00e1tica UELLondrina PR [&hellip;]<\/p>\n","protected":false},"author":8,"featured_media":0,"parent":0,"menu_order":0,"comment_status":"closed","ping_status":"closed","template":"","meta":{"_acf_changed":false,"_themeisle_gutenberg_block_has_review":false,"footnotes":""},"class_list":["post-28756","page","type-page","status-publish","hentry"],"acf":[],"_links":{"self":[{"href":"https:\/\/sites.uel.br\/prograd\/wp-json\/wp\/v2\/pages\/28756","targetHints":{"allow":["GET"]}}],"collection":[{"href":"https:\/\/sites.uel.br\/prograd\/wp-json\/wp\/v2\/pages"}],"about":[{"href":"https:\/\/sites.uel.br\/prograd\/wp-json\/wp\/v2\/types\/page"}],"author":[{"embeddable":true,"href":"https:\/\/sites.uel.br\/prograd\/wp-json\/wp\/v2\/users\/8"}],"replies":[{"embeddable":true,"href":"https:\/\/sites.uel.br\/prograd\/wp-json\/wp\/v2\/comments?post=28756"}],"version-history":[{"count":3,"href":"https:\/\/sites.uel.br\/prograd\/wp-json\/wp\/v2\/pages\/28756\/revisions"}],"predecessor-version":[{"id":28801,"href":"https:\/\/sites.uel.br\/prograd\/wp-json\/wp\/v2\/pages\/28756\/revisions\/28801"}],"wp:attachment":[{"href":"https:\/\/sites.uel.br\/prograd\/wp-json\/wp\/v2\/media?parent=28756"}],"curies":[{"name":"wp","href":"https:\/\/api.w.org\/{rel}","templated":true}]}}