{"id":28116,"date":"2024-04-15T15:52:27","date_gmt":"2024-04-15T18:52:27","guid":{"rendered":"https:\/\/sites.uel.br\/prograd\/?page_id=28116"},"modified":"2024-04-25T09:30:28","modified_gmt":"2024-04-25T12:30:28","slug":"deliberacoes-camara-de-graduacao-nde-nucleo-docente-estruturante","status":"publish","type":"page","link":"https:\/\/sites.uel.br\/prograd\/deliberacoes-camara-de-graduacao-nde-nucleo-docente-estruturante\/","title":{"rendered":"Delibera\u00e7\u00f5es (C\u00e2mara de Gradua\u00e7\u00e3o) &#8211; NDE \u2013 N\u00facleo Docente Estruturante"},"content":{"rendered":"\n<hr class=\"wp-block-separator has-alpha-channel-opacity is-style-wide\"\/>\n\n\n\n<div style=\"height:20px\" aria-hidden=\"true\" class=\"wp-block-spacer\"><\/div>\n\n\n\n<h3 class=\"wp-block-heading\">2022<\/h3>\n\n\n\n<div style=\"height:20px\" aria-hidden=\"true\" class=\"wp-block-spacer\"><\/div>\n\n\n\n<p><strong><a href=\"https:\/\/sites.uel.br\/prograd\/wp-content\/uploads\/documentos\/deliberacoes\/2022\/deliberacao_20_22.pdf\" target=\"_blank\" rel=\"noreferrer noopener\">Delibera\u00e7\u00e3o da C\u00e2mara de Gradua\u00e7\u00e3o n\u00ba 20\/2022<\/a><\/strong><br>Aprova o Regulamento do NDE \u2013 N\u00facleo Docente Estruturante, do curso de Psicologia<\/p>\n\n\n\n<p><strong><a href=\"https:\/\/sites.uel.br\/prograd\/wp-content\/uploads\/documentos\/deliberacoes\/2022\/deliberacao_04_22.pdf\" target=\"_blank\" rel=\"noreferrer noopener\">Delibera\u00e7\u00e3o da C\u00e2mara de Gradua\u00e7\u00e3o n\u00ba 04\/2022<\/a><\/strong><br>Aprova o regulamento do N\u00facleo Docente Estruturante (NDE) do Curso de Arquitetura e Urbanismo<\/p>\n\n\n\n<div style=\"height:20px\" aria-hidden=\"true\" class=\"wp-block-spacer\"><\/div>\n\n\n\n<h3 class=\"wp-block-heading\">2020<\/h3>\n\n\n\n<p><strong><a href=\"https:\/\/sites.uel.br\/prograd\/wp-content\/uploads\/documentos\/deliberacoes\/2020\/deliberacao_05_20.pdf\" target=\"_blank\" rel=\"noreferrer noopener\">Delibera\u00e7\u00e3o da C\u00e2mara de Gradua\u00e7\u00e3o n\u00ba 05\/2020<\/a><\/strong><br>Aprova o Regulamento do NDE, N\u00facleo Docente Estruturante, do Curso de Farm\u00e1cia<\/p>\n\n\n\n<div style=\"height:20px\" aria-hidden=\"true\" class=\"wp-block-spacer\"><\/div>\n\n\n\n<h3 class=\"wp-block-heading\">2019<\/h3>\n\n\n\n<p><strong><a href=\"https:\/\/sites.uel.br\/prograd\/wp-content\/uploads\/documentos\/deliberacoes\/2019\/deliberacao_10_19.pdf\" target=\"_blank\" rel=\"noreferrer noopener\">Delibera\u00e7\u00e3o da C\u00e2mara de Gradua\u00e7\u00e3o n\u00ba 10\/2019<\/a><\/strong><br>Aprova o Regulamento do NDE \u2013 N\u00facleo Docente Estruturante, do Curso de Biblioteconomia<\/p>\n\n\n\n<p><strong><a href=\"https:\/\/sites.uel.br\/prograd\/wp-content\/uploads\/documentos\/deliberacoes\/2019\/deliberacao_09_19.pdf\" target=\"_blank\" rel=\"noreferrer noopener\">Delibera\u00e7\u00e3o da C\u00e2mara de\u00a0Gradua\u00e7\u00e3o n\u00ba 09\/2019<\/a><\/strong><br>Aprova o Regulamento do NDE \u2013 N\u00facleo Docente Estruturante, do Curso de Arquivologia<\/p>\n\n\n\n<p><strong><a href=\"https:\/\/sites.uel.br\/prograd\/wp-content\/uploads\/documentos\/deliberacoes\/2019\/deliberacao_01_19.pdf\" target=\"_blank\" rel=\"noreferrer noopener\">Delibera\u00e7\u00e3o da C\u00e2mara de Gradua\u00e7\u00e3o n\u00ba 01\/2019<\/a><\/strong><br>D\u00e1 nova reda\u00e7\u00e3o aos artigos 4\u00ba e 5\u00ba da Delibera\u00e7\u00e3o \u2013 C\u00e2mara de Gradua\u00e7\u00e3o n\u00ba 012\/2017, que aprova o regulamento do N\u00facleo Docente Estruturante (NDE) do Curso de Ci\u00eancias Biol\u00f3gicas<\/p>\n\n\n\n<div style=\"height:20px\" aria-hidden=\"true\" class=\"wp-block-spacer\"><\/div>\n\n\n\n<h3 class=\"wp-block-heading\">2018<\/h3>\n\n\n\n<p><strong><a href=\"https:\/\/sites.uel.br\/prograd\/wp-content\/uploads\/documentos\/deliberacoes\/2018\/deliberacao_26_18.pdf\" target=\"_blank\" rel=\"noreferrer noopener\">Delibera\u00e7\u00e3o da C\u00e2mara de Gradua\u00e7\u00e3o n\u00ba 26\/2018<\/a><\/strong><br>Aprova o Regulamento do NDE \u2013 N\u00facleo Docente Estruturante, do Curso de Odontologia<\/p>\n\n\n\n<div style=\"height:20px\" aria-hidden=\"true\" class=\"wp-block-spacer\"><\/div>\n\n\n\n<h3 class=\"wp-block-heading\">2017<\/h3>\n\n\n\n<p><strong><a href=\"https:\/\/sites.uel.br\/prograd\/wp-content\/uploads\/documentos\/deliberacoes\/2017\/deliberacao_21_17.pdf\" target=\"_blank\" rel=\"noreferrer noopener\">Delibera\u00e7\u00e3o da C\u00e2mara de Gradua\u00e7\u00e3o n\u00ba 21\/2017<\/a><\/strong><br>Aprova o Regulamento do NDE \u2013 N\u00facleo Docente Estruturante do Curso de Servi\u00e7o Social<\/p>\n\n\n\n<p><strong><a href=\"https:\/\/sites.uel.br\/prograd\/wp-content\/uploads\/documentos\/deliberacoes\/2017\/deliberacao_12_17.pdf\" target=\"_blank\" rel=\"noreferrer noopener\">Delibera\u00e7\u00e3o da C\u00e2mara de Gradua\u00e7\u00e3o n\u00ba 12\/2017<\/a><\/strong><br>Aprova o regulamento do N\u00facleo Docente Estruturante (NDE) do Curso de Ci\u00eancias Biol\u00f3gicas<\/p>\n\n\n\n<div style=\"height:20px\" aria-hidden=\"true\" class=\"wp-block-spacer\"><\/div>\n\n\n\n<h3 class=\"wp-block-heading\">2016<\/h3>\n\n\n\n<p><strong><a href=\"https:\/\/sites.uel.br\/prograd\/wp-content\/uploads\/documentos\/deliberacoes\/2016\/deliberacao_11_16.pdf\" target=\"_blank\" rel=\"noreferrer noopener\">Delibera\u00e7\u00e3o da C\u00e2mara de Gradua\u00e7\u00e3o n\u00ba 11\/2016<\/a><\/strong><br>Aprova o Regulamento do NDE \u2013 N\u00facleo Docente Estruturante do Curso de Ci\u00eancia da Computa\u00e7\u00e3o<\/p>\n\n\n\n<div style=\"height:20px\" aria-hidden=\"true\" class=\"wp-block-spacer\"><\/div>\n\n\n\n<h3 class=\"wp-block-heading\">2015<\/h3>\n\n\n\n<p><strong><a href=\"https:\/\/sites.uel.br\/prograd\/wp-content\/uploads\/documentos\/deliberacoes\/2015\/deliberacao_15_15.pdf\" target=\"_blank\" rel=\"noreferrer noopener\">Delibera\u00e7\u00e3o da C\u00e2mara de Gradua\u00e7\u00e3o n\u00ba 15\/2015<\/a><\/strong><br>Aprova o Regulamento do NDE \u2013 N\u00facleo Docente Estruturante, do Curso de Letras Ingl\u00eas \u2013 Modalidade: Licenciatura \u2013 Habilita\u00e7\u00e3o: L\u00edngua Inglesa e Literaturas em L\u00edngua Inglesa; Letras Espanhol \u2013 Modalidade: Licenciatura \u2013 Habilita\u00e7\u00e3o: L\u00edngua Espanhola e Literatura Hisp\u00e2nica e Letras Franc\u00eas \u2013 Modalidade: Bacharelado \u2013 Habilita\u00e7\u00e3o: L\u00edngua e Cultura Francesas<\/p>\n\n\n\n<p><strong><a href=\"https:\/\/sites.uel.br\/prograd\/wp-content\/uploads\/documentos\/deliberacoes\/2015\/deliberacao_04_15.pdf\" target=\"_blank\" rel=\"noreferrer noopener\">Delibera\u00e7\u00e3o da C\u00e2mara de Gradua\u00e7\u00e3o n\u00ba 04\/2015<\/a><\/strong><br>Aprova o Regulamento interno do NDE \u2013 N\u00facleo Docente Estruturante, do Curso de Gradua\u00e7\u00e3o em Rela\u00e7\u00f5es P\u00fablicas<\/p>\n\n\n\n<div style=\"height:20px\" aria-hidden=\"true\" class=\"wp-block-spacer\"><\/div>\n\n\n\n<h3 class=\"wp-block-heading\">2014<\/h3>\n\n\n\n<p><strong><a href=\"https:\/\/sites.uel.br\/prograd\/wp-content\/uploads\/documentos\/deliberacoes\/2014\/deliberacao_15_14.pdf\" target=\"_blank\" rel=\"noreferrer noopener\">Delibera\u00e7\u00e3o da C\u00e2mara de Gradua\u00e7\u00e3o n\u00ba 15\/2014<\/a><\/strong><br>Aprova o Regulamento interno do NDE \u2013 N\u00facleo Docente Estruturante, do Curso de Filosofia<\/p>\n","protected":false},"excerpt":{"rendered":"<p>2022 Delibera\u00e7\u00e3o da C\u00e2mara de Gradua\u00e7\u00e3o n\u00ba 20\/2022Aprova o Regulamento do NDE \u2013 N\u00facleo Docente Estruturante, do curso de Psicologia Delibera\u00e7\u00e3o da C\u00e2mara de Gradua\u00e7\u00e3o n\u00ba 04\/2022Aprova o regulamento do N\u00facleo Docente Estruturante (NDE) do Curso de Arquitetura e Urbanismo 2020 Delibera\u00e7\u00e3o da C\u00e2mara de Gradua\u00e7\u00e3o n\u00ba 05\/2020Aprova o Regulamento do NDE, N\u00facleo Docente Estruturante, [&hellip;]<\/p>\n","protected":false},"author":8,"featured_media":0,"parent":0,"menu_order":0,"comment_status":"closed","ping_status":"closed","template":"","meta":{"_acf_changed":false,"_themeisle_gutenberg_block_has_review":false,"footnotes":""},"class_list":["post-28116","page","type-page","status-publish","hentry"],"acf":[],"_links":{"self":[{"href":"https:\/\/sites.uel.br\/prograd\/wp-json\/wp\/v2\/pages\/28116","targetHints":{"allow":["GET"]}}],"collection":[{"href":"https:\/\/sites.uel.br\/prograd\/wp-json\/wp\/v2\/pages"}],"about":[{"href":"https:\/\/sites.uel.br\/prograd\/wp-json\/wp\/v2\/types\/page"}],"author":[{"embeddable":true,"href":"https:\/\/sites.uel.br\/prograd\/wp-json\/wp\/v2\/users\/8"}],"replies":[{"embeddable":true,"href":"https:\/\/sites.uel.br\/prograd\/wp-json\/wp\/v2\/comments?post=28116"}],"version-history":[{"count":9,"href":"https:\/\/sites.uel.br\/prograd\/wp-json\/wp\/v2\/pages\/28116\/revisions"}],"predecessor-version":[{"id":28474,"href":"https:\/\/sites.uel.br\/prograd\/wp-json\/wp\/v2\/pages\/28116\/revisions\/28474"}],"wp:attachment":[{"href":"https:\/\/sites.uel.br\/prograd\/wp-json\/wp\/v2\/media?parent=28116"}],"curies":[{"name":"wp","href":"https:\/\/api.w.org\/{rel}","templated":true}]}}