{"id":28065,"date":"2024-04-11T15:54:15","date_gmt":"2024-04-11T18:54:15","guid":{"rendered":"https:\/\/sites.uel.br\/prograd\/?page_id=28065"},"modified":"2025-05-22T09:27:07","modified_gmt":"2025-05-22T12:27:07","slug":"camara-de-graduacao-atas-da-camara-de-graduacao-2024","status":"publish","type":"page","link":"https:\/\/sites.uel.br\/prograd\/camara-de-graduacao-atas-da-camara-de-graduacao-2024\/","title":{"rendered":"C\u00e2mara de Gradua\u00e7\u00e3o"},"content":{"rendered":"\n<hr class=\"wp-block-separator has-alpha-channel-opacity is-style-wide\"\/>\n\n\n\n<h2 class=\"wp-block-heading\"><strong><strong>Atas da C\u00e2mara de Gradua\u00e7\u00e3o<\/strong><\/strong><\/h2>\n\n\n\n<h3 class=\"wp-block-heading\">2024<\/h3>\n\n\n\n<div style=\"height:20px\" aria-hidden=\"true\" class=\"wp-block-spacer\"><\/div>\n\n\n\n<p><a href=\"https:\/\/sites.uel.br\/prograd\/wp-content\/uploads\/camara_graduacao\/atas\/2024\/ata_318_20_02_24.pdf\" target=\"_blank\" rel=\"noreferrer noopener\">Ata n\u00ba 318 de 20\/02\/2024<\/a><\/p>\n\n\n\n<p><a href=\"https:\/\/sites.uel.br\/prograd\/wp-content\/uploads\/camara_graduacao\/atas\/2024\/ata_319_27_02_24.pdf\" target=\"_blank\" rel=\"noreferrer noopener\">Ata n\u00ba 319 de 27\/02\/2024<\/a><\/p>\n\n\n\n<p><a href=\"https:\/\/sites.uel.br\/prograd\/wp-content\/uploads\/camara_graduacao\/atas\/2024\/ata_321_19_03_24.pdf\" target=\"_blank\" rel=\"noreferrer noopener\">Ata n\u00ba 321 de 19\/03\/2024<\/a><\/p>\n\n\n\n<p><a href=\"https:\/\/sites.uel.br\/prograd\/wp-content\/uploads\/camara_graduacao\/atas\/2024\/ata_322_16_04_24.pdf\" target=\"_blank\" rel=\"noreferrer noopener\">Ata n\u00ba 322 de 16\/04\/2024<\/a><\/p>\n\n\n\n<p><a href=\"https:\/\/sites.uel.br\/prograd\/wp-content\/uploads\/camara_graduacao\/atas\/2024\/ata_323_14_05_24.pdf\" target=\"_blank\" rel=\"noreferrer noopener\">Ata n\u00ba 323 de 14\/05\/2024<\/a><\/p>\n\n\n\n<p><a href=\"https:\/\/sites.uel.br\/prograd\/wp-content\/uploads\/camara_graduacao\/atas\/2024\/ata_324_25_06_24.pdf\" target=\"_blank\" rel=\"noreferrer noopener\">Ata n\u00ba 324 de 25\/06\/2024<\/a><\/p>\n\n\n\n<p><a href=\"https:\/\/sites.uel.br\/prograd\/wp-content\/uploads\/camara_graduacao\/atas\/2024\/ata_325_02_07_24.pdf\" target=\"_blank\" rel=\"noreferrer noopener\">Ata n\u00ba 325 de 02\/07\/2024<\/a><\/p>\n\n\n\n<p><a href=\"https:\/\/sites.uel.br\/prograd\/wp-content\/uploads\/camara_graduacao\/atas\/2024\/ata_326_16_07_24.pdf\" target=\"_blank\" rel=\"noreferrer noopener\">Ata n\u00ba 326 de 16\/07\/2024<\/a><\/p>\n\n\n\n<p><a href=\"https:\/\/sites.uel.br\/prograd\/wp-content\/uploads\/camara_graduacao\/atas\/2024\/ata_327_20_08_24.pdf\" target=\"_blank\" rel=\"noreferrer noopener\">Ata n\u00ba 327 de 20\/08\/2024<\/a><\/p>\n\n\n\n<p><a href=\"https:\/\/sites.uel.br\/prograd\/wp-content\/uploads\/camara_graduacao\/atas\/2024\/ata_328_27_08_24.pdf\" target=\"_blank\" rel=\"noreferrer noopener\">Ata n\u00ba 328 de 27\/08\/2024<\/a><\/p>\n\n\n\n<p><a href=\"https:\/\/sites.uel.br\/prograd\/wp-content\/uploads\/camara_graduacao\/atas\/2024\/ata_329_17_09_24.pdf\" target=\"_blank\" rel=\"noreferrer noopener\">Ata n\u00ba 329 de 17\/09\/2024<\/a><\/p>\n\n\n\n<p><a href=\"https:\/\/sites.uel.br\/prograd\/wp-content\/uploads\/camara_graduacao\/atas\/2024\/ata_330_22_10_24.pdf\" target=\"_blank\" rel=\"noreferrer noopener\">Ata n\u00ba 330 de 22\/10\/2024<\/a><\/p>\n\n\n\n<p><a href=\"https:\/\/sites.uel.br\/prograd\/wp-content\/uploads\/camara_graduacao\/atas\/2024\/ata_331_05_11_24.pdf\" target=\"_blank\" rel=\"noreferrer noopener\">Ata n\u00ba 331 de 05\/11\/2024<\/a><\/p>\n\n\n\n<p><a href=\"https:\/\/sites.uel.br\/prograd\/wp-content\/uploads\/camara_graduacao\/atas\/2024\/ata_332_05_12_24.pdf\" target=\"_blank\" rel=\"noreferrer noopener\">Ata n\u00ba 332 de 05\/12\/2024<\/a><\/p>\n\n\n\n<p><a href=\"https:\/\/sites.uel.br\/prograd\/wp-content\/uploads\/camara_graduacao\/atas\/2024\/ata_333_17_12_24.pdf\" target=\"_blank\" rel=\"noreferrer noopener\">Ata n\u00ba 333 de 17\/12\/2024<\/a><\/p>\n\n\n\n<p><\/p>\n","protected":false},"excerpt":{"rendered":"<p>Atas da C\u00e2mara de Gradua\u00e7\u00e3o 2024 Ata n\u00ba 318 de 20\/02\/2024 Ata n\u00ba 319 de 27\/02\/2024 Ata n\u00ba 321 de 19\/03\/2024 Ata n\u00ba 322 de 16\/04\/2024 Ata n\u00ba 323 de 14\/05\/2024 Ata n\u00ba 324 de 25\/06\/2024 Ata n\u00ba 325 de 02\/07\/2024 Ata n\u00ba 326 de 16\/07\/2024 Ata n\u00ba 327 de 20\/08\/2024 Ata n\u00ba 328 de [&hellip;]<\/p>\n","protected":false},"author":8,"featured_media":0,"parent":0,"menu_order":0,"comment_status":"closed","ping_status":"closed","template":"","meta":{"_acf_changed":false,"_themeisle_gutenberg_block_has_review":false,"footnotes":""},"class_list":["post-28065","page","type-page","status-publish","hentry"],"acf":[],"_links":{"self":[{"href":"https:\/\/sites.uel.br\/prograd\/wp-json\/wp\/v2\/pages\/28065","targetHints":{"allow":["GET"]}}],"collection":[{"href":"https:\/\/sites.uel.br\/prograd\/wp-json\/wp\/v2\/pages"}],"about":[{"href":"https:\/\/sites.uel.br\/prograd\/wp-json\/wp\/v2\/types\/page"}],"author":[{"embeddable":true,"href":"https:\/\/sites.uel.br\/prograd\/wp-json\/wp\/v2\/users\/8"}],"replies":[{"embeddable":true,"href":"https:\/\/sites.uel.br\/prograd\/wp-json\/wp\/v2\/comments?post=28065"}],"version-history":[{"count":13,"href":"https:\/\/sites.uel.br\/prograd\/wp-json\/wp\/v2\/pages\/28065\/revisions"}],"predecessor-version":[{"id":34405,"href":"https:\/\/sites.uel.br\/prograd\/wp-json\/wp\/v2\/pages\/28065\/revisions\/34405"}],"wp:attachment":[{"href":"https:\/\/sites.uel.br\/prograd\/wp-json\/wp\/v2\/media?parent=28065"}],"curies":[{"name":"wp","href":"https:\/\/api.w.org\/{rel}","templated":true}]}}